{"id":9996,"date":"2022-10-05T15:03:39","date_gmt":"2022-10-05T13:03:39","guid":{"rendered":"https:\/\/xmy.ch\/shop\/boisson-energetique-hydro-fuel\/"},"modified":"2024-10-26T16:55:08","modified_gmt":"2024-10-26T14:55:08","slug":"boisson-energetique-hydro-fuel","status":"publish","type":"product","link":"https:\/\/ketest.4-dimensional.ch\/fr\/shop\/hydratation\/boisson-energetique-hydro-fuel\/","title":{"rendered":"Boisson \u00e9nerg\u00e9tique Hydro Fuel"},"content":{"rendered":"<div id=\"wd-600aef8476f41\" class=\"wd-text-block-wrapper wd-wpb wd-rs-600aef8476f41 color-scheme-dark text-left vc_custom_1611329428846\">\n<div class=\"woodmart-title-container woodmart-text-block reset-last-child font-primary wd-font-weight-400 \">\n<div id=\"wd-5fafbca251970\" class=\"wd-text-block-wrapper wd-wpb wd-rs-5fafbca251970 color-scheme-dark text-left vc_custom_1605352620193\">\n<div class=\"woodmart-title-container woodmart-text-block reset-last-child font-primary wd-font-weight-400 \">\n<div id=\"wd-6057dcdf0980f\" class=\"wd-text-block-wrapper wd-wpb wd-rs-6057dcdf0980f color-scheme-dark text-left vc_custom_1616370925274\">\n<div class=\"woodmart-title-container woodmart-text-block reset-last-child font-primary wd-font-weight-400 \">\n<p><strong>Adapt\u00e9e \u00e0 tous les athl\u00e8tes et sports, cette boisson \u00e9nerg\u00e9tique est essentielle dans votre bouteille d&rsquo;eau.<\/strong><\/p>\n<p>Hydro Fuel est une boisson \u00e9nerg\u00e9tique riche en glucides simples et complexes, ainsi qu&rsquo;en min\u00e9raux tels que le magn\u00e9sium, le potassium et le phosphore, sans oublier les vitamines B et la vitamine C.<\/p>\n<p>Ce produit est sans gluten ni lactose.<\/p>\n<\/div>\n<\/div>\n<\/div>\n<\/div>\n<\/div>\n<\/div>\n<div class=\"wpb_text_column wpb_content_element vc_custom_1616205360806 text-larger\">\n<div class=\"wpb_wrapper\">\n<p><img decoding=\"async\" class=\"wd-lazy-load woodmart-lazy-load wd-lazy-fade info-icon image-1 wd-loaded\" style=\"text-align: center;\" title=\"KF_Logo-Charact\u00e9ristique-Rouge\" src=\"https:\/\/ketest.4-dimensional.ch\/wp-content\/uploads\/2020\/09\/KF_Logo-Feature-Red-45x45.png\" alt=\"KF_Logo-Charact\u00e9ristique-Rouge\" width=\"22\" height=\"22\" data-wood-src=\"https:\/\/ketest.4-dimensional.ch\/wp-content\/uploads\/2020\/09\/KF_Logo-Feature-Red-45x45.png\" data-pagespeed-url-hash=\"3879490219\" \/> Pr\u00e9vient les crampes<span style=\"text-align: center;\"><br \/>\n<img decoding=\"async\" class=\"wd-lazy-load woodmart-lazy-load wd-lazy-fade info-icon image-1 wd-loaded\" style=\"text-align: center;\" title=\"KF_Logo-Charact\u00e9ristique-Rouge\" src=\"https:\/\/ketest.4-dimensional.ch\/wp-content\/uploads\/2020\/09\/KF_Logo-Feature-Red-45x45.png\" alt=\"KF_Logo-Charact\u00e9ristique-Rouge\" width=\"22\" height=\"22\" data-wood-src=\"https:\/\/ketest.4-dimensional.ch\/wp-content\/uploads\/2020\/09\/KF_Logo-Feature-Red-45x45.png\" data-pagespeed-url-hash=\"3879490219\" \/> R\u00e9duit la fatigue<br \/>\n<\/span><span style=\"text-align: center;\"><img decoding=\"async\" class=\"wd-lazy-load woodmart-lazy-load wd-lazy-fade info-icon image-1 wd-loaded\" style=\"text-align: center;\" title=\"KF_Logo-Charact\u00e9ristique-Rouge\" src=\"https:\/\/ketest.4-dimensional.ch\/wp-content\/uploads\/2020\/09\/KF_Logo-Feature-Red-45x45.png\" alt=\"KF_Logo-Charact\u00e9ristique-Rouge\" width=\"22\" height=\"22\" data-wood-src=\"https:\/\/ketest.4-dimensional.ch\/wp-content\/uploads\/2020\/09\/KF_Logo-Feature-Red-45x45.png\" data-pagespeed-url-hash=\"3879490219\" \/> \u00c9quilibre \u00e9lectrolytique<br \/>\n<img decoding=\"async\" class=\"wd-lazy-load woodmart-lazy-load wd-lazy-fade info-icon image-1 wd-loaded\" style=\"text-align: center;\" title=\"KF_Logo-Charact\u00e9ristique-Rouge\" src=\"https:\/\/ketest.4-dimensional.ch\/wp-content\/uploads\/2020\/09\/KF_Logo-Feature-Red-45x45.png\" alt=\"KF_Logo-Charact\u00e9ristique-Rouge\" width=\"22\" height=\"22\" data-wood-src=\"https:\/\/ketest.4-dimensional.ch\/wp-content\/uploads\/2020\/09\/KF_Logo-Feature-Red-45x45.png\" data-pagespeed-url-hash=\"3879490219\" \/> Sans gluten ni lactose<\/span><span style=\"text-align: center;\"><br \/>\n<\/span><\/p>\n<\/div>\n<\/div>\n","protected":false},"excerpt":{"rendered":"<table class=\"bda-state-product\">\n<thead>\n<tr>\n<th class=\"bda-color\"><a href=\"fr\/categoria-prodotto\/avant\/\">Avant<\/a><\/th>\n<th class=\"bda-color\"><a href=\"fr\/categoria-prodotto\/pendant\/\">Pendant<\/a><\/th>\n<th class=\"bda-gray\"><a href=\"fr\/categoria-prodotto\/apres\/\">Apr\u00e8s<\/a><\/th>\n<\/tr>\n<\/thead>\n<\/table>\n<p>Boisson \u00e9nerg\u00e9tique compos\u00e9e d&rsquo;un m\u00e9lange de glucides, de min\u00e9raux et de vitamines B+C, elle est indispensable dans votre bouteille d&rsquo;eau pour vous fournir une \u00e9nergie optimale pendant vos efforts.<\/p>\n","protected":false},"featured_media":9538,"comment_status":"open","ping_status":"closed","template":"","meta":[],"product_cat":[275,442,444],"product_tag":[241,229,225,232,236,238],"class_list":{"0":"post-9996","1":"product","2":"type-product","3":"status-publish","4":"has-post-thumbnail","6":"product_cat-hydratation","7":"product_cat-avant","8":"product_cat-pendant","9":"product_tag-athletisme","10":"product_tag-cyclisme","11":"product_tag-endurance-fr","12":"product_tag-natation","13":"product_tag-running-fr","14":"product_tag-triathlon-fr","15":"pa_product-icons-sans-gluten-fr","16":"pa_product-icons-sans-huile-de-palme-fr","17":"pa_product-icons-sans-lactose","18":"pa_product-icons-vegetarien-fr","20":"first","21":"instock","22":"taxable","23":"shipping-taxable","24":"purchasable","25":"product-type-variable","26":"has-default-attributes"},"aioseo_notices":[],"_links":{"self":[{"href":"https:\/\/ketest.4-dimensional.ch\/fr\/wp-json\/wp\/v2\/product\/9996","targetHints":{"allow":["GET"]}}],"collection":[{"href":"https:\/\/ketest.4-dimensional.ch\/fr\/wp-json\/wp\/v2\/product"}],"about":[{"href":"https:\/\/ketest.4-dimensional.ch\/fr\/wp-json\/wp\/v2\/types\/product"}],"replies":[{"embeddable":true,"href":"https:\/\/ketest.4-dimensional.ch\/fr\/wp-json\/wp\/v2\/comments?post=9996"}],"wp:featuredmedia":[{"embeddable":true,"href":"https:\/\/ketest.4-dimensional.ch\/fr\/wp-json\/wp\/v2\/media\/9538"}],"wp:attachment":[{"href":"https:\/\/ketest.4-dimensional.ch\/fr\/wp-json\/wp\/v2\/media?parent=9996"}],"wp:term":[{"taxonomy":"product_cat","embeddable":true,"href":"https:\/\/ketest.4-dimensional.ch\/fr\/wp-json\/wp\/v2\/product_cat?post=9996"},{"taxonomy":"product_tag","embeddable":true,"href":"https:\/\/ketest.4-dimensional.ch\/fr\/wp-json\/wp\/v2\/product_tag?post=9996"}],"curies":[{"name":"wp","href":"https:\/\/api.w.org\/{rel}","templated":true}]}}