{"id":9976,"date":"2022-10-05T11:16:15","date_gmt":"2022-10-05T09:16:15","guid":{"rendered":"https:\/\/xmy.ch\/shop\/nutrision-100-poudre-de-proteines\/"},"modified":"2024-10-26T16:45:13","modified_gmt":"2024-10-26T14:45:13","slug":"poudre-de-proteines-nutrision-100","status":"publish","type":"product","link":"https:\/\/ketest.4-dimensional.ch\/fr\/shop\/proteine-fr\/poudre-de-proteines-nutrision-100\/","title":{"rendered":"Poudre de prot\u00e9ines Nutrision 100%"},"content":{"rendered":"<div id=\"wd-6057fb79eb014\" class=\"wd-text-block-wrapper wd-wpb wd-rs-6057fb79eb014 color-scheme-dark text-left vc_custom_1616378763982\">\n<div class=\"woodmart-title-container woodmart-text-block reset-last-child font-primary wd-font-weight-400 \">\n<div id=\"wd-600ab098bf93b\" class=\"wd-text-block-wrapper wd-wpb wd-rs-600ab098bf93b color-scheme-dark text-left vc_custom_1611313320399\">\n<div class=\"woodmart-title-container woodmart-text-block reset-last-child font-primary wd-font-weight-400 \">\n<div id=\"wd-600ad97ea5dc6\" class=\"wd-text-block-wrapper wd-wpb wd-rs-600ad97ea5dc6 color-scheme-dark text-left vc_custom_1611323802098\">\n<div class=\"woodmart-title-container woodmart-text-block reset-last-child font-primary wd-font-weight-400 \">\n<div id=\"wd-5fa8543d224e5\" class=\"wd-text-block-wrapper wd-wpb wd-rs-5fa8543d224e5 color-scheme-dark text-left vc_custom_1604867144607\">\n<div class=\"woodmart-title-container woodmart-text-block reset-last-child font-primary wd-font-weight-400 \">\n<p><strong>Nutrision 100% poudre de prot\u00e9ines avec zinc et magn\u00e9sium.<\/strong><\/p>\n<p>NUTRISION 100% Protein Powder est un compl\u00e9ment compos\u00e9 exclusivement de lactoglobulines trait\u00e9es \u00e0 froid et ultramicrofiltr\u00e9es, enrichi en ZMA\u00ae, un agent qui optimise les fonctions anaboliques et anticataboliques, favorisant ainsi la synth\u00e8se des prot\u00e9ines. Gr\u00e2ce \u00e0 un syst\u00e8me de microfiltration \u00e0 double flux crois\u00e9 (CFM) en environnement \u00e0 basse temp\u00e9rature, cette prot\u00e9ine atteint une puret\u00e9 de 92 %. De plus, elle pr\u00e9sente une tr\u00e8s faible teneur en lipides (environ 0,5 %), ce qui la rend tr\u00e8s digeste. Sa forte concentration en acides amin\u00e9s, tant ramifi\u00e9s (BCAA) qu&rsquo;essentiels (EAA), assure une assimilation rapide. Produit sans gluten, contenant moins de 0,3 % de lactose.<\/p>\n<\/div>\n<\/div>\n<\/div>\n<\/div>\n<\/div>\n<\/div>\n<\/div>\n<\/div>\n<div class=\"wpb_text_column wpb_content_element vc_custom_1616378936846 text-larger\">\n<div class=\"wpb_wrapper\"><\/div>\n<\/div>\n<div class=\"wpb_text_column wpb_content_element vc_custom_1616205360806 text-larger\">\n<div class=\"wpb_wrapper\">\n<p><img decoding=\"async\" class=\"wd-lazy-load woodmart-lazy-load wd-lazy-fade info-icon image-1 wd-loaded\" style=\"text-align: center;\" title=\"KF_Logo-Feature-Red\" src=\"https:\/\/ketest.4-dimensional.ch\/wp-content\/uploads\/2020\/09\/KF_Logo-Feature-Red-45x45.png\" alt=\"KF_Logo-Feature-Red\" width=\"22\" height=\"22\" data-wood-src=\"https:\/\/ketest.4-dimensional.ch\/wp-content\/uploads\/2020\/09\/KF_Logo-Feature-Red-45x45.png\" data-pagespeed-url-hash=\"3879490219\" \/> Assimilation \u00e9lev\u00e9e et rapide<span style=\"text-align: center;\"><br \/>\n<img decoding=\"async\" class=\"wd-lazy-load woodmart-lazy-load wd-lazy-fade info-icon image-1 wd-loaded\" style=\"text-align: center;\" title=\"KF_Logo-Feature-Red\" src=\"https:\/\/ketest.4-dimensional.ch\/wp-content\/uploads\/2020\/09\/KF_Logo-Feature-Red-45x45.png\" alt=\"KF_Logo-Feature-Red\" width=\"22\" height=\"22\" data-wood-src=\"https:\/\/ketest.4-dimensional.ch\/wp-content\/uploads\/2020\/09\/KF_Logo-Feature-Red-45x45.png\" data-pagespeed-url-hash=\"3879490219\" \/> Teneur \u00e9lev\u00e9e en BCAA et A.E.<br \/>\n<img decoding=\"async\" class=\"wd-lazy-load woodmart-lazy-load wd-lazy-fade info-icon image-1 wd-loaded\" style=\"text-align: center;\" title=\"KF_Logo-Feature-Red\" src=\"https:\/\/ketest.4-dimensional.ch\/wp-content\/uploads\/2020\/09\/KF_Logo-Feature-Red-45x45.png\" alt=\"KF_Logo-Feature-Red\" width=\"22\" height=\"22\" data-wood-src=\"https:\/\/ketest.4-dimensional.ch\/wp-content\/uploads\/2020\/09\/KF_Logo-Feature-Red-45x45.png\" data-pagespeed-url-hash=\"3879490219\" \/> Vitamines, zinc et magn\u00e9sium<br \/>\n<img decoding=\"async\" class=\"wd-lazy-load woodmart-lazy-load wd-lazy-fade info-icon image-1 wd-loaded\" style=\"text-align: center;\" title=\"KF_Logo-Feature-Red\" src=\"https:\/\/ketest.4-dimensional.ch\/wp-content\/uploads\/2020\/09\/KF_Logo-Feature-Red-45x45.png\" alt=\"KF_Logo-Feature-Red\" width=\"22\" height=\"22\" data-wood-src=\"https:\/\/ketest.4-dimensional.ch\/wp-content\/uploads\/2020\/09\/KF_Logo-Feature-Red-45x45.png\" data-pagespeed-url-hash=\"3879490219\" \/> 27 g de prot\u00e9ines<\/span><span style=\"text-align: center;\"><br \/>\n<\/span><\/p>\n<\/div>\n<\/div>\n","protected":false},"excerpt":{"rendered":"<table class=\"bda-state-product\">\n<thead>\n<tr>\n<th class=\"bda-color\"><a href=\"fr\/categoria-prodotto\/avant\/\">Avant<\/a><\/th>\n<th class=\"bda-gray\"><a href=\"fr\/categoria-prodotto\/pendant\/\">Pendant<\/a><\/th>\n<th class=\"bda-color\"><a href=\"fr\/categoria-prodotto\/apres\/\">Apr\u00e8s<\/a><\/th>\n<\/tr>\n<\/thead>\n<\/table>\n<p>Poudre de prot\u00e9ines Nutrision \u00e0 base d&rsquo;isolat de lactos\u00e9rum Volac\u00ae avec zinc et magn\u00e9sium et moins de 0,3% de lactose. Croissance, entretien, r\u00e9g\u00e9n\u00e9ration et r\u00e9cup\u00e9ration de la structure musculaire.<\/p>\n","protected":false},"featured_media":9534,"comment_status":"open","ping_status":"closed","template":"","meta":[],"product_cat":[223,446,442],"product_tag":[234,229,225,232,230,236,238],"class_list":{"0":"post-9976","1":"product","2":"type-product","3":"status-publish","4":"has-post-thumbnail","6":"product_cat-proteine-fr","7":"product_cat-apres","8":"product_cat-avant","9":"product_tag-bien-etre","10":"product_tag-cyclisme","11":"product_tag-endurance-fr","12":"product_tag-natation","13":"product_tag-power-fr","14":"product_tag-running-fr","15":"product_tag-triathlon-fr","16":"pa_product-icons-faible-teneur-en-sucre","17":"pa_product-icons-haute-teneur-en-proteines","18":"pa_product-icons-sans-gluten-fr","19":"pa_product-icons-sans-huile-de-palme-fr","20":"pa_product-icons-vegetarien-fr","22":"first","23":"instock","24":"taxable","25":"shipping-taxable","26":"purchasable","27":"product-type-variable","28":"has-default-attributes"},"aioseo_notices":[],"_links":{"self":[{"href":"https:\/\/ketest.4-dimensional.ch\/fr\/wp-json\/wp\/v2\/product\/9976","targetHints":{"allow":["GET"]}}],"collection":[{"href":"https:\/\/ketest.4-dimensional.ch\/fr\/wp-json\/wp\/v2\/product"}],"about":[{"href":"https:\/\/ketest.4-dimensional.ch\/fr\/wp-json\/wp\/v2\/types\/product"}],"replies":[{"embeddable":true,"href":"https:\/\/ketest.4-dimensional.ch\/fr\/wp-json\/wp\/v2\/comments?post=9976"}],"wp:featuredmedia":[{"embeddable":true,"href":"https:\/\/ketest.4-dimensional.ch\/fr\/wp-json\/wp\/v2\/media\/9534"}],"wp:attachment":[{"href":"https:\/\/ketest.4-dimensional.ch\/fr\/wp-json\/wp\/v2\/media?parent=9976"}],"wp:term":[{"taxonomy":"product_cat","embeddable":true,"href":"https:\/\/ketest.4-dimensional.ch\/fr\/wp-json\/wp\/v2\/product_cat?post=9976"},{"taxonomy":"product_tag","embeddable":true,"href":"https:\/\/ketest.4-dimensional.ch\/fr\/wp-json\/wp\/v2\/product_tag?post=9976"}],"curies":[{"name":"wp","href":"https:\/\/api.w.org\/{rel}","templated":true}]}}