{"id":18411,"date":"2024-07-05T11:11:52","date_gmt":"2024-07-05T09:11:52","guid":{"rendered":"https:\/\/ketest.4-dimensional.ch\/?post_type=product&#038;p=18411"},"modified":"2024-10-21T09:53:40","modified_gmt":"2024-10-21T07:53:40","slug":"creatine-monohydrate-pur","status":"publish","type":"product","link":"https:\/\/ketest.4-dimensional.ch\/fr\/shop\/acides-amines\/creatine-monohydrate-pur\/","title":{"rendered":"Cr\u00e9atine"},"content":{"rendered":"<div id=\"wd-600aef8476f41\" class=\"wd-text-block-wrapper wd-wpb wd-rs-600aef8476f41 color-scheme-dark text-left vc_custom_1611329428846\">\n<div class=\"woodmart-title-container woodmart-text-block reset-last-child font-primary wd-font-weight-400 \">\n<div id=\"wd-5fafbca251970\" class=\"wd-text-block-wrapper wd-wpb wd-rs-5fafbca251970 color-scheme-dark text-left vc_custom_1605352620193\">\n<div class=\"woodmart-title-container woodmart-text-block reset-last-child font-primary wd-font-weight-400 \">\n<div id=\"wd-5fad4a10ebb94\" class=\"wd-text-block-wrapper wd-wpb wd-rs-5fad4a10ebb94 color-scheme-dark text-left vc_custom_1605192243372\">\n<div class=\"woodmart-title-container woodmart-text-block reset-last-child font-primary wd-font-weight-400 \">\n<div id=\"wd-5fa95db83f412\" class=\"wd-text-block-wrapper wd-wpb wd-rs-5fa95db83f412 color-scheme-dark text-left vc_custom_1604935110999\">\n<div class=\"woodmart-title-container woodmart-text-block reset-last-child font-primary wd-font-weight-400 \">\n<div id=\"wd-5fa9a33bcb59f\" class=\"wd-text-block-wrapper wd-wpb wd-rs-5fa9a33bcb59f color-scheme-dark text-left vc_custom_1604952928887\">\n<div class=\"woodmart-title-container woodmart-text-block reset-last-child font-primary wd-font-weight-400 \">\n<div id=\"wd-600acbd460545\" class=\"wd-text-block-wrapper wd-wpb wd-rs-600acbd460545 color-scheme-dark text-left vc_custom_1611320283795\">\n<div class=\"woodmart-title-container woodmart-text-block reset-last-child font-primary wd-font-weight-400 \">\n<div id=\"wd-5fa9ae9f956b0\" class=\"wd-text-block-wrapper wd-wpb wd-rs-5fa9ae9f956b0 color-scheme-dark text-left vc_custom_1604955828948\">\n<div class=\"woodmart-title-container woodmart-text-block reset-last-child font-primary wd-font-weight-400 \">Cr\u00e9atine <span class=\"add-border border-width-3 border-color-primary\"><strong>monohydrate pur.<\/strong><br \/>\n<\/span><\/div>\n<\/div>\n<div class=\"wpb_text_column wpb_content_element vc_custom_1611318812727 text-larger\">\n<div class=\"wpb_wrapper\">\n<p><a href=\"https:\/\/it.wikipedia.org\/wiki\/Creatina\">Cr\u00e9atine<\/a> est un suppl\u00e9ment de cr\u00e9atine monohydrate micronis\u00e9e de la plus haute qualit\u00e9 \u00e0 200 MESH.<br \/>\nIl s&rsquo;agit d&rsquo;une substance naturelle, normalement pr\u00e9sente dans le tissu musculaire, qui joue un r\u00f4le cl\u00e9 dans la production car elle fait partie du syst\u00e8me de cr\u00e9atine-phosphate qui aide \u00e0 maintenir un rapport ATP\/ADP \u00e9lev\u00e9.<br \/>\nDe nombreuses \u00e9tudes scientifiques ont montr\u00e9 qu&rsquo;il favorise : le retardement de l&rsquo;apparition de la fatigue musculaire, la r\u00e9duction de l&rsquo;acide lactique et l&rsquo;augmentation de la synth\u00e8se des prot\u00e9ines.<\/p>\n<p><img decoding=\"async\" class=\"wd-lazy-load woodmart-lazy-load wd-lazy-fade info-icon image-1 wd-loaded\" style=\"text-align: center;\" title=\"KF_Logo-Feature-Red\" src=\"https:\/\/ketest.4-dimensional.ch\/wp-content\/uploads\/2020\/09\/KF_Logo-Feature-Red-45x45.png\" alt=\"KF_Logo-Feature-Red\" width=\"22\" height=\"22\" data-wood-src=\"https:\/\/ketest.4-dimensional.ch\/wp-content\/uploads\/2020\/09\/KF_Logo-Feature-Red-45x45.png\" data-pagespeed-url-hash=\"3879490219\" \/> Retarde la fatigue<br \/>\n<img decoding=\"async\" class=\"wd-lazy-load woodmart-lazy-load wd-lazy-fade info-icon image-1 wd-loaded\" style=\"text-align: center;\" title=\"KF_Logo-Feature-Red\" src=\"https:\/\/ketest.4-dimensional.ch\/wp-content\/uploads\/2020\/09\/KF_Logo-Feature-Red-45x45.png\" alt=\"KF_Logo-Feature-Red\" width=\"22\" height=\"22\" data-wood-src=\"https:\/\/ketest.4-dimensional.ch\/wp-content\/uploads\/2020\/09\/KF_Logo-Feature-Red-45x45.png\" data-pagespeed-url-hash=\"3879490219\" \/><span style=\"text-align: center;\"> R\u00e9duction de l&rsquo;acide lactique<br \/>\n<\/span><img decoding=\"async\" class=\"wd-lazy-load woodmart-lazy-load wd-lazy-fade info-icon image-1 wd-loaded\" style=\"text-align: center;\" title=\"KF_Logo-Feature-Red\" src=\"https:\/\/ketest.4-dimensional.ch\/wp-content\/uploads\/2020\/09\/KF_Logo-Feature-Red-45x45.png\" alt=\"KF_Logo-Feature-Red\" width=\"22\" height=\"22\" data-wood-src=\"https:\/\/ketest.4-dimensional.ch\/wp-content\/uploads\/2020\/09\/KF_Logo-Feature-Red-45x45.png\" data-pagespeed-url-hash=\"3879490219\" \/><span style=\"text-align: center;\"> 100% cr\u00e9atine monohydrate 200 mesh<br \/>\n<\/span><img decoding=\"async\" class=\"wd-lazy-load woodmart-lazy-load wd-lazy-fade info-icon image-1 wd-loaded\" style=\"text-align: center;\" title=\"KF_Logo-Feature-Red\" src=\"https:\/\/ketest.4-dimensional.ch\/wp-content\/uploads\/2020\/09\/KF_Logo-Feature-Red-45x45.png\" alt=\"KF_Logo-Feature-Red\" width=\"22\" height=\"22\" data-wood-src=\"https:\/\/ketest.4-dimensional.ch\/wp-content\/uploads\/2020\/09\/KF_Logo-Feature-Red-45x45.png\" data-pagespeed-url-hash=\"3879490219\" \/><span style=\"text-align: center;\"> Sans lactose et sans gluten<\/span><\/p>\n<\/div>\n<\/div>\n<\/div>\n<\/div>\n<\/div>\n<\/div>\n<\/div>\n<\/div>\n<\/div>\n<\/div>\n<\/div>\n<\/div>\n<\/div>\n<\/div>\n","protected":false},"excerpt":{"rendered":"<table class=\"bda-state-product\">\n<thead>\n<tr>\n<th class=\"bda-color\"><a href=\"\/categoria-prodotto\/prima\/\">Avant<\/a><\/th>\n<th class=\"bda-gray\"><a href=\"\/categoria-prodotto\/durante\/\">Pendant<\/a><\/th>\n<th class=\"bda-gray\"><a href=\"\/categoria-prodotto\/dopo\/\">Apr\u00e8s<\/a><\/th>\n<\/tr>\n<\/thead>\n<\/table>\n<p>La cr\u00e9atine monohydrate pure retarde la fatigue musculaire et aide \u00e0 r\u00e9duire l&rsquo;acide lactique.<\/p>\n","protected":false},"featured_media":18414,"comment_status":"open","ping_status":"closed","template":"","meta":[],"product_cat":[349,442],"product_tag":[241,249,229,225,250,295,245,232,230,236,243,247,238],"class_list":{"0":"post-18411","1":"product","2":"type-product","3":"status-publish","4":"has-post-thumbnail","6":"product_cat-acides-amines","7":"product_cat-avant","8":"product_tag-athletisme","9":"product_tag-body-building-fr","10":"product_tag-cyclisme","11":"product_tag-endurance-fr","12":"product_tag-fitness-fr","13":"product_tag-football","14":"product_tag-gymnase","15":"product_tag-natation","16":"product_tag-power-fr","17":"product_tag-running-fr","18":"product_tag-ski","19":"product_tag-tennis-fr","20":"product_tag-triathlon-fr","21":"pa_product-icons-faible-teneur-en-sucre","22":"pa_product-icons-sans-gluten-fr","23":"pa_product-icons-sans-lactose","24":"pa_product-icons-vegetarien-fr","26":"first","27":"instock","28":"taxable","29":"shipping-taxable","30":"purchasable","31":"product-type-variable","32":"has-default-attributes"},"aioseo_notices":[],"_links":{"self":[{"href":"https:\/\/ketest.4-dimensional.ch\/fr\/wp-json\/wp\/v2\/product\/18411","targetHints":{"allow":["GET"]}}],"collection":[{"href":"https:\/\/ketest.4-dimensional.ch\/fr\/wp-json\/wp\/v2\/product"}],"about":[{"href":"https:\/\/ketest.4-dimensional.ch\/fr\/wp-json\/wp\/v2\/types\/product"}],"replies":[{"embeddable":true,"href":"https:\/\/ketest.4-dimensional.ch\/fr\/wp-json\/wp\/v2\/comments?post=18411"}],"wp:featuredmedia":[{"embeddable":true,"href":"https:\/\/ketest.4-dimensional.ch\/fr\/wp-json\/wp\/v2\/media\/18414"}],"wp:attachment":[{"href":"https:\/\/ketest.4-dimensional.ch\/fr\/wp-json\/wp\/v2\/media?parent=18411"}],"wp:term":[{"taxonomy":"product_cat","embeddable":true,"href":"https:\/\/ketest.4-dimensional.ch\/fr\/wp-json\/wp\/v2\/product_cat?post=18411"},{"taxonomy":"product_tag","embeddable":true,"href":"https:\/\/ketest.4-dimensional.ch\/fr\/wp-json\/wp\/v2\/product_tag?post=18411"}],"curies":[{"name":"wp","href":"https:\/\/api.w.org\/{rel}","templated":true}]}}