{"id":18072,"date":"2024-03-14T21:39:32","date_gmt":"2024-03-14T20:39:32","guid":{"rendered":"https:\/\/ketest.4-dimensional.ch\/?post_type=product&#038;p=18072"},"modified":"2024-10-21T11:19:41","modified_gmt":"2024-10-21T09:19:41","slug":"barre-proteinee-ke-twin","status":"publish","type":"product","link":"https:\/\/ketest.4-dimensional.ch\/fr\/shop\/proteine-fr\/barre-proteinee-ke-twin\/","title":{"rendered":"Barre prot\u00e9in\u00e9e KE TWIN"},"content":{"rendered":"<div id=\"wd-6057fb79eb014\" class=\"wd-text-block-wrapper wd-wpb wd-rs-6057fb79eb014 color-scheme-dark text-left vc_custom_1616378763982\">\n<div class=\"woodmart-title-container woodmart-text-block reset-last-child font-primary wd-font-weight-400 \">\n<div id=\"wd-600ab098bf93b\" class=\"wd-text-block-wrapper wd-wpb wd-rs-600ab098bf93b color-scheme-dark text-left vc_custom_1611313320399\">\n<div class=\"woodmart-title-container woodmart-text-block reset-last-child font-primary wd-font-weight-400 \">\n<div id=\"wd-600ad97ea5dc6\" class=\"wd-text-block-wrapper wd-wpb wd-rs-600ad97ea5dc6 color-scheme-dark text-left vc_custom_1611323802098\">\n<div class=\"woodmart-title-container woodmart-text-block reset-last-child font-primary wd-font-weight-400 \">\n<div id=\"wd-600ab10874fb9\" class=\"wd-text-block-wrapper wd-wpb wd-rs-600ab10874fb9 color-scheme-dark text-left vc_custom_1611313450683\">\n<div class=\"woodmart-title-container woodmart-text-block reset-last-child font-primary wd-font-weight-400 \">\n<p>D\u00e9couvrez la <strong>KE TWIN<\/strong>, une <strong>barre prot\u00e9in\u00e9e sans OGM<\/strong> multicouche, \u00e9labor\u00e9e avec une double couche de prot\u00e9ines de lactos\u00e9rum et une source v\u00e9g\u00e9tale. Cette barre offre une option nutritive et d\u00e9licieuse pour les athl\u00e8tes et les passionn\u00e9s de fitness.<\/p>\n<p>Le c\u0153ur tendre de la barre est envelopp\u00e9 d&rsquo;une savoureuse couche de caramel et recouvert de chocolat noir croquant. Gr\u00e2ce \u00e0 son m\u00e9lange de prot\u00e9ines hautement digestibles, le <strong>KE TWIN<\/strong> est parfait pour ceux qui souhaitent surveiller leur tour de taille tout en augmentant leur apport en prot\u00e9ines pour favoriser la <strong>croissance musculaire<\/strong>.<\/p>\n<p>De plus, cette barre utilise des \u00e9dulcorants naturels, ce qui la rend adapt\u00e9e aux personnes ayant une tol\u00e9rance r\u00e9duite aux polyols. Elle est exempte de graisses hydrog\u00e9n\u00e9es, garantissant un produit sain et \u00e9quilibr\u00e9.<\/p>\n<\/div>\n<\/div>\n<\/div>\n<\/div>\n<\/div>\n<\/div>\n<\/div>\n<\/div>\n<div class=\"wpb_text_column wpb_content_element vc_custom_1616205360806 text-larger\">\n<div class=\"wpb_wrapper\">\n<p><img decoding=\"async\" class=\"wd-lazy-load woodmart-lazy-load wd-lazy-fade info-icon image-1 wd-loaded\" style=\"text-align: center;\" title=\"KF_Logo-Feature-Red\" src=\"https:\/\/ketest.4-dimensional.ch\/wp-content\/uploads\/2020\/09\/KF_Logo-Feature-Red-45x45.png\" alt=\"KF_Logo-Feature-Red\" width=\"22\" height=\"22\" data-wood-src=\"https:\/\/ketest.4-dimensional.ch\/wp-content\/uploads\/2020\/09\/KF_Logo-Feature-Red-45x45.png\" data-pagespeed-url-hash=\"3879490219\" \/> 30% de prot\u00e9ines<span style=\"text-align: center;\"><br \/>\n<img decoding=\"async\" class=\"wd-lazy-load woodmart-lazy-load wd-lazy-fade info-icon image-1 wd-loaded\" style=\"text-align: center;\" title=\"KF_Logo-Feature-Red\" src=\"https:\/\/ketest.4-dimensional.ch\/wp-content\/uploads\/2020\/09\/KF_Logo-Feature-Red-45x45.png\" alt=\"KF_Logo-Feature-Red\" width=\"22\" height=\"22\" data-wood-src=\"https:\/\/ketest.4-dimensional.ch\/wp-content\/uploads\/2020\/09\/KF_Logo-Feature-Red-45x45.png\" data-pagespeed-url-hash=\"3879490219\" \/> Source de fibres<br \/>\n<img decoding=\"async\" class=\"wd-lazy-load woodmart-lazy-load wd-lazy-fade info-icon image-1 wd-loaded\" style=\"text-align: center;\" title=\"KF_Logo-Feature-Red\" src=\"https:\/\/ketest.4-dimensional.ch\/wp-content\/uploads\/2020\/09\/KF_Logo-Feature-Red-45x45.png\" alt=\"KF_Logo-Feature-Red\" width=\"22\" height=\"22\" data-wood-src=\"https:\/\/ketest.4-dimensional.ch\/wp-content\/uploads\/2020\/09\/KF_Logo-Feature-Red-45x45.png\" data-pagespeed-url-hash=\"3879490219\" \/> Prot\u00e9ines de lait et de soja<br \/>\n<img decoding=\"async\" class=\"wd-lazy-load woodmart-lazy-load wd-lazy-fade info-icon image-1 wd-loaded\" style=\"text-align: center;\" title=\"KF_Logo-Feature-Red\" src=\"https:\/\/ketest.4-dimensional.ch\/wp-content\/uploads\/2020\/09\/KF_Logo-Feature-Red-45x45.png\" alt=\"KF_Logo-Feature-Red\" width=\"22\" height=\"22\" data-wood-src=\"https:\/\/ketest.4-dimensional.ch\/wp-content\/uploads\/2020\/09\/KF_Logo-Feature-Red-45x45.png\" data-pagespeed-url-hash=\"3879490219\" \/> Sans gluten ni OGM<br \/>\n<\/span><\/p>\n<\/div>\n<\/div>\n","protected":false},"excerpt":{"rendered":"<table class=\"bda-state-product\">\n<thead>\n<tr>\n<th class=\"bda-color\"><a href=\"\/categoria-prodotto\/prima\/\">Premier<\/a><\/th>\n<th class=\"bda-gray\"><a href=\"\/categoria-prodotto\/durante\/\">Pendant<\/a><\/th>\n<th class=\"bda-color\"><a href=\"\/categoria-prodotto\/dopo\/\">Apr\u00e8s<\/a><\/th>\n<\/tr>\n<\/thead>\n<\/table>\n<p>La barre prot\u00e9in\u00e9e \u00e0 emporter en permanence, double source de prot\u00e9ines et beaucoup de go\u00fbt.<\/p>\n","protected":false},"featured_media":18106,"comment_status":"open","ping_status":"closed","template":"","meta":[],"product_cat":[223,446,442],"product_tag":[234,249,229,225,250,245,232,230,236,247,238],"class_list":{"0":"post-18072","1":"product","2":"type-product","3":"status-publish","4":"has-post-thumbnail","6":"product_cat-proteine-fr","7":"product_cat-apres","8":"product_cat-avant","9":"product_tag-bien-etre","10":"product_tag-body-building-fr","11":"product_tag-cyclisme","12":"product_tag-endurance-fr","13":"product_tag-fitness-fr","14":"product_tag-gymnase","15":"product_tag-natation","16":"product_tag-power-fr","17":"product_tag-running-fr","18":"product_tag-tennis-fr","19":"product_tag-triathlon-fr","20":"pa_product-icons-faible-teneur-en-sucre","21":"pa_product-icons-haute-teneur-en-proteines","22":"pa_product-icons-sans-gluten-fr","23":"pa_product-icons-sans-huile-de-palme-fr","24":"pa_product-icons-vegetarien-fr","26":"first","27":"instock","28":"taxable","29":"shipping-taxable","30":"purchasable","31":"product-type-variable"},"aioseo_notices":[],"_links":{"self":[{"href":"https:\/\/ketest.4-dimensional.ch\/fr\/wp-json\/wp\/v2\/product\/18072","targetHints":{"allow":["GET"]}}],"collection":[{"href":"https:\/\/ketest.4-dimensional.ch\/fr\/wp-json\/wp\/v2\/product"}],"about":[{"href":"https:\/\/ketest.4-dimensional.ch\/fr\/wp-json\/wp\/v2\/types\/product"}],"replies":[{"embeddable":true,"href":"https:\/\/ketest.4-dimensional.ch\/fr\/wp-json\/wp\/v2\/comments?post=18072"}],"wp:featuredmedia":[{"embeddable":true,"href":"https:\/\/ketest.4-dimensional.ch\/fr\/wp-json\/wp\/v2\/media\/18106"}],"wp:attachment":[{"href":"https:\/\/ketest.4-dimensional.ch\/fr\/wp-json\/wp\/v2\/media?parent=18072"}],"wp:term":[{"taxonomy":"product_cat","embeddable":true,"href":"https:\/\/ketest.4-dimensional.ch\/fr\/wp-json\/wp\/v2\/product_cat?post=18072"},{"taxonomy":"product_tag","embeddable":true,"href":"https:\/\/ketest.4-dimensional.ch\/fr\/wp-json\/wp\/v2\/product_tag?post=18072"}],"curies":[{"name":"wp","href":"https:\/\/api.w.org\/{rel}","templated":true}]}}