{"id":10313,"date":"2022-10-14T09:16:12","date_gmt":"2022-10-14T07:16:12","guid":{"rendered":"https:\/\/xmy.ch\/shop\/bouteille-deau-de-750-ml-tacx-keforma\/"},"modified":"2024-10-22T22:48:54","modified_gmt":"2024-10-22T20:48:54","slug":"bidon-tacx-keforma-750-ml","status":"publish","type":"product","link":"https:\/\/ketest.4-dimensional.ch\/fr\/shop\/promo-fr\/bidon-tacx-keforma-750-ml\/","title":{"rendered":"Bidon Tacx-KeFORMA 750 ml"},"content":{"rendered":"<div id=\"wd-600aef8476f41\" class=\"wd-text-block-wrapper wd-wpb wd-rs-600aef8476f41 color-scheme-dark text-left vc_custom_1611329428846\">\n<div class=\"woodmart-title-container woodmart-text-block reset-last-child font-primary wd-font-weight-400 \">\n<div id=\"wd-5fa7dbbe84545\" class=\"wd-text-block-wrapper wd-wpb wd-rs-5fa7dbbe84545 color-scheme-dark text-left vc_custom_1604836317125\">\n<div class=\"woodmart-title-container woodmart-text-block reset-last-child font-primary wd-font-weight-400 \">\n<div id=\"wd-5fb16b2071c82\" class=\"wd-text-block-wrapper wd-wpb wd-rs-5fb16b2071c82 color-scheme-dark text-left vc_custom_1605462832817\">\n<div class=\"woodmart-title-container woodmart-text-block reset-last-child font-primary wd-font-weight-400 \">\n<div id=\"wd-6213f8de2343e\" class=\"wd-text-block-wrapper wd-wpb wd-rs-6213f8de2343e color-scheme-dark text-left vc_custom_1645476072645\">\n<div class=\"woodmart-title-container woodmart-text-block reset-last-child font-primary wd-font-weight-400 \">\n<div id=\"wd-5fae84caf2f65\" class=\"wd-text-block-wrapper wd-wpb wd-rs-5fae84caf2f65 color-scheme-dark text-left vc_custom_1605272827457\">\n<div class=\"woodmart-title-container woodmart-text-block reset-last-child font-primary wd-font-weight-400 \">\n<div id=\"wd-5fae84caf2f65\" class=\"wd-text-block-wrapper wd-wpb wd-rs-5fae84caf2f65 color-scheme-dark text-left vc_custom_1605272827457\">\n<div class=\"woodmart-title-container woodmart-text-block reset-last-child font-primary wd-font-weight-400 \">\n<div id=\"wd-5fb00549e50f6\" class=\"wd-text-block-wrapper wd-wpb wd-rs-5fb00549e50f6 color-scheme-dark text-left vc_custom_1605371215209\">\n<div class=\"woodmart-title-container woodmart-text-block reset-last-child font-primary wd-font-weight-400 \">\n<div id=\"wd-61b0e35f000c6\" class=\"wd-text-block-wrapper wd-wpb wd-rs-61b0e35f000c6 color-scheme-dark text-left vc_custom_1638983040083\">\n<div class=\"woodmart-title-container woodmart-text-block reset-last-child font-primary wd-font-weight-400 \"><strong>Bidon Tacx-KeFORMA de 750 ml : qualit\u00e9 reconnue dans le monde du sport professionnel.<\/strong><br \/>\nLe mod\u00e8le embl\u00e9matique appr\u00e9ci\u00e9 de tous les cyclistes, le Tacx Shiva 750 ml, est d\u00e9sormais le bidon incontournable pour les \u00e9quipes professionnelles.<\/div>\n<div class=\"woodmart-title-container woodmart-text-block reset-last-child font-primary wd-font-weight-400 \">Con\u00e7u pour une utilisation pratique, il permet de s&rsquo;hydrater rapidement en roulant gr\u00e2ce \u00e0 sa facilit\u00e9 de pression. \u00c9quip\u00e9 d&rsquo;un bouchon \u00e0 vis avec un embout anti-fuite, il est simple \u00e0 remplir et \u00e0 nettoyer. De plus, le bidon Shiva est respectueux de l&rsquo;environnement, \u00e9tant fabriqu\u00e9 en plastique biod\u00e9gradable.<\/div>\n<\/div>\n<\/div>\n<\/div>\n<\/div>\n<\/div>\n<\/div>\n<\/div>\n<\/div>\n<\/div>\n<\/div>\n<\/div>\n<\/div>\n<\/div>\n<\/div>\n<\/div>\n<div class=\"wpb_text_column wpb_content_element vc_custom_1616205360806 text-larger\">\n<div class=\"wpb_wrapper\">\n<p><img decoding=\"async\" class=\"wd-lazy-load woodmart-lazy-load wd-lazy-fade info-icon image-1 wd-loaded\" style=\"text-align: center;\" title=\"KF_Logo-Feature-Red\" src=\"https:\/\/ketest.4-dimensional.ch\/wp-content\/uploads\/2020\/09\/KF_Logo-Feature-Red-45x45.png\" alt=\"KF_Logo-Feature-Red\" width=\"22\" height=\"22\" data-wood-src=\"https:\/\/ketest.4-dimensional.ch\/wp-content\/uploads\/2020\/09\/KF_Logo-Feature-Red-45x45.png\" data-pagespeed-url-hash=\"3879490219\" \/> Qualit\u00e9<br \/>\n<img decoding=\"async\" class=\"wd-lazy-load woodmart-lazy-load wd-lazy-fade info-icon image-1 wd-loaded\" style=\"text-align: center;\" title=\"KF_Logo-Feature-Red\" src=\"https:\/\/ketest.4-dimensional.ch\/wp-content\/uploads\/2020\/09\/KF_Logo-Feature-Red-45x45.png\" alt=\"KF_Logo-Feature-Red\" width=\"22\" height=\"22\" data-wood-src=\"https:\/\/ketest.4-dimensional.ch\/wp-content\/uploads\/2020\/09\/KF_Logo-Feature-Red-45x45.png\" data-pagespeed-url-hash=\"3879490219\" \/> Fabriqu\u00e9 aux Pays-Bas<br \/>\n<span style=\"text-align: center;\"><img decoding=\"async\" class=\"wd-lazy-load woodmart-lazy-load wd-lazy-fade info-icon image-1 wd-loaded\" style=\"text-align: center;\" title=\"KF_Logo-Feature-Red\" src=\"https:\/\/ketest.4-dimensional.ch\/wp-content\/uploads\/2020\/09\/KF_Logo-Feature-Red-45x45.png\" alt=\"KF_Logo-Feature-Red\" width=\"22\" height=\"22\" data-wood-src=\"https:\/\/ketest.4-dimensional.ch\/wp-content\/uploads\/2020\/09\/KF_Logo-Feature-Red-45x45.png\" data-pagespeed-url-hash=\"3879490219\" \/> Pas de plastifiants, pas de bisph\u00e9nol A<br \/>\n<img decoding=\"async\" class=\"wd-lazy-load woodmart-lazy-load wd-lazy-fade info-icon image-1 wd-loaded\" style=\"text-align: center;\" title=\"KF_Logo-Feature-Red\" src=\"https:\/\/ketest.4-dimensional.ch\/wp-content\/uploads\/2020\/09\/KF_Logo-Feature-Red-45x45.png\" alt=\"KF_Logo-Feature-Red\" width=\"22\" height=\"22\" data-wood-src=\"https:\/\/ketest.4-dimensional.ch\/wp-content\/uploads\/2020\/09\/KF_Logo-Feature-Red-45x45.png\" data-pagespeed-url-hash=\"3879490219\" \/> Lavable au lave-vaisselle<br \/>\n<\/span><\/p>\n<\/div>\n<\/div>\n","protected":false},"excerpt":{"rendered":"<table class=\"bda-state-product\">\n<thead>\n<tr>\n<th class=\"bda-color\"><a href=\"\/categoria-prodotto\/prima\/\">Avant<\/a><\/th>\n<th class=\"bda-color\"><a href=\"\/categoria-prodotto\/durante\/\">Pendant<\/a><\/th>\n<th class=\"bda-color\"><a href=\"\/categoria-prodotto\/dopo\/\">Apr\u00e8s<\/a><\/th>\n<\/tr>\n<\/thead>\n<\/table>\n<p>Le bidon Tacx-KeFORMA de 750 ml&#8230; il sera toujours avec vous avant, pendant et apr\u00e8s vos activit\u00e9s sportives.<\/p>\n","protected":false},"featured_media":9648,"comment_status":"open","ping_status":"closed","template":"","meta":[],"product_cat":[388,446,442,444],"product_tag":[241,234,249,229,225,250,295,245,232,230,236,243,247,238],"class_list":{"0":"post-10313","1":"product","2":"type-product","3":"status-publish","4":"has-post-thumbnail","6":"product_cat-promo-fr","7":"product_cat-apres","8":"product_cat-avant","9":"product_cat-pendant","10":"product_tag-athletisme","11":"product_tag-bien-etre","12":"product_tag-body-building-fr","13":"product_tag-cyclisme","14":"product_tag-endurance-fr","15":"product_tag-fitness-fr","16":"product_tag-football","17":"product_tag-gymnase","18":"product_tag-natation","19":"product_tag-power-fr","20":"product_tag-running-fr","21":"product_tag-ski","22":"product_tag-tennis-fr","23":"product_tag-triathlon-fr","24":"pa_product-icons-faible-teneur-en-sucre","25":"pa_product-icons-haute-teneur-en-proteines","26":"pa_product-icons-sans-gluten-fr","27":"pa_product-icons-sans-huile-de-palme-fr","28":"pa_product-icons-sans-lactose","29":"pa_product-icons-vegetarien-fr","31":"first","32":"instock","33":"taxable","34":"shipping-taxable","35":"purchasable","36":"product-type-variable","37":"has-default-attributes"},"aioseo_notices":[],"_links":{"self":[{"href":"https:\/\/ketest.4-dimensional.ch\/fr\/wp-json\/wp\/v2\/product\/10313","targetHints":{"allow":["GET"]}}],"collection":[{"href":"https:\/\/ketest.4-dimensional.ch\/fr\/wp-json\/wp\/v2\/product"}],"about":[{"href":"https:\/\/ketest.4-dimensional.ch\/fr\/wp-json\/wp\/v2\/types\/product"}],"replies":[{"embeddable":true,"href":"https:\/\/ketest.4-dimensional.ch\/fr\/wp-json\/wp\/v2\/comments?post=10313"}],"wp:featuredmedia":[{"embeddable":true,"href":"https:\/\/ketest.4-dimensional.ch\/fr\/wp-json\/wp\/v2\/media\/9648"}],"wp:attachment":[{"href":"https:\/\/ketest.4-dimensional.ch\/fr\/wp-json\/wp\/v2\/media?parent=10313"}],"wp:term":[{"taxonomy":"product_cat","embeddable":true,"href":"https:\/\/ketest.4-dimensional.ch\/fr\/wp-json\/wp\/v2\/product_cat?post=10313"},{"taxonomy":"product_tag","embeddable":true,"href":"https:\/\/ketest.4-dimensional.ch\/fr\/wp-json\/wp\/v2\/product_tag?post=10313"}],"curies":[{"name":"wp","href":"https:\/\/api.w.org\/{rel}","templated":true}]}}