{"id":10259,"date":"2022-10-12T21:32:31","date_gmt":"2022-10-12T19:32:31","guid":{"rendered":"https:\/\/xmy.ch\/shop\/complement-alimentaire-freedoms\/"},"modified":"2024-10-21T10:11:17","modified_gmt":"2024-10-21T08:11:17","slug":"complement-alimentaire-freedoms","status":"publish","type":"product","link":"https:\/\/ketest.4-dimensional.ch\/fr\/shop\/bien-etre\/complement-alimentaire-freedoms\/","title":{"rendered":"Compl\u00e9ment alimentaire FREEDOMS"},"content":{"rendered":"<div id=\"wd-600aef8476f41\" class=\"wd-text-block-wrapper wd-wpb wd-rs-600aef8476f41 color-scheme-dark text-left vc_custom_1611329428846\">\n<div class=\"woodmart-title-container woodmart-text-block reset-last-child font-primary wd-font-weight-400 \">\n<div id=\"wd-5fafbca251970\" class=\"wd-text-block-wrapper wd-wpb wd-rs-5fafbca251970 color-scheme-dark text-left vc_custom_1605352620193\">\n<div class=\"woodmart-title-container woodmart-text-block reset-last-child font-primary wd-font-weight-400 \">\n<div id=\"wd-5fad4a10ebb94\" class=\"wd-text-block-wrapper wd-wpb wd-rs-5fad4a10ebb94 color-scheme-dark text-left vc_custom_1605192243372\">\n<div class=\"woodmart-title-container woodmart-text-block reset-last-child font-primary wd-font-weight-400 \">\n<div id=\"wd-60c05e5639da8\" class=\"wd-text-block-wrapper wd-wpb wd-rs-60c05e5639da8 color-scheme-dark text-left vc_custom_1623219823775\">\n<div class=\"woodmart-title-container woodmart-text-block reset-last-child font-primary wd-font-weight-400 \">\n<div id=\"wd-60ad03f145393\" class=\"wd-text-block-wrapper wd-wpb wd-rs-60ad03f145393 color-scheme-dark text-left vc_custom_1621951500972\">\n<div class=\"woodmart-title-container woodmart-text-block reset-last-child font-primary wd-font-weight-400 \">\n<div id=\"wd-600c0a0356b37\" class=\"wd-text-block-wrapper wd-wpb wd-rs-600c0a0356b37 color-scheme-dark text-left vc_custom_1611401764776\">\n<div class=\"woodmart-title-container woodmart-text-block reset-last-child font-primary wd-font-weight-400 \">\n<div id=\"wd-5fa9a79765c14\" class=\"wd-text-block-wrapper wd-wpb wd-rs-5fa9a79765c14 color-scheme-dark text-left vc_custom_1604954043803\">\n<div class=\"woodmart-title-container woodmart-text-block reset-last-child font-primary wd-font-weight-400 \">\n<div id=\"wd-5faa89316f5c1\" class=\"wd-text-block-wrapper wd-wpb wd-rs-5faa89316f5c1 color-scheme-dark text-left vc_custom_1605011778542\">\n<div class=\"woodmart-title-container woodmart-text-block reset-last-child font-primary wd-font-weight-400 \">\n<div id=\"wd-5faff2d725a7a\" class=\"wd-text-block-wrapper wd-wpb wd-rs-5faff2d725a7a color-scheme-dark text-left vc_custom_1605366567101\">\n<div class=\"woodmart-title-container woodmart-text-block reset-last-child font-primary wd-font-weight-400 \">\n<p class=\"p1\"><b>FREEDOMS<\/b> est un compl\u00e9ment alimentaire sp\u00e9cialement con\u00e7u pour soutenir la <b>r\u00e9cup\u00e9ration musculaire<\/b> apr\u00e8s un exercice physique intense et prolong\u00e9. Ce produit contient de l\u2019extrait de cerise Montmorency (<a href=\"https:\/\/cherrypure.eu\/en\/\">CherryPURE\u00ae<\/a>), de la grande camomille, de la brom\u00e9line et du Palatinose\u2122, des ingr\u00e9dients reconnus pour leurs propri\u00e9t\u00e9s anti-inflammatoires et analg\u00e9siques. Gr\u00e2ce \u00e0 sa formule unique, <b>FREEDOMS<\/b> aide \u00e0 r\u00e9duire l\u2019inflammation et les douleurs musculaires post-effort, favorisant ainsi une <b>r\u00e9cup\u00e9ration musculaire<\/b> plus rapide.<\/p>\n<p class=\"p1\">L\u2019utilisation r\u00e9guli\u00e8re de <b>FREEDOMS<\/b> permet de mieux g\u00e9rer les douleurs musculaires caus\u00e9es par l\u2019exercice intense, tout en acc\u00e9l\u00e9rant la r\u00e9paration des tissus musculaires. Ce compl\u00e9ment est id\u00e9al pour les sportifs, les athl\u00e8tes ou toute personne cherchant \u00e0 am\u00e9liorer sa <b>r\u00e9cup\u00e9ration musculaire<\/b> apr\u00e8s des s\u00e9ances d\u2019entra\u00eenement difficiles.<\/p>\n<\/div>\n<\/div>\n<\/div>\n<\/div>\n<div class=\"wpb_text_column wpb_content_element vc_custom_1611323456658 text-larger\">\n<div class=\"wpb_wrapper\">\n<p>&nbsp;<\/p>\n<\/div>\n<\/div>\n<\/div>\n<\/div>\n<\/div>\n<\/div>\n<\/div>\n<\/div>\n<\/div>\n<\/div>\n<\/div>\n<\/div>\n<\/div>\n<\/div>\n<\/div>\n<\/div>\n<div class=\"wpb_text_column wpb_content_element vc_custom_1616205360806 text-larger\">\n<div class=\"wpb_wrapper\">\n<p><img decoding=\"async\" class=\"wd-lazy-load woodmart-lazy-load wd-lazy-fade info-icon image-1 wd-loaded\" style=\"text-align: center;\" title=\"KF_Logo-Charact\u00e9ristique-Rouge\" src=\"https:\/\/ketest.4-dimensional.ch\/wp-content\/uploads\/2020\/09\/KF_Logo-Feature-Red-45x45.png\" alt=\"KF_Logo-Charact\u00e9ristique-Rouge\" width=\"22\" height=\"22\" data-wood-src=\"https:\/\/ketest.4-dimensional.ch\/wp-content\/uploads\/2020\/09\/KF_Logo-Feature-Red-45x45.png\" data-pagespeed-url-hash=\"3879490219\" \/> Am\u00e9liore le temps de r\u00e9cup\u00e9ration<span style=\"text-align: center;\"><br \/>\n<img decoding=\"async\" class=\"wd-lazy-load woodmart-lazy-load wd-lazy-fade info-icon image-1 wd-loaded\" style=\"text-align: center;\" title=\"KF_Logo-Charact\u00e9ristique-Rouge\" src=\"https:\/\/ketest.4-dimensional.ch\/wp-content\/uploads\/2020\/09\/KF_Logo-Feature-Red-45x45.png\" alt=\"KF_Logo-Charact\u00e9ristique-Rouge\" width=\"22\" height=\"22\" data-wood-src=\"https:\/\/ketest.4-dimensional.ch\/wp-content\/uploads\/2020\/09\/KF_Logo-Feature-Red-45x45.png\" data-pagespeed-url-hash=\"3879490219\" \/> R\u00e9cup\u00e9ration des blessures sportives<br \/>\n<img decoding=\"async\" class=\"wd-lazy-load woodmart-lazy-load wd-lazy-fade info-icon image-1 wd-loaded\" style=\"text-align: center;\" title=\"KF_Logo-Charact\u00e9ristique-Rouge\" src=\"https:\/\/ketest.4-dimensional.ch\/wp-content\/uploads\/2020\/09\/KF_Logo-Feature-Red-45x45.png\" alt=\"KF_Logo-Charact\u00e9ristique-Rouge\" width=\"22\" height=\"22\" data-wood-src=\"https:\/\/ketest.4-dimensional.ch\/wp-content\/uploads\/2020\/09\/KF_Logo-Feature-Red-45x45.png\" data-pagespeed-url-hash=\"3879490219\" \/> Fort pouvoir anti-inflammatoire<br \/>\n<\/span><span style=\"text-align: center;\"><img decoding=\"async\" class=\"wd-lazy-load woodmart-lazy-load wd-lazy-fade info-icon image-1 wd-loaded\" style=\"text-align: center;\" title=\"KF_Logo-Charact\u00e9ristique-Rouge\" src=\"https:\/\/ketest.4-dimensional.ch\/wp-content\/uploads\/2020\/09\/KF_Logo-Feature-Red-45x45.png\" alt=\"KF_Logo-Charact\u00e9ristique-Rouge\" width=\"22\" height=\"22\" data-wood-src=\"https:\/\/ketest.4-dimensional.ch\/wp-content\/uploads\/2020\/09\/KF_Logo-Feature-Red-45x45.png\" data-pagespeed-url-hash=\"3879490219\" \/> Sans gluten ni lactose<\/span><span style=\"text-align: center;\"><br \/>\n<\/span><\/p>\n<\/div>\n<\/div>\n","protected":false},"excerpt":{"rendered":"<table class=\"bda-state-product\">\n<thead>\n<tr>\n<th class=\"bda-gray\"><a href=\"fr\/categoria-prodotto\/avant\/\">Avant<\/a><\/th>\n<th class=\"bda-gray\"><a href=\"fr\/categoria-prodotto\/pendant\/\">Pendant<\/a><\/th>\n<th class=\"bda-color\"><a href=\"fr\/categoria-prodotto\/apres\/\">Apr\u00e8s<\/a><\/th>\n<\/tr>\n<\/thead>\n<\/table>\n<p>Compl\u00e9ment alimentaire FREEDOMS \u00e0 l&rsquo;extrait de cerise aux propri\u00e9t\u00e9s anti-inflammatoires et analg\u00e9siques qui favorise la r\u00e9cup\u00e9ration musculaire apr\u00e8s une activit\u00e9 physique intense et prolong\u00e9e.<\/p>\n","protected":false},"featured_media":9616,"comment_status":"open","ping_status":"closed","template":"","meta":[],"product_cat":[299,446],"product_tag":[241,234,249,229,225,250,295,245,232,230,236,243,247,238],"class_list":{"0":"post-10259","1":"product","2":"type-product","3":"status-publish","4":"has-post-thumbnail","6":"product_cat-bien-etre","7":"product_cat-apres","8":"product_tag-athletisme","9":"product_tag-bien-etre","10":"product_tag-body-building-fr","11":"product_tag-cyclisme","12":"product_tag-endurance-fr","13":"product_tag-fitness-fr","14":"product_tag-football","15":"product_tag-gymnase","16":"product_tag-natation","17":"product_tag-power-fr","18":"product_tag-running-fr","19":"product_tag-ski","20":"product_tag-tennis-fr","21":"product_tag-triathlon-fr","22":"pa_product-icons-sans-gluten-fr","23":"pa_product-icons-sans-lactose","24":"pa_product-icons-vegetarien-fr","26":"first","27":"instock","28":"taxable","29":"shipping-taxable","30":"purchasable","31":"product-type-variable","32":"has-default-attributes"},"aioseo_notices":[],"_links":{"self":[{"href":"https:\/\/ketest.4-dimensional.ch\/fr\/wp-json\/wp\/v2\/product\/10259","targetHints":{"allow":["GET"]}}],"collection":[{"href":"https:\/\/ketest.4-dimensional.ch\/fr\/wp-json\/wp\/v2\/product"}],"about":[{"href":"https:\/\/ketest.4-dimensional.ch\/fr\/wp-json\/wp\/v2\/types\/product"}],"replies":[{"embeddable":true,"href":"https:\/\/ketest.4-dimensional.ch\/fr\/wp-json\/wp\/v2\/comments?post=10259"}],"wp:featuredmedia":[{"embeddable":true,"href":"https:\/\/ketest.4-dimensional.ch\/fr\/wp-json\/wp\/v2\/media\/9616"}],"wp:attachment":[{"href":"https:\/\/ketest.4-dimensional.ch\/fr\/wp-json\/wp\/v2\/media?parent=10259"}],"wp:term":[{"taxonomy":"product_cat","embeddable":true,"href":"https:\/\/ketest.4-dimensional.ch\/fr\/wp-json\/wp\/v2\/product_cat?post=10259"},{"taxonomy":"product_tag","embeddable":true,"href":"https:\/\/ketest.4-dimensional.ch\/fr\/wp-json\/wp\/v2\/product_tag?post=10259"}],"curies":[{"name":"wp","href":"https:\/\/api.w.org\/{rel}","templated":true}]}}