{"id":10233,"date":"2022-10-11T18:27:40","date_gmt":"2022-10-11T16:27:40","guid":{"rendered":"https:\/\/xmy.ch\/shop\/complement-alimentaire-l-carnitine\/"},"modified":"2022-11-20T17:43:55","modified_gmt":"2022-11-20T16:43:55","slug":"complement-alimentaire-l-carnitine","status":"publish","type":"product","link":"https:\/\/ketest.4-dimensional.ch\/fr\/shop\/energie\/complement-alimentaire-l-carnitine\/","title":{"rendered":"Compl\u00e9ment alimentaire L-Carnitine"},"content":{"rendered":"<div id=\"wd-600ab02c18b27\" class=\"wd-text-block-wrapper wd-wpb wd-rs-600ab02c18b27 color-scheme-dark text-left vc_custom_1611313204556\">\n<div class=\"woodmart-title-container woodmart-text-block reset-last-child font-primary wd-font-weight-400 \">\n<div id=\"wd-600adc3e021eb\" class=\"wd-text-block-wrapper wd-wpb wd-rs-600adc3e021eb color-scheme-dark text-left vc_custom_1611324504105\">\n<div class=\"woodmart-title-container woodmart-text-block reset-last-child font-primary wd-font-weight-400 \">\n<div id=\"wd-600adca222db7\" class=\"wd-text-block-wrapper wd-wpb wd-rs-600adca222db7 color-scheme-dark text-left vc_custom_1611324589626\">\n<div class=\"woodmart-title-container woodmart-text-block reset-last-child font-primary wd-font-weight-400 \">\n<div id=\"wd-5fafa4173ec7a\" class=\"wd-text-block-wrapper wd-wpb wd-rs-5fafa4173ec7a color-scheme-dark text-left vc_custom_1605346333865\">\n<div class=\"woodmart-title-container woodmart-text-block reset-last-child font-primary wd-font-weight-400 \">Compl\u00e9ment alimentaire \u00e0 base de L-Carnitine qui optimise <span class=\"add-border border-width-3 border-color-primary\"><strong>l&rsquo;utilisation des graisses.<\/strong><br \/>\n<\/span><\/div>\n<\/div>\n<div class=\"wpb_text_column wpb_content_element vc_custom_1611321625981 text-larger\">\n<div class=\"wpb_wrapper\">\n<p>Compl\u00e9ment alimentaire \u00e0 base <a href=\"https:\/\/www.keforma.com\/carnitina-benefici\/\">de L-Carnitine<\/a>, utile pour optimiser l&rsquo;utilisation des graisses \u00e0 des fins \u00e9nerg\u00e9tiques et lutter contre la fatigue.<\/p>\n<div class=\"info-box-wrapper\">\n<div id=\"wd-5fafa4c862fd7\" class=\" wd-rs-5fafa4c862fd7 wd-info-box woodmart-info-box wd-wpb text-right box-icon-align-right box-style- color-scheme- wd-bg-none box-title-default vc_custom_1605346510932\">\n<div class=\"info-box-content\">\n<p class=\"info-box-title title wd-font-weight- box-title-style-default wd-fontsize-m\">100% L-Carnitine<\/p>\n<p>Transporteur d&rsquo;acides gras \u00e0 longue cha\u00eene dans la mitochondrie pour la production d&rsquo;\u00e9nergie.<\/p>\n<p>Il favorise le bon fonctionnement des nerfs et des muscles, y compris le c\u0153ur.<\/p>\n<\/div>\n<\/div>\n<\/div>\n<div class=\"info-box-wrapper\">\n<div id=\"wd-5f92d6aa9899d\" class=\" wd-rs-5f92d6aa9899d wd-info-box woodmart-info-box wd-wpb text-right box-icon-align-right box-style- color-scheme- wd-bg-none box-title-default vc_custom_1603458733991\">\n<div class=\"info-box-content\">\n<p class=\"info-box-title title wd-font-weight- box-title-style-default wd-fontsize-m\"><img decoding=\"async\" class=\"wd-lazy-load woodmart-lazy-load wd-lazy-fade info-icon image-1 wd-loaded\" style=\"text-align: center;\" title=\"KF_Logo-Feature-Red\" src=\"https:\/\/ketest.4-dimensional.ch\/wp-content\/uploads\/2020\/09\/KF_Logo-Feature-Red-45x45.png\" alt=\"KF_Logo-Feature-Red\" width=\"22\" height=\"22\" data-wood-src=\"https:\/\/ketest.4-dimensional.ch\/wp-content\/uploads\/2020\/09\/KF_Logo-Feature-Red-45x45.png\" data-pagespeed-url-hash=\"3879490219\" \/> Utilisation des graisses \u00e0 des fins \u00e9nerg\u00e9tiques<br \/>\n<img decoding=\"async\" class=\"wd-lazy-load woodmart-lazy-load wd-lazy-fade info-icon image-1 wd-loaded\" style=\"text-align: center;\" title=\"KF_Logo-Feature-Red\" src=\"https:\/\/ketest.4-dimensional.ch\/wp-content\/uploads\/2020\/09\/KF_Logo-Feature-Red-45x45.png\" alt=\"KF_Logo-Feature-Red\" width=\"22\" height=\"22\" data-wood-src=\"https:\/\/ketest.4-dimensional.ch\/wp-content\/uploads\/2020\/09\/KF_Logo-Feature-Red-45x45.png\" data-pagespeed-url-hash=\"3879490219\" \/><span style=\"text-align: center;\"> Un apport \u00e9nerg\u00e9tique \u00e9quilibr\u00e9 et soutenu<br \/>\n<\/span><img decoding=\"async\" class=\"wd-lazy-load woodmart-lazy-load wd-lazy-fade info-icon image-1 wd-loaded\" style=\"text-align: center;\" title=\"KF_Logo-Feature-Red\" src=\"https:\/\/ketest.4-dimensional.ch\/wp-content\/uploads\/2020\/09\/KF_Logo-Feature-Red-45x45.png\" alt=\"KF_Logo-Feature-Red\" width=\"22\" height=\"22\" data-wood-src=\"https:\/\/ketest.4-dimensional.ch\/wp-content\/uploads\/2020\/09\/KF_Logo-Feature-Red-45x45.png\" data-pagespeed-url-hash=\"3879490219\" \/><span style=\"text-align: center;\"> Bon fonctionnement des nerfs et des muscles<br \/>\n<\/span><img decoding=\"async\" class=\"wd-lazy-load woodmart-lazy-load wd-lazy-fade info-icon image-1 wd-loaded\" style=\"text-align: center;\" title=\"KF_Logo-Feature-Red\" src=\"https:\/\/ketest.4-dimensional.ch\/wp-content\/uploads\/2020\/09\/KF_Logo-Feature-Red-45x45.png\" alt=\"KF_Logo-Feature-Red\" width=\"22\" height=\"22\" data-wood-src=\"https:\/\/ketest.4-dimensional.ch\/wp-content\/uploads\/2020\/09\/KF_Logo-Feature-Red-45x45.png\" data-pagespeed-url-hash=\"3879490219\" \/><span style=\"text-align: center;\"> Sans gluten et sans lactose<\/span><\/p>\n<\/div>\n<\/div>\n<\/div>\n<\/div>\n<\/div>\n<\/div>\n<\/div>\n<\/div>\n<\/div>\n<\/div>\n<\/div>\n","protected":false},"excerpt":{"rendered":"<table class=\"bda-state-product\">\n<thead>\n<tr>\n<th class=\"bda-color\"><a href=\"fr\/categoria-prodotto\/avant\/\">Avant<\/a><\/th>\n<th class=\"bda-gray\"><a href=\"fr\/categoria-prodotto\/pendant\/\">Pendant<\/a><\/th>\n<th class=\"bda-gray\"><a href=\"fr\/categoria-prodotto\/apres\/\">Apr\u00e8s<\/a><\/th>\n<\/tr>\n<\/thead>\n<\/table>\n<p>Compl\u00e9ment alimentaire L-carnitine sous forme liquide, pro-\u00e9nergie pour optimiser l&rsquo;utilisation des lipides pour l&rsquo;\u00e9nergie et contrer la fatigue.<\/p>\n","protected":false},"featured_media":9594,"comment_status":"open","ping_status":"closed","template":"","meta":[],"product_cat":[222,442],"product_tag":[234,229,225,295,245,232,230,236,243,247,238],"class_list":{"0":"post-10233","1":"product","2":"type-product","3":"status-publish","4":"has-post-thumbnail","6":"product_cat-energie","7":"product_cat-avant","8":"product_tag-bien-etre","9":"product_tag-cyclisme","10":"product_tag-endurance-fr","11":"product_tag-football","12":"product_tag-gymnase","13":"product_tag-natation","14":"product_tag-power-fr","15":"product_tag-running-fr","16":"product_tag-ski","17":"product_tag-tennis-fr","18":"product_tag-triathlon-fr","19":"pa_product-icons-sans-gluten-fr","20":"pa_product-icons-sans-huile-de-palme-fr","21":"pa_product-icons-sans-lactose","22":"pa_product-icons-vegetarien-fr","24":"first","25":"instock","26":"taxable","27":"shipping-taxable","28":"purchasable","29":"product-type-variable","30":"has-default-attributes"},"aioseo_notices":[],"_links":{"self":[{"href":"https:\/\/ketest.4-dimensional.ch\/fr\/wp-json\/wp\/v2\/product\/10233","targetHints":{"allow":["GET"]}}],"collection":[{"href":"https:\/\/ketest.4-dimensional.ch\/fr\/wp-json\/wp\/v2\/product"}],"about":[{"href":"https:\/\/ketest.4-dimensional.ch\/fr\/wp-json\/wp\/v2\/types\/product"}],"replies":[{"embeddable":true,"href":"https:\/\/ketest.4-dimensional.ch\/fr\/wp-json\/wp\/v2\/comments?post=10233"}],"wp:featuredmedia":[{"embeddable":true,"href":"https:\/\/ketest.4-dimensional.ch\/fr\/wp-json\/wp\/v2\/media\/9594"}],"wp:attachment":[{"href":"https:\/\/ketest.4-dimensional.ch\/fr\/wp-json\/wp\/v2\/media?parent=10233"}],"wp:term":[{"taxonomy":"product_cat","embeddable":true,"href":"https:\/\/ketest.4-dimensional.ch\/fr\/wp-json\/wp\/v2\/product_cat?post=10233"},{"taxonomy":"product_tag","embeddable":true,"href":"https:\/\/ketest.4-dimensional.ch\/fr\/wp-json\/wp\/v2\/product_tag?post=10233"}],"curies":[{"name":"wp","href":"https:\/\/api.w.org\/{rel}","templated":true}]}}