{"id":10190,"date":"2022-10-11T12:51:55","date_gmt":"2022-10-11T10:51:55","guid":{"rendered":"https:\/\/xmy.ch\/shop\/poudre-de-proteines-vegetales\/"},"modified":"2023-10-09T18:38:45","modified_gmt":"2023-10-09T16:38:45","slug":"poudre-de-proteines-vegetales-veg-protein-100","status":"publish","type":"product","link":"https:\/\/ketest.4-dimensional.ch\/fr\/shop\/proteine-fr\/poudre-de-proteines-vegetales-veg-protein-100\/","title":{"rendered":"Poudre de prot\u00e9ines v\u00e9g\u00e9tales &#8211; Veg Protein 100%"},"content":{"rendered":"<div id=\"wd-6057fb79eb014\" class=\"wd-text-block-wrapper wd-wpb wd-rs-6057fb79eb014 color-scheme-dark text-left vc_custom_1616378763982\">\n<div class=\"woodmart-title-container woodmart-text-block reset-last-child font-primary wd-font-weight-400 \">\n<div id=\"wd-600ab098bf93b\" class=\"wd-text-block-wrapper wd-wpb wd-rs-600ab098bf93b color-scheme-dark text-left vc_custom_1611313320399\">\n<div class=\"woodmart-title-container woodmart-text-block reset-last-child font-primary wd-font-weight-400 \">\n<div id=\"wd-600a79842bcfb\" class=\"wd-text-block-wrapper wd-wpb wd-rs-600a79842bcfb color-scheme-dark text-left vc_custom_1611299215720\">\n<div class=\"woodmart-title-container woodmart-text-block reset-last-child font-primary wd-font-weight-400 \">Poudre de prot\u00e9ines <span class=\"add-border border-width-3 border-color-primary\"><strong>100% v\u00e9g\u00e9tal.<\/strong><br \/>\n<\/span><\/div>\n<\/div>\n<div class=\"wpb_text_column wpb_content_element vc_custom_1611299241444 text-larger\">\n<div class=\"wpb_wrapper\">\n<p>La <a href=\"https:\/\/www.keforma.com\/proteine-vegetali\/\">poudre de prot\u00e9ines VEG PROTEIN<\/a> contient 3 sources de prot\u00e9ines : soja, riz et pois.<br \/>\nCette formulation particuli\u00e8re fournit un profil d&rsquo;acides amin\u00e9s similaire \u00e0 celui d&rsquo;un concentr\u00e9 de prot\u00e9ines de lactos\u00e9rum classique.<\/p>\n<p>Le produit est \u00e9galement exempt de lactose et de gluten et son go\u00fbt est excellent.<\/p>\n<\/div>\n<\/div>\n<\/div>\n<\/div>\n<\/div>\n<\/div>\n<div class=\"wpb_text_column wpb_content_element vc_custom_1616378936846 text-larger\">\n<div class=\"wpb_wrapper\"><img decoding=\"async\" class=\"wd-lazy-load woodmart-lazy-load wd-lazy-fade info-icon image-1 wd-loaded\" style=\"text-align: center;\" title=\"KF_Logo-Feature-Red\" src=\"https:\/\/ketest.4-dimensional.ch\/wp-content\/uploads\/2020\/09\/KF_Logo-Feature-Red-45x45.png\" alt=\"KF_Logo-Feature-Red\" width=\"22\" height=\"22\" data-wood-src=\"https:\/\/ketest.4-dimensional.ch\/wp-content\/uploads\/2020\/09\/KF_Logo-Feature-Red-45x45.png\" data-pagespeed-url-hash=\"3879490219\" \/> 3 sources de prot\u00e9ines<br \/>\n<img decoding=\"async\" class=\"wd-lazy-load woodmart-lazy-load wd-lazy-fade info-icon image-1 wd-loaded\" style=\"text-align: center;\" title=\"KF_Logo-Feature-Red\" src=\"https:\/\/ketest.4-dimensional.ch\/wp-content\/uploads\/2020\/09\/KF_Logo-Feature-Red-45x45.png\" alt=\"KF_Logo-Feature-Red\" width=\"22\" height=\"22\" data-wood-src=\"https:\/\/ketest.4-dimensional.ch\/wp-content\/uploads\/2020\/09\/KF_Logo-Feature-Red-45x45.png\" data-pagespeed-url-hash=\"3879490219\" \/><span style=\"text-align: center;\"> L\u00e9gumes et v\u00e9g\u00e9tariens<br \/>\n<\/span><img decoding=\"async\" class=\"wd-lazy-load woodmart-lazy-load wd-lazy-fade info-icon image-1 wd-loaded\" style=\"text-align: center;\" title=\"KF_Logo-Feature-Red\" src=\"https:\/\/ketest.4-dimensional.ch\/wp-content\/uploads\/2020\/09\/KF_Logo-Feature-Red-45x45.png\" alt=\"KF_Logo-Feature-Red\" width=\"22\" height=\"22\" data-wood-src=\"https:\/\/ketest.4-dimensional.ch\/wp-content\/uploads\/2020\/09\/KF_Logo-Feature-Red-45x45.png\" data-pagespeed-url-hash=\"3879490219\" \/><span style=\"text-align: center;\"> Profil complet d&rsquo;acides amin\u00e9s<br \/>\n<\/span><img decoding=\"async\" class=\"wd-lazy-load woodmart-lazy-load wd-lazy-fade info-icon image-1 wd-loaded\" style=\"text-align: center;\" title=\"KF_Logo-Feature-Red\" src=\"https:\/\/ketest.4-dimensional.ch\/wp-content\/uploads\/2020\/09\/KF_Logo-Feature-Red-45x45.png\" alt=\"KF_Logo-Feature-Red\" width=\"22\" height=\"22\" data-wood-src=\"https:\/\/ketest.4-dimensional.ch\/wp-content\/uploads\/2020\/09\/KF_Logo-Feature-Red-45x45.png\" data-pagespeed-url-hash=\"3879490219\" \/><span style=\"text-align: center;\"> Sans gluten et sans lactose<\/span><\/div>\n<\/div>\n","protected":false},"excerpt":{"rendered":"<table class=\"bda-state-product\">\n<thead>\n<tr>\n<th class=\"bda-color\"><a href=\"fr\/categoria-prodotto\/avant\/\">Avant<\/a><\/th>\n<th class=\"bda-gray\"><a href=\"fr\/categoria-prodotto\/pendant\/\">Pendant<\/a><\/th>\n<th class=\"bda-color\"><a href=\"fr\/categoria-prodotto\/apres\/\">Apr\u00e8s<\/a><\/th>\n<\/tr>\n<\/thead>\n<\/table>\n<p>Poudre de prot\u00e9ines 100% v\u00e9g\u00e9tales pour la croissance, l&rsquo;entretien, la r\u00e9g\u00e9n\u00e9ration et la r\u00e9cup\u00e9ration de la structure musculaire.<\/p>\n","protected":false},"featured_media":9586,"comment_status":"open","ping_status":"closed","template":"","meta":[],"product_cat":[223,446,442],"product_tag":[234,249,225,230],"class_list":{"0":"post-10190","1":"product","2":"type-product","3":"status-publish","4":"has-post-thumbnail","6":"product_cat-proteine-fr","7":"product_cat-apres","8":"product_cat-avant","9":"product_tag-bien-etre","10":"product_tag-body-building-fr","11":"product_tag-endurance-fr","12":"product_tag-power-fr","13":"pa_product-icons-faible-teneur-en-sucre","14":"pa_product-icons-haute-teneur-en-proteines","15":"pa_product-icons-sans-gluten-fr","16":"pa_product-icons-sans-huile-de-palme-fr","17":"pa_product-icons-sans-lactose","18":"pa_product-icons-vegetarien-fr","20":"first","21":"instock","22":"taxable","23":"shipping-taxable","24":"purchasable","25":"product-type-variable"},"aioseo_notices":[],"_links":{"self":[{"href":"https:\/\/ketest.4-dimensional.ch\/fr\/wp-json\/wp\/v2\/product\/10190","targetHints":{"allow":["GET"]}}],"collection":[{"href":"https:\/\/ketest.4-dimensional.ch\/fr\/wp-json\/wp\/v2\/product"}],"about":[{"href":"https:\/\/ketest.4-dimensional.ch\/fr\/wp-json\/wp\/v2\/types\/product"}],"replies":[{"embeddable":true,"href":"https:\/\/ketest.4-dimensional.ch\/fr\/wp-json\/wp\/v2\/comments?post=10190"}],"wp:featuredmedia":[{"embeddable":true,"href":"https:\/\/ketest.4-dimensional.ch\/fr\/wp-json\/wp\/v2\/media\/9586"}],"wp:attachment":[{"href":"https:\/\/ketest.4-dimensional.ch\/fr\/wp-json\/wp\/v2\/media?parent=10190"}],"wp:term":[{"taxonomy":"product_cat","embeddable":true,"href":"https:\/\/ketest.4-dimensional.ch\/fr\/wp-json\/wp\/v2\/product_cat?post=10190"},{"taxonomy":"product_tag","embeddable":true,"href":"https:\/\/ketest.4-dimensional.ch\/fr\/wp-json\/wp\/v2\/product_tag?post=10190"}],"curies":[{"name":"wp","href":"https:\/\/api.w.org\/{rel}","templated":true}]}}