{"id":10170,"date":"2022-10-10T10:32:26","date_gmt":"2022-10-10T08:32:26","guid":{"rendered":"https:\/\/xmy.ch\/shop\/complement-alimentaire-condroart\/"},"modified":"2023-03-01T20:39:20","modified_gmt":"2023-03-01T19:39:20","slug":"complement-alimentaire-condroart","status":"publish","type":"product","link":"https:\/\/ketest.4-dimensional.ch\/fr\/shop\/bien-etre\/complement-alimentaire-condroart\/","title":{"rendered":"Compl\u00e9ment alimentaire Condroart"},"content":{"rendered":"<div id=\"wd-600aef8476f41\" class=\"wd-text-block-wrapper wd-wpb wd-rs-600aef8476f41 color-scheme-dark text-left vc_custom_1611329428846\">\n<div class=\"woodmart-title-container woodmart-text-block reset-last-child font-primary wd-font-weight-400 \">\n<div id=\"wd-5fafbca251970\" class=\"wd-text-block-wrapper wd-wpb wd-rs-5fafbca251970 color-scheme-dark text-left vc_custom_1605352620193\">\n<div class=\"woodmart-title-container woodmart-text-block reset-last-child font-primary wd-font-weight-400 \">\n<div id=\"wd-5fad4a10ebb94\" class=\"wd-text-block-wrapper wd-wpb wd-rs-5fad4a10ebb94 color-scheme-dark text-left vc_custom_1605192243372\">\n<div class=\"woodmart-title-container woodmart-text-block reset-last-child font-primary wd-font-weight-400 \">\n<div id=\"wd-60c05e5639da8\" class=\"wd-text-block-wrapper wd-wpb wd-rs-60c05e5639da8 color-scheme-dark text-left vc_custom_1623219823775\">\n<div class=\"woodmart-title-container woodmart-text-block reset-last-child font-primary wd-font-weight-400 \">\n<div id=\"wd-60ad03f145393\" class=\"wd-text-block-wrapper wd-wpb wd-rs-60ad03f145393 color-scheme-dark text-left vc_custom_1621951500972\">\n<div class=\"woodmart-title-container woodmart-text-block reset-last-child font-primary wd-font-weight-400 \">Le compl\u00e9ment alimentaire pour les <span class=\"add-border border-width-3 border-color-primary\"><strong>joints.<\/strong><br \/>\n<\/span><\/div>\n<\/div>\n<div class=\"wpb_text_column wpb_content_element vc_custom_1621950793270 text-larger\">\n<div class=\"wpb_wrapper\">\n<p>Le compl\u00e9ment alimentaire <strong>CONDROART<\/strong> \u00e0 base de glucosamine v\u00e9g\u00e9tale <a href=\"https:\/\/youtu.be\/XdPj47scB9A\">ULTRAJOINT\u2122<\/a>, de collag\u00e8ne et de m\u00e9thylsulfonylm\u00e9thane avec du sulfate de chondro\u00eftine, de la brom\u00e9la\u00efne, du hyaluronate de sodium et de la vitamine C.<\/p>\n<p><strong>Collag\u00e8ne performant<\/strong><br \/>\nPremier \u00e9l\u00e9ment structurel des os, des cartilages, des tendons et des ligaments, il facilite la r\u00e9cup\u00e9ration apr\u00e8s un traumatisme et pr\u00e9vient les ph\u00e9nom\u00e8nes arthrosiques et ost\u00e9oporotiques.<br \/>\nLe collag\u00e8ne hydrolys\u00e9, sous forme de petits peptides de collag\u00e8ne ou d&rsquo;acides amin\u00e9s individuels, est rapidement absorb\u00e9 dans l&rsquo;intestin gr\u00eale par trois m\u00e9canismes de transport.<br \/>\nArriv\u00e9 au niveau des tissus, il exerce un r\u00f4le structurel et stimulant dans la production de nouveau collag\u00e8ne dans les os, les articulations, les muscles et la peau.<\/p>\n<p><strong>Glucosamine v\u00e9g\u00e9tale ULTRAJOINT\u2122<\/strong><br \/>\nAminopolysaccharide pr\u00e9curseur dans la production des glycosaminoglycanes, mol\u00e9cules essentielles dans la synth\u00e8se et le maintien du cartilage et du liquide synovial.<br \/>\nC&rsquo;est le principal pr\u00e9curseur du sulfate de chondro\u00eftine.<\/p>\n<\/div>\n<\/div>\n<\/div>\n<\/div>\n<\/div>\n<\/div>\n<\/div>\n<\/div>\n<\/div>\n<\/div>\n<div class=\"wpb_text_column wpb_content_element vc_custom_1616205360806 text-larger\">\n<div class=\"wpb_wrapper\">\n<p><img decoding=\"async\" class=\"wd-lazy-load woodmart-lazy-load wd-lazy-fade info-icon image-1 wd-loaded\" style=\"text-align: center;\" title=\"KF_Logo-Charact\u00e9ristique-Rouge\" src=\"https:\/\/ketest.4-dimensional.ch\/wp-content\/uploads\/2020\/09\/KF_Logo-Feature-Red-45x45.png\" alt=\"KF_Logo-Charact\u00e9ristique-Rouge\" width=\"22\" height=\"22\" data-wood-src=\"https:\/\/ketest.4-dimensional.ch\/wp-content\/uploads\/2020\/09\/KF_Logo-Feature-Red-45x45.png\" data-pagespeed-url-hash=\"3879490219\" \/> Pr\u00e9serve la sant\u00e9 des articulations<span style=\"text-align: center;\"><br \/>\n<img decoding=\"async\" class=\"wd-lazy-load woodmart-lazy-load wd-lazy-fade info-icon image-1 wd-loaded\" style=\"text-align: center;\" title=\"KF_Logo-Charact\u00e9ristique-Rouge\" src=\"https:\/\/ketest.4-dimensional.ch\/wp-content\/uploads\/2020\/09\/KF_Logo-Feature-Red-45x45.png\" alt=\"KF_Logo-Charact\u00e9ristique-Rouge\" width=\"22\" height=\"22\" data-wood-src=\"https:\/\/ketest.4-dimensional.ch\/wp-content\/uploads\/2020\/09\/KF_Logo-Feature-Red-45x45.png\" data-pagespeed-url-hash=\"3879490219\" \/> Protection des articulations<br \/>\n<\/span><span style=\"text-align: center;\"><img decoding=\"async\" class=\"wd-lazy-load woodmart-lazy-load wd-lazy-fade info-icon image-1 wd-loaded\" style=\"text-align: center;\" title=\"KF_Logo-Charact\u00e9ristique-Rouge\" src=\"https:\/\/ketest.4-dimensional.ch\/wp-content\/uploads\/2020\/09\/KF_Logo-Feature-Red-45x45.png\" alt=\"KF_Logo-Charact\u00e9ristique-Rouge\" width=\"22\" height=\"22\" data-wood-src=\"https:\/\/ketest.4-dimensional.ch\/wp-content\/uploads\/2020\/09\/KF_Logo-Feature-Red-45x45.png\" data-pagespeed-url-hash=\"3879490219\" \/> R\u00e9cup\u00e9ration fonctionnelle apr\u00e8s une blessure<br \/>\n<img decoding=\"async\" class=\"wd-lazy-load woodmart-lazy-load wd-lazy-fade info-icon image-1 wd-loaded\" style=\"text-align: center;\" title=\"KF_Logo-Charact\u00e9ristique-Rouge\" src=\"https:\/\/ketest.4-dimensional.ch\/wp-content\/uploads\/2020\/09\/KF_Logo-Feature-Red-45x45.png\" alt=\"KF_Logo-Charact\u00e9ristique-Rouge\" width=\"22\" height=\"22\" data-wood-src=\"https:\/\/ketest.4-dimensional.ch\/wp-content\/uploads\/2020\/09\/KF_Logo-Feature-Red-45x45.png\" data-pagespeed-url-hash=\"3879490219\" \/> Sans gluten ni lactose<\/span><span style=\"text-align: center;\"><br \/>\n<\/span><\/p>\n<\/div>\n<\/div>\n","protected":false},"excerpt":{"rendered":"<table class=\"bda-state-product\">\n<thead>\n<tr>\n<th class=\"bda-color\"><a href=\"fr\/categoria-prodotto\/avant\/\">Avant<\/a><\/th>\n<th class=\"bda-gray\"><a href=\"fr\/categoria-prodotto\/pendant\/\">Pendant<\/a><\/th>\n<th class=\"bda-color\"><a href=\"fr\/categoria-prodotto\/apres\/\">Apr\u00e8s<\/a><\/th>\n<\/tr>\n<\/thead>\n<\/table>\n<p>Compl\u00e9ment alimentaire Condroart \u00e0 base de glucosamine v\u00e9g\u00e9tale, utile pour la protection et l&rsquo;entretien des articulations, la r\u00e9cup\u00e9ration fonctionnelle apr\u00e8s une blessure.<\/p>\n","protected":false},"featured_media":9578,"comment_status":"open","ping_status":"closed","template":"","meta":[],"product_cat":[299,446,442],"product_tag":[241,234,249,229,225,250,295,245,232,230,236,243,247,238],"class_list":{"0":"post-10170","1":"product","2":"type-product","3":"status-publish","4":"has-post-thumbnail","6":"product_cat-bien-etre","7":"product_cat-apres","8":"product_cat-avant","9":"product_tag-athletisme","10":"product_tag-bien-etre","11":"product_tag-body-building-fr","12":"product_tag-cyclisme","13":"product_tag-endurance-fr","14":"product_tag-fitness-fr","15":"product_tag-football","16":"product_tag-gymnase","17":"product_tag-natation","18":"product_tag-power-fr","19":"product_tag-running-fr","20":"product_tag-ski","21":"product_tag-tennis-fr","22":"product_tag-triathlon-fr","23":"pa_product-icons-sans-gluten-fr","24":"pa_product-icons-sans-lactose","26":"first","27":"instock","28":"taxable","29":"shipping-taxable","30":"purchasable","31":"product-type-variable","32":"has-default-attributes"},"aioseo_notices":[],"_links":{"self":[{"href":"https:\/\/ketest.4-dimensional.ch\/fr\/wp-json\/wp\/v2\/product\/10170","targetHints":{"allow":["GET"]}}],"collection":[{"href":"https:\/\/ketest.4-dimensional.ch\/fr\/wp-json\/wp\/v2\/product"}],"about":[{"href":"https:\/\/ketest.4-dimensional.ch\/fr\/wp-json\/wp\/v2\/types\/product"}],"replies":[{"embeddable":true,"href":"https:\/\/ketest.4-dimensional.ch\/fr\/wp-json\/wp\/v2\/comments?post=10170"}],"wp:featuredmedia":[{"embeddable":true,"href":"https:\/\/ketest.4-dimensional.ch\/fr\/wp-json\/wp\/v2\/media\/9578"}],"wp:attachment":[{"href":"https:\/\/ketest.4-dimensional.ch\/fr\/wp-json\/wp\/v2\/media?parent=10170"}],"wp:term":[{"taxonomy":"product_cat","embeddable":true,"href":"https:\/\/ketest.4-dimensional.ch\/fr\/wp-json\/wp\/v2\/product_cat?post=10170"},{"taxonomy":"product_tag","embeddable":true,"href":"https:\/\/ketest.4-dimensional.ch\/fr\/wp-json\/wp\/v2\/product_tag?post=10170"}],"curies":[{"name":"wp","href":"https:\/\/api.w.org\/{rel}","templated":true}]}}