{"id":10133,"date":"2022-10-10T09:05:32","date_gmt":"2022-10-10T07:05:32","guid":{"rendered":"https:\/\/xmy.ch\/shop\/gel-energetique-maltogel\/"},"modified":"2022-11-20T17:45:43","modified_gmt":"2022-11-20T16:45:43","slug":"gel-energetique-maltogel","status":"publish","type":"product","link":"https:\/\/ketest.4-dimensional.ch\/fr\/shop\/gel-fr\/gel-energetique-maltogel\/","title":{"rendered":"Gel \u00e9nerg\u00e9tique Maltogel"},"content":{"rendered":"<div id=\"wd-600aef8476f41\" class=\"wd-text-block-wrapper wd-wpb wd-rs-600aef8476f41 color-scheme-dark text-left vc_custom_1611329428846\">\n<div class=\"woodmart-title-container woodmart-text-block reset-last-child font-primary wd-font-weight-400 \">\n<div id=\"wd-5fa7dbbe84545\" class=\"wd-text-block-wrapper wd-wpb wd-rs-5fa7dbbe84545 color-scheme-dark text-left vc_custom_1604836317125\">\n<div class=\"woodmart-title-container woodmart-text-block reset-last-child font-primary wd-font-weight-400 \">\n<div id=\"wd-5fa7f355c771a\" class=\"wd-text-block-wrapper wd-wpb wd-rs-5fa7f355c771a color-scheme-dark text-left vc_custom_1604842331704\">\n<div class=\"woodmart-title-container woodmart-text-block reset-last-child font-primary wd-font-weight-400 \">\n<div id=\"wd-5fa7cb061b8c3\" class=\"wd-text-block-wrapper wd-wpb wd-rs-5fa7cb061b8c3 color-scheme-dark text-left vc_custom_1604832057250\">\n<div>\n<p>Le gel \u00e9nerg\u00e9tique <span class=\"add-border border-width-3 border-color-primary\"><strong>pour l&rsquo;\u00e9nergie de base.<\/strong><br \/>\n<\/span><\/p>\n<p>MALTOGEL est un gel \u00e9nerg\u00e9tique concentr\u00e9 sp\u00e9cialement d\u00e9velopp\u00e9 pour les sports d&rsquo;endurance.<\/p>\n<\/div>\n<\/div>\n<div class=\"wpb_text_column wpb_content_element vc_custom_1616366915751 text-larger\">\n<div class=\"wpb_wrapper\">\n<p>Il se compose de <a href=\"https:\/\/it.wikipedia.org\/wiki\/Maltodestrina\">maltodextrines<\/a> pures (cha\u00eene 21) sous forme de gel, qui maintiennent le taux de glyc\u00e9mie constant tout au long de la performance.<\/p>\n<\/div>\n<\/div>\n<div class=\"wpb_text_column wpb_content_element vc_custom_1616367804041 text-larger\">\n<div class=\"wpb_wrapper\">\n<p>La composition de ce gel \u00e9nerg\u00e9tique, obtenue par un proc\u00e9d\u00e9 de contr\u00f4le du PH, facilite la digestion et prolonge l&rsquo;apport \u00e9nerg\u00e9tique.<\/p>\n<\/div>\n<\/div>\n<div class=\"wpb_text_column wpb_content_element vc_custom_1616368690350 text-larger\">\n<div class=\"wpb_wrapper\">\n<p>Cela rend son utilisation id\u00e9ale pour les efforts de longue dur\u00e9e o\u00f9 la digestion et la gestion des r\u00e9serves d&rsquo;\u00e9nergie sont essentielles pour une performance optimale.<\/p>\n<p>Produit sans gluten ni lactose.<\/p>\n<p>&nbsp;<\/p>\n<\/div>\n<\/div>\n<\/div>\n<\/div>\n<\/div>\n<\/div>\n<\/div>\n<\/div>\n<div class=\"wpb_text_column wpb_content_element vc_custom_1616205360806 text-larger\">\n<div class=\"wpb_wrapper\">\n<p><img decoding=\"async\" class=\"wd-lazy-load woodmart-lazy-load wd-lazy-fade info-icon image-1 wd-loaded\" style=\"text-align: center;\" title=\"KF_Logo-Feature-Red\" src=\"https:\/\/ketest.4-dimensional.ch\/wp-content\/uploads\/2020\/09\/KF_Logo-Feature-Red-45x45.png\" alt=\"KF_Logo-Feature-Red\" width=\"22\" height=\"22\" data-wood-src=\"https:\/\/ketest.4-dimensional.ch\/wp-content\/uploads\/2020\/09\/KF_Logo-Feature-Red-45x45.png\" data-pagespeed-url-hash=\"3879490219\" \/> \u00c9nergie \u00e0 lib\u00e9ration lente<br \/>\n<img decoding=\"async\" class=\"wd-lazy-load woodmart-lazy-load wd-lazy-fade info-icon image-1 wd-loaded\" style=\"text-align: center;\" title=\"KF_Logo-Feature-Red\" src=\"https:\/\/ketest.4-dimensional.ch\/wp-content\/uploads\/2020\/09\/KF_Logo-Feature-Red-45x45.png\" alt=\"KF_Logo-Feature-Red\" width=\"22\" height=\"22\" data-wood-src=\"https:\/\/ketest.4-dimensional.ch\/wp-content\/uploads\/2020\/09\/KF_Logo-Feature-Red-45x45.png\" data-pagespeed-url-hash=\"3879490219\" \/> Pas d&rsquo;apport de liquide<br \/>\n<span style=\"text-align: center;\"><img decoding=\"async\" class=\"wd-lazy-load woodmart-lazy-load wd-lazy-fade info-icon image-1 wd-loaded\" style=\"text-align: center;\" title=\"KF_Logo-Feature-Red\" src=\"https:\/\/ketest.4-dimensional.ch\/wp-content\/uploads\/2020\/09\/KF_Logo-Feature-Red-45x45.png\" alt=\"KF_Logo-Feature-Red\" width=\"22\" height=\"22\" data-wood-src=\"https:\/\/ketest.4-dimensional.ch\/wp-content\/uploads\/2020\/09\/KF_Logo-Feature-Red-45x45.png\" data-pagespeed-url-hash=\"3879490219\" \/> \u00c9vite les troubles gastro-intestinaux<br \/>\n<img decoding=\"async\" class=\"wd-lazy-load woodmart-lazy-load wd-lazy-fade info-icon image-1 wd-loaded\" style=\"text-align: center;\" title=\"KF_Logo-Feature-Red\" src=\"https:\/\/ketest.4-dimensional.ch\/wp-content\/uploads\/2020\/09\/KF_Logo-Feature-Red-45x45.png\" alt=\"KF_Logo-Feature-Red\" width=\"22\" height=\"22\" data-wood-src=\"https:\/\/ketest.4-dimensional.ch\/wp-content\/uploads\/2020\/09\/KF_Logo-Feature-Red-45x45.png\" data-pagespeed-url-hash=\"3879490219\" \/> Glyc\u00e9mie stable<br \/>\n<\/span><\/p>\n<\/div>\n<\/div>\n","protected":false},"excerpt":{"rendered":"<table class=\"bda-state-product\">\n<thead>\n<tr>\n<th class=\"bda-color\"><a href=\"fr\/categoria-prodotto\/avant\/\">Avant<\/a><\/th>\n<th class=\"bda-color\"><a href=\"fr\/categoria-prodotto\/pendant\/\">Pendant<\/a><\/th>\n<th class=\"bda-gray\"><a href=\"fr\/categoria-prodotto\/apres\/\">Apr\u00e8s<\/a><\/th>\n<\/tr>\n<\/thead>\n<\/table>\n<p>Le gel \u00e9nerg\u00e9tique enti\u00e8rement liquide \u00e0 lib\u00e9ration prolong\u00e9e, 100% pure maltodextrine, sans eau et avec PH Control.<\/p>\n","protected":false},"featured_media":9562,"comment_status":"open","ping_status":"closed","template":"","meta":[],"product_cat":[264,442,444],"product_tag":[241,229,225,232,236,243,238],"class_list":{"0":"post-10133","1":"product","2":"type-product","3":"status-publish","4":"has-post-thumbnail","6":"product_cat-gel-fr","7":"product_cat-avant","8":"product_cat-pendant","9":"product_tag-athletisme","10":"product_tag-cyclisme","11":"product_tag-endurance-fr","12":"product_tag-natation","13":"product_tag-running-fr","14":"product_tag-ski","15":"product_tag-triathlon-fr","16":"pa_product-icons-sans-gluten-fr","17":"pa_product-icons-sans-huile-de-palme-fr","18":"pa_product-icons-sans-lactose","19":"pa_product-icons-vegetarien-fr","21":"first","22":"instock","23":"taxable","24":"shipping-taxable","25":"purchasable","26":"product-type-variable"},"aioseo_notices":[],"_links":{"self":[{"href":"https:\/\/ketest.4-dimensional.ch\/fr\/wp-json\/wp\/v2\/product\/10133","targetHints":{"allow":["GET"]}}],"collection":[{"href":"https:\/\/ketest.4-dimensional.ch\/fr\/wp-json\/wp\/v2\/product"}],"about":[{"href":"https:\/\/ketest.4-dimensional.ch\/fr\/wp-json\/wp\/v2\/types\/product"}],"replies":[{"embeddable":true,"href":"https:\/\/ketest.4-dimensional.ch\/fr\/wp-json\/wp\/v2\/comments?post=10133"}],"wp:featuredmedia":[{"embeddable":true,"href":"https:\/\/ketest.4-dimensional.ch\/fr\/wp-json\/wp\/v2\/media\/9562"}],"wp:attachment":[{"href":"https:\/\/ketest.4-dimensional.ch\/fr\/wp-json\/wp\/v2\/media?parent=10133"}],"wp:term":[{"taxonomy":"product_cat","embeddable":true,"href":"https:\/\/ketest.4-dimensional.ch\/fr\/wp-json\/wp\/v2\/product_cat?post=10133"},{"taxonomy":"product_tag","embeddable":true,"href":"https:\/\/ketest.4-dimensional.ch\/fr\/wp-json\/wp\/v2\/product_tag?post=10133"}],"curies":[{"name":"wp","href":"https:\/\/api.w.org\/{rel}","templated":true}]}}