{"id":10129,"date":"2022-10-11T13:36:09","date_gmt":"2022-10-11T11:36:09","guid":{"rendered":"https:\/\/xmy.ch\/shop\/creme-proteinee-procream\/"},"modified":"2022-11-20T17:44:04","modified_gmt":"2022-11-20T16:44:04","slug":"creme-proteinee-procream","status":"publish","type":"product","link":"https:\/\/ketest.4-dimensional.ch\/fr\/shop\/mct-fr\/creme-proteinee-procream\/","title":{"rendered":"Cr\u00e8me prot\u00e9in\u00e9e Procream"},"content":{"rendered":"<div id=\"wd-600aef8476f41\" class=\"wd-text-block-wrapper wd-wpb wd-rs-600aef8476f41 color-scheme-dark text-left vc_custom_1611329428846\">\n<div class=\"woodmart-title-container woodmart-text-block reset-last-child font-primary wd-font-weight-400 \">\n<div id=\"wd-5fa7dbbe84545\" class=\"wd-text-block-wrapper wd-wpb wd-rs-5fa7dbbe84545 color-scheme-dark text-left vc_custom_1604836317125\">\n<div class=\"woodmart-title-container woodmart-text-block reset-last-child font-primary wd-font-weight-400 \">\n<div id=\"wd-5fb16b2071c82\" class=\"wd-text-block-wrapper wd-wpb wd-rs-5fb16b2071c82 color-scheme-dark text-left vc_custom_1605462832817\">\n<div class=\"woodmart-title-container woodmart-text-block reset-last-child font-primary wd-font-weight-400 \">\n<div id=\"wd-6213f8de2343e\" class=\"wd-text-block-wrapper wd-wpb wd-rs-6213f8de2343e color-scheme-dark text-left vc_custom_1645476072645\">\n<div class=\"woodmart-title-container woodmart-text-block reset-last-child font-primary wd-font-weight-400 \">\n<div id=\"wd-5fae84caf2f65\" class=\"wd-text-block-wrapper wd-wpb wd-rs-5fae84caf2f65 color-scheme-dark text-left vc_custom_1605272827457\">\n<div class=\"woodmart-title-container woodmart-text-block reset-last-child font-primary wd-font-weight-400 \">\n<div id=\"wd-600af3c5bf208\" class=\"wd-text-block-wrapper wd-wpb wd-rs-600af3c5bf208 color-scheme-dark text-left vc_custom_1611330511772\">\n<div class=\"woodmart-title-container woodmart-text-block reset-last-child font-primary wd-font-weight-400 \">P\u00e2te \u00e0 tartiner prot\u00e9in\u00e9e <span class=\"add-border border-width-3 border-color-primary\"><strong>riche en prot\u00e9ines et sans sucre.<\/strong><br \/>\n<\/span><\/div>\n<\/div>\n<div class=\"wpb_text_column wpb_content_element vc_custom_1605462078877 text-larger\">\n<div class=\"wpb_wrapper\">\n<p><a href=\"https:\/\/www.keforma.com\/mct-acidi-grassi-a-catena-media-sport-energia-dimagrimento\/\">PROCREAM<\/a> est une p\u00e2te \u00e0 tartiner prot\u00e9in\u00e9e \u00e0 base d&rsquo;isolat de lactos\u00e9rum (WPI) et de prot\u00e9ines de soja, avec un go\u00fbt de noisette ou de cacao.<br \/>\nIl contient 25% de prot\u00e9ines et z\u00e9ro sucre, sans huile de palme ni autres sucres ajout\u00e9s.<\/p>\n<\/div>\n<\/div>\n<\/div>\n<\/div>\n<\/div>\n<\/div>\n<\/div>\n<\/div>\n<\/div>\n<\/div>\n<\/div>\n<\/div>\n<div class=\"wpb_text_column wpb_content_element vc_custom_1616205360806 text-larger\">\n<div class=\"wpb_wrapper\">\n<p><img decoding=\"async\" class=\"wd-lazy-load woodmart-lazy-load wd-lazy-fade info-icon image-1 wd-loaded\" style=\"text-align: center;\" title=\"KF_Logo-Feature-Red\" src=\"https:\/\/ketest.4-dimensional.ch\/wp-content\/uploads\/2020\/09\/KF_Logo-Feature-Red-45x45.png\" alt=\"KF_Logo-Feature-Red\" width=\"22\" height=\"22\" data-wood-src=\"https:\/\/ketest.4-dimensional.ch\/wp-content\/uploads\/2020\/09\/KF_Logo-Feature-Red-45x45.png\" data-pagespeed-url-hash=\"3879490219\" \/> 0 hydrate de carbone<br \/>\n<img decoding=\"async\" class=\"wd-lazy-load woodmart-lazy-load wd-lazy-fade info-icon image-1 wd-loaded\" style=\"text-align: center;\" title=\"KF_Logo-Feature-Red\" src=\"https:\/\/ketest.4-dimensional.ch\/wp-content\/uploads\/2020\/09\/KF_Logo-Feature-Red-45x45.png\" alt=\"KF_Logo-Feature-Red\" width=\"22\" height=\"22\" data-wood-src=\"https:\/\/ketest.4-dimensional.ch\/wp-content\/uploads\/2020\/09\/KF_Logo-Feature-Red-45x45.png\" data-pagespeed-url-hash=\"3879490219\" \/> 0 sucres<br \/>\n<span style=\"text-align: center;\"><img decoding=\"async\" class=\"wd-lazy-load woodmart-lazy-load wd-lazy-fade info-icon image-1 wd-loaded\" style=\"text-align: center;\" title=\"KF_Logo-Feature-Red\" src=\"https:\/\/ketest.4-dimensional.ch\/wp-content\/uploads\/2020\/09\/KF_Logo-Feature-Red-45x45.png\" alt=\"KF_Logo-Feature-Red\" width=\"22\" height=\"22\" data-wood-src=\"https:\/\/ketest.4-dimensional.ch\/wp-content\/uploads\/2020\/09\/KF_Logo-Feature-Red-45x45.png\" data-pagespeed-url-hash=\"3879490219\" \/> 25% de prot\u00e9ines<br \/>\n<img decoding=\"async\" class=\"wd-lazy-load woodmart-lazy-load wd-lazy-fade info-icon image-1 wd-loaded\" style=\"text-align: center;\" title=\"KF_Logo-Feature-Red\" src=\"https:\/\/ketest.4-dimensional.ch\/wp-content\/uploads\/2020\/09\/KF_Logo-Feature-Red-45x45.png\" alt=\"KF_Logo-Feature-Red\" width=\"22\" height=\"22\" data-wood-src=\"https:\/\/ketest.4-dimensional.ch\/wp-content\/uploads\/2020\/09\/KF_Logo-Feature-Red-45x45.png\" data-pagespeed-url-hash=\"3879490219\" \/> Sans huile de palme<br \/>\n<\/span><\/p>\n<\/div>\n<\/div>\n","protected":false},"excerpt":{"rendered":"<table class=\"bda-state-product\">\n<thead>\n<tr>\n<th class=\"bda-color\"><a href=\"fr\/categoria-prodotto\/avant\/\">Avant<\/a><\/th>\n<th class=\"bda-gray\"><a href=\"fr\/categoria-prodotto\/pendant\/\">Pendant<\/a><\/th>\n<th class=\"bda-color\"><a href=\"fr\/categoria-prodotto\/apres\/\">Apr\u00e8s<\/a><\/th>\n<\/tr>\n<\/thead>\n<\/table>\n<p>P\u00e2te \u00e0 tartiner prot\u00e9in\u00e9e PROCREAM, 100% go\u00fbt, 25% de prot\u00e9ines, 0 g de sucre, sans huile de palme ni autres sucres ajout\u00e9s.<\/p>\n","protected":false},"featured_media":9588,"comment_status":"open","ping_status":"closed","template":"","meta":[],"product_cat":[228,446,442],"product_tag":[241,234,249,229,225,250,245,232,236,243,238],"class_list":{"0":"post-10129","1":"product","2":"type-product","3":"status-publish","4":"has-post-thumbnail","6":"product_cat-mct-fr","7":"product_cat-apres","8":"product_cat-avant","9":"product_tag-athletisme","10":"product_tag-bien-etre","11":"product_tag-body-building-fr","12":"product_tag-cyclisme","13":"product_tag-endurance-fr","14":"product_tag-fitness-fr","15":"product_tag-gymnase","16":"product_tag-natation","17":"product_tag-running-fr","18":"product_tag-ski","19":"product_tag-triathlon-fr","20":"pa_product-icons-faible-teneur-en-sucre","21":"pa_product-icons-haute-teneur-en-proteines","22":"pa_product-icons-sans-gluten-fr","23":"pa_product-icons-sans-huile-de-palme-fr","24":"pa_product-icons-vegetarien-fr","26":"first","27":"instock","28":"taxable","29":"shipping-taxable","30":"purchasable","31":"product-type-variable","32":"has-default-attributes"},"aioseo_notices":[],"_links":{"self":[{"href":"https:\/\/ketest.4-dimensional.ch\/fr\/wp-json\/wp\/v2\/product\/10129","targetHints":{"allow":["GET"]}}],"collection":[{"href":"https:\/\/ketest.4-dimensional.ch\/fr\/wp-json\/wp\/v2\/product"}],"about":[{"href":"https:\/\/ketest.4-dimensional.ch\/fr\/wp-json\/wp\/v2\/types\/product"}],"replies":[{"embeddable":true,"href":"https:\/\/ketest.4-dimensional.ch\/fr\/wp-json\/wp\/v2\/comments?post=10129"}],"wp:featuredmedia":[{"embeddable":true,"href":"https:\/\/ketest.4-dimensional.ch\/fr\/wp-json\/wp\/v2\/media\/9588"}],"wp:attachment":[{"href":"https:\/\/ketest.4-dimensional.ch\/fr\/wp-json\/wp\/v2\/media?parent=10129"}],"wp:term":[{"taxonomy":"product_cat","embeddable":true,"href":"https:\/\/ketest.4-dimensional.ch\/fr\/wp-json\/wp\/v2\/product_cat?post=10129"},{"taxonomy":"product_tag","embeddable":true,"href":"https:\/\/ketest.4-dimensional.ch\/fr\/wp-json\/wp\/v2\/product_tag?post=10129"}],"curies":[{"name":"wp","href":"https:\/\/api.w.org\/{rel}","templated":true}]}}