{"id":10128,"date":"2022-10-09T10:41:23","date_gmt":"2022-10-09T08:41:23","guid":{"rendered":"https:\/\/xmy.ch\/shop\/barre-energetique-ke\/"},"modified":"2024-10-26T15:38:58","modified_gmt":"2024-10-26T13:38:58","slug":"barre-energetique-ke-energy","status":"publish","type":"product","link":"https:\/\/ketest.4-dimensional.ch\/fr\/shop\/barres-energetiques\/barre-energetique-ke-energy\/","title":{"rendered":"Barre \u00e9nerg\u00e9tique Ke Energy"},"content":{"rendered":"<div id=\"wd-600ab02c18b27\" class=\"wd-text-block-wrapper wd-wpb wd-rs-600ab02c18b27 color-scheme-dark text-left vc_custom_1611313204556\">\n<div class=\"woodmart-title-container woodmart-text-block reset-last-child font-primary wd-font-weight-400 \">\n<div id=\"wd-60ace97677bb7\" class=\"wd-text-block-wrapper wd-wpb wd-rs-60ace97677bb7 color-scheme-dark text-left vc_custom_1621944734920\">\n<div class=\"woodmart-title-container woodmart-text-block reset-last-child font-primary wd-font-weight-400 \">\n<p><strong>Barre \u00e9nerg\u00e9tique KE ENERGY aux fruits secs moulus.<\/strong><\/p>\n<p>La barre \u00e9nerg\u00e9tique KE ENERGY appartient \u00e0 la gamme des barres qui fournissent de l&rsquo;\u00e9nergie \u00e0 partir de diverses sources : glucides, graisses et prot\u00e9ines.<br \/>\nElle est riche en oligo-\u00e9l\u00e9ments et min\u00e9raux essentiels gr\u00e2ce \u00e0 un m\u00e9lange parfait de fruits secs, tels que les amandes, les noix, les cacahu\u00e8tes, les pistaches et les sultanines.<br \/>\nDe plus, la b\u00e9ta\u00efne, un nutraceutique d&rsquo;origine v\u00e9g\u00e9tale extrait de la Beta Vulgaris (blette), pr\u00e9sente des propri\u00e9t\u00e9s int\u00e9ressantes pour favoriser la mobilisation et l&rsquo;utilisation des lipides par le foie.<\/p>\n<\/div>\n<\/div>\n<div class=\"wpb_text_column wpb_content_element vc_custom_1621944907759 text-larger\">\n<div class=\"wpb_wrapper\">\n<p><img decoding=\"async\" class=\"wd-lazy-load woodmart-lazy-load wd-lazy-fade info-icon image-1 wd-loaded\" style=\"text-align: center;\" title=\"KF_Logo-Feature-Red\" src=\"https:\/\/ketest.4-dimensional.ch\/wp-content\/uploads\/2020\/09\/KF_Logo-Feature-Red-45x45.png\" alt=\"KF_Logo-Feature-Red\" width=\"22\" height=\"22\" data-wood-src=\"https:\/\/ketest.4-dimensional.ch\/wp-content\/uploads\/2020\/09\/KF_Logo-Feature-Red-45x45.png\" data-pagespeed-url-hash=\"3879490219\" \/> 100% naturel<br \/>\n<img decoding=\"async\" class=\"wd-lazy-load woodmart-lazy-load wd-lazy-fade info-icon image-1 wd-loaded\" style=\"text-align: center;\" title=\"KF_Logo-Feature-Red\" src=\"https:\/\/ketest.4-dimensional.ch\/wp-content\/uploads\/2020\/09\/KF_Logo-Feature-Red-45x45.png\" alt=\"KF_Logo-Feature-Red\" width=\"22\" height=\"22\" data-wood-src=\"https:\/\/ketest.4-dimensional.ch\/wp-content\/uploads\/2020\/09\/KF_Logo-Feature-Red-45x45.png\" data-pagespeed-url-hash=\"3879490219\" \/><span style=\"text-align: center;\"> Recharge d&rsquo;\u00e9nergie<br \/>\n<\/span><img decoding=\"async\" class=\"wd-lazy-load woodmart-lazy-load wd-lazy-fade info-icon image-1 wd-loaded\" style=\"text-align: center;\" title=\"KF_Logo-Feature-Red\" src=\"https:\/\/ketest.4-dimensional.ch\/wp-content\/uploads\/2020\/09\/KF_Logo-Feature-Red-45x45.png\" alt=\"KF_Logo-Feature-Red\" width=\"22\" height=\"22\" data-wood-src=\"https:\/\/ketest.4-dimensional.ch\/wp-content\/uploads\/2020\/09\/KF_Logo-Feature-Red-45x45.png\" data-pagespeed-url-hash=\"3879490219\" \/><span style=\"text-align: center;\"> Sans lactose et sans gluten<br \/>\n<\/span><img decoding=\"async\" class=\"wd-lazy-load woodmart-lazy-load wd-lazy-fade info-icon image-1 wd-loaded\" style=\"text-align: center;\" title=\"KF_Logo-Feature-Red\" src=\"https:\/\/ketest.4-dimensional.ch\/wp-content\/uploads\/2020\/09\/KF_Logo-Feature-Red-45x45.png\" alt=\"KF_Logo-Feature-Red\" width=\"22\" height=\"22\" data-wood-src=\"https:\/\/ketest.4-dimensional.ch\/wp-content\/uploads\/2020\/09\/KF_Logo-Feature-Red-45x45.png\" data-pagespeed-url-hash=\"3879490219\" \/><span style=\"text-align: center;\"> Sans huile de palme<\/span><\/p>\n<\/div>\n<\/div>\n<\/div>\n<\/div>\n","protected":false},"excerpt":{"rendered":"<table class=\"bda-state-product\">\n<thead>\n<tr>\n<th class=\"bda-color\"><a href=\"fr\/categoria-prodotto\/avant\/\">Avant<\/a><\/th>\n<th class=\"bda-color\"><a href=\"fr\/categoria-prodotto\/pendant\/\">Pendant<\/a><\/th>\n<th class=\"bda-gray\"><a href=\"fr\/categoria-prodotto\/apres\/\">Apr\u00e8s<\/a><\/th>\n<\/tr>\n<\/thead>\n<\/table>\n<p>Barre \u00e9nerg\u00e9tique \u00e9quilibr\u00e9e fournissant de l&rsquo;\u00e9nergie \u00e0 partir de diff\u00e9rentes sources : glucides, lipides et prot\u00e9ines avec en prime de la b\u00e9ta\u00efne.<\/p>\n","protected":false},"featured_media":9554,"comment_status":"open","ping_status":"closed","template":"","meta":[],"product_cat":[293,442,444],"product_tag":[234,229,225,295,232,230,236,238],"class_list":{"0":"post-10128","1":"product","2":"type-product","3":"status-publish","4":"has-post-thumbnail","6":"product_cat-barres-energetiques","7":"product_cat-avant","8":"product_cat-pendant","9":"product_tag-bien-etre","10":"product_tag-cyclisme","11":"product_tag-endurance-fr","12":"product_tag-football","13":"product_tag-natation","14":"product_tag-power-fr","15":"product_tag-running-fr","16":"product_tag-triathlon-fr","17":"pa_product-icons-sans-gluten-fr","18":"pa_product-icons-sans-huile-de-palme-fr","19":"pa_product-icons-sans-lactose","20":"pa_product-icons-vegetarien-fr","22":"first","23":"instock","24":"taxable","25":"shipping-taxable","26":"purchasable","27":"product-type-variable"},"aioseo_notices":[],"_links":{"self":[{"href":"https:\/\/ketest.4-dimensional.ch\/fr\/wp-json\/wp\/v2\/product\/10128","targetHints":{"allow":["GET"]}}],"collection":[{"href":"https:\/\/ketest.4-dimensional.ch\/fr\/wp-json\/wp\/v2\/product"}],"about":[{"href":"https:\/\/ketest.4-dimensional.ch\/fr\/wp-json\/wp\/v2\/types\/product"}],"replies":[{"embeddable":true,"href":"https:\/\/ketest.4-dimensional.ch\/fr\/wp-json\/wp\/v2\/comments?post=10128"}],"wp:featuredmedia":[{"embeddable":true,"href":"https:\/\/ketest.4-dimensional.ch\/fr\/wp-json\/wp\/v2\/media\/9554"}],"wp:attachment":[{"href":"https:\/\/ketest.4-dimensional.ch\/fr\/wp-json\/wp\/v2\/media?parent=10128"}],"wp:term":[{"taxonomy":"product_cat","embeddable":true,"href":"https:\/\/ketest.4-dimensional.ch\/fr\/wp-json\/wp\/v2\/product_cat?post=10128"},{"taxonomy":"product_tag","embeddable":true,"href":"https:\/\/ketest.4-dimensional.ch\/fr\/wp-json\/wp\/v2\/product_tag?post=10128"}],"curies":[{"name":"wp","href":"https:\/\/api.w.org\/{rel}","templated":true}]}}