{"id":10053,"date":"2022-10-05T08:33:11","date_gmt":"2022-10-05T06:33:11","guid":{"rendered":"https:\/\/xmy.ch\/shop\/kedurance-recovery\/"},"modified":"2024-10-26T17:20:25","modified_gmt":"2024-10-26T15:20:25","slug":"kedurance-boisson-de-recuperation","status":"publish","type":"product","link":"https:\/\/ketest.4-dimensional.ch\/fr\/shop\/recuperation\/kedurance-boisson-de-recuperation\/","title":{"rendered":"Kedurance boisson de r\u00e9cup\u00e9ration"},"content":{"rendered":"<div id=\"wd-6057fb79eb014\" class=\"wd-text-block-wrapper wd-wpb wd-rs-6057fb79eb014 color-scheme-dark text-left vc_custom_1616378763982\">\n<div class=\"woodmart-title-container woodmart-text-block reset-last-child font-primary wd-font-weight-400 \">\n<p><strong>Boisson de r\u00e9cup\u00e9ration.<\/strong><\/p>\n<p>KE DURANCE est un boisson de r\u00e9cup\u00e9ration formul\u00e9 avec des glucides, des BCAA, de la glutamine, des min\u00e9raux et des vitamines, parfaitement solubles et faciles \u00e0 assimiler. Ce produit est sp\u00e9cifiquement con\u00e7u pour favoriser une r\u00e9cup\u00e9ration rapide apr\u00e8s une course ou un entra\u00eenement a\u00e9robique.<\/p>\n<p>Sa composition combine des glucides qui restaurent les r\u00e9serves de glycog\u00e8ne avec des acides amin\u00e9s comme les BCAA et la glutamine, soutenant ainsi la reconstruction musculaire et l\u2019\u00e9limination des toxines. De plus, une s\u00e9lection de vitamines renforce cette boisson avec une action antioxydante.<\/p>\n<p>Si vous cherchez une solution efficace pour la r\u00e9cup\u00e9ration apr\u00e8s l&rsquo;effort, KE DURANCE est l&rsquo;option id\u00e9ale. Ce compl\u00e9ment est sans gluten ni lactose.<\/p>\n<\/div>\n<\/div>\n<div class=\"wpb_text_column wpb_content_element vc_custom_1616205360806 text-larger\">\n<div class=\"wpb_wrapper\">\n<p><span style=\"text-align: center;\"><img decoding=\"async\" class=\"wd-lazy-load woodmart-lazy-load wd-lazy-fade info-icon image-1 wd-loaded\" style=\"text-align: center;\" title=\"KF_Logo-Feature-Red\" src=\"https:\/\/ketest.4-dimensional.ch\/wp-content\/uploads\/2020\/09\/KF_Logo-Feature-Red-45x45.png\" alt=\"KF_Logo-Feature-Red\" width=\"22\" height=\"22\" data-wood-src=\"https:\/\/ketest.4-dimensional.ch\/wp-content\/uploads\/2020\/09\/KF_Logo-Feature-Red-45x45.png\" data-pagespeed-url-hash=\"3879490219\" \/> Sans prot\u00e9ines<br \/>\n<img decoding=\"async\" class=\"wd-lazy-load woodmart-lazy-load wd-lazy-fade info-icon image-1 wd-loaded\" style=\"text-align: center;\" title=\"KF_Logo-Feature-Red\" src=\"https:\/\/ketest.4-dimensional.ch\/wp-content\/uploads\/2020\/09\/KF_Logo-Feature-Red-45x45.png\" alt=\"KF_Logo-Feature-Red\" width=\"22\" height=\"22\" data-wood-src=\"https:\/\/ketest.4-dimensional.ch\/wp-content\/uploads\/2020\/09\/KF_Logo-Feature-Red-45x45.png\" data-pagespeed-url-hash=\"3879490219\" \/> Haute teneur en BCAA et Glutamine<br \/>\n<img decoding=\"async\" class=\"wd-lazy-load woodmart-lazy-load wd-lazy-fade info-icon image-1 wd-loaded\" style=\"text-align: center;\" title=\"KF_Logo-Feature-Red\" src=\"https:\/\/ketest.4-dimensional.ch\/wp-content\/uploads\/2020\/09\/KF_Logo-Feature-Red-45x45.png\" alt=\"KF_Logo-Feature-Red\" width=\"22\" height=\"22\" data-wood-src=\"https:\/\/ketest.4-dimensional.ch\/wp-content\/uploads\/2020\/09\/KF_Logo-Feature-Red-45x45.png\" data-pagespeed-url-hash=\"3879490219\" \/> Sans gluten et sans lactose<\/span><span style=\"text-align: center;\"><br \/>\n<\/span><\/p>\n<\/div>\n<\/div>\n","protected":false},"excerpt":{"rendered":"<table class=\"bda-state-product\">\n<thead>\n<tr>\n<th class=\"bda-gray\"><a href=\"fr\/categoria-prodotto\/avant\/\">Avant<\/a><\/th>\n<th class=\"bda-gray\"><a href=\"fr\/categoria-prodotto\/pendant\/\">Pendant<\/a><\/th>\n<th class=\"bda-color\"><a href=\"fr\/categoria-prodotto\/apres\/\">Apr\u00e8s<\/a><\/th>\n<\/tr>\n<\/thead>\n<\/table>\n<p>La boisson de r\u00e9cup\u00e9ration Ke Durance est un compl\u00e9ment \u00e0 base de glucides, BCAA, glutamine, min\u00e9raux et vitamines, facile \u00e0 assimiler et excellent pour la r\u00e9cup\u00e9ration apr\u00e8s une activit\u00e9 sportive.<\/p>\n","protected":false},"featured_media":9520,"comment_status":"open","ping_status":"closed","template":"","meta":[],"product_cat":[306,446],"product_tag":[229,225,295,232,236,238],"class_list":{"0":"post-10053","1":"product","2":"type-product","3":"status-publish","4":"has-post-thumbnail","6":"product_cat-recuperation","7":"product_cat-apres","8":"product_tag-cyclisme","9":"product_tag-endurance-fr","10":"product_tag-football","11":"product_tag-natation","12":"product_tag-running-fr","13":"product_tag-triathlon-fr","14":"pa_product-icons-sans-gluten-fr","15":"pa_product-icons-sans-huile-de-palme-fr","16":"pa_product-icons-sans-lactose","17":"pa_product-icons-vegetarien-fr","19":"first","20":"instock","21":"taxable","22":"shipping-taxable","23":"purchasable","24":"product-type-variable","25":"has-default-attributes"},"aioseo_notices":[],"_links":{"self":[{"href":"https:\/\/ketest.4-dimensional.ch\/fr\/wp-json\/wp\/v2\/product\/10053","targetHints":{"allow":["GET"]}}],"collection":[{"href":"https:\/\/ketest.4-dimensional.ch\/fr\/wp-json\/wp\/v2\/product"}],"about":[{"href":"https:\/\/ketest.4-dimensional.ch\/fr\/wp-json\/wp\/v2\/types\/product"}],"replies":[{"embeddable":true,"href":"https:\/\/ketest.4-dimensional.ch\/fr\/wp-json\/wp\/v2\/comments?post=10053"}],"wp:featuredmedia":[{"embeddable":true,"href":"https:\/\/ketest.4-dimensional.ch\/fr\/wp-json\/wp\/v2\/media\/9520"}],"wp:attachment":[{"href":"https:\/\/ketest.4-dimensional.ch\/fr\/wp-json\/wp\/v2\/media?parent=10053"}],"wp:term":[{"taxonomy":"product_cat","embeddable":true,"href":"https:\/\/ketest.4-dimensional.ch\/fr\/wp-json\/wp\/v2\/product_cat?post=10053"},{"taxonomy":"product_tag","embeddable":true,"href":"https:\/\/ketest.4-dimensional.ch\/fr\/wp-json\/wp\/v2\/product_tag?post=10053"}],"curies":[{"name":"wp","href":"https:\/\/api.w.org\/{rel}","templated":true}]}}