{"id":9919,"date":"2022-12-29T20:48:02","date_gmt":"2022-12-29T19:48:02","guid":{"rendered":"https:\/\/xmy.ch\/kf-world\/"},"modified":"2022-12-29T20:48:33","modified_gmt":"2022-12-29T19:48:33","slug":"kf-world","status":"publish","type":"page","link":"https:\/\/ketest.4-dimensional.ch\/fr\/kf-world\/","title":{"rendered":"KF WORLD"},"content":{"rendered":"<div class=\"wp-block-group\"><div class=\"wp-block-group__inner-container is-layout-flow wp-block-group-is-layout-flow\"><div class=\"wp-block-gutenverse-image guten-element guten-image guten-zBzEGI\"><a class=\"guten-image-wrapper\"><img fetchpriority=\"high\" decoding=\"async\" class=\"gutenverse-image-box-filled\" src=\"https:\/\/ketest.4-dimensional.ch\/wp-content\/uploads\/2022\/12\/KFWORLD.png\" height=\"1063\" width=\"1063\"><\/a><\/div>\n\n<p class=\"has-text-align-center\">Nous savons que, quels que soient votre sport et votre objectif, &#8230;.. m\u00eame dans les sports d&rsquo;\u00e9quipe&#8230; <strong>on ne gagne jamais seul<\/strong>.<br\/>Chaque jour, vous avez besoin d&rsquo;abn\u00e9gation, d&rsquo;engagement, de motivation, de positivit\u00e9, d&rsquo;objectifs, de t\u00e9nacit\u00e9 &#8230; nous ne pouvons pas vous aider ici, mais <strong>nous pouvons vous soutenir avec nos conseils<\/strong>, nos plans d&rsquo;int\u00e9gration personnalis\u00e9s, notre exp\u00e9rience et bien s\u00fbr nos meilleurs produits.<\/p>\n\n<p class=\"has-text-align-center\">C&rsquo;est pourquoi nous soutenons les athl\u00e8tes, les th\u00e8mes et les \u00e9v\u00e9nements qui partagent et \u00e9pousent \u00e0 100% notre philosophie et notre mission.<\/p>\n\n<p class=\"has-text-align-center\">La science trace la voie&#8230; nous la suivons et la transformons en quelque chose d&rsquo;utile et de bon pour l&rsquo;athl\u00e8te et ses performances, quelles qu&rsquo;elles soient.<br\/><strong>\u00c9quipe KeForma Suisse<\/strong><\/p><\/div><\/div><div class=\"section-wrapper\" data-id=\"H8d2EO\"><section class=\"wp-block-gutenverse-section guten-element guten-section guten-H8d2EO layout-boxed align-stretch\"><div class=\"guten-background-overlay\"><\/div><div class=\"guten-shape-divider guten-shape-divider-top\"><\/div><div class=\"guten-shape-divider guten-shape-divider-bottom\"><\/div><div class=\"guten-container guten-column-gap-default\"><div class=\"wp-block-gutenverse-column guten-element guten-column guten-AoWPJO\"><div class=\"guten-background-overlay\"><\/div><div class=\"sticky-wrapper\" data-id=\"AoWPJO\"><div class=\"guten-column-wrapper\"><div class=\"section-wrapper\" data-id=\"PVvNz3\"><section class=\"wp-block-gutenverse-section guten-element guten-section guten-PVvNz3 layout-boxed align-stretch\"><div class=\"guten-background-overlay\"><\/div><div class=\"guten-shape-divider guten-shape-divider-top\"><\/div><div class=\"guten-shape-divider guten-shape-divider-bottom\"><\/div><div class=\"guten-container guten-column-gap-no\"><div class=\"wp-block-gutenverse-column guten-element guten-column guten-6v8Nk9\"><div class=\"guten-background-overlay\"><\/div><div class=\"sticky-wrapper\" data-id=\"6v8Nk9\"><div class=\"guten-column-wrapper\"><div class=\"guten-element guten-spacer guten-PPRAWw\"><\/div><\/div><\/div><\/div>\n\n<div class=\"wp-block-gutenverse-column guten-element guten-column guten-C2FamW\"><div class=\"guten-background-overlay\"><\/div><div class=\"sticky-wrapper\" data-id=\"C2FamW\"><div class=\"guten-column-wrapper\"><div class=\"guten-element guten-advanced-heading guten-yelKpQ animated guten-element-hide desktop-fadeInLeft\"><div class=\"heading-section \"><div class=\"heading-line before\"><\/div><h2 class=\"heading-title\">\u00c9quipe<span class=\"heading-focus\"><\/span><\/h2><\/div><span class=\"heading-subtitle\">Nous sommes Triathlon depuis 2016<\/span><\/div>\n\n<div class=\"guten-element gutenverse-text-editor guten-H5rWBY\"><div class=\"text-content-inner\"><p class=\"has-text-color\" style=\"color:#3a3d49\">Notre \u00e9quipe de performance KeFORMA existe depuis 2016, avec pour objectif d&rsquo;\u00eatre une entit\u00e9 solide pour aider les jeunes triathl\u00e8tes prometteurs \u00e0 lancer leur carri\u00e8re professionnelle.<\/p><\/div><\/div>\n\n<div class=\"guten-element guten-button-wrapper guten-BTgZlT\"><a class=\"guten-button guten-button-sm\" href=\"https:\/\/ketest.4-dimensional.ch\/fr\/equipe\/\"><span>Aller \u00e0 l&rsquo;\u00e9quipe<\/span><\/a><\/div><\/div><\/div><\/div><\/div><\/section><\/div><\/div><\/div><\/div><\/div><\/section><\/div><div class=\"section-wrapper\" data-id=\"Dprc0W\"><section class=\"wp-block-gutenverse-section guten-element guten-section guten-Dprc0W layout-boxed align-stretch\"><div class=\"guten-background-overlay\"><\/div><div class=\"guten-shape-divider guten-shape-divider-top\"><\/div><div class=\"guten-shape-divider guten-shape-divider-bottom\"><\/div><div class=\"guten-container guten-column-gap-default\"><div class=\"wp-block-gutenverse-column guten-element guten-column guten-j6ojyR\"><div class=\"guten-background-overlay\"><\/div><div class=\"sticky-wrapper\" data-id=\"j6ojyR\"><div class=\"guten-column-wrapper\"><div class=\"section-wrapper\" data-id=\"sK0EZN\"><section class=\"wp-block-gutenverse-section guten-element guten-section guten-sK0EZN layout-boxed align-stretch\"><div class=\"guten-background-overlay\"><\/div><div class=\"guten-shape-divider guten-shape-divider-top\"><\/div><div class=\"guten-shape-divider guten-shape-divider-bottom\"><\/div><div class=\"guten-container guten-column-gap-no\"><div class=\"wp-block-gutenverse-column guten-element guten-column guten-UyU4sb\"><div class=\"guten-background-overlay\"><\/div><div class=\"sticky-wrapper\" data-id=\"UyU4sb\"><div class=\"guten-column-wrapper\"><div class=\"guten-element guten-advanced-heading guten-KdoDnC animated guten-element-hide desktop-fadeInLeft\"><div class=\"heading-section \"><div class=\"heading-line before\"><\/div><h2 class=\"heading-title\">Autres cat\u00e9gories<span class=\"heading-focus\"><\/span><\/h2><\/div><span class=\"heading-subtitle\">Nous sommes la meilleure qualit\u00e9 en mati\u00e8re de nutrition sportive  <\/span><\/div><\/div><\/div><\/div>\n\n<div class=\"wp-block-gutenverse-column guten-element guten-column guten-dBWwNb hide-mobile\"><div class=\"guten-background-overlay\"><\/div><div class=\"sticky-wrapper\" data-id=\"dBWwNb\"><div class=\"guten-column-wrapper\"><\/div><\/div><\/div><\/div><\/section><\/div>\n\n<div class=\"section-wrapper\" data-id=\"vLJh6x\"><section class=\"wp-block-gutenverse-section guten-element guten-section guten-vLJh6x layout-boxed align-stretch\"><div class=\"guten-background-overlay\"><\/div><div class=\"guten-shape-divider guten-shape-divider-top\"><\/div><div class=\"guten-shape-divider guten-shape-divider-bottom\"><\/div><div class=\"guten-container guten-column-gap-no\"><div class=\"wp-block-gutenverse-column guten-element guten-column guten-cO6xEN\"><div class=\"guten-background-overlay\"><\/div><div class=\"sticky-wrapper\" data-id=\"cO6xEN\"><div class=\"guten-column-wrapper\"><div class=\"guten-element guten-spacer guten-FQELbH\"><\/div>\n\n<h3 class=\"wp-block-gutenverse-heading guten-element guten-B7JdHF\"><a href=\"https:\/\/ketest.4-dimensional.ch\/fr\/evenements\/\" title=\"\u00c9v\u00e9nements\">\u00c9v\u00e9nements<\/a><\/h3>\n\n<h6 class=\"wp-block-gutenverse-heading guten-element guten-SG5vxS\"><\/h6><\/div><\/div><\/div>\n\n<div class=\"wp-block-gutenverse-column guten-element guten-column guten-8sM87L\"><div class=\"guten-background-overlay\"><\/div><div class=\"sticky-wrapper\" data-id=\"8sM87L\"><div class=\"guten-column-wrapper\"><div class=\"section-wrapper\" data-id=\"Jly4gt\"><section class=\"wp-block-gutenverse-section guten-element guten-section guten-Jly4gt layout-boxed align-stretch\"><div class=\"guten-background-overlay\"><\/div><div class=\"guten-shape-divider guten-shape-divider-top\"><\/div><div class=\"guten-shape-divider guten-shape-divider-bottom\"><\/div><div class=\"guten-container guten-column-gap-no\"><div class=\"wp-block-gutenverse-column guten-element guten-column guten-WGb1JH\"><div class=\"guten-background-overlay\"><\/div><div class=\"sticky-wrapper\" data-id=\"WGb1JH\"><div class=\"guten-column-wrapper\"><div class=\"guten-element guten-spacer guten-LvLr0V\"><\/div>\n\n<h3 class=\"wp-block-gutenverse-heading guten-element guten-BnSOfF\">Athl\u00e8tes et \u00e9quipes<\/h3>\n\n<h6 class=\"wp-block-gutenverse-heading guten-element guten-yXt6c8\"><\/h6><\/div><\/div><\/div><\/div><\/section><\/div>\n\n<div class=\"section-wrapper\" data-id=\"AOAI9d\"><section class=\"wp-block-gutenverse-section guten-element guten-section guten-AOAI9d layout-boxed align-stretch\"><div class=\"guten-background-overlay\"><\/div><div class=\"guten-shape-divider guten-shape-divider-top\"><\/div><div class=\"guten-shape-divider guten-shape-divider-bottom\"><\/div><div class=\"guten-container guten-column-gap-no\"><div class=\"wp-block-gutenverse-column guten-element guten-column guten-WFRrcs\"><div class=\"guten-background-overlay\"><\/div><div class=\"sticky-wrapper\" data-id=\"WFRrcs\"><div class=\"guten-column-wrapper\"><div class=\"guten-element guten-spacer guten-SZoZ0M\"><\/div>\n\n<h3 class=\"wp-block-gutenverse-heading guten-element guten-seSbjd\">Ambassadeur<\/h3>\n\n<h6 class=\"wp-block-gutenverse-heading guten-element guten-QEAm6e\"><\/h6><\/div><\/div><\/div><\/div><\/section><\/div><\/div><\/div><\/div><\/div><\/section><\/div><\/div><\/div><\/div><\/div><\/section><\/div>","protected":false},"excerpt":{"rendered":"<p>Nous savons que, quels que soient votre sport et votre objectif, &#8230;.. m\u00eame dans les sports d&rsquo;\u00e9quipe&#8230; on ne gagne jamais seul.Chaque jour, vous avez besoin d&rsquo;abn\u00e9gation, d&rsquo;engagement, de motivation, de positivit\u00e9, d&rsquo;objectifs, de t\u00e9nacit\u00e9 &#8230; nous ne pouvons pas vous aider ici, mais nous pouvons vous soutenir avec nos conseils, nos plans d&rsquo;int\u00e9gration personnalis\u00e9s, notre exp\u00e9rience et bien s\u00fbr nos meilleurs produits. C&rsquo;est pourquoi nous soutenons les athl\u00e8tes, les th\u00e8mes et les \u00e9v\u00e9nements qui partagent et \u00e9pousent \u00e0 100% notre philosophie et notre&hellip;<\/p>\n","protected":false},"author":1,"featured_media":0,"parent":0,"menu_order":0,"comment_status":"closed","ping_status":"open","template":"","meta":{"footnotes":""},"class_list":["post-9919","page","type-page","status-publish","hentry"],"aioseo_notices":[],"_links":{"self":[{"href":"https:\/\/ketest.4-dimensional.ch\/fr\/wp-json\/wp\/v2\/pages\/9919","targetHints":{"allow":["GET"]}}],"collection":[{"href":"https:\/\/ketest.4-dimensional.ch\/fr\/wp-json\/wp\/v2\/pages"}],"about":[{"href":"https:\/\/ketest.4-dimensional.ch\/fr\/wp-json\/wp\/v2\/types\/page"}],"author":[{"embeddable":true,"href":"https:\/\/ketest.4-dimensional.ch\/fr\/wp-json\/wp\/v2\/users\/1"}],"replies":[{"embeddable":true,"href":"https:\/\/ketest.4-dimensional.ch\/fr\/wp-json\/wp\/v2\/comments?post=9919"}],"version-history":[{"count":5,"href":"https:\/\/ketest.4-dimensional.ch\/fr\/wp-json\/wp\/v2\/pages\/9919\/revisions"}],"predecessor-version":[{"id":16687,"href":"https:\/\/ketest.4-dimensional.ch\/fr\/wp-json\/wp\/v2\/pages\/9919\/revisions\/16687"}],"wp:attachment":[{"href":"https:\/\/ketest.4-dimensional.ch\/fr\/wp-json\/wp\/v2\/media?parent=9919"}],"curies":[{"name":"wp","href":"https:\/\/api.w.org\/{rel}","templated":true}]}}