{"id":9903,"date":"2019-04-08T05:47:08","date_gmt":"2019-04-08T03:47:08","guid":{"rendered":"https:\/\/xmy.ch\/a-propos-de-nous\/"},"modified":"2022-11-13T16:15:22","modified_gmt":"2022-11-13T15:15:22","slug":"a-propos-de-nous","status":"publish","type":"page","link":"https:\/\/ketest.4-dimensional.ch\/fr\/a-propos-de-nous\/","title":{"rendered":"A propos de nous"},"content":{"rendered":"<div class=\"wp-block-cover alignfull is-light\"><span aria-hidden=\"true\" class=\"wp-block-cover__background has-background-dim\"><\/span><img fetchpriority=\"high\" decoding=\"async\" width=\"1600\" height=\"1022\" class=\"wp-block-cover__image-background wp-image-9200\" alt=\"We Like You signage on white tile\" src=\"https:\/\/xmy.ch\/wp-content\/uploads\/2022\/10\/qg6lpxj6il4.jpg\" data-object-fit=\"cover\" srcset=\"https:\/\/ketest.4-dimensional.ch\/wp-content\/uploads\/2022\/10\/qg6lpxj6il4.jpg 1600w, https:\/\/ketest.4-dimensional.ch\/wp-content\/uploads\/2022\/10\/qg6lpxj6il4-360x230.jpg 360w, https:\/\/ketest.4-dimensional.ch\/wp-content\/uploads\/2022\/10\/qg6lpxj6il4-750x479.jpg 750w, https:\/\/ketest.4-dimensional.ch\/wp-content\/uploads\/2022\/10\/qg6lpxj6il4-445x284.jpg 445w, https:\/\/ketest.4-dimensional.ch\/wp-content\/uploads\/2022\/10\/qg6lpxj6il4-142x91.jpg 142w, https:\/\/ketest.4-dimensional.ch\/wp-content\/uploads\/2022\/10\/qg6lpxj6il4-1320x843.jpg 1320w\" sizes=\"(max-width: 1600px) 100vw, 1600px\" \/><div class=\"wp-block-cover__inner-container is-layout-flow wp-block-cover-is-layout-flow\"><p class=\"has-text-align-left has-large-font-size\"><\/p><\/div><\/div><div style=\"height:33px\" aria-hidden=\"true\" class=\"wp-block-spacer\"><\/div><p>Nous nous concentrons sur le <strong>MEILLEUR de la nutrition sportive<\/strong>; nous l&rsquo;avons voulu sain, efficace, puissant et produit avec des mati\u00e8res premi\u00e8res de qualit\u00e9 et sans additifs.<\/p><p>Notre objectif est de vous donner les moyens n\u00e9cessaires pour que vous soyez pr\u00eat \u00e0 <strong>battre vos records <\/strong>. Une alimentation correcte est tout aussi importante que la planification de votre entra\u00eenement.<\/p><p>En plus de notre gamme de produits, nous vous donnons une multitude de conseils, de programmes nutritionnels et de recettes adapt\u00e9s pour l&rsquo;endurance, la prise de masse ou simplement pour vous faire du bien.<\/p><p>Tout ce que vous devez savoir sur <strong>\n  <a href=\"https:\/\/ketest.4-dimensional.ch\/shop\" target=\"_blank\" rel=\"noopener\" title=\"\">Alimentation sportive KeFORMA<\/a>\n<\/strong><\/p><p>Les produits nutritionnels KeFORMA sont d\u00e9velopp\u00e9s dans la Principaut\u00e9 de Saint-Marin et sont le fruit d&rsquo;une \u00e9troite collaboration entre le monde du sport, l&rsquo;industrie pharmaceutique et l&rsquo;industrie scientifique.<\/p><p>D\u00e9velopp\u00e9s avec des cyclistes et triathl\u00e8tes professionnels, leur composition est con\u00e7ue pour une efficacit\u00e9 maximale au niveau cellulaire, <strong>avant, pendant et apr\u00e8s l&rsquo;effort<\/strong>. Une attention particuli\u00e8re est accord\u00e9e \u00e0 la qualit\u00e9 des mati\u00e8res premi\u00e8res.<\/p><p>Notre gamme couvre tous les aspects de la performance, de la pr\u00e9paration \u00e0 la r\u00e9cup\u00e9ration, en passant par les comp\u00e9titions bien s\u00fbr, en vous proposant des protocoles pr\u00e9cis et personnalis\u00e9s pour \u00e9viter les pannes et tirer le meilleur de vous-m\u00eame.<\/p><div style=\"height:20px\" aria-hidden=\"true\" class=\"wp-block-spacer\"><\/div><div class=\"wp-block-cover alignfull is-light\" style=\"min-height:430px;aspect-ratio:unset;\"><span aria-hidden=\"true\" class=\"wp-block-cover__background has-background-dim\"><\/span><img decoding=\"async\" width=\"1600\" height=\"1033\" class=\"wp-block-cover__image-background wp-image-9201\" alt=\"photo of silhouette photo of man standing on rock\" src=\"https:\/\/xmy.ch\/wp-content\/uploads\/2022\/10\/u3c79seha7k.jpg\" style=\"object-position:48% 35%\" data-object-fit=\"cover\" data-object-position=\"48% 35%\" srcset=\"https:\/\/ketest.4-dimensional.ch\/wp-content\/uploads\/2022\/10\/u3c79seha7k.jpg 1600w, https:\/\/ketest.4-dimensional.ch\/wp-content\/uploads\/2022\/10\/u3c79seha7k-360x232.jpg 360w, https:\/\/ketest.4-dimensional.ch\/wp-content\/uploads\/2022\/10\/u3c79seha7k-750x484.jpg 750w, https:\/\/ketest.4-dimensional.ch\/wp-content\/uploads\/2022\/10\/u3c79seha7k-445x287.jpg 445w, https:\/\/ketest.4-dimensional.ch\/wp-content\/uploads\/2022\/10\/u3c79seha7k-142x92.jpg 142w, https:\/\/ketest.4-dimensional.ch\/wp-content\/uploads\/2022\/10\/u3c79seha7k-1320x852.jpg 1320w\" sizes=\"(max-width: 1600px) 100vw, 1600px\" \/><div class=\"wp-block-cover__inner-container is-layout-flow wp-block-cover-is-layout-flow\"><p class=\"has-text-align-center has-large-font-size\"><\/p><\/div><\/div><h4 class=\"wp-block-heading\">POURQUOI SOMMES-NOUS DIFF\u00c9RENTS ?<\/h4><p><strong>les \u00ab\u00a0d\u00e9tails\u00a0\u00bb qui font la diff\u00e9rence &#8230;<\/strong><\/p><p>&#8211; totalement produit en interne avec des syst\u00e8mes de production certifi\u00e9s ISO 9001\/DNV<\/p><p>&#8211; un laboratoire pharmaceutique compos\u00e9 de 26 salles blanches<\/p><p>&#8211; contr\u00f4le complet de chaque \u00e9tape de la production et tra\u00e7abilit\u00e9 des produits finis<\/p><p>&#8211; des mati\u00e8res premi\u00e8res de marques internationales, d&rsquo;origine contr\u00f4l\u00e9e et certifi\u00e9e<\/p><p>&#8211; la production et le stockage dans des environnements \u00e0 temp\u00e9rature et humidit\u00e9 contr\u00f4l\u00e9es<\/p><p>&#8211; des formulations et des dosages efficaces test\u00e9s par des \u00e9tudes scientifiques<\/p><p>&#8211; Collaboration avec le d\u00e9partement des sciences alimentaires de l&rsquo;universit\u00e9 de Bologne.<\/p><p>&#8211; la collaboration avec des leaders d&rsquo;opinion dans le domaine de la m\u00e9decine sportive et des biologistes nutritionnels.<\/p><p>&#8211; tous nos compl\u00e9ments sont sans dopage et sans gluten<\/p><div style=\"height:50px\" aria-hidden=\"true\" class=\"wp-block-spacer\"><\/div><div class=\"wp-block-group\"><div class=\"wp-block-group__inner-container is-layout-flow wp-block-group-is-layout-flow\"><div class=\"wp-block-cover alignright is-light\" style=\"min-height:475px;aspect-ratio:unset;\"><span aria-hidden=\"true\" class=\"wp-block-cover__background has-background-dim\"><\/span><img decoding=\"async\" width=\"1600\" height=\"1200\" class=\"wp-block-cover__image-background wp-image-9202\" alt=\"\" src=\"https:\/\/xmy.ch\/wp-content\/uploads\/2022\/10\/fploxanqt0a.jpg\" data-object-fit=\"cover\" srcset=\"https:\/\/ketest.4-dimensional.ch\/wp-content\/uploads\/2022\/10\/fploxanqt0a.jpg 1600w, https:\/\/ketest.4-dimensional.ch\/wp-content\/uploads\/2022\/10\/fploxanqt0a-360x270.jpg 360w, https:\/\/ketest.4-dimensional.ch\/wp-content\/uploads\/2022\/10\/fploxanqt0a-750x563.jpg 750w, https:\/\/ketest.4-dimensional.ch\/wp-content\/uploads\/2022\/10\/fploxanqt0a-445x334.jpg 445w, https:\/\/ketest.4-dimensional.ch\/wp-content\/uploads\/2022\/10\/fploxanqt0a-142x107.jpg 142w, https:\/\/ketest.4-dimensional.ch\/wp-content\/uploads\/2022\/10\/fploxanqt0a-1320x990.jpg 1320w\" sizes=\"(max-width: 1600px) 100vw, 1600px\" \/><div class=\"wp-block-cover__inner-container is-layout-flow wp-block-cover-is-layout-flow\"><p class=\"has-text-align-center has-large-font-size\"><\/p><\/div><\/div><\/div><\/div><p><\/p><h2 class=\"wp-block-heading\">Notre fantastique EQUIPE<\/h2><p>Votre alimentation est entre de bonnes mains avec KeFORMA<\/p><p><strong>Chez KeFORMA Switzerland<\/strong>, nous mettons un point d&rsquo;honneur \u00e0 apporter une touche personnelle \u00e0 ces produits haut de gamme et faisons de notre mieux pour vous accompagner et vous aider \u00e0 s\u00e9lectionner les meilleurs produits pour vous, en fonction de votre discipline et de vos objectifs.<\/p><p>Les <strong>d\u00e9tails font souvent la diff\u00e9rence<\/strong>, et une int\u00e9gration personnalis\u00e9e et bien calibr\u00e9e est synonyme de succ\u00e8s.<\/p><p>Votre satisfaction <strong>est tout aussi importante que la qualit\u00e9 de nos produits<\/strong>; nous aimons emballer personnellement vos colis pour nous assurer que vous \u00eates pleinement satisfaits, et ajouter quelques rayons de soleil tessinois par la m\u00eame occasion !<\/p><p><br\/><\/p><div class=\"wp-block-cover alignleft has-custom-content-position is-position-top-left\" style=\"min-height:739px;aspect-ratio:unset;\"><span aria-hidden=\"true\" class=\"wp-block-cover__background has-background-dim\"><\/span><img loading=\"lazy\" decoding=\"async\" width=\"360\" height=\"761\" class=\"wp-block-cover__image-background wp-image-9197\" alt=\"\" src=\"https:\/\/xmy.ch\/wp-content\/uploads\/2022\/10\/20210611_183824-360x761-1.webp\" data-object-fit=\"cover\" srcset=\"https:\/\/ketest.4-dimensional.ch\/wp-content\/uploads\/2022\/10\/20210611_183824-360x761-1.webp 360w, https:\/\/ketest.4-dimensional.ch\/wp-content\/uploads\/2022\/10\/20210611_183824-360x761-1-76x160.webp 76w\" sizes=\"(max-width: 360px) 100vw, 360px\" \/><div class=\"wp-block-cover__inner-container is-layout-flow wp-block-cover-is-layout-flow\"><p class=\"has-text-align-center has-large-font-size\"><\/p><\/div><\/div><p><\/p><p><\/p><p><\/p><p><\/p><p>Nos produits sont parmi les meilleurs et les plus avanc\u00e9s sur le march\u00e9 de la nutrition sportive.<br\/>Nous y ajoutons des conseils personnalis\u00e9s et un sourire pour que vos performances soient \u00e0 la hauteur de vos ambitions.<br\/><\/p><p class=\"has-text-align-right\"><strong>MATTIA MONIGHETTI<\/strong> &#8211; <strong>Fondatrice et propri\u00e9taire de<\/strong> KeFORMA Suisse<\/p>","protected":false},"excerpt":{"rendered":"<p>Nous nous concentrons sur le MEILLEUR de la nutrition sportive; nous l&rsquo;avons voulu sain, efficace, puissant et produit avec des mati\u00e8res premi\u00e8res de qualit\u00e9 et sans additifs. Notre objectif est de vous donner les moyens n\u00e9cessaires pour que vous soyez pr\u00eat \u00e0 battre vos records . Une alimentation correcte est tout aussi importante que la planification de votre entra\u00eenement. En plus de notre gamme de produits, nous vous donnons une multitude de conseils, de programmes nutritionnels et de recettes adapt\u00e9s pour l&rsquo;endurance, la prise&hellip;<\/p>\n","protected":false},"author":1,"featured_media":0,"parent":0,"menu_order":0,"comment_status":"closed","ping_status":"closed","template":"","meta":{"footnotes":""},"class_list":["post-9903","page","type-page","status-publish","hentry"],"aioseo_notices":[],"_links":{"self":[{"href":"https:\/\/ketest.4-dimensional.ch\/fr\/wp-json\/wp\/v2\/pages\/9903","targetHints":{"allow":["GET"]}}],"collection":[{"href":"https:\/\/ketest.4-dimensional.ch\/fr\/wp-json\/wp\/v2\/pages"}],"about":[{"href":"https:\/\/ketest.4-dimensional.ch\/fr\/wp-json\/wp\/v2\/types\/page"}],"author":[{"embeddable":true,"href":"https:\/\/ketest.4-dimensional.ch\/fr\/wp-json\/wp\/v2\/users\/1"}],"replies":[{"embeddable":true,"href":"https:\/\/ketest.4-dimensional.ch\/fr\/wp-json\/wp\/v2\/comments?post=9903"}],"version-history":[{"count":2,"href":"https:\/\/ketest.4-dimensional.ch\/fr\/wp-json\/wp\/v2\/pages\/9903\/revisions"}],"predecessor-version":[{"id":10690,"href":"https:\/\/ketest.4-dimensional.ch\/fr\/wp-json\/wp\/v2\/pages\/9903\/revisions\/10690"}],"wp:attachment":[{"href":"https:\/\/ketest.4-dimensional.ch\/fr\/wp-json\/wp\/v2\/media?parent=9903"}],"curies":[{"name":"wp","href":"https:\/\/api.w.org\/{rel}","templated":true}]}}