{"id":9899,"date":"2019-03-04T16:10:31","date_gmt":"2019-03-04T15:10:31","guid":{"rendered":"https:\/\/xmy.ch\/politique-de-confidentialite-2\/"},"modified":"2024-04-25T17:16:31","modified_gmt":"2024-04-25T15:16:31","slug":"politique-de-confidentialite-2","status":"publish","type":"page","link":"https:\/\/ketest.4-dimensional.ch\/fr\/politique-de-confidentialite-2\/","title":{"rendered":"Politique de confidentialit\u00e9"},"content":{"rendered":"<h2 class=\"wp-block-heading\">Politique de confidentialit\u00e9 de Keforma.ch &#8211; xmy Sagl<\/h2><p>La pr\u00e9sente politique de confidentialit\u00e9 d\u00e9crit comment vos donn\u00e9es personnelles sont collect\u00e9es, utilis\u00e9es et divulgu\u00e9es lorsque vous visitez ou effectuez un achat sur le site www.keforma.ch (le \u00ab\u00a0Site\u00a0\u00bb).<\/p><h3 class=\"wp-block-heading\">Collecte de donn\u00e9es personnelles<\/h3><p>Lorsque vous visitez le Site, nous collectons automatiquement certaines informations sur votre appareil, notamment les donn\u00e9es du navigateur, l&rsquo;adresse IP, le fuseau horaire et les donn\u00e9es de certains cookies install\u00e9s sur votre appareil. En outre, lorsque vous naviguez sur le site, nous recueillons des informations sp\u00e9cifiques sur les pages web et les produits que vous consultez, les sites web ou les termes de recherche qui vous ont dirig\u00e9 vers le site, et la mani\u00e8re dont vous interagissez avec le site. Nous d\u00e9finissons ces informations collect\u00e9es automatiquement comme des \u00ab\u00a0informations sur le dispositif\u00a0\u00bb.<\/p><h3 class=\"wp-block-heading\">Nous recueillons des informations sur l&rsquo;appareil \u00e0 l&rsquo;aide des technologies suivantes :<\/h3><p>  &#8211; Les \u00ab\u00a0cookies\u00a0\u00bb sont des fichiers de donn\u00e9es qui sont plac\u00e9s sur votre appareil ou votre ordinateur et qui comprennent souvent un code d&rsquo;identification anonyme unique. Pour plus d&rsquo;informations sur les cookies et sur la mani\u00e8re de les d\u00e9sactiver, visitez http:\/\/www.allaboutcookies.org.<\/p><p>  &#8211; Les \u00ab\u00a0fichiers journaux\u00a0\u00bb gardent la trace des actions qui ont lieu sur le site et recueillent des donn\u00e9es telles que l&rsquo;adresse IP, le type de navigateur, le fournisseur d&rsquo;acc\u00e8s \u00e0 Internet, les pages de renvoi\/de sortie et les horodatages.<\/p><p>  &#8211; Les \u00ab\u00a0balises Web\u00a0\u00bb, les \u00ab\u00a0tags\u00a0\u00bb et les \u00ab\u00a0pixels\u00a0\u00bb sont des fichiers \u00e9lectroniques utilis\u00e9s pour enregistrer des donn\u00e9es sur la fa\u00e7on dont vous naviguez sur le site.<\/p><p>En outre, lorsque vous effectuez ou tentez d&rsquo;effectuer un achat par l&rsquo;interm\u00e9diaire du site, nous recueillons certaines informations vous concernant, notamment votre nom et pr\u00e9nom, votre adresse de facturation, votre adresse de livraison, vos informations de paiement (y compris les num\u00e9ros de carte de cr\u00e9dit (ce service est g\u00e9r\u00e9 par la soci\u00e9t\u00e9 Worldline&rsquo;s Saferpay), votre adresse \u00e9lectronique et votre num\u00e9ro de t\u00e9l\u00e9phone. Nous appellerons ces donn\u00e9es \u00ab\u00a0informations sur la commande\u00a0\u00bb.<\/p><p>Lorsque nous parlons de \u00ab\u00a0donn\u00e9es personnelles\u00a0\u00bb dans la pr\u00e9sente politique de confidentialit\u00e9, nous faisons r\u00e9f\u00e9rence \u00e0 la fois aux informations sur les appareils et aux informations sur les commandes.<\/p><p>.<\/p><h3 class=\"wp-block-heading\">Comment utilisons-nous vos donn\u00e9es personnelles ?<\/h3><p>Nous utilisons g\u00e9n\u00e9ralement les informations relatives aux commandes pour traiter les commandes pass\u00e9es par le biais du site (ce qui inclut le traitement des d\u00e9tails du paiement, l&rsquo;organisation de l&rsquo;exp\u00e9dition et la livraison des factures et\/ou des confirmations de commande). En outre, nous utilisons les informations relatives aux commandes pour :<\/p><p>Communiquer avec vous ;<\/p><p>v\u00e9rifier les commandes pour d\u00e9tecter les risques potentiels ou les fraudes ; vous fournir des informations ou des publicit\u00e9s sur nos produits ou services, si cela correspond aux pr\u00e9f\u00e9rences que vous nous avez exprim\u00e9es.<\/p><p>Nous utilisons les Informations sur les appareils collect\u00e9es (en particulier votre adresse IP) pour v\u00e9rifier l&rsquo;existence de risques ou de fraudes potentiels et, plus g\u00e9n\u00e9ralement, pour am\u00e9liorer et optimiser notre Site (par exemple, en g\u00e9n\u00e9rant des donn\u00e9es analytiques sur la fa\u00e7on dont nos clients naviguent et interagissent avec le Site, et pour \u00e9valuer le succ\u00e8s de nos campagnes publicitaires et marketing).<\/p><h3 class=\"wp-block-heading\">Divulgation de vos donn\u00e9es personnelles<\/h3><p>Nous partageons vos Donn\u00e9es personnelles avec des soci\u00e9t\u00e9s tierces qui nous aident \u00e0 r\u00e9aliser les activit\u00e9s d\u00e9crites ci-dessus. Par exemple, nous utilisons Woocommerce pour la technologie de notre boutique en ligne. Vous pouvez trouver plus d&rsquo;informations sur la fa\u00e7on dont Woocommerce utilise vos donn\u00e9es personnelles ici <a href=\"https:\/\/https:\/\/woocommerce.com\/\">: https:\/\/https:\/\/woocommerce.com\/<\/a>.<br\/>Nous utilisons \u00e9galement Google Analytics pour analyser la fa\u00e7on dont les clients utilisent le site. Vous trouverez plus d&rsquo;informations sur la mani\u00e8re dont Google utilise vos donn\u00e9es personnelles \u00e0 l&rsquo;adresse suivante <a href=\"https:\/\/www.google.com\/intl\/it\/policies\/privacy\/\" target=\"_blank\" rel=\"noopener\" title=\"\">:<\/a> https:\/\/www.google.com\/intl\/it\/policies\/privacy\/.  <br\/>Si vous le souhaitez, vous pouvez d\u00e9sactiver Google Analytics \u00e0 partir d&rsquo;ici <a href=\"https:\/\/tools.google.com\/dlpage\/gaoptout\" target=\"_blank\" rel=\"noopener\" title=\"\">: https:\/\/tools.google.com\/dlpage\/gaoptout.<\/a><\/p><p>Enfin, nous pouvons \u00e9galement divulguer vos Donn\u00e9es personnelles \u00e0 des tiers pour nous conformer aux lois et r\u00e9glementations en vigueur, r\u00e9pondre \u00e0 des citations \u00e0 compara\u00eetre, \u00e0 des mandats de perquisition ou \u00e0 d&rsquo;autres demandes l\u00e9gales de donn\u00e9es re\u00e7ues, ou encore prot\u00e9ger nos droits.<\/p><h3 class=\"wp-block-heading\">Publicit\u00e9<\/h3><p>Comme d\u00e9crit ci-dessus, nous utilisons vos Donn\u00e9es personnelles pour vous fournir des publicit\u00e9s cibl\u00e9es ou des communications marketing qui, selon nous, pourraient vous int\u00e9resser. Pour plus d&rsquo;informations sur le fonctionnement de la publicit\u00e9 cibl\u00e9e, consultez la page de formation de la Network Advertising Initiative (\u00ab\u00a0NAI\u00a0\u00bb) \u00e0 l&rsquo;adresse <a href=\"http:\/\/www.networkadvertising.org\/understanding-online-advertising\/how-does-it-work.\" target=\"_blank\" rel=\"noopener\" title=\"\">http:\/\/www.networkadvertising.org\/understanding-online-advertising\/how-does-it-work.<\/a><\/p><p>Vous pouvez d\u00e9sactiver la publicit\u00e9 cibl\u00e9e \u00e0 partir d&rsquo;ici :<\/p><p>  LES LIENS :<\/p><p>  FACEBOOK &#8211; <a href=\"https:\/\/www.facebook.com\/settings\/?tab=ads\" target=\"_blank\" rel=\"noopener\" title=\"\">https:\/\/www.facebook.com\/settings\/?tab=ads<\/a><\/p><p>  GOOGLE &#8211; <a href=\"https:\/\/www.google.com\/settings\/ads\/anonymous\" target=\"_blank\" rel=\"noopener\" title=\"\">https:\/\/www.google.com\/settings\/ads\/anonymous<\/a><\/p><p>  BING &#8211; <a href=\"https:\/\/about.ads.microsoft.com\/it-it\/risorse\/informative\/annunci-personalizzati\" target=\"_blank\" rel=\"noopener\" title=\"\">https:\/\/about.ads.microsoft.com\/it-it\/risorse\/informative\/annunci-personalizzati<\/a><\/p><p>En outre, vous pouvez refuser explicitement certains de ces services en vous rendant sur le portail de retrait de la publicit\u00e9 num\u00e9rique de la Digital Advertising Alliance <a href=\"http:\/\/optout.aboutads.info\/\" target=\"_blank\" rel=\"noopener\" title=\"\">: http:\/\/optout.aboutads.info\/.<\/a><\/p><h2 class=\"wp-block-heading\">Ne pas suivre<\/h2><p>Veuillez noter que nous ne modifions pas les pratiques de collecte et d&rsquo;utilisation des donn\u00e9es de notre site en pr\u00e9sence du signal \u00ab\u00a0Do Not Track\u00a0\u00bb de votre navigateur.<\/p><h2 class=\"wp-block-heading\">Vos droits<\/h2><p>Si vous r\u00e9sidez en Europe, vous avez le droit d&rsquo;acc\u00e9der aux donn\u00e9es personnelles que nous d\u00e9tenons \u00e0 votre sujet et de demander qu&rsquo;elles soient mises \u00e0 jour, corrig\u00e9es ou supprim\u00e9es. Si vous souhaitez exercer ce droit, veuillez nous contacter via les coordonn\u00e9es ci-dessous.<\/p><p>En outre, si vous r\u00e9sidez en Europe, veuillez noter que nous traitons \u00e9galement vos donn\u00e9es afin de remplir toute obligation contractuelle envers vous (par exemple, en relation avec les commandes pass\u00e9es par vous via le Site) ou autrement pour poursuivre nos int\u00e9r\u00eats commerciaux l\u00e9gitimes, comme indiqu\u00e9 ci-dessus. En outre, veuillez noter que vos donn\u00e9es seront transf\u00e9r\u00e9es vers des pays hors d&rsquo;Europe, notamment le Canada et les \u00c9tats-Unis.<\/p><h2 class=\"wp-block-heading\">Conservation des donn\u00e9es<\/h2><p>Lorsque vous passez des commandes par l&rsquo;interm\u00e9diaire du site, nous conservons les informations relatives aux commandes dans nos dossiers, sauf si vous nous demandez de les supprimer.<\/p><h2 class=\"wp-block-heading\">Modifications<\/h2><p>Nous pouvons mettre \u00e0 jour cette politique de confidentialit\u00e9 de temps \u00e0 autre, par exemple pour refl\u00e9ter les modifications apport\u00e9es \u00e0 nos proc\u00e9dures, ou pour d&rsquo;autres raisons op\u00e9rationnelles, l\u00e9gales ou r\u00e9glementaires.<\/p><h2 class=\"wp-block-heading\">Nous contacter<\/h2><p>Pour plus d&rsquo;informations sur nos proc\u00e9dures en mati\u00e8re de protection de la vie priv\u00e9e, si vous avez des questions ou si vous souhaitez d\u00e9poser une plainte, veuillez nous envoyer un e-mail \u00e0 info \u00ab\u00a0at \u00ab\u00a0keforma.ch ou nous contacter par courrier aux adresses suivantes :<\/p><p>Administration :<br\/>xmy Sagl<br\/>Rue Tamporiva 5  <br\/>6533 Lumino &#8211; Suisse<\/p>","protected":false},"excerpt":{"rendered":"<p>Politique de confidentialit\u00e9 de Keforma.ch &#8211; xmy Sagl La pr\u00e9sente politique de confidentialit\u00e9 d\u00e9crit comment vos donn\u00e9es personnelles sont collect\u00e9es, utilis\u00e9es et divulgu\u00e9es lorsque vous visitez ou effectuez un achat sur le site www.keforma.ch (le \u00ab\u00a0Site\u00a0\u00bb). Collecte de donn\u00e9es personnelles Lorsque vous visitez le Site, nous collectons automatiquement certaines informations sur votre appareil, notamment les donn\u00e9es du navigateur, l&rsquo;adresse IP, le fuseau horaire et les donn\u00e9es de certains cookies install\u00e9s sur votre appareil. En outre, lorsque vous naviguez sur le site, nous recueillons des&hellip;<\/p>\n","protected":false},"author":1,"featured_media":0,"parent":0,"menu_order":0,"comment_status":"closed","ping_status":"open","template":"","meta":{"footnotes":""},"class_list":["post-9899","page","type-page","status-publish","hentry"],"aioseo_notices":[],"_links":{"self":[{"href":"https:\/\/ketest.4-dimensional.ch\/fr\/wp-json\/wp\/v2\/pages\/9899","targetHints":{"allow":["GET"]}}],"collection":[{"href":"https:\/\/ketest.4-dimensional.ch\/fr\/wp-json\/wp\/v2\/pages"}],"about":[{"href":"https:\/\/ketest.4-dimensional.ch\/fr\/wp-json\/wp\/v2\/types\/page"}],"author":[{"embeddable":true,"href":"https:\/\/ketest.4-dimensional.ch\/fr\/wp-json\/wp\/v2\/users\/1"}],"replies":[{"embeddable":true,"href":"https:\/\/ketest.4-dimensional.ch\/fr\/wp-json\/wp\/v2\/comments?post=9899"}],"version-history":[{"count":3,"href":"https:\/\/ketest.4-dimensional.ch\/fr\/wp-json\/wp\/v2\/pages\/9899\/revisions"}],"predecessor-version":[{"id":18251,"href":"https:\/\/ketest.4-dimensional.ch\/fr\/wp-json\/wp\/v2\/pages\/9899\/revisions\/18251"}],"wp:attachment":[{"href":"https:\/\/ketest.4-dimensional.ch\/fr\/wp-json\/wp\/v2\/media?parent=9899"}],"curies":[{"name":"wp","href":"https:\/\/api.w.org\/{rel}","templated":true}]}}