{"id":9898,"date":"2022-12-22T05:16:56","date_gmt":"2022-12-22T04:16:56","guid":{"rendered":"https:\/\/xmy.ch\/faq-avez-vous-des-questions\/"},"modified":"2024-07-21T16:46:25","modified_gmt":"2024-07-21T14:46:25","slug":"faq-avez-vous-des-questions","status":"publish","type":"page","link":"https:\/\/ketest.4-dimensional.ch\/fr\/faq-avez-vous-des-questions\/","title":{"rendered":"Questions fr\u00e9quemment pos\u00e9es"},"content":{"rendered":"<div class=\"section-wrapper\" data-id=\"hMT9pM\"><section class=\"wp-block-gutenverse-section guten-element guten-section guten-hMT9pM layout-boxed align-stretch\"><div class=\"guten-background-overlay\"><\/div><div class=\"guten-shape-divider guten-shape-divider-top\"><\/div><div class=\"guten-shape-divider guten-shape-divider-bottom\"><\/div><div class=\"guten-container guten-column-gap-no\">\n<div class=\"wp-block-gutenverse-column guten-element guten-column guten-1ad6bO\"><div class=\"guten-background-overlay\"><\/div><div class=\"sticky-wrapper\" data-id=\"1ad6bO\"><div class=\"guten-column-wrapper\">\n<h5 class=\"wp-block-gutenverse-heading guten-element guten-xRG6nP animated guten-element-hide desktop-fadeInUp\">FAQ<\/h5>\n<div class=\"section-wrapper\" data-id=\"kPL4SP\"><section class=\"wp-block-gutenverse-section guten-element guten-section guten-kPL4SP layout-boxed align-stretch\"><div class=\"guten-background-overlay\"><\/div><div class=\"guten-shape-divider guten-shape-divider-top\"><\/div><div class=\"guten-shape-divider guten-shape-divider-bottom\"><\/div><div class=\"guten-container guten-column-gap-no\">\n<div class=\"wp-block-gutenverse-column guten-element guten-column guten-9Af0UJ animated guten-element-hide desktop-fadeInLeft\"><div class=\"guten-background-overlay\"><\/div><div class=\"sticky-wrapper\" data-id=\"9Af0UJ\"><div class=\"guten-column-wrapper\">\n<div class=\"guten-element guten-accordions guten-bD5n63\">\n<div class=\"accordion-item\"><div class=\"accordion-heading\"><span class=\"accordion-text\"><strong>Quels sont les modes de paiement accept\u00e9s ?<\/strong><\/span><div class=\"accordion-icon\"><span class=\"accordion-icon-open\"><i class=\"fas fa-chevron-up\"><\/i><\/span><span class=\"accordion-icon-closed\"><i class=\"fas fa-chevron-down\"><\/i><\/span><\/div><\/div><div class=\"accordion-body\"><div class=\"accordion-content\">\n<p>Paiement \u00e0 l&rsquo;avance (vous payez d&rsquo;abord puis vous recevez la marchandise), Apple Pay, Visa, Mastercard, American Express, Postcard et Twint.<\/p>\n<\/div><\/div><\/div>\n<div class=\"accordion-item\"><div class=\"accordion-heading\"><span class=\"accordion-text\"><meta charset=\"utf-8\"\/><strong>Mes donn\u00e9es de paiement sont-elles s\u00e9curis\u00e9es ?<\/strong><\/span><div class=\"accordion-icon\"><span class=\"accordion-icon-open\"><i class=\"fas fa-chevron-up\"><\/i><\/span><span class=\"accordion-icon-closed\"><i class=\"fas fa-chevron-down\"><\/i><\/span><\/div><\/div><div class=\"accordion-body\"><div class=\"accordion-content\">\n<p><meta charset=\"utf-8\"\/>Certes, ils sont trait\u00e9s dans un certificat de s\u00e9curit\u00e9 SSL s\u00e9curis\u00e9 via le plugin Saferpay du g\u00e9ant mondial du trafic des paiements Worldline.<\/p>\n<\/div><\/div><\/div>\n<div class=\"accordion-item\"><div class=\"accordion-heading\"><span class=\"accordion-text\"><strong>Si je ne trouve pas un produit dans le Shop ?<\/strong><\/span><div class=\"accordion-icon\"><span class=\"accordion-icon-open\"><i class=\"fas fa-chevron-up\"><\/i><\/span><span class=\"accordion-icon-closed\"><i class=\"fas fa-chevron-down\"><\/i><\/span><\/div><\/div><div class=\"accordion-body\"><div class=\"accordion-content\">\n<p><meta charset=\"utf-8\"\/>Vous pouvez le rechercher en parcourant les cat\u00e9gories ou saisir le nom du produit en cliquant sur la loupe.<\/p>\n<\/div><\/div><\/div>\n<div class=\"accordion-item\"><div class=\"accordion-heading\"><span class=\"accordion-text\"><strong>Que dois-je faire si je re\u00e7ois un colis ou des marchandises endommag\u00e9s ?<\/strong><\/span><div class=\"accordion-icon\"><span class=\"accordion-icon-open\"><i class=\"fas fa-chevron-up\"><\/i><\/span><span class=\"accordion-icon-closed\"><i class=\"fas fa-chevron-down\"><\/i><\/span><\/div><\/div><div class=\"accordion-body\"><div class=\"accordion-content\">\n<p>Conservez le colis\/la marchandise et envoyez-nous imm\u00e9diatement un e-mail \u00e0 <a href=\"mailto:%20info\" at=\"\">info \u00ab\u00a0at \u00ab\u00a0keforma.ch<\/a> avec des photos du colis\/de la marchandise endommag\u00e9(e) et nous vous contacterons pour r\u00e9soudre le probl\u00e8me.<\/p>\n<\/div><\/div><\/div>\n<\/div>\n<\/div><\/div><\/div>\n<div class=\"wp-block-gutenverse-column guten-element guten-column guten-OJFdil animated guten-element-hide desktop-fadeInRight\"><div class=\"guten-background-overlay\"><\/div><div class=\"sticky-wrapper\" data-id=\"OJFdil\"><div class=\"guten-column-wrapper\">\n<div class=\"guten-element guten-accordions guten-1mH2AP\">\n<div class=\"accordion-item\"><div class=\"accordion-heading\"><span class=\"accordion-text\"><strong>Combien co\u00fbte l&rsquo;exp\u00e9dition et quand est-ce que je re\u00e7ois les marchandises ?<\/strong><\/span><div class=\"accordion-icon\"><span class=\"accordion-icon-open\"><i class=\"fas fa-chevron-up\"><\/i><\/span><span class=\"accordion-icon-closed\"><i class=\"fas fa-chevron-down\"><\/i><\/span><\/div><\/div><div class=\"accordion-body\"><div class=\"accordion-content\">\n<p>Jusqu&rsquo;\u00e0 149 CHF forfait CHF 9.99<br\/>> CHF 150 frais de port gratuits<br\/>Les marchandises sont normalement exp\u00e9di\u00e9es dans les 48 heures suivant la r\u00e9ception de la commande.<\/p>\n<\/div><\/div><\/div>\n<div class=\"accordion-item\"><div class=\"accordion-heading\"><span class=\"accordion-text\"><meta charset=\"utf-8\"\/><strong>Si j&rsquo;ai un code de r\u00e9duction, o\u00f9 dois-je le saisir ?<\/strong><\/span><div class=\"accordion-icon\"><span class=\"accordion-icon-open\"><i class=\"fas fa-chevron-up\"><\/i><\/span><span class=\"accordion-icon-closed\"><i class=\"fas fa-chevron-down\"><\/i><\/span><\/div><\/div><div class=\"accordion-body\"><div class=\"accordion-content\">\n<p><meta charset=\"utf-8\"\/>Veuillez saisir et utiliser le code lors de la validation de votre commande en cliquant sur \u00ab\u00a0Code promotionnel\u00a0\u00bb en haut \u00e0 droite et avant d&rsquo;effectuer votre paiement.<\/p>\n<\/div><\/div><\/div>\n<div class=\"accordion-item\"><div class=\"accordion-heading\"><span class=\"accordion-text\"><strong>Comment puis-je obtenir des informations sur ma commande ?<\/strong><\/span><div class=\"accordion-icon\"><span class=\"accordion-icon-open\"><i class=\"fas fa-chevron-up\"><\/i><\/span><span class=\"accordion-icon-closed\"><i class=\"fas fa-chevron-down\"><\/i><\/span><\/div><\/div><div class=\"accordion-body\"><div class=\"accordion-content\">\n<p>Toutes les informations relatives aux commandes peuvent \u00eatre consult\u00e9es directement dans votre compte (inscription requise).<\/p>\n<\/div><\/div><\/div>\n<div class=\"accordion-item\"><div class=\"accordion-heading\"><span class=\"accordion-text\"><strong>Qui puis-je contacter en cas de probl\u00e8me ou de demande ?<\/strong><\/span><div class=\"accordion-icon\"><span class=\"accordion-icon-open\"><i class=\"fas fa-chevron-up\"><\/i><\/span><span class=\"accordion-icon-closed\"><i class=\"fas fa-chevron-down\"><\/i><\/span><\/div><\/div><div class=\"accordion-body\"><div class=\"accordion-content\">\n<p><meta charset=\"utf-8\"\/>Via notre formulaire de <a href=\"https:\/\/xmy.ch\/contact\/\" target=\"_blank\" rel=\"noopener\" title=\"\">contact<\/a><br\/>ou en envoyant un e-mail \u00e0 <a href=\"mailto:%20info\" at=\"\" title=\"\"> info \u00ab\u00a0at \u00ab\u00a0keforma.ch <\/a> <\/p>\n<\/div><\/div><\/div>\n<\/div>\n<\/div><\/div><\/div>\n<\/div><\/section><\/div>\n<\/div><\/div><\/div>\n<\/div><\/section><\/div>","protected":false},"excerpt":{"rendered":"<p>FAQ Quels sont les modes de paiement accept\u00e9s ? Paiement \u00e0 l&rsquo;avance (vous payez d&rsquo;abord puis vous recevez la marchandise), Apple Pay, Visa, Mastercard, American Express, Postcard et Twint. Mes donn\u00e9es de paiement sont-elles s\u00e9curis\u00e9es ? Certes, ils sont trait\u00e9s dans un certificat de s\u00e9curit\u00e9 SSL s\u00e9curis\u00e9 via le plugin Saferpay du g\u00e9ant mondial du trafic des paiements Worldline. Si je ne trouve pas un produit dans le Shop ? Vous pouvez le rechercher en parcourant les cat\u00e9gories ou saisir le nom du produit&hellip;<\/p>\n","protected":false},"author":1,"featured_media":0,"parent":0,"menu_order":0,"comment_status":"closed","ping_status":"closed","template":"","meta":{"footnotes":""},"class_list":["post-9898","page","type-page","status-publish","hentry"],"aioseo_notices":[],"_links":{"self":[{"href":"https:\/\/ketest.4-dimensional.ch\/fr\/wp-json\/wp\/v2\/pages\/9898","targetHints":{"allow":["GET"]}}],"collection":[{"href":"https:\/\/ketest.4-dimensional.ch\/fr\/wp-json\/wp\/v2\/pages"}],"about":[{"href":"https:\/\/ketest.4-dimensional.ch\/fr\/wp-json\/wp\/v2\/types\/page"}],"author":[{"embeddable":true,"href":"https:\/\/ketest.4-dimensional.ch\/fr\/wp-json\/wp\/v2\/users\/1"}],"replies":[{"embeddable":true,"href":"https:\/\/ketest.4-dimensional.ch\/fr\/wp-json\/wp\/v2\/comments?post=9898"}],"version-history":[{"count":5,"href":"https:\/\/ketest.4-dimensional.ch\/fr\/wp-json\/wp\/v2\/pages\/9898\/revisions"}],"predecessor-version":[{"id":18440,"href":"https:\/\/ketest.4-dimensional.ch\/fr\/wp-json\/wp\/v2\/pages\/9898\/revisions\/18440"}],"wp:attachment":[{"href":"https:\/\/ketest.4-dimensional.ch\/fr\/wp-json\/wp\/v2\/media?parent=9898"}],"curies":[{"name":"wp","href":"https:\/\/api.w.org\/{rel}","templated":true}]}}