{"id":9893,"date":"2022-10-15T07:57:24","date_gmt":"2022-10-15T05:57:24","guid":{"rendered":"https:\/\/xmy.ch\/politique-de-remboursement-et-de-retour\/"},"modified":"2024-04-25T17:16:19","modified_gmt":"2024-04-25T15:16:19","slug":"politique-de-remboursement-et-de-retour","status":"publish","type":"page","link":"https:\/\/ketest.4-dimensional.ch\/fr\/politique-de-remboursement-et-de-retour\/","title":{"rendered":"Politique de remboursement et de retour"},"content":{"rendered":"<p><\/p><h3>Panoramica <\/h3><p><strong>Les marchandises ne peuvent normalement pas \u00eatre \u00e9chang\u00e9es,<\/strong> sauf dans le cas de marchandises endommag\u00e9es et\/ou d\u00e9fectueuses.<\/p><p>Pour compl\u00e9ter le retour, un re\u00e7u ou une preuve d&rsquo;achat est n\u00e9cessaire.<br\/><strong>Ne renvoyez aucun article sans l&rsquo;accord \u00e9crit de l&rsquo;entreprise.<\/strong><\/p><p>  Produits command\u00e9s sp\u00e9cialement pour le client, s\u00e9ries limit\u00e9es ou \u00e9ditions sp\u00e9ciales, .<br\/>Les autres articles <strong>ne seront en aucun cas remplac\u00e9s<\/strong>:<\/p><ul class=\"wp-block-list\"><li>Cartes cadeaux<\/li>\n\n<li>Articles command\u00e9s sp\u00e9cifiquement pour le client<\/li>\n\n<li>Articles personnalis\u00e9s<\/li>\n\n<li>Articles et\/ou s\u00e9ries limit\u00e9es et\/ou \u00e9ditions sp\u00e9ciales<\/li>\n\n<li>Articles non stock\u00e9s selon les normes suisses<br\/><br\/><\/li><\/ul><p><\/p><h2>Rimborso<\/h2><p>Une fois que nous aurons re\u00e7u et inspect\u00e9 votre retour, nous vous enverrons un e-mail pour vous informer que nous avons re\u00e7u l&rsquo;article retourn\u00e9.  <br\/>Nous vous informerons \u00e9galement de l&rsquo;approbation ou du rejet de votre remboursement.<br\/>Si le remboursement est approuv\u00e9, il sera trait\u00e9 et un cr\u00e9dit sera automatiquement appliqu\u00e9 \u00e0 la carte de cr\u00e9dit ou au mode de paiement initial dans les 30 jours suivant la r\u00e9ception du retour.<\/p><p><b>Remboursements tardifs ou manqu\u00e9s<\/b><\/p><p>Si vous n&rsquo;avez pas encore re\u00e7u votre remboursement, v\u00e9rifiez d&rsquo;abord \u00e0 nouveau votre compte bancaire.<br\/>Contactez ensuite la soci\u00e9t\u00e9 de carte de cr\u00e9dit : il peut s&rsquo;\u00e9couler un certain temps avant que le remboursement ne soit officiellement envoy\u00e9.<br\/>Contactez ensuite votre banque. Il y a souvent un d\u00e9lai de traitement avant la publication d&rsquo;un remboursement.<br\/>Si vous avez fait tout cela et que vous n&rsquo;avez toujours pas re\u00e7u votre remboursement, veuillez nous contacter \u00e0 info \u00ab\u00a0at \u00ab\u00a0keforma.ch<\/p><p><b>Postes en solde et\/ou en liquidation<\/b><\/p><p>Seuls les articles dont le prix est normal peuvent \u00eatre rembours\u00e9s.  <br\/>Les articles en solde ne peuvent \u00eatre rembours\u00e9s pour quelque raison que ce soit.<\/p><p><\/p><h2>Sostituzioni<\/h2><p>Nous ne rempla\u00e7ons les articles que s&rsquo;ils sont d\u00e9fectueux ou endommag\u00e9s.<br\/>Si vous souhaitez remplacer l&rsquo;article par un autre du m\u00eame type, envoyez un e-mail \u00e0 info \u00ab\u00a0at \u00ab\u00a0keforma.ch , attendez la confirmation et envoyez l&rsquo;article \u00e0 : xmy Sagl &#8211; KeFORMA Switzerland, Via Tamporiva 5, 6533 Lumino CH<\/p><p><\/p><h2>Spedizione dei resi e\/o ritorni<\/h2><p>Pour retourner un produit, apr\u00e8s confirmation par la soci\u00e9t\u00e9, il doit \u00eatre envoy\u00e9 \u00e0 :  <br\/>xmy Sagl &#8211; KeFORMA Suisse, Via Tamporiva 5, 6533 Lumino CH<\/p><p>Les frais d&rsquo;exp\u00e9dition pour le retour de l&rsquo;article sont \u00e0 la charge du client.  <br\/>Les frais d&rsquo;exp\u00e9dition ne sont pas remboursables.  <br\/>Si un remboursement est effectu\u00e9, les frais de retour seront d\u00e9duits du remboursement.<br\/>En fonction de votre lieu de r\u00e9sidence, le d\u00e9lai de r\u00e9ception du produit remplac\u00e9 peut varier.<br\/>Si vous retournez des articles plus co\u00fbteux, nous vous recommandons d&rsquo;utiliser un service d&rsquo;exp\u00e9dition tra\u00e7able ou de souscrire une assurance exp\u00e9dition.  <br\/>Nous ne garantissons pas la r\u00e9ception de l&rsquo;article retourn\u00e9.<\/p><p><\/p><h2>Serve aiuto ?<\/h2><p>Veuillez nous contacter \u00e0 info \u00ab\u00a0at \u00ab\u00a0keforma.ch, en indiquant dans l&rsquo;objet du message \u00ab\u00a0questions concernant les remboursements et les retours\u00a0\u00bb.<\/p>","protected":false},"excerpt":{"rendered":"<p>Panoramica Les marchandises ne peuvent normalement pas \u00eatre \u00e9chang\u00e9es, sauf dans le cas de marchandises endommag\u00e9es et\/ou d\u00e9fectueuses. Pour compl\u00e9ter le retour, un re\u00e7u ou une preuve d&rsquo;achat est n\u00e9cessaire.Ne renvoyez aucun article sans l&rsquo;accord \u00e9crit de l&rsquo;entreprise. Produits command\u00e9s sp\u00e9cialement pour le client, s\u00e9ries limit\u00e9es ou \u00e9ditions sp\u00e9ciales, .Les autres articles ne seront en aucun cas remplac\u00e9s: Rimborso Une fois que nous aurons re\u00e7u et inspect\u00e9 votre retour, nous vous enverrons un e-mail pour vous informer que nous avons re\u00e7u l&rsquo;article retourn\u00e9. Nous&hellip;<\/p>\n","protected":false},"author":1,"featured_media":0,"parent":0,"menu_order":0,"comment_status":"closed","ping_status":"closed","template":"","meta":{"footnotes":""},"class_list":["post-9893","page","type-page","status-publish","hentry"],"aioseo_notices":[],"_links":{"self":[{"href":"https:\/\/ketest.4-dimensional.ch\/fr\/wp-json\/wp\/v2\/pages\/9893","targetHints":{"allow":["GET"]}}],"collection":[{"href":"https:\/\/ketest.4-dimensional.ch\/fr\/wp-json\/wp\/v2\/pages"}],"about":[{"href":"https:\/\/ketest.4-dimensional.ch\/fr\/wp-json\/wp\/v2\/types\/page"}],"author":[{"embeddable":true,"href":"https:\/\/ketest.4-dimensional.ch\/fr\/wp-json\/wp\/v2\/users\/1"}],"replies":[{"embeddable":true,"href":"https:\/\/ketest.4-dimensional.ch\/fr\/wp-json\/wp\/v2\/comments?post=9893"}],"version-history":[{"count":2,"href":"https:\/\/ketest.4-dimensional.ch\/fr\/wp-json\/wp\/v2\/pages\/9893\/revisions"}],"predecessor-version":[{"id":18249,"href":"https:\/\/ketest.4-dimensional.ch\/fr\/wp-json\/wp\/v2\/pages\/9893\/revisions\/18249"}],"wp:attachment":[{"href":"https:\/\/ketest.4-dimensional.ch\/fr\/wp-json\/wp\/v2\/media?parent=9893"}],"curies":[{"name":"wp","href":"https:\/\/api.w.org\/{rel}","templated":true}]}}