{"id":16335,"date":"2022-12-22T14:53:20","date_gmt":"2022-12-22T13:53:20","guid":{"rendered":"https:\/\/keforma.4-dimensional.ch\/evenements\/"},"modified":"2022-12-30T18:27:04","modified_gmt":"2022-12-30T17:27:04","slug":"evenements","status":"publish","type":"page","link":"https:\/\/ketest.4-dimensional.ch\/fr\/evenements\/","title":{"rendered":"\u00c9v\u00e9nements"},"content":{"rendered":"<p class=\"has-text-align-center\">KeFORMA votre \u00e9nergie avant, pendant et apr\u00e8s.<\/p><p class=\"has-text-align-center\">En plus de l&rsquo;\u00e9nergie qui ne manquera jamais avec KeFORMA &#8230; nous nous engageons en premi\u00e8re ligne avec vous pour faire en sorte que l&rsquo;\u00e9v\u00e9nement soit un succ\u00e8s et que chaque athl\u00e8te puisse atteindre son objectif. <br\/>Nous savons que chaque \u00e9v\u00e9nement n\u00e9cessite des conseils 100 % personnalis\u00e9s, alors contactez-nous et nous trouverons la solution id\u00e9ale \u00e0 vos attentes.<\/p><div class=\"section-wrapper\" data-id=\"VNDX9i\"><section class=\"wp-block-gutenverse-section guten-element guten-section guten-VNDX9i layout-boxed align-stretch\"><div class=\"guten-background-overlay\"><\/div><div class=\"guten-shape-divider guten-shape-divider-top\"><\/div><div class=\"guten-shape-divider guten-shape-divider-bottom\"><\/div><div class=\"guten-container guten-column-gap-no\"><div class=\"wp-block-gutenverse-column guten-element guten-column guten-lUosFd\"><div class=\"guten-background-overlay\"><\/div><div class=\"sticky-wrapper\" data-id=\"lUosFd\"><div class=\"guten-column-wrapper\"><h2 class=\"wp-block-gutenverse-heading guten-element guten-7otlnJ animated guten-element-hide fast desktop-slideInLeft\">Nos services<\/h2>\n\n<div class=\"section-wrapper\" data-id=\"sUgFvO\"><section class=\"wp-block-gutenverse-section guten-element guten-section guten-sUgFvO layout-boxed align-stretch\"><div class=\"guten-background-overlay\"><\/div><div class=\"guten-shape-divider guten-shape-divider-top\"><\/div><div class=\"guten-shape-divider guten-shape-divider-bottom\"><\/div><div class=\"guten-container guten-column-gap-no\"><div class=\"wp-block-gutenverse-column guten-element guten-column guten-kh6PoN\"><div class=\"guten-background-overlay\"><\/div><div class=\"sticky-wrapper\" data-id=\"kh6PoN\"><div class=\"guten-column-wrapper\"><div class=\"guten-element guten-ScPHtY animated guten-element-hide desktop-fadeInUp guten-icon-box icon-position-left\"><div class=\"guten-icon-box-wrapper hover-from-left\"><div class=\"icon-box icon-box-header\"><div class=\"icon style-color\"><i class=\"gtn gtn-energy-saving-light\"><\/i><\/div><\/div><div class=\"icon-box icon-box-body\"><h2 class=\"title\">Fourniture d&rsquo;\u00e9v\u00e9nements<\/h2><p class=\"icon-box-description\">Large gamme de produits \u00e9nerg\u00e9tiques et\/ou de r\u00e9cup\u00e9ration pour votre \u00e9v\u00e9nement.<\/p><\/div><\/div><\/div><\/div><\/div><\/div>\n\n<div class=\"wp-block-gutenverse-column guten-element guten-column guten-tz9huS\"><div class=\"guten-background-overlay\"><\/div><div class=\"sticky-wrapper\" data-id=\"tz9huS\"><div class=\"guten-column-wrapper\"><div class=\"guten-element guten-Sg6D8P animated guten-element-hide desktop-fadeInUp guten-icon-box icon-position-left\"><div class=\"guten-icon-box-wrapper hover-from-left\"><div class=\"icon-box icon-box-header\"><div class=\"icon style-color\"><i class=\"gtn gtn-Consultancy-light\"><\/i><\/div><\/div><div class=\"icon-box icon-box-body\"><h2 class=\"title\">Conseil en int\u00e9gration  <\/h2><p class=\"icon-box-description\">Nous vous aidons \u00e0 choisir le bon produit pour votre \u00e9v\u00e9nement.<\/p><\/div><\/div><\/div><\/div><\/div><\/div><\/div><\/section><\/div>\n\n<div class=\"section-wrapper\" data-id=\"DOiP1r\"><section class=\"wp-block-gutenverse-section guten-element guten-section guten-DOiP1r layout-boxed align-stretch\"><div class=\"guten-background-overlay\"><\/div><div class=\"guten-shape-divider guten-shape-divider-top\"><\/div><div class=\"guten-shape-divider guten-shape-divider-bottom\"><\/div><div class=\"guten-container guten-column-gap-no\"><div class=\"wp-block-gutenverse-column guten-element guten-column guten-tM1n84\"><div class=\"guten-background-overlay\"><\/div><div class=\"sticky-wrapper\" data-id=\"tM1n84\"><div class=\"guten-column-wrapper\"><div class=\"guten-element guten-cbvWFt animated guten-element-hide desktop-fadeInUp guten-icon-box icon-position-left\"><div class=\"guten-icon-box-wrapper hover-from-left\"><div class=\"icon-box icon-box-header\"><div class=\"icon style-color\"><i class=\"gtn gtn-commerce-and-shopping-light\"><\/i><\/div><\/div><div class=\"icon-box icon-box-body\"><h2 class=\"title\">Stand d&rsquo;\u00e9v\u00e9nements<\/h2><p class=\"icon-box-description\">Possibilit\u00e9 de disposer de notre propre stand et de conseils sur les produits.<\/p><\/div><\/div><\/div><\/div><\/div><\/div>\n\n<div class=\"wp-block-gutenverse-column guten-element guten-column guten-nQTY31\"><div class=\"guten-background-overlay\"><\/div><div class=\"sticky-wrapper\" data-id=\"nQTY31\"><div class=\"guten-column-wrapper\"><div class=\"guten-element guten-07izug animated guten-element-hide desktop-fadeInUp guten-icon-box icon-position-left\"><div class=\"guten-icon-box-wrapper hover-from-left\"><div class=\"icon-box icon-box-header\"><div class=\"icon style-color\"><i class=\"gtn gtn-save-money-light\"><\/i><\/div><\/div><div class=\"icon-box icon-box-body\"><h2 class=\"title\">Sponsors &#8211; Partenariats<\/h2><p class=\"icon-box-description\">Nous parrainons et soutenons divers \u00e9v\u00e9nements de diff\u00e9rentes mani\u00e8res.<\/p><\/div><\/div><\/div><\/div><\/div><\/div><\/div><\/section><\/div><\/div><\/div><\/div><\/div><\/section><\/div><div class=\"section-wrapper\" data-id=\"OI1DiP\"><section class=\"wp-block-gutenverse-section guten-element guten-section guten-OI1DiP layout-boxed align-stretch\"><div class=\"guten-background-overlay\"><\/div><div class=\"guten-shape-divider guten-shape-divider-top\"><\/div><div class=\"guten-shape-divider guten-shape-divider-bottom\"><\/div><div class=\"guten-container guten-column-gap-no\"><div class=\"wp-block-gutenverse-column guten-element guten-column guten-KbZEoK\"><div class=\"guten-background-overlay\"><\/div><div class=\"sticky-wrapper\" data-id=\"KbZEoK\"><div class=\"guten-column-wrapper\"><div class=\"wp-block-gutenverse-image guten-element guten-image guten-K8vns0 animated guten-element-hide desktop-fadeInUp\"><a class=\"guten-image-wrapper\" href=\"https:\/\/www.claropizzo.ch\/\" target=\"_blank\" rel=\"noreferrer noopener\"><img fetchpriority=\"high\" decoding=\"async\" class=\"gutenverse-image-box-filled\" src=\"https:\/\/ketest.4-dimensional.ch\/wp-content\/uploads\/2022\/12\/CLARO_PIZZO_logo_CMYK.png\" height=\"433\" width=\"2476\"><\/a><\/div><\/div><\/div><\/div>\n\n<div class=\"wp-block-gutenverse-column guten-element guten-column guten-iAnJTM\"><div class=\"guten-background-overlay\"><\/div><div class=\"sticky-wrapper\" data-id=\"iAnJTM\"><div class=\"guten-column-wrapper\"><div class=\"wp-block-gutenverse-image guten-element guten-image guten-nkb0oS animated guten-element-hide desktop-fadeInUp\"><a class=\"guten-image-wrapper\" href=\"https:\/\/www.stralugano.ch\/\" target=\"_blank\" rel=\"noreferrer noopener\"><img decoding=\"async\" class=\"gutenverse-image-box-filled\" src=\"https:\/\/ketest.4-dimensional.ch\/wp-content\/uploads\/2022\/12\/LOGO_SL.png\" height=\"97\" width=\"324\"><\/a><\/div><\/div><\/div><\/div>\n\n<div class=\"wp-block-gutenverse-column guten-element guten-column guten-CwAQWF\"><div class=\"guten-background-overlay\"><\/div><div class=\"sticky-wrapper\" data-id=\"CwAQWF\"><div class=\"guten-column-wrapper\"><div class=\"wp-block-gutenverse-image guten-element guten-image guten-qe0PWV animated guten-element-hide desktop-fadeInUp\"><a class=\"guten-image-wrapper\" href=\"https:\/\/greinatrail.ch\/\" target=\"_blank\" rel=\"noreferrer noopener\"><img decoding=\"async\" class=\"gutenverse-image-box-filled\" src=\"https:\/\/ketest.4-dimensional.ch\/wp-content\/uploads\/2022\/12\/Logo_Greina_Trail_neutro.png\" height=\"164\" width=\"300\"><\/a><\/div><\/div><\/div><\/div><\/div><\/section><\/div><div class=\"section-wrapper\" data-id=\"0oqa33\"><section class=\"wp-block-gutenverse-section guten-element guten-section guten-0oqa33 layout-boxed align-stretch\"><div class=\"guten-background-overlay\"><\/div><div class=\"guten-shape-divider guten-shape-divider-top\"><\/div><div class=\"guten-shape-divider guten-shape-divider-bottom\"><\/div><div class=\"guten-container guten-column-gap-no\"><div class=\"wp-block-gutenverse-column guten-element guten-column guten-ey8qT1\"><div class=\"guten-background-overlay\"><\/div><div class=\"sticky-wrapper\" data-id=\"ey8qT1\"><div class=\"guten-column-wrapper\"><div class=\"wp-block-gutenverse-image guten-element guten-image guten-6s9X7s animated guten-element-hide desktop-fadeInUp\"><a class=\"guten-image-wrapper\" href=\"\" target=\"_blank\" rel=\"noreferrer noopener\"><img loading=\"lazy\" decoding=\"async\" class=\"gutenverse-image-box-filled\" src=\"https:\/\/ketest.4-dimensional.ch\/wp-content\/uploads\/2022\/12\/b5dc35_33aea50cc4ed44e096d0c4724044c00e_mv2.png\" height=\"2481\" width=\"3780\"><\/a><\/div><\/div><\/div><\/div>\n\n<div class=\"wp-block-gutenverse-column guten-element guten-column guten-RBDAXC\"><div class=\"guten-background-overlay\"><\/div><div class=\"sticky-wrapper\" data-id=\"RBDAXC\"><div class=\"guten-column-wrapper\"><div class=\"wp-block-gutenverse-image guten-element guten-image guten-8c6xPe animated guten-element-hide desktop-fadeInUp\"><a class=\"guten-image-wrapper\" href=\"http:\/\/www.capriascachallenge.ch\/\" target=\"_blank\" rel=\"noreferrer noopener\"><img loading=\"lazy\" decoding=\"async\" class=\"gutenverse-image-box-filled\" src=\"https:\/\/ketest.4-dimensional.ch\/wp-content\/uploads\/2022\/12\/argovia_vittoria_fischer_cup-v.png\" height=\"113\" width=\"877\"><\/a><\/div><\/div><\/div><\/div>\n\n<div class=\"wp-block-gutenverse-column guten-element guten-column guten-Y1sr9v\"><div class=\"guten-background-overlay\"><\/div><div class=\"sticky-wrapper\" data-id=\"Y1sr9v\"><div class=\"guten-column-wrapper\"><div class=\"wp-block-gutenverse-image guten-element guten-image guten-5rwOB6 animated guten-element-hide desktop-fadeInUp\"><a class=\"guten-image-wrapper\" href=\"https:\/\/www.trilausanne.ch\/en\/\" target=\"_blank\" rel=\"noreferrer noopener\"><img loading=\"lazy\" decoding=\"async\" class=\"gutenverse-image-box-filled\" src=\"https:\/\/ketest.4-dimensional.ch\/wp-content\/uploads\/2022\/12\/download.png\" height=\"118\" width=\"427\"><\/a><\/div><\/div><\/div><\/div><\/div><\/section><\/div><div class=\"section-wrapper\" data-id=\"3Cogbt\"><section class=\"wp-block-gutenverse-section guten-element guten-section guten-3Cogbt layout-boxed align-stretch\"><div class=\"guten-background-overlay\"><\/div><div class=\"guten-shape-divider guten-shape-divider-top\"><\/div><div class=\"guten-shape-divider guten-shape-divider-bottom\"><\/div><div class=\"guten-container guten-column-gap-no\"><div class=\"wp-block-gutenverse-column guten-element guten-column guten-JZP0pq\"><div class=\"guten-background-overlay\"><\/div><div class=\"sticky-wrapper\" data-id=\"JZP0pq\"><div class=\"guten-column-wrapper\"><div class=\"wp-block-gutenverse-image guten-element guten-image guten-pGNWtE animated guten-element-hide desktop-fadeInUp\"><a class=\"guten-image-wrapper\" href=\"https:\/\/www.rodi-tremorgio.ch\/\" target=\"_blank\" rel=\"noreferrer noopener\"><img loading=\"lazy\" decoding=\"async\" class=\"gutenverse-image-box-filled\" src=\"https:\/\/ketest.4-dimensional.ch\/wp-content\/uploads\/2022\/12\/intestazione.jpg\" height=\"147\" width=\"828\"><\/a><\/div><\/div><\/div><\/div>\n\n<div class=\"wp-block-gutenverse-column guten-element guten-column guten-DV9AeR\"><div class=\"guten-background-overlay\"><\/div><div class=\"sticky-wrapper\" data-id=\"DV9AeR\"><div class=\"guten-column-wrapper\"><div class=\"wp-block-gutenverse-image guten-element guten-image guten-TfV1QI animated guten-element-hide desktop-fadeInUp\"><a class=\"guten-image-wrapper\" href=\"https:\/\/www.verticalsanbe.ch\/\" target=\"_blank\" rel=\"noreferrer noopener\"><img loading=\"lazy\" decoding=\"async\" class=\"gutenverse-image-box-filled\" src=\"https:\/\/ketest.4-dimensional.ch\/wp-content\/uploads\/2022\/12\/LogoVertical.webp\" height=\"332\" width=\"340\"><\/a><\/div><\/div><\/div><\/div>\n\n<div class=\"wp-block-gutenverse-column guten-element guten-column guten-gURjbt\"><div class=\"guten-background-overlay\"><\/div><div class=\"sticky-wrapper\" data-id=\"gURjbt\"><div class=\"guten-column-wrapper\"><div class=\"wp-block-gutenverse-image guten-element guten-image guten-G4VIPk animated guten-element-hide desktop-fadeInUp\"><a class=\"guten-image-wrapper\" href=\"https:\/\/www.trilausanne.ch\/en\/\" target=\"_blank\" rel=\"noreferrer noopener\"><img loading=\"lazy\" decoding=\"async\" class=\"gutenverse-image-box-filled\" src=\"https:\/\/ketest.4-dimensional.ch\/wp-content\/uploads\/2022\/12\/download.png\" height=\"118\" width=\"427\"><\/a><\/div><\/div><\/div><\/div><\/div><\/section><\/div>","protected":false},"excerpt":{"rendered":"<p>KeFORMA votre \u00e9nergie avant, pendant et apr\u00e8s. En plus de l&rsquo;\u00e9nergie qui ne manquera jamais avec KeFORMA &#8230; nous nous engageons en premi\u00e8re ligne avec vous pour faire en sorte que l&rsquo;\u00e9v\u00e9nement soit un succ\u00e8s et que chaque athl\u00e8te puisse atteindre son objectif. Nous savons que chaque \u00e9v\u00e9nement n\u00e9cessite des conseils 100 % personnalis\u00e9s, alors contactez-nous et nous trouverons la solution id\u00e9ale \u00e0 vos attentes.<\/p>\n","protected":false},"author":1,"featured_media":0,"parent":0,"menu_order":0,"comment_status":"closed","ping_status":"closed","template":"","meta":{"footnotes":""},"class_list":["post-16335","page","type-page","status-publish","hentry"],"aioseo_notices":[],"_links":{"self":[{"href":"https:\/\/ketest.4-dimensional.ch\/fr\/wp-json\/wp\/v2\/pages\/16335","targetHints":{"allow":["GET"]}}],"collection":[{"href":"https:\/\/ketest.4-dimensional.ch\/fr\/wp-json\/wp\/v2\/pages"}],"about":[{"href":"https:\/\/ketest.4-dimensional.ch\/fr\/wp-json\/wp\/v2\/types\/page"}],"author":[{"embeddable":true,"href":"https:\/\/ketest.4-dimensional.ch\/fr\/wp-json\/wp\/v2\/users\/1"}],"replies":[{"embeddable":true,"href":"https:\/\/ketest.4-dimensional.ch\/fr\/wp-json\/wp\/v2\/comments?post=16335"}],"version-history":[{"count":5,"href":"https:\/\/ketest.4-dimensional.ch\/fr\/wp-json\/wp\/v2\/pages\/16335\/revisions"}],"predecessor-version":[{"id":16724,"href":"https:\/\/ketest.4-dimensional.ch\/fr\/wp-json\/wp\/v2\/pages\/16335\/revisions\/16724"}],"wp:attachment":[{"href":"https:\/\/ketest.4-dimensional.ch\/fr\/wp-json\/wp\/v2\/media?parent=16335"}],"curies":[{"name":"wp","href":"https:\/\/api.w.org\/{rel}","templated":true}]}}