{"id":16150,"date":"2022-12-21T09:36:22","date_gmt":"2022-12-21T08:36:22","guid":{"rendered":"https:\/\/keforma.4-dimensional.ch\/equipe\/"},"modified":"2022-12-30T18:46:54","modified_gmt":"2022-12-30T17:46:54","slug":"equipe","status":"publish","type":"page","link":"https:\/\/ketest.4-dimensional.ch\/fr\/equipe\/","title":{"rendered":"\u00c9quipe"},"content":{"rendered":"<p class=\"has-text-align-center\"><strong>Keforma.Team<\/strong> est une \u00e9quipe <strong>professionnelle <\/strong>de triathlon qui concourt au niveau national et international. L&rsquo;\u00e9quipe est compos\u00e9e de certains des meilleurs athl\u00e8tes du circuit international. <br\/>L&rsquo;\u00e9quipe a \u00e9t\u00e9 fond\u00e9e en 2016 suite \u00e0 la poursuite du d\u00e9veloppement du professionnalisme dans le monde du triathlon.  <\/p><p class=\"has-text-align-center\"><strong>Keforma.Team<\/strong> prend au s\u00e9rieux sa mission qui consiste \u00e0 fournir aux athl\u00e8tes une plateforme pour atteindre leurs objectifs. L&rsquo;\u00e9quipe fournit \u00e0 ses athl\u00e8tes le soutien dont ils ont besoin pour exceller dans les triathlons. <br\/>Nous permettons aux athl\u00e8tes de penser au sport, de se concentrer \u00e0 100% sur l&rsquo;objectif de croissance.<br\/><br\/>L&rsquo;\u00e9quipe est soutenue par de nombreux athl\u00e8tes locaux et internationaux, les valeurs telles que la performance, mais aussi l&rsquo;humilit\u00e9, l&rsquo;entraide et le fair-play font partie de nous.<\/p><p><\/p><div class=\"section-wrapper\" data-id=\"loA4fw\"><section class=\"wp-block-gutenverse-section guten-element guten-section guten-loA4fw layout-boxed align-stretch\"><div class=\"guten-background-overlay\"><\/div><div class=\"guten-shape-divider guten-shape-divider-top\"><\/div><div class=\"guten-shape-divider guten-shape-divider-bottom\"><\/div><div class=\"guten-container guten-column-gap-no\"><div class=\"wp-block-gutenverse-column guten-element guten-column guten-7Cpwy2 animated guten-element-hide desktop-fadeInLeft\"><div class=\"guten-background-overlay\"><\/div><div class=\"sticky-wrapper\" data-id=\"7Cpwy2\"><div class=\"guten-column-wrapper\"><div class=\"wp-block-gutenverse-image guten-element guten-image guten-lgBCdS\"><a class=\"guten-image-wrapper\"><img fetchpriority=\"high\" decoding=\"async\" class=\"gutenverse-image-box-filled\" src=\"https:\/\/ketest.4-dimensional.ch\/wp-content\/uploads\/2022\/12\/317871562_158565740208983_8685192253776956391_n.jpg\" height=\"1080\" width=\"1080\"><\/a><\/div>\n\n<div class=\"guten-element guten-spacer guten-voichZ\"><\/div>\n\n<div class=\"section-wrapper\" data-id=\"Uqsb63\"><section class=\"wp-block-gutenverse-section guten-element guten-section guten-Uqsb63 animated guten-element-hide slow desktop-fadeInUp layout-boxed align-stretch\"><div class=\"guten-background-overlay\"><\/div><div class=\"guten-shape-divider guten-shape-divider-top\"><\/div><div class=\"guten-shape-divider guten-shape-divider-bottom\"><\/div><div class=\"guten-container guten-column-gap-no\"><div class=\"wp-block-gutenverse-column guten-element guten-column guten-q4ksXD\"><div class=\"guten-background-overlay\"><\/div><div class=\"sticky-wrapper\" data-id=\"q4ksXD\"><div class=\"guten-column-wrapper\"><div style=\"height:100px\" aria-hidden=\"true\" class=\"wp-block-spacer\"><\/div>\n\n<div class=\"guten-element gutenverse-text-editor guten-veRbaI\"><div class=\"text-content-inner\"><p>Le travail acharn\u00e9 est toujours payant, la constance, l&rsquo;engagement et la concentration sur les objectifs.<\/p><\/div><\/div>\n\n<div class=\"wp-block-gutenverse-icon guten-element guten-CcaZGq guten-icon\"><span class=\"guten-icon-wrapper custom stacked\"><i class=\"gtn gtn-quote-light\"><\/i><\/span><\/div><\/div><\/div><\/div><\/div><\/section><\/div><\/div><\/div><\/div>\n\n<div class=\"wp-block-gutenverse-column guten-element guten-column guten-LpWBaC\"><div class=\"guten-background-overlay\"><\/div><div class=\"sticky-wrapper\" data-id=\"LpWBaC\"><div class=\"guten-column-wrapper\"><h2 class=\"wp-block-gutenverse-heading guten-element guten-dUYIW5\">Nicolas Mann<\/h2>\n\n<div class=\"guten-element gutenverse-text-editor guten-w0Vlzi\"><div class=\"text-content-inner\"><p>Nicolas Mann est un triathl\u00e8te professionnel allemand de 22 ans. Il est l&rsquo;un des athl\u00e8tes les plus prometteurs du pays et participe avec succ\u00e8s \u00e0 des comp\u00e9titions internationales sur des distances moyennes.<\/p><\/div><\/div>\n\n<div class=\"section-wrapper\" data-id=\"bqrEt9\"><section class=\"wp-block-gutenverse-section guten-element guten-section guten-bqrEt9 layout-boxed align-stretch\"><div class=\"guten-background-overlay\"><\/div><div class=\"guten-shape-divider guten-shape-divider-top\"><\/div><div class=\"guten-shape-divider guten-shape-divider-bottom\"><\/div><div class=\"guten-container guten-column-gap-no\"><div class=\"wp-block-gutenverse-column guten-element guten-column guten-ltTyb8\"><div class=\"guten-background-overlay\"><\/div><div class=\"sticky-wrapper\" data-id=\"ltTyb8\"><div class=\"guten-column-wrapper\"><div class=\"guten-element guten-icon-list guten-fIV6lg\"><div class=\"guten-element guten-icon-list-item guten-EWBfDP\"><a id=\"guten-EWBfDP\"><i class=\"fas fa-swimmer\"><\/i><span class=\"list-text \">85%<\/span><\/a><\/div>\n\n<div class=\"guten-element guten-icon-list-item guten-SPoiEh\"><a id=\"guten-SPoiEh\"><i class=\"fas fa-biking\"><\/i><span class=\"list-text \"><span style=\"text-decoration: underline;\">88%<\/span><\/span><\/a><\/div>\n\n<div class=\"guten-element guten-icon-list-item guten-ZQWVJ3\"><a id=\"guten-ZQWVJ3\"><i class=\"fas fa-running\"><\/i><span class=\"list-text \">  89%<\/span><\/a><\/div>\n\n<div class=\"guten-element guten-icon-list-item guten-HO6v1c\"><a id=\"guten-HO6v1c\"><i class=\"fas fa-chart-bar\"><\/i><span class=\"list-text \"><span style=\"text-decoration: underline;\"> <\/span>  84%<\/span><\/a><\/div><\/div><\/div><\/div><\/div><\/div><\/section><\/div>\n\n<h4 class=\"wp-block-gutenverse-heading guten-element guten-Nrz2aX\"><\/h4><\/div><\/div><\/div><\/div><\/section><\/div><div class=\"section-wrapper\" data-id=\"5e9nnt\"><section class=\"wp-block-gutenverse-section guten-element guten-section guten-5e9nnt layout-boxed align-stretch team-reverse\"><div class=\"guten-background-overlay\"><\/div><div class=\"guten-shape-divider guten-shape-divider-top\"><\/div><div class=\"guten-shape-divider guten-shape-divider-bottom\"><\/div><div class=\"guten-container guten-column-gap-no\"><div class=\"wp-block-gutenverse-column guten-element guten-column guten-hRyTjn\"><div class=\"guten-background-overlay\"><\/div><div class=\"sticky-wrapper\" data-id=\"hRyTjn\"><div class=\"guten-column-wrapper\"><h2 class=\"wp-block-gutenverse-heading guten-element guten-sClCGX\">Adriano Engelhardt<\/h2>\n\n<div class=\"guten-element gutenverse-text-editor guten-D3ls99\"><div class=\"text-content-inner\"><p>Adriano Engelhardt est un triathl\u00e8te professionnel, ou disons plut\u00f4t un sportif de haut niveau depuis toujours. Il est pass\u00e9 au triathlon en 2017 et PRO \u00e0 partir de 2020&#8230;sla saison 2022 a \u00e9t\u00e9 le couronnement ultime au niveau mondial sur la moyenne distance. Et si l&rsquo;app\u00e9tit vient en mangeant&#8230;<\/p><\/div><\/div>\n\n<div class=\"section-wrapper\" data-id=\"jUoPiy\"><section class=\"wp-block-gutenverse-section guten-element guten-section guten-jUoPiy layout-boxed align-stretch\"><div class=\"guten-background-overlay\"><\/div><div class=\"guten-shape-divider guten-shape-divider-top\"><\/div><div class=\"guten-shape-divider guten-shape-divider-bottom\"><\/div><div class=\"guten-container guten-column-gap-no\"><div class=\"wp-block-gutenverse-column guten-element guten-column guten-nWVmNB\"><div class=\"guten-background-overlay\"><\/div><div class=\"sticky-wrapper\" data-id=\"nWVmNB\"><div class=\"guten-column-wrapper\"><div class=\"guten-element guten-icon-list guten-56AW5e\"><div class=\"guten-element guten-icon-list-item guten-261QBY\"><a id=\"guten-261QBY\"><i class=\"fas fa-swimmer\"><\/i><span class=\"list-text \">83%<\/span><\/a><\/div>\n\n<div class=\"guten-element guten-icon-list-item guten-67KBVn\"><a id=\"guten-67KBVn\"><i class=\"fas fa-biking\"><\/i><span class=\"list-text \">84%<\/span><\/a><\/div>\n\n<div class=\"guten-element guten-icon-list-item guten-Jmjpdi\"><a id=\"guten-Jmjpdi\"><i class=\"fas fa-running\"><\/i><span class=\"list-text \">  87%<\/span><\/a><\/div>\n\n<div class=\"guten-element guten-icon-list-item guten-6dvDH4\"><a id=\"guten-6dvDH4\"><i class=\"fas fa-chart-bar\"><\/i><span class=\"list-text \"><span style=\"text-decoration: underline;\"> <\/span>  79%<\/span><\/a><\/div><\/div><\/div><\/div><\/div><\/div><\/section><\/div>\n\n<h4 class=\"wp-block-gutenverse-heading guten-element guten-eiuihY\"><\/h4><\/div><\/div><\/div>\n\n<div class=\"wp-block-gutenverse-column guten-element guten-column guten-LLkRjW animated guten-element-hide desktop-fadeInLeft\"><div class=\"guten-background-overlay\"><\/div><div class=\"sticky-wrapper\" data-id=\"LLkRjW\"><div class=\"guten-column-wrapper\"><div class=\"wp-block-gutenverse-image guten-element guten-image guten-z73Cgt\"><a class=\"guten-image-wrapper\"><img decoding=\"async\" class=\"gutenverse-image-box-filled\" src=\"https:\/\/ketest.4-dimensional.ch\/wp-content\/uploads\/2022\/12\/Adri-1-91655642271216.jpg\" height=\"2400\" width=\"1920\"><\/a><\/div>\n\n<div class=\"guten-element guten-spacer guten-GkZLOo hide-desktop\"><\/div>\n\n<div class=\"section-wrapper\" data-id=\"k9v6Og\"><section class=\"wp-block-gutenverse-section guten-element guten-section guten-k9v6Og animated guten-element-hide slow desktop-fadeInUp layout-boxed align-stretch\"><div class=\"guten-background-overlay\"><\/div><div class=\"guten-shape-divider guten-shape-divider-top\"><\/div><div class=\"guten-shape-divider guten-shape-divider-bottom\"><\/div><div class=\"guten-container guten-column-gap-no\"><div class=\"wp-block-gutenverse-column guten-element guten-column guten-3gkfKb\"><div class=\"guten-background-overlay\"><\/div><div class=\"sticky-wrapper\" data-id=\"3gkfKb\"><div class=\"guten-column-wrapper\"><div style=\"height:100px\" aria-hidden=\"true\" class=\"wp-block-spacer\"><\/div>\n\n<div class=\"guten-element gutenverse-text-editor guten-PznJNJ\"><div class=\"text-content-inner\"><p>Croyez-y, croyez-y et n&rsquo;abandonnez jamais jusqu&rsquo;\u00e0 ce que vous atteigniez votre objectif.<\/p><\/div><\/div>\n\n<div class=\"wp-block-gutenverse-icon guten-element guten-agb3gC guten-icon\"><span class=\"guten-icon-wrapper custom stacked\"><i class=\"gtn gtn-quote-light\"><\/i><\/span><\/div><\/div><\/div><\/div><\/div><\/section><\/div><\/div><\/div><\/div><\/div><\/section><\/div><div class=\"section-wrapper\" data-id=\"93xewc\"><section class=\"wp-block-gutenverse-section guten-element guten-section guten-93xewc layout-boxed align-stretch\"><div class=\"guten-background-overlay\"><\/div><div class=\"guten-shape-divider guten-shape-divider-top\"><\/div><div class=\"guten-shape-divider guten-shape-divider-bottom\"><\/div><div class=\"guten-container guten-column-gap-no\"><div class=\"wp-block-gutenverse-column guten-element guten-column guten-0WKBjY animated guten-element-hide desktop-fadeInLeft\"><div class=\"guten-background-overlay\"><\/div><div class=\"sticky-wrapper\" data-id=\"0WKBjY\"><div class=\"guten-column-wrapper\"><div class=\"wp-block-gutenverse-image guten-element guten-image guten-nHklqz\"><a class=\"guten-image-wrapper\"><img decoding=\"async\" class=\"gutenverse-image-box-filled\" src=\"https:\/\/ketest.4-dimensional.ch\/wp-content\/uploads\/2022\/12\/mfcfupfttdu.jpg\" height=\"1068\" width=\"1600\"><\/a><\/div>\n\n<div class=\"guten-element guten-spacer guten-SuCqRm\"><\/div>\n\n<div class=\"section-wrapper\" data-id=\"RQJ5WM\"><section class=\"wp-block-gutenverse-section guten-element guten-section guten-RQJ5WM animated guten-element-hide slow desktop-fadeInUp layout-boxed align-stretch\"><div class=\"guten-background-overlay\"><\/div><div class=\"guten-shape-divider guten-shape-divider-top\"><\/div><div class=\"guten-shape-divider guten-shape-divider-bottom\"><\/div><div class=\"guten-container guten-column-gap-no\"><div class=\"wp-block-gutenverse-column guten-element guten-column guten-469VyP\"><div class=\"guten-background-overlay\"><\/div><div class=\"sticky-wrapper\" data-id=\"469VyP\"><div class=\"guten-column-wrapper\"><div style=\"height:100px\" aria-hidden=\"true\" class=\"wp-block-spacer\"><\/div>\n\n<div class=\"guten-element gutenverse-text-editor guten-KXViP2\"><div class=\"text-content-inner\"><p>N&rsquo;essayez pas &#8230;&#8230;&#8230;&#8230;&#8230;&#8230;&#8230;..<\/p><\/div><\/div>\n\n<div class=\"wp-block-gutenverse-icon guten-element guten-6liYrN guten-icon\"><span class=\"guten-icon-wrapper custom stacked\"><i class=\"gtn gtn-quote-light\"><\/i><\/span><\/div><\/div><\/div><\/div><\/div><\/section><\/div><\/div><\/div><\/div>\n\n<div class=\"wp-block-gutenverse-column guten-element guten-column guten-QeiCt4\"><div class=\"guten-background-overlay\"><\/div><div class=\"sticky-wrapper\" data-id=\"QeiCt4\"><div class=\"guten-column-wrapper\"><h2 class=\"wp-block-gutenverse-heading guten-element guten-7Rgnxf\">Xxxxx Xxxxx<\/h2>\n\n<div class=\"guten-element gutenverse-text-editor guten-Xu0rVq\"><div class=\"text-content-inner\"><p>Asdasdasddskfksjdfskjdkjfddkfjsfdskj<br\/>fdsfdsfhjdfsjhsjhjdsfjhdfshdfs<br\/>dsjkfdkjfskjldsfjksdfkjldsflkjdsfdfkj.<\/p><\/div><\/div>\n\n<div class=\"section-wrapper\" data-id=\"0objan\"><section class=\"wp-block-gutenverse-section guten-element guten-section guten-0objan layout-boxed align-stretch\"><div class=\"guten-background-overlay\"><\/div><div class=\"guten-shape-divider guten-shape-divider-top\"><\/div><div class=\"guten-shape-divider guten-shape-divider-bottom\"><\/div><div class=\"guten-container guten-column-gap-no\"><div class=\"wp-block-gutenverse-column guten-element guten-column guten-XlyhFE\"><div class=\"guten-background-overlay\"><\/div><div class=\"sticky-wrapper\" data-id=\"XlyhFE\"><div class=\"guten-column-wrapper\"><div class=\"guten-element guten-icon-list guten-oAE5b9\"><div class=\"guten-element guten-icon-list-item guten-9vuYdp\"><a id=\"guten-9vuYdp\"><i class=\"fas fa-swimmer\"><\/i><span class=\"list-text \">XX%<\/span><\/a><\/div>\n\n<div class=\"guten-element guten-icon-list-item guten-xNMlZa\"><a id=\"guten-xNMlZa\"><i class=\"fas fa-biking\"><\/i><span class=\"list-text \">XX%<\/span><\/a><\/div>\n\n<div class=\"guten-element guten-icon-list-item guten-xYt7yA\"><a id=\"guten-xYt7yA\"><i class=\"fas fa-running\"><\/i><span class=\"list-text \">  YY%<\/span><\/a><\/div>\n\n<div class=\"guten-element guten-icon-list-item guten-prsTPu\"><a id=\"guten-prsTPu\"><i class=\"fas fa-chart-bar\"><\/i><span class=\"list-text \"><span style=\"text-decoration: underline;\">  <\/span>XX%<\/span><\/a><\/div><\/div><\/div><\/div><\/div><\/div><\/section><\/div>\n\n<h4 class=\"wp-block-gutenverse-heading guten-element guten-coLocP\"><\/h4><\/div><\/div><\/div><\/div><\/section><\/div><div class=\"section-wrapper\" data-id=\"feHdde\"><section class=\"wp-block-gutenverse-section guten-element guten-section guten-feHdde layout-boxed align-stretch team-reverse\"><div class=\"guten-background-overlay\"><\/div><div class=\"guten-shape-divider guten-shape-divider-top\"><\/div><div class=\"guten-shape-divider guten-shape-divider-bottom\"><\/div><div class=\"guten-container guten-column-gap-no\"><div class=\"wp-block-gutenverse-column guten-element guten-column guten-BJvTCG\"><div class=\"guten-background-overlay\"><\/div><div class=\"sticky-wrapper\" data-id=\"BJvTCG\"><div class=\"guten-column-wrapper\"><h2 class=\"wp-block-gutenverse-heading guten-element guten-bFs3LE\">Rachele Botti<\/h2>\n\n<div class=\"guten-element gutenverse-text-editor guten-R5DMkN\"><div class=\"text-content-inner\"><p>Rachele Botti 22 ans et d\u00e9j\u00e0 triathl\u00e8te professionnelle. Active sur des distances moyennes au niveau international, elle accumule l&rsquo;exp\u00e9rience n\u00e9cessaire pour progresser et r\u00e9colter les r\u00e9sultats qu&rsquo;elle m\u00e9rite dans les ann\u00e9es \u00e0 venir.<\/p><\/div><\/div>\n\n<div class=\"section-wrapper\" data-id=\"5UtyRF\"><section class=\"wp-block-gutenverse-section guten-element guten-section guten-5UtyRF layout-boxed align-stretch\"><div class=\"guten-background-overlay\"><\/div><div class=\"guten-shape-divider guten-shape-divider-top\"><\/div><div class=\"guten-shape-divider guten-shape-divider-bottom\"><\/div><div class=\"guten-container guten-column-gap-no\"><div class=\"wp-block-gutenverse-column guten-element guten-column guten-wOPRNS\"><div class=\"guten-background-overlay\"><\/div><div class=\"sticky-wrapper\" data-id=\"wOPRNS\"><div class=\"guten-column-wrapper\"><div class=\"guten-element guten-icon-list guten-TgYraq\"><div class=\"guten-element guten-icon-list-item guten-u6ZMKy\"><a id=\"guten-u6ZMKy\"><i class=\"fas fa-swimmer\"><\/i><span class=\"list-text \">76%<\/span><\/a><\/div>\n\n<div class=\"guten-element guten-icon-list-item guten-BaXodI\"><a id=\"guten-BaXodI\"><i class=\"fas fa-biking\"><\/i><span class=\"list-text \">69%<\/span><\/a><\/div>\n\n<div class=\"guten-element guten-icon-list-item guten-bqcwGP\"><a id=\"guten-bqcwGP\"><i class=\"fas fa-running\"><\/i><span class=\"list-text \"><span style=\"text-decoration: underline;\">  <\/span>70%<\/span><\/a><\/div>\n\n<div class=\"guten-element guten-icon-list-item guten-jMsWZ3\"><a id=\"guten-jMsWZ3\"><i class=\"fas fa-chart-bar\"><\/i><span class=\"list-text \"><span style=\"text-decoration: underline;\"> <\/span>  63%<\/span><\/a><\/div><\/div><\/div><\/div><\/div><\/div><\/section><\/div>\n\n<h4 class=\"wp-block-gutenverse-heading guten-element guten-Kj7DQ4\"><\/h4><\/div><\/div><\/div>\n\n<div class=\"wp-block-gutenverse-column guten-element guten-column guten-snOnYp animated guten-element-hide desktop-fadeInLeft\"><div class=\"guten-background-overlay\"><\/div><div class=\"sticky-wrapper\" data-id=\"snOnYp\"><div class=\"guten-column-wrapper\"><div class=\"wp-block-gutenverse-image guten-element guten-image guten-XVTn26\"><a class=\"guten-image-wrapper\"><img loading=\"lazy\" decoding=\"async\" class=\"gutenverse-image-box-filled\" src=\"https:\/\/ketest.4-dimensional.ch\/wp-content\/uploads\/2022\/12\/rachele-1-6.jpg\" height=\"2400\" width=\"1920\"><\/a><\/div>\n\n<div class=\"guten-element guten-spacer guten-GkZLOo hide-desktop\"><\/div>\n\n<div class=\"section-wrapper\" data-id=\"n9lyOi\"><section class=\"wp-block-gutenverse-section guten-element guten-section guten-n9lyOi animated guten-element-hide slow desktop-fadeInUp layout-boxed align-stretch\"><div class=\"guten-background-overlay\"><\/div><div class=\"guten-shape-divider guten-shape-divider-top\"><\/div><div class=\"guten-shape-divider guten-shape-divider-bottom\"><\/div><div class=\"guten-container guten-column-gap-no\"><div class=\"wp-block-gutenverse-column guten-element guten-column guten-5vU8xt\"><div class=\"guten-background-overlay\"><\/div><div class=\"sticky-wrapper\" data-id=\"5vU8xt\"><div class=\"guten-column-wrapper\"><div style=\"height:100px\" aria-hidden=\"true\" class=\"wp-block-spacer\"><\/div>\n\n<div class=\"guten-element gutenverse-text-editor guten-Ooqdmu\"><div class=\"text-content-inner\"><p>Beaucoup de travail, de d\u00e9termination et de constance&#8230; et les r\u00e9sultats viendront.<\/p><\/div><\/div>\n\n<div class=\"wp-block-gutenverse-icon guten-element guten-5HCkjf guten-icon\"><span class=\"guten-icon-wrapper custom stacked\"><i class=\"gtn gtn-quote-light\"><\/i><\/span><\/div><\/div><\/div><\/div><\/div><\/section><\/div><\/div><\/div><\/div><\/div><\/section><\/div>","protected":false},"excerpt":{"rendered":"<p>Keforma.Team est une \u00e9quipe professionnelle de triathlon qui concourt au niveau national et international. L&rsquo;\u00e9quipe est compos\u00e9e de certains des meilleurs athl\u00e8tes du circuit international. L&rsquo;\u00e9quipe a \u00e9t\u00e9 fond\u00e9e en 2016 suite \u00e0 la poursuite du d\u00e9veloppement du professionnalisme dans le monde du triathlon. Keforma.Team prend au s\u00e9rieux sa mission qui consiste \u00e0 fournir aux athl\u00e8tes une plateforme pour atteindre leurs objectifs. L&rsquo;\u00e9quipe fournit \u00e0 ses athl\u00e8tes le soutien dont ils ont besoin pour exceller dans les triathlons. Nous permettons aux athl\u00e8tes de penser&hellip;<\/p>\n","protected":false},"author":1,"featured_media":0,"parent":0,"menu_order":0,"comment_status":"closed","ping_status":"closed","template":"","meta":{"footnotes":""},"class_list":["post-16150","page","type-page","status-publish","hentry"],"aioseo_notices":[],"_links":{"self":[{"href":"https:\/\/ketest.4-dimensional.ch\/fr\/wp-json\/wp\/v2\/pages\/16150","targetHints":{"allow":["GET"]}}],"collection":[{"href":"https:\/\/ketest.4-dimensional.ch\/fr\/wp-json\/wp\/v2\/pages"}],"about":[{"href":"https:\/\/ketest.4-dimensional.ch\/fr\/wp-json\/wp\/v2\/types\/page"}],"author":[{"embeddable":true,"href":"https:\/\/ketest.4-dimensional.ch\/fr\/wp-json\/wp\/v2\/users\/1"}],"replies":[{"embeddable":true,"href":"https:\/\/ketest.4-dimensional.ch\/fr\/wp-json\/wp\/v2\/comments?post=16150"}],"version-history":[{"count":5,"href":"https:\/\/ketest.4-dimensional.ch\/fr\/wp-json\/wp\/v2\/pages\/16150\/revisions"}],"predecessor-version":[{"id":16732,"href":"https:\/\/ketest.4-dimensional.ch\/fr\/wp-json\/wp\/v2\/pages\/16150\/revisions\/16732"}],"wp:attachment":[{"href":"https:\/\/ketest.4-dimensional.ch\/fr\/wp-json\/wp\/v2\/media?parent=16150"}],"curies":[{"name":"wp","href":"https:\/\/api.w.org\/{rel}","templated":true}]}}