{"id":9998,"date":"2022-10-05T11:16:15","date_gmt":"2022-10-05T09:16:15","guid":{"rendered":"https:\/\/xmy.ch\/shop\/nutrision-100-eiweisspulver\/"},"modified":"2023-03-01T20:48:43","modified_gmt":"2023-03-01T19:48:43","slug":"eiweisspulver-nutrision-100","status":"publish","type":"product","link":"https:\/\/ketest.4-dimensional.ch\/de\/shop\/eiweis\/eiweisspulver-nutrision-100\/","title":{"rendered":"Eiwei\u00dfpulver Nutrision 100%"},"content":{"rendered":"<div id=\"wd-6057fb79eb014\" class=\"wd-text-block-wrapper wd-wpb wd-rs-6057fb79eb014 color-scheme-dark text-left vc_custom_1616378763982\">\n<div class=\"woodmart-title-container woodmart-text-block reset-last-child font-primary wd-font-weight-400 \">\n<div id=\"wd-600ab098bf93b\" class=\"wd-text-block-wrapper wd-wpb wd-rs-600ab098bf93b color-scheme-dark text-left vc_custom_1611313320399\">\n<div class=\"woodmart-title-container woodmart-text-block reset-last-child font-primary wd-font-weight-400 \">\n<div id=\"wd-600ad97ea5dc6\" class=\"wd-text-block-wrapper wd-wpb wd-rs-600ad97ea5dc6 color-scheme-dark text-left vc_custom_1611323802098\">\n<div class=\"woodmart-title-container woodmart-text-block reset-last-child font-primary wd-font-weight-400 \">\n<div id=\"wd-5fa8543d224e5\" class=\"wd-text-block-wrapper wd-wpb wd-rs-5fa8543d224e5 color-scheme-dark text-left vc_custom_1604867144607\">\n<div class=\"woodmart-title-container woodmart-text-block reset-last-child font-primary wd-font-weight-400 \">Eiwei\u00dfpulver Nutrision 100%\u00a0 mit <span class=\"add-border border-width-3 border-color-primary\"><strong>Zink und Magnesium.<\/strong><br \/>\n<\/span><\/div>\n<\/div>\n<div class=\"wpb_text_column wpb_content_element vc_custom_1611324035917 text-larger\">\n<div class=\"wpb_wrapper\">\n<p><a href=\"https:\/\/www.keforma.com\/proteine-polvere-purezza-qualita\/\">Eiwei\u00dfpulver<\/a><a href=\"https:\/\/www.keforma.com\/proteine-polvere-purezza-qualita\/\"> NUTRISION 100% <\/a> ist ein Nahrungserg\u00e4nzung, das ausschlie\u00dflich auf kaltverarbeiteten, ultramikrofiltrierten Laktoglobulinen basiert und mit ZMA\u00ae angereichert ist, einem Verst\u00e4rker der anabolen und antikatabolen Funktionen, der die Proteinsynthese f\u00f6rdert.<br \/>\nDas Doppel-Cross-Flow-Mikrofiltrationssystem (CFM Cross Flow Microfiltration) in einer Niedrigtemperaturumgebung garantiert 92 % reines Protein.<br \/>\nAu\u00dferdem enth\u00e4lt das entstandene Eiwei\u00df einen sehr geringen Anteil an Fetten (etwa 0,5 %), was das Produkt sehr bek\u00f6mmlich macht.<br \/>\nDie hohe Konzentration an verzweigten (BCAAs) und essentiellen (EAAs) Aminos\u00e4uren mit sehr geringen Assimilationszeiten.<br \/>\nGlutenfreies Produkt mit weniger als 0,3 % Laktose.<\/p>\n<\/div>\n<\/div>\n<\/div>\n<\/div>\n<\/div>\n<\/div>\n<\/div>\n<\/div>\n<div class=\"wpb_text_column wpb_content_element vc_custom_1616378936846 text-larger\">\n<div class=\"wpb_wrapper\"><\/div>\n<\/div>\n<div class=\"wpb_text_column wpb_content_element vc_custom_1616205360806 text-larger\">\n<div class=\"wpb_wrapper\">\n<p><img decoding=\"async\" class=\"wd-lazy-load woodmart-lazy-load wd-lazy-fade info-icon image-1 wd-loaded\" style=\"text-align: center;\" title=\"KF_Logo-Feature-Rot\" src=\"https:\/\/ketest.4-dimensional.ch\/wp-content\/uploads\/2020\/09\/KF_Logo-Feature-Red-45x45.png\" alt=\"KF_Logo-Feature-Rot\" width=\"22\" height=\"22\" data-wood-src=\"https:\/\/ketest.4-dimensional.ch\/wp-content\/uploads\/2020\/09\/KF_Logo-Feature-Red-45x45.png\" data-pagespeed-url-hash=\"3879490219\" \/> Hohe und schnelle Assimilation<span style=\"text-align: center;\"><br \/>\n<img decoding=\"async\" class=\"wd-lazy-load woodmart-lazy-load wd-lazy-fade info-icon image-1 wd-loaded\" style=\"text-align: center;\" title=\"KF_Logo-Feature-Rot\" src=\"https:\/\/ketest.4-dimensional.ch\/wp-content\/uploads\/2020\/09\/KF_Logo-Feature-Red-45x45.png\" alt=\"KF_Logo-Feature-Rot\" width=\"22\" height=\"22\" data-wood-src=\"https:\/\/ketest.4-dimensional.ch\/wp-content\/uploads\/2020\/09\/KF_Logo-Feature-Red-45x45.png\" data-pagespeed-url-hash=\"3879490219\" \/> Hoher Gehalt an BCAA und A.E.<br \/>\n<img decoding=\"async\" class=\"wd-lazy-load woodmart-lazy-load wd-lazy-fade info-icon image-1 wd-loaded\" style=\"text-align: center;\" title=\"KF_Logo-Feature-Rot\" src=\"https:\/\/ketest.4-dimensional.ch\/wp-content\/uploads\/2020\/09\/KF_Logo-Feature-Red-45x45.png\" alt=\"KF_Logo-Feature-Rot\" width=\"22\" height=\"22\" data-wood-src=\"https:\/\/ketest.4-dimensional.ch\/wp-content\/uploads\/2020\/09\/KF_Logo-Feature-Red-45x45.png\" data-pagespeed-url-hash=\"3879490219\" \/> Vitamine, Zink und Magnesium<br \/>\n<img decoding=\"async\" class=\"wd-lazy-load woodmart-lazy-load wd-lazy-fade info-icon image-1 wd-loaded\" style=\"text-align: center;\" title=\"KF_Logo-Feature-Rot\" src=\"https:\/\/ketest.4-dimensional.ch\/wp-content\/uploads\/2020\/09\/KF_Logo-Feature-Red-45x45.png\" alt=\"KF_Logo-Feature-Rot\" width=\"22\" height=\"22\" data-wood-src=\"https:\/\/ketest.4-dimensional.ch\/wp-content\/uploads\/2020\/09\/KF_Logo-Feature-Red-45x45.png\" data-pagespeed-url-hash=\"3879490219\" \/> 27 g Protein<\/span><span style=\"text-align: center;\"><br \/>\n<\/span><\/p>\n<\/div>\n<\/div>\n","protected":false},"excerpt":{"rendered":"<table class=\"bda-state-product\">\n<thead>\n<tr>\n<th class=\"bda-color\"><a href=\"de\/categoria-prodotto\/vor\/\">Vor<\/a><\/th>\n<th class=\"bda-gray\"><a href=\"de\/categoria-prodotto\/wahrend\/\">W\u00e4hrend<\/a><\/th>\n<th class=\"bda-color\"><a href=\"de\/categoria-prodotto\/nach\/\">Nach<\/a><\/th>\n<\/tr>\n<\/thead>\n<\/table>\n<p>Eiwei\u00dfpulver Nutrision aus Volac\u00ae-Molkenisolat mit Zink und Magnesium und weniger als 0,3% Laktose. Wachstum, Erhaltung, Regeneration und Wiederherstellung der Muskelstruktur.<\/p>\n","protected":false},"featured_media":9535,"comment_status":"open","ping_status":"closed","template":"","meta":[],"product_cat":[260,447,443],"product_tag":[224,240,227,235,237,242,231],"class_list":{"0":"post-9998","1":"product","2":"type-product","3":"status-publish","4":"has-post-thumbnail","6":"product_cat-eiweis","7":"product_cat-nach","8":"product_cat-vor","9":"product_tag-ausdauer","10":"product_tag-laufen-de","11":"product_tag-power-de","12":"product_tag-radfahren-de","13":"product_tag-schwimmen","14":"product_tag-triathlon-de","15":"product_tag-wellness-de","16":"pa_product-icons-glutenfrei","17":"pa_product-icons-hoher-eiweisgehalt","18":"pa_product-icons-kein-palmol","19":"pa_product-icons-vegetarisch","20":"pa_product-icons-zuckerarm","22":"first","23":"instock","24":"taxable","25":"shipping-taxable","26":"purchasable","27":"product-type-variable","28":"has-default-attributes"},"aioseo_notices":[],"_links":{"self":[{"href":"https:\/\/ketest.4-dimensional.ch\/de\/wp-json\/wp\/v2\/product\/9998","targetHints":{"allow":["GET"]}}],"collection":[{"href":"https:\/\/ketest.4-dimensional.ch\/de\/wp-json\/wp\/v2\/product"}],"about":[{"href":"https:\/\/ketest.4-dimensional.ch\/de\/wp-json\/wp\/v2\/types\/product"}],"replies":[{"embeddable":true,"href":"https:\/\/ketest.4-dimensional.ch\/de\/wp-json\/wp\/v2\/comments?post=9998"}],"wp:featuredmedia":[{"embeddable":true,"href":"https:\/\/ketest.4-dimensional.ch\/de\/wp-json\/wp\/v2\/media\/9535"}],"wp:attachment":[{"href":"https:\/\/ketest.4-dimensional.ch\/de\/wp-json\/wp\/v2\/media?parent=9998"}],"wp:term":[{"taxonomy":"product_cat","embeddable":true,"href":"https:\/\/ketest.4-dimensional.ch\/de\/wp-json\/wp\/v2\/product_cat?post=9998"},{"taxonomy":"product_tag","embeddable":true,"href":"https:\/\/ketest.4-dimensional.ch\/de\/wp-json\/wp\/v2\/product_tag?post=9998"}],"curies":[{"name":"wp","href":"https:\/\/api.w.org\/{rel}","templated":true}]}}