{"id":9959,"date":"2022-10-05T08:33:11","date_gmt":"2022-10-05T06:33:11","guid":{"rendered":"https:\/\/xmy.ch\/shop\/kedurance-recovery\/"},"modified":"2023-03-01T20:49:23","modified_gmt":"2023-03-01T19:49:23","slug":"erholungsgetraenk-kedurance","status":"publish","type":"product","link":"https:\/\/ketest.4-dimensional.ch\/de\/shop\/erholung\/erholungsgetraenk-kedurance\/","title":{"rendered":"Erholungsgetr\u00e4nk Kedurance"},"content":{"rendered":"<div id=\"wd-6057fb79eb014\" class=\"wd-text-block-wrapper wd-wpb wd-rs-6057fb79eb014 color-scheme-dark text-left vc_custom_1616378763982\">\n<div class=\"woodmart-title-container woodmart-text-block reset-last-child font-primary wd-font-weight-400 \">\n<p><strong> Erholungsgetr\u00e4nk<\/strong>.<\/p>\n<\/div>\n<\/div>\n<div class=\"wpb_text_column wpb_content_element vc_custom_1616378053424 text-larger\">\n<div class=\"wpb_wrapper\">KE DURANCE ist ein Regenerations-Supplement auf der Basis von Kohlenhydraten, BCAAs, Glutamin, Mineralien und Vitaminen, die perfekt l\u00f6slich und leicht assimilierbar sind, um Ihre Regeneration zu unterst\u00fctzen.<\/div>\n<\/div>\n<div class=\"wpb_text_column wpb_content_element vc_custom_1616377990952 text-larger\">\n<div class=\"wpb_wrapper\">\n<p>Das Produkt ist speziell f\u00fcr die schnelle Erholung nach dem Laufen oder aeroben Training konzipiert.<\/p>\n<\/div>\n<\/div>\n<div class=\"wpb_text_column wpb_content_element vc_custom_1616378035676 text-larger\">\n<div class=\"wpb_wrapper\">\n<p>Seine Zusammensetzung ist eine Mischung aus Kohlenhydraten, die die Glykogenreserven wiederherstellen, und Aminos\u00e4uren wie BCAAs und Glutamin, die den Wiederaufbau der Muskeln und eine entgiftende Wirkung erm\u00f6glichen.<br \/>\nZahlreiche Vitamine erg\u00e4nzen dieses Erholungsgetr\u00e4nk f\u00fcr eine zus\u00e4tzliche antioxidative Wirkung.<\/p>\n<\/div>\n<\/div>\n<div class=\"wpb_text_column wpb_content_element vc_custom_1616378576771 text-larger\">\n<div class=\"wpb_wrapper\">\n<p>Wenn Sie nach einer L\u00f6sung f\u00fcr die Erholung nach dem Sport suchen, ist das KeDURANCE-Getr\u00e4nk die ideale L\u00f6sung f\u00fcr Sie.<\/p>\n<\/div>\n<\/div>\n<div class=\"wpb_text_column wpb_content_element vc_custom_1616378936846 text-larger\">\n<div class=\"wpb_wrapper\">\n<p>KeDURANCE ist ein <a href=\"https:\/\/it.wikipedia.org\/wiki\/Glutine\" target=\"_blank\" rel=\"nofollow noopener\">gluten-<\/a> und <a href=\"https:\/\/it.wikipedia.org\/wiki\/Lattosio\" target=\"_blank\" rel=\"nofollow noopener\">laktosefreies<\/a> Erholungsgetr\u00e4nk<\/p>\n<\/div>\n<\/div>\n<div class=\"wpb_text_column wpb_content_element vc_custom_1616205360806 text-larger\">\n<div class=\"wpb_wrapper\">\n<p><img decoding=\"async\" class=\"wd-lazy-load woodmart-lazy-load wd-lazy-fade info-icon image-1 wd-loaded\" style=\"text-align: center;\" title=\"KF_Logo-Feature-Rot\" src=\"https:\/\/ketest.4-dimensional.ch\/wp-content\/uploads\/2020\/09\/KF_Logo-Feature-Red-45x45.png\" alt=\"KF_Logo-Feature-Rot\" width=\"22\" height=\"22\" data-wood-src=\"https:\/\/ketest.4-dimensional.ch\/wp-content\/uploads\/2020\/09\/KF_Logo-Feature-Red-45x45.png\" data-pagespeed-url-hash=\"3879490219\" \/> Muskel- und Energier\u00fcckgewinnung<span style=\"text-align: center;\"><br \/>\n<img decoding=\"async\" class=\"wd-lazy-load woodmart-lazy-load wd-lazy-fade info-icon image-1 wd-loaded\" style=\"text-align: center;\" title=\"KF_Logo-Feature-Rot\" src=\"https:\/\/ketest.4-dimensional.ch\/wp-content\/uploads\/2020\/09\/KF_Logo-Feature-Red-45x45.png\" alt=\"KF_Logo-Feature-Rot\" width=\"22\" height=\"22\" data-wood-src=\"https:\/\/ketest.4-dimensional.ch\/wp-content\/uploads\/2020\/09\/KF_Logo-Feature-Red-45x45.png\" data-pagespeed-url-hash=\"3879490219\" \/> Proteinfrei<br \/>\n<img decoding=\"async\" class=\"wd-lazy-load woodmart-lazy-load wd-lazy-fade info-icon image-1 wd-loaded\" style=\"text-align: center;\" title=\"KF_Logo-Feature-Rot\" src=\"https:\/\/ketest.4-dimensional.ch\/wp-content\/uploads\/2020\/09\/KF_Logo-Feature-Red-45x45.png\" alt=\"KF_Logo-Feature-Rot\" width=\"22\" height=\"22\" data-wood-src=\"https:\/\/ketest.4-dimensional.ch\/wp-content\/uploads\/2020\/09\/KF_Logo-Feature-Red-45x45.png\" data-pagespeed-url-hash=\"3879490219\" \/> Hoher Gehalt an BCAA und Glutamin<br \/>\n<img decoding=\"async\" class=\"wd-lazy-load woodmart-lazy-load wd-lazy-fade info-icon image-1 wd-loaded\" style=\"text-align: center;\" title=\"KF_Logo-Feature-Rot\" src=\"https:\/\/ketest.4-dimensional.ch\/wp-content\/uploads\/2020\/09\/KF_Logo-Feature-Red-45x45.png\" alt=\"KF_Logo-Feature-Rot\" width=\"22\" height=\"22\" data-wood-src=\"https:\/\/ketest.4-dimensional.ch\/wp-content\/uploads\/2020\/09\/KF_Logo-Feature-Red-45x45.png\" data-pagespeed-url-hash=\"3879490219\" \/> Gluten- und laktosefrei<\/span><span style=\"text-align: center;\"><br \/>\n<\/span><\/p>\n<\/div>\n<\/div>\n","protected":false},"excerpt":{"rendered":"<table class=\"bda-state-product\">\n<thead>\n<tr>\n<th class=\"bda-gray\"><a href=\"de\/categoria-prodotto\/vor\/\">Vor<\/a><\/th>\n<th class=\"bda-gray\"><a href=\"de\/categoria-prodotto\/wahrend\/\">W\u00e4hrend<\/a><\/th>\n<th class=\"bda-color\"><a href=\"de\/categoria-prodotto\/nach\/\">Nach<\/a><\/th>\n<\/tr>\n<\/thead>\n<\/table>\n<p>Das Erholungsgetr\u00e4nk Ke Durance ist ein Nahrungserg\u00e4nzung auf der Basis von Kohlenhydraten, BCAAs, Glutamin, Mineralien und Vitaminen, das leicht aufgenommen werden kann und sich hervorragend zur Erholung nach dem Sport eignet.<\/p>\n","protected":false},"featured_media":9521,"comment_status":"open","ping_status":"closed","template":"","meta":[],"product_cat":[252,447],"product_tag":[224,253,240,235,237,242],"class_list":{"0":"post-9959","1":"product","2":"type-product","3":"status-publish","4":"has-post-thumbnail","6":"product_cat-erholung","7":"product_cat-nach","8":"product_tag-ausdauer","9":"product_tag-fusball","10":"product_tag-laufen-de","11":"product_tag-radfahren-de","12":"product_tag-schwimmen","13":"product_tag-triathlon-de","14":"pa_product-icons-glutenfrei","15":"pa_product-icons-kein-palmol","16":"pa_product-icons-laktosefrei","17":"pa_product-icons-vegetarisch","19":"first","20":"instock","21":"taxable","22":"shipping-taxable","23":"purchasable","24":"product-type-variable","25":"has-default-attributes"},"aioseo_notices":[],"_links":{"self":[{"href":"https:\/\/ketest.4-dimensional.ch\/de\/wp-json\/wp\/v2\/product\/9959","targetHints":{"allow":["GET"]}}],"collection":[{"href":"https:\/\/ketest.4-dimensional.ch\/de\/wp-json\/wp\/v2\/product"}],"about":[{"href":"https:\/\/ketest.4-dimensional.ch\/de\/wp-json\/wp\/v2\/types\/product"}],"replies":[{"embeddable":true,"href":"https:\/\/ketest.4-dimensional.ch\/de\/wp-json\/wp\/v2\/comments?post=9959"}],"wp:featuredmedia":[{"embeddable":true,"href":"https:\/\/ketest.4-dimensional.ch\/de\/wp-json\/wp\/v2\/media\/9521"}],"wp:attachment":[{"href":"https:\/\/ketest.4-dimensional.ch\/de\/wp-json\/wp\/v2\/media?parent=9959"}],"wp:term":[{"taxonomy":"product_cat","embeddable":true,"href":"https:\/\/ketest.4-dimensional.ch\/de\/wp-json\/wp\/v2\/product_cat?post=9959"},{"taxonomy":"product_tag","embeddable":true,"href":"https:\/\/ketest.4-dimensional.ch\/de\/wp-json\/wp\/v2\/product_tag?post=9959"}],"curies":[{"name":"wp","href":"https:\/\/api.w.org\/{rel}","templated":true}]}}