{"id":18394,"date":"2024-07-05T09:23:46","date_gmt":"2024-07-05T07:23:46","guid":{"rendered":"https:\/\/ketest.4-dimensional.ch\/?post_type=product&#038;p=18394"},"modified":"2024-08-23T00:57:46","modified_gmt":"2024-08-22T22:57:46","slug":"energiegetrank-ultra-fuel-copia","status":"publish","type":"product","link":"https:\/\/ketest.4-dimensional.ch\/de\/shop\/energie-de\/energiegetrank-ultra-fuel-copia\/","title":{"rendered":"Nahrungserg\u00e4nzungsmittel Ultra Bicarbonate"},"content":{"rendered":"<div id=\"wd-600aef8476f41\" class=\"wd-text-block-wrapper wd-wpb wd-rs-600aef8476f41 color-scheme-dark text-left vc_custom_1611329428846\">\n<div class=\"woodmart-title-container woodmart-text-block reset-last-child font-primary wd-font-weight-400 \">\n<div id=\"wd-5fafbca251970\" class=\"wd-text-block-wrapper wd-wpb wd-rs-5fafbca251970 color-scheme-dark text-left vc_custom_1605352620193\">\n<div class=\"woodmart-title-container woodmart-text-block reset-last-child font-primary wd-font-weight-400 \">\n<div id=\"wd-6057dcdf0980f\" class=\"wd-text-block-wrapper wd-wpb wd-rs-6057dcdf0980f color-scheme-dark text-left vc_custom_1616370925274\">\n<div class=\"woodmart-title-container woodmart-text-block reset-last-child font-primary wd-font-weight-400 \">\n<div id=\"wd-5fa7ef43cb781\" class=\"wd-text-block-wrapper wd-wpb wd-rs-5fa7ef43cb781 color-scheme-dark text-left vc_custom_1604841326375\">\n<div class=\"woodmart-title-container woodmart-text-block reset-last-child font-primary wd-font-weight-400 \">\n<div id=\"wd-5fa7d588067d3\" class=\"wd-text-block-wrapper wd-wpb wd-rs-5fa7d588067d3 color-scheme-dark text-left vc_custom_1604834704152\">\n<div class=\"woodmart-title-container woodmart-text-block reset-last-child font-primary wd-font-weight-400 \">Das Nahrungserg\u00e4nzungsmittel Ultra <a href=\"https:\/\/it.wikipedia.org\/wiki\/Bicarbonato_di_sodio\"> Bicarbonate (Natriumbicarbonat<\/a>) optimiert die Energieleistung und <span class=\"add-border border-width-3 border-color-primary\"><br \/>\n<strong>reinigt die Muskeln von Stoffwechselabf\u00e4llen.<\/strong><br \/>\n<\/span><\/div>\n<\/div>\n<div class=\"wpb_text_column wpb_content_element vc_custom_1611324944663 text-larger\">\n<div class=\"wpb_wrapper\">\n<p>Bei intensivem Training verliert der Muskel einen Teil seiner F\u00e4higkeit, Kraft und Leistung zu erzeugen. Man nimmt an, dass diese Erm\u00fcdung mit der Anh\u00e4ufung von Abbauprodukten zusammenh\u00e4ngt, darunter das H+ (Wasserstoff)-Ion.<br \/>\nDar\u00fcber hinaus bewirkt ein hochintensives Training die Freisetzung von Kalium aus den Muskelzellen in die extrazellul\u00e4re Umgebung. Diese Ver\u00e4nderungen f\u00fchren zu einer verminderten Erregbarkeit und Kontraktionsf\u00e4higkeit der Muskeln.<\/p>\n<p><img decoding=\"async\" class=\"wd-lazy-load woodmart-lazy-load wd-lazy-fade info-icon image-1 wd-loaded\" style=\"text-align: center;\" title=\"KF_Logo-Charakteristik-Rot\" src=\"https:\/\/ketest.4-dimensional.ch\/wp-content\/uploads\/2020\/09\/KF_Logo-Feature-Red-45x45.png\" alt=\"KF_Logo-Charakteristik-Rot\" width=\"22\" height=\"22\" data-wood-src=\"https:\/\/ketest.4-dimensional.ch\/wp-content\/uploads\/2020\/09\/KF_Logo-Feature-Red-45x45.png\" data-pagespeed-url-hash=\"3879490219\" \/> Verbessert die Energieausbeute<br \/>\n<img decoding=\"async\" class=\"wd-lazy-load woodmart-lazy-load wd-lazy-fade info-icon image-1 wd-loaded\" style=\"text-align: center;\" title=\"KF_Logo-Charakteristik-Rot\" src=\"https:\/\/ketest.4-dimensional.ch\/wp-content\/uploads\/2020\/09\/KF_Logo-Feature-Red-45x45.png\" alt=\"KF_Logo-Charakteristik-Rot\" width=\"22\" height=\"22\" data-wood-src=\"https:\/\/ketest.4-dimensional.ch\/wp-content\/uploads\/2020\/09\/KF_Logo-Feature-Red-45x45.png\" data-pagespeed-url-hash=\"3879490219\" \/><span style=\"text-align: center;\">Reinigt die Muskeln<br \/>\n<\/span><img decoding=\"async\" class=\"wd-lazy-load woodmart-lazy-load wd-lazy-fade info-icon image-1 wd-loaded\" style=\"text-align: center;\" title=\"KF_Logo-Charakteristik-Rot\" src=\"https:\/\/ketest.4-dimensional.ch\/wp-content\/uploads\/2020\/09\/KF_Logo-Feature-Red-45x45.png\" alt=\"KF_Logo-Charakteristik-Rot\" width=\"22\" height=\"22\" data-wood-src=\"https:\/\/ketest.4-dimensional.ch\/wp-content\/uploads\/2020\/09\/KF_Logo-Feature-Red-45x45.png\" data-pagespeed-url-hash=\"3879490219\" \/><span style=\"text-align: center;\"> Reduzierung der Milchs\u00e4ure<br \/>\n<\/span><img decoding=\"async\" class=\"wd-lazy-load woodmart-lazy-load wd-lazy-fade info-icon image-1 wd-loaded\" style=\"text-align: center;\" title=\"KF_Logo-Charakteristik-Rot\" src=\"https:\/\/ketest.4-dimensional.ch\/wp-content\/uploads\/2020\/09\/KF_Logo-Feature-Red-45x45.png\" alt=\"KF_Logo-Charakteristik-Rot\" width=\"22\" height=\"22\" data-wood-src=\"https:\/\/ketest.4-dimensional.ch\/wp-content\/uploads\/2020\/09\/KF_Logo-Feature-Red-45x45.png\" data-pagespeed-url-hash=\"3879490219\" \/><span style=\"text-align: center;\"> Gluten- und laktosefrei<\/span><\/p>\n<\/div>\n<\/div>\n<\/div>\n<\/div>\n<\/div>\n<\/div>\n<\/div>\n<\/div>\n<\/div>\n<\/div>\n","protected":false},"excerpt":{"rendered":"<table class=\"bda-state-product\">\n<thead>\n<tr>\n<th class=\"bda-color\"><a href=\"\/categoria-prodotto\/prima\/\">Erste<\/a><\/th>\n<th class=\"bda-color\"><a href=\"\/categoria-prodotto\/durante\/\">W\u00e4hrend<\/a><\/th>\n<th class=\"bda-gray\"><a href=\"\/categoria-prodotto\/dopo\/\">Nach<\/a><\/th>\n<\/tr>\n<\/thead>\n<\/table>\n<p>Ultra Bicarbonate optimiert die Energieproduktion und <span class=\"add-border border-width-3 border-color-primary\">reinigt die Muskeln von Stoffwechselabf\u00e4llen<\/span>.<\/p>\n","protected":false},"featured_media":18405,"comment_status":"open","ping_status":"closed","template":"","meta":[],"product_cat":[257,443,445],"product_tag":[246,224,240,235,237,242],"class_list":{"0":"post-18394","1":"product","2":"type-product","3":"status-publish","4":"has-post-thumbnail","6":"product_cat-energie-de","7":"product_cat-vor","8":"product_cat-wahrend","9":"product_tag-athletik-de","10":"product_tag-ausdauer","11":"product_tag-laufen-de","12":"product_tag-radfahren-de","13":"product_tag-schwimmen","14":"product_tag-triathlon-de","15":"pa_product-icons-glutenfrei","16":"pa_product-icons-kein-palmol","17":"pa_product-icons-laktosefrei","18":"pa_product-icons-vegetarisch","19":"pa_product-icons-zuckerarm","21":"first","22":"instock","23":"featured","24":"taxable","25":"shipping-taxable","26":"purchasable","27":"product-type-variable","28":"has-default-attributes"},"aioseo_notices":[],"_links":{"self":[{"href":"https:\/\/ketest.4-dimensional.ch\/de\/wp-json\/wp\/v2\/product\/18394","targetHints":{"allow":["GET"]}}],"collection":[{"href":"https:\/\/ketest.4-dimensional.ch\/de\/wp-json\/wp\/v2\/product"}],"about":[{"href":"https:\/\/ketest.4-dimensional.ch\/de\/wp-json\/wp\/v2\/types\/product"}],"replies":[{"embeddable":true,"href":"https:\/\/ketest.4-dimensional.ch\/de\/wp-json\/wp\/v2\/comments?post=18394"}],"wp:featuredmedia":[{"embeddable":true,"href":"https:\/\/ketest.4-dimensional.ch\/de\/wp-json\/wp\/v2\/media\/18405"}],"wp:attachment":[{"href":"https:\/\/ketest.4-dimensional.ch\/de\/wp-json\/wp\/v2\/media?parent=18394"}],"wp:term":[{"taxonomy":"product_cat","embeddable":true,"href":"https:\/\/ketest.4-dimensional.ch\/de\/wp-json\/wp\/v2\/product_cat?post=18394"},{"taxonomy":"product_tag","embeddable":true,"href":"https:\/\/ketest.4-dimensional.ch\/de\/wp-json\/wp\/v2\/product_tag?post=18394"}],"curies":[{"name":"wp","href":"https:\/\/api.w.org\/{rel}","templated":true}]}}