{"id":18115,"date":"2024-03-14T21:55:44","date_gmt":"2024-03-14T20:55:44","guid":{"rendered":"https:\/\/ketest.4-dimensional.ch\/?post_type=product&#038;p=18115"},"modified":"2024-04-03T10:19:21","modified_gmt":"2024-04-03T08:19:21","slug":"balanced-bar-proteinriegel","status":"publish","type":"product","link":"https:\/\/ketest.4-dimensional.ch\/de\/shop\/eiweis\/balanced-bar-proteinriegel\/","title":{"rendered":"Proteinriegel &#8211; Balanced Bar"},"content":{"rendered":"<div id=\"wd-6057fb79eb014\" class=\"wd-text-block-wrapper wd-wpb wd-rs-6057fb79eb014 color-scheme-dark text-left vc_custom_1616378763982\">\n<div class=\"woodmart-title-container woodmart-text-block reset-last-child font-primary wd-font-weight-400 \">\n<div id=\"wd-600ab098bf93b\" class=\"wd-text-block-wrapper wd-wpb wd-rs-600ab098bf93b color-scheme-dark text-left vc_custom_1611313320399\">\n<div class=\"woodmart-title-container woodmart-text-block reset-last-child font-primary wd-font-weight-400 \">\n<div id=\"wd-600ad97ea5dc6\" class=\"wd-text-block-wrapper wd-wpb wd-rs-600ad97ea5dc6 color-scheme-dark text-left vc_custom_1611323802098\">\n<div class=\"woodmart-title-container woodmart-text-block reset-last-child font-primary wd-font-weight-400 \">\n<div id=\"wd-600ab10874fb9\" class=\"wd-text-block-wrapper wd-wpb wd-rs-600ab10874fb9 color-scheme-dark text-left vc_custom_1611313450683\">\n<div class=\"woodmart-title-container woodmart-text-block reset-last-child font-primary wd-font-weight-400 \">Die <strong>Bar<\/strong><span class=\"add-border border-width-3 border-color-primary\"><br \/>\n<strong> 40-30-30.<\/strong><br \/>\n<\/span><\/div>\n<\/div>\n<div class=\"wpb_text_column wpb_content_element vc_custom_1616377752218 text-larger\">\n<div class=\"wpb_wrapper\">\n<p><strong>KEFORMA BALANCED<\/strong> BAR ist ein glutenfreier Proteinriegel mit Schokoladen\u00fcberzug und Proteinflocken, der einen neuen Ansatz f\u00fcr die Proteinern\u00e4hrung von Sportlern darstellt.<\/p>\n<p>Optimaler Snack f\u00fcr eine ausgewogene Ern\u00e4hrung dank seiner perfekt ausgewogenen Makron\u00e4hrstoffzusammensetzung (40 % der Kalorien stammen aus Kohlenhydraten, 30 % aus Eiwei\u00df und 30 % aus Fett).<br \/>\nDieser Riegel mit seinen <strong>37 Gramm Kohlenhydraten<\/strong>, <strong>15 Gramm Eiwei\u00df <\/strong>und<strong> 13 Gramm Fett <\/strong>ist auch f\u00fcr alle Sportler geeignet, die eine <strong>Zonendi\u00e4t<\/strong> einhalten.<\/p>\n<p>Da KEFORMA seit jeher gro\u00dfe Sorgfalt bei der Auswahl der Rohstoffe f\u00fcr seine Produkte walten l\u00e4sst, ist dieser Riegel <strong>palm\u00f6lfrei<\/strong>, mit <strong>hochwertigen Zutaten<\/strong> und <strong>reich an Ballaststoffen<\/strong> f\u00fcr ein ausgewogenes und gesundes Produkt.<br \/>\nDar\u00fcber hinaus ist KEFORMA BALANCED BAR in jeder Hinsicht ein <a href=\"https:\/\/www.keforma.com\/integratori-sportivi-senza-glutine-e-dieta-chetogenica\/\">glutenfreies Sporterg\u00e4nzungsmittel<\/a> und daher auch f\u00fcr Sportler mit besonderen Ern\u00e4hrungsbed\u00fcrfnissen geeignet.<\/p>\n<\/div>\n<\/div>\n<div class=\"wpb_text_column wpb_content_element vc_custom_1616377685130 text-larger\">\n<div class=\"wpb_wrapper\">\n<p><img decoding=\"async\" class=\"wd-lazy-load woodmart-lazy-load wd-lazy-fade info-icon image-1 wd-loaded\" style=\"text-align: center;\" title=\"KF_Logo-Feature-Rot\" src=\"https:\/\/ketest.4-dimensional.ch\/wp-content\/uploads\/2020\/09\/KF_Logo-Feature-Red-45x45.png\" alt=\"KF_Logo-Feature-Rot\" width=\"22\" height=\"22\" data-wood-src=\"https:\/\/ketest.4-dimensional.ch\/wp-content\/uploads\/2020\/09\/KF_Logo-Feature-Red-45x45.png\" data-pagespeed-url-hash=\"3879490219\" \/> 30% Eiwei\u00df<br \/>\n<img decoding=\"async\" class=\"wd-lazy-load woodmart-lazy-load wd-lazy-fade info-icon image-1 wd-loaded\" style=\"text-align: center;\" title=\"KF_Logo-Feature-Rot\" src=\"https:\/\/ketest.4-dimensional.ch\/wp-content\/uploads\/2020\/09\/KF_Logo-Feature-Red-45x45.png\" alt=\"KF_Logo-Feature-Rot\" width=\"22\" height=\"22\" data-wood-src=\"https:\/\/ketest.4-dimensional.ch\/wp-content\/uploads\/2020\/09\/KF_Logo-Feature-Red-45x45.png\" data-pagespeed-url-hash=\"3879490219\" \/><span style=\"text-align: center;\"> Reich an Ballaststoffen<br \/>\n<\/span><img decoding=\"async\" class=\"wd-lazy-load woodmart-lazy-load wd-lazy-fade info-icon image-1 wd-loaded\" style=\"text-align: center;\" title=\"KF_Logo-Feature-Rot\" src=\"https:\/\/ketest.4-dimensional.ch\/wp-content\/uploads\/2020\/09\/KF_Logo-Feature-Red-45x45.png\" alt=\"KF_Logo-Feature-Rot\" width=\"22\" height=\"22\" data-wood-src=\"https:\/\/ketest.4-dimensional.ch\/wp-content\/uploads\/2020\/09\/KF_Logo-Feature-Red-45x45.png\" data-pagespeed-url-hash=\"3879490219\" \/><span style=\"text-align: center;\"> Milcheiwei\u00df<br \/>\n<\/span><img decoding=\"async\" class=\"wd-lazy-load woodmart-lazy-load wd-lazy-fade info-icon image-1 wd-loaded\" style=\"text-align: center;\" title=\"KF_Logo-Feature-Rot\" src=\"https:\/\/ketest.4-dimensional.ch\/wp-content\/uploads\/2020\/09\/KF_Logo-Feature-Red-45x45.png\" alt=\"KF_Logo-Feature-Rot\" width=\"22\" height=\"22\" data-wood-src=\"https:\/\/ketest.4-dimensional.ch\/wp-content\/uploads\/2020\/09\/KF_Logo-Feature-Red-45x45.png\" data-pagespeed-url-hash=\"3879490219\" \/><span style=\"text-align: center;\"> Glutenfrei &amp; ohne Palm\u00f6l<\/span><\/p>\n<\/div>\n<\/div>\n<\/div>\n<\/div>\n<\/div>\n<\/div>\n<\/div>\n<\/div>\n","protected":false},"excerpt":{"rendered":"<table class=\"bda-state-product\">\n<thead>\n<tr>\n<th class=\"bda-color\"><a href=\"\/categoria-prodotto\/prima\/\">Erste<\/a><\/th>\n<th class=\"bda-gray\"><a href=\"\/categoria-prodotto\/durante\/\">W\u00e4hrend<\/a><\/th>\n<th class=\"bda-color\"><a href=\"\/categoria-prodotto\/dopo\/\">Nach<\/a><\/th>\n<\/tr>\n<\/thead>\n<\/table>\n<p>Der Proteinriegel, den Sie dank seiner perfekt ausgewogenen Makron\u00e4hrstoffzusammensetzung (40 % der Kalorien stammen aus Kohlenhydraten, 30 % aus Eiwei\u00df und 30 % aus Fett) immer dabei haben k\u00f6nnen.<\/p>\n","protected":false},"featured_media":18131,"comment_status":"open","ping_status":"closed","template":"","meta":[],"product_cat":[260,447,443],"product_tag":[224,272,273,261,240,227,235,237,262,242,231],"class_list":{"0":"post-18115","1":"product","2":"type-product","3":"status-publish","4":"has-post-thumbnail","6":"product_cat-eiweis","7":"product_cat-nach","8":"product_cat-vor","9":"product_tag-ausdauer","10":"product_tag-body-building-de","11":"product_tag-fitness-de","12":"product_tag-gymnasium","13":"product_tag-laufen-de","14":"product_tag-power-de","15":"product_tag-radfahren-de","16":"product_tag-schwimmen","17":"product_tag-tennis-de","18":"product_tag-triathlon-de","19":"product_tag-wellness-de","20":"pa_product-icons-glutenfrei","21":"pa_product-icons-hoher-eiweisgehalt","22":"pa_product-icons-kein-palmol","23":"pa_product-icons-vegetarisch","24":"pa_product-icons-zuckerarm","26":"first","27":"instock","28":"taxable","29":"shipping-taxable","30":"purchasable","31":"product-type-variable"},"aioseo_notices":[],"_links":{"self":[{"href":"https:\/\/ketest.4-dimensional.ch\/de\/wp-json\/wp\/v2\/product\/18115","targetHints":{"allow":["GET"]}}],"collection":[{"href":"https:\/\/ketest.4-dimensional.ch\/de\/wp-json\/wp\/v2\/product"}],"about":[{"href":"https:\/\/ketest.4-dimensional.ch\/de\/wp-json\/wp\/v2\/types\/product"}],"replies":[{"embeddable":true,"href":"https:\/\/ketest.4-dimensional.ch\/de\/wp-json\/wp\/v2\/comments?post=18115"}],"wp:featuredmedia":[{"embeddable":true,"href":"https:\/\/ketest.4-dimensional.ch\/de\/wp-json\/wp\/v2\/media\/18131"}],"wp:attachment":[{"href":"https:\/\/ketest.4-dimensional.ch\/de\/wp-json\/wp\/v2\/media?parent=18115"}],"wp:term":[{"taxonomy":"product_cat","embeddable":true,"href":"https:\/\/ketest.4-dimensional.ch\/de\/wp-json\/wp\/v2\/product_cat?post=18115"},{"taxonomy":"product_tag","embeddable":true,"href":"https:\/\/ketest.4-dimensional.ch\/de\/wp-json\/wp\/v2\/product_tag?post=18115"}],"curies":[{"name":"wp","href":"https:\/\/api.w.org\/{rel}","templated":true}]}}