{"id":10292,"date":"2022-10-13T07:34:43","date_gmt":"2022-10-13T05:34:43","guid":{"rendered":"https:\/\/xmy.ch\/shop\/ke-sali-hypotonisches-energiegetraenk\/"},"modified":"2023-03-01T20:48:57","modified_gmt":"2023-03-01T19:48:57","slug":"energiegetraenk-ke-sali-hypotonc","status":"publish","type":"product","link":"https:\/\/ketest.4-dimensional.ch\/de\/shop\/hydratation-de\/energiegetraenk-ke-sali-hypotonc\/","title":{"rendered":"Energiegetr\u00e4nk Ke Sali Hypotonic"},"content":{"rendered":"<div id=\"wd-600aef8476f41\" class=\"wd-text-block-wrapper wd-wpb wd-rs-600aef8476f41 color-scheme-dark text-left vc_custom_1611329428846\">\n<div class=\"woodmart-title-container woodmart-text-block reset-last-child font-primary wd-font-weight-400 \">\n<div id=\"wd-5fafbca251970\" class=\"wd-text-block-wrapper wd-wpb wd-rs-5fafbca251970 color-scheme-dark text-left vc_custom_1605352620193\">\n<div class=\"woodmart-title-container woodmart-text-block reset-last-child font-primary wd-font-weight-400 \">\n<div id=\"wd-6057dcdf0980f\" class=\"wd-text-block-wrapper wd-wpb wd-rs-6057dcdf0980f color-scheme-dark text-left vc_custom_1616370925274\">\n<div class=\"woodmart-title-container woodmart-text-block reset-last-child font-primary wd-font-weight-400 \">Energiegetr\u00e4nk KE Sali <a href=\"https:\/\/www.keforma.com\/bevande-ipotoniche-e-sport-drink\/\">Hypotonisches<\/a>\u00a0 &#8230; ein Muss f\u00fcr Ihre Wasserflasche.<\/div>\n<\/div>\n<div class=\"wpb_text_column wpb_content_element vc_custom_1616368901475 text-larger\">\n<div class=\"wpb_wrapper\">\n<p><strong>KE SALI HYPOTONIC<\/strong> <strong>24 ist <\/strong>ein Energiegetr\u00e4nk mit Zucker und S\u00fc\u00dfstoff auf der Basis von einfachen und komplexen Kohlenhydraten in Pulverform zur Zubereitung eines hypotonischen Getr\u00e4nks, mit Ingwer gegen \u00dcbelkeit, Mineralsalzen und Vitaminen.<\/p>\n<p>Insbesondere Phosphor, Magnesium, Vitamin C, Thiamin und Vitamin B12 tragen zu einem normalen Energiestoffwechsel bei.<\/p>\n<\/div>\n<\/div>\n<div class=\"wpb_text_column wpb_content_element vc_custom_1616369266673 text-larger\">\n<div class=\"wpb_wrapper\">\n<p>Produkt ohne Gluten und Laktose.<\/p>\n<\/div>\n<\/div>\n<\/div>\n<\/div>\n<\/div>\n<\/div>\n<div class=\"wpb_text_column wpb_content_element vc_custom_1616205360806 text-larger\">\n<div class=\"wpb_wrapper\">\n<p><img decoding=\"async\" class=\"wd-lazy-load woodmart-lazy-load wd-lazy-fade info-icon image-1 wd-loaded\" style=\"text-align: center;\" title=\"KF_Logo-Charakteristik-Rot\" src=\"https:\/\/ketest.4-dimensional.ch\/wp-content\/uploads\/2020\/09\/KF_Logo-Feature-Red-45x45.png\" alt=\"KF_Logo-Charakteristik-Rot\" width=\"22\" height=\"22\" data-wood-src=\"https:\/\/ketest.4-dimensional.ch\/wp-content\/uploads\/2020\/09\/KF_Logo-Feature-Red-45x45.png\" data-pagespeed-url-hash=\"3879490219\" \/> Rehydrierung bei Ausdauersportarten<span style=\"text-align: center;\"><br \/>\n<img decoding=\"async\" class=\"wd-lazy-load woodmart-lazy-load wd-lazy-fade info-icon image-1 wd-loaded\" style=\"text-align: center;\" title=\"KF_Logo-Charakteristik-Rot\" src=\"https:\/\/ketest.4-dimensional.ch\/wp-content\/uploads\/2020\/09\/KF_Logo-Feature-Red-45x45.png\" alt=\"KF_Logo-Charakteristik-Rot\" width=\"22\" height=\"22\" data-wood-src=\"https:\/\/ketest.4-dimensional.ch\/wp-content\/uploads\/2020\/09\/KF_Logo-Feature-Red-45x45.png\" data-pagespeed-url-hash=\"3879490219\" \/> Reduziert M\u00fcdigkeit<br \/>\n<\/span><span style=\"text-align: center;\"><img decoding=\"async\" class=\"wd-lazy-load woodmart-lazy-load wd-lazy-fade info-icon image-1 wd-loaded\" style=\"text-align: center;\" title=\"KF_Logo-Charakteristik-Rot\" src=\"https:\/\/ketest.4-dimensional.ch\/wp-content\/uploads\/2020\/09\/KF_Logo-Feature-Red-45x45.png\" alt=\"KF_Logo-Charakteristik-Rot\" width=\"22\" height=\"22\" data-wood-src=\"https:\/\/ketest.4-dimensional.ch\/wp-content\/uploads\/2020\/09\/KF_Logo-Feature-Red-45x45.png\" data-pagespeed-url-hash=\"3879490219\" \/> N\u00fctzlich bei Dehydrierung und Ersch\u00f6pfung<br \/>\n<img decoding=\"async\" class=\"wd-lazy-load woodmart-lazy-load wd-lazy-fade info-icon image-1 wd-loaded\" style=\"text-align: center;\" title=\"KF_Logo-Charakteristik-Rot\" src=\"https:\/\/ketest.4-dimensional.ch\/wp-content\/uploads\/2020\/09\/KF_Logo-Feature-Red-45x45.png\" alt=\"KF_Logo-Charakteristik-Rot\" width=\"22\" height=\"22\" data-wood-src=\"https:\/\/ketest.4-dimensional.ch\/wp-content\/uploads\/2020\/09\/KF_Logo-Feature-Red-45x45.png\" data-pagespeed-url-hash=\"3879490219\" \/> Frei von Gluten und Laktose<\/span><span style=\"text-align: center;\"><br \/>\n<\/span><\/p>\n<\/div>\n<\/div>\n","protected":false},"excerpt":{"rendered":"<table class=\"bda-state-product\">\n<thead>\n<tr>\n<th class=\"bda-color\"><a href=\"de\/categoria-prodotto\/vor\/\">Vor<\/a><\/th>\n<th class=\"bda-color\"><a href=\"de\/categoria-prodotto\/wahrend\/\">W\u00e4hrend<\/a><\/th>\n<th class=\"bda-gray\"><a href=\"de\/categoria-prodotto\/nach\/\">Nach<\/a><\/th>\n<\/tr>\n<\/thead>\n<\/table>\n<p>Energiegetr\u00e4nk KE Sali \u00a0Hypotonic besteht aus einer Mischung aus Kohlenhydraten, Mineralien und B+C+D-Vitaminen sowie Ingwer und ist ein Muss in Ihrer Trinkflasche, um Sie bei l\u00e4ngeren Anstrengungen optimal mit Energie zu versorgen.<\/p>\n","protected":false},"featured_media":9623,"comment_status":"open","ping_status":"closed","template":"","meta":[],"product_cat":[283,443,445],"product_tag":[246,224,253,240,235,237,248,262,242],"class_list":{"0":"post-10292","1":"product","2":"type-product","3":"status-publish","4":"has-post-thumbnail","6":"product_cat-hydratation-de","7":"product_cat-vor","8":"product_cat-wahrend","9":"product_tag-athletik-de","10":"product_tag-ausdauer","11":"product_tag-fusball","12":"product_tag-laufen-de","13":"product_tag-radfahren-de","14":"product_tag-schwimmen","15":"product_tag-skifahren","16":"product_tag-tennis-de","17":"product_tag-triathlon-de","18":"pa_product-icons-glutenfrei","19":"pa_product-icons-kein-palmol","20":"pa_product-icons-laktosefrei","21":"pa_product-icons-vegetarisch","23":"first","24":"instock","25":"taxable","26":"shipping-taxable","27":"purchasable","28":"product-type-variable","29":"has-default-attributes"},"aioseo_notices":[],"_links":{"self":[{"href":"https:\/\/ketest.4-dimensional.ch\/de\/wp-json\/wp\/v2\/product\/10292","targetHints":{"allow":["GET"]}}],"collection":[{"href":"https:\/\/ketest.4-dimensional.ch\/de\/wp-json\/wp\/v2\/product"}],"about":[{"href":"https:\/\/ketest.4-dimensional.ch\/de\/wp-json\/wp\/v2\/types\/product"}],"replies":[{"embeddable":true,"href":"https:\/\/ketest.4-dimensional.ch\/de\/wp-json\/wp\/v2\/comments?post=10292"}],"wp:featuredmedia":[{"embeddable":true,"href":"https:\/\/ketest.4-dimensional.ch\/de\/wp-json\/wp\/v2\/media\/9623"}],"wp:attachment":[{"href":"https:\/\/ketest.4-dimensional.ch\/de\/wp-json\/wp\/v2\/media?parent=10292"}],"wp:term":[{"taxonomy":"product_cat","embeddable":true,"href":"https:\/\/ketest.4-dimensional.ch\/de\/wp-json\/wp\/v2\/product_cat?post=10292"},{"taxonomy":"product_tag","embeddable":true,"href":"https:\/\/ketest.4-dimensional.ch\/de\/wp-json\/wp\/v2\/product_tag?post=10292"}],"curies":[{"name":"wp","href":"https:\/\/api.w.org\/{rel}","templated":true}]}}