{"id":10249,"date":"2022-10-12T13:59:22","date_gmt":"2022-10-12T11:59:22","guid":{"rendered":"https:\/\/xmy.ch\/shop\/vo2-probiotikum\/"},"modified":"2022-11-19T15:34:46","modified_gmt":"2022-11-19T14:34:46","slug":"vo2-probiotikum","status":"publish","type":"product","link":"https:\/\/ketest.4-dimensional.ch\/de\/shop\/wohlbefinden\/vo2-probiotikum\/","title":{"rendered":"VO2 Probiotikum"},"content":{"rendered":"<div id=\"wd-600aef8476f41\" class=\"wd-text-block-wrapper wd-wpb wd-rs-600aef8476f41 color-scheme-dark text-left vc_custom_1611329428846\">\n<div class=\"woodmart-title-container woodmart-text-block reset-last-child font-primary wd-font-weight-400 \">\n<div id=\"wd-5fafbca251970\" class=\"wd-text-block-wrapper wd-wpb wd-rs-5fafbca251970 color-scheme-dark text-left vc_custom_1605352620193\">\n<div class=\"woodmart-title-container woodmart-text-block reset-last-child font-primary wd-font-weight-400 \">\n<div id=\"wd-5fad4a10ebb94\" class=\"wd-text-block-wrapper wd-wpb wd-rs-5fad4a10ebb94 color-scheme-dark text-left vc_custom_1605192243372\">\n<div class=\"woodmart-title-container woodmart-text-block reset-last-child font-primary wd-font-weight-400 \">\n<div id=\"wd-60c05e5639da8\" class=\"wd-text-block-wrapper wd-wpb wd-rs-60c05e5639da8 color-scheme-dark text-left vc_custom_1623219823775\">\n<div class=\"woodmart-title-container woodmart-text-block reset-last-child font-primary wd-font-weight-400 \">\n<div id=\"wd-60ad03f145393\" class=\"wd-text-block-wrapper wd-wpb wd-rs-60ad03f145393 color-scheme-dark text-left vc_custom_1621951500972\">\n<div class=\"woodmart-title-container woodmart-text-block reset-last-child font-primary wd-font-weight-400 \">\n<div id=\"wd-600c0a0356b37\" class=\"wd-text-block-wrapper wd-wpb wd-rs-600c0a0356b37 color-scheme-dark text-left vc_custom_1611401764776\">\n<div class=\"woodmart-title-container woodmart-text-block reset-last-child font-primary wd-font-weight-400 \">\n<div id=\"wd-5fa9a79765c14\" class=\"wd-text-block-wrapper wd-wpb wd-rs-5fa9a79765c14 color-scheme-dark text-left vc_custom_1604954043803\">\n<div class=\"woodmart-title-container woodmart-text-block reset-last-child font-primary wd-font-weight-400 \">Das Probiotikum mit VO2 <span class=\"add-border border-width-3 border-color-primary\"><strong>f\u00fcr den Bauch.<\/strong><br \/>\n<\/span><\/div>\n<\/div>\n<div class=\"wpb_text_column wpb_content_element vc_custom_1611317097301 text-larger\">\n<div class=\"wpb_wrapper\">\n<p><a href=\"https:\/\/www.keforma.com\/probiotici-sport-problemi-gastrointestinali-sistema-immunitario\/\">VO2 PROBIOTISCH<\/a> ist ein Probiotikum auf der Basis von Milchenzymen, die f\u00fcr das Gleichgewicht der Darmflora n\u00fctzlich sind, und Rote-Bete-Saft, der wegen seiner antioxidativen Eigenschaften n\u00fctzlich ist, mit Vitamin C, das zu einem normalen Energiestoffwechsel, einer normalen Funktion des Immunsystems, der Verringerung von M\u00fcdigkeit und Erm\u00fcdung und dem Schutz der Zellen vor oxidativem Stress beitr\u00e4gt.<\/p>\n<\/div>\n<\/div>\n<\/div>\n<\/div>\n<\/div>\n<\/div>\n<\/div>\n<\/div>\n<\/div>\n<\/div>\n<\/div>\n<\/div>\n<\/div>\n<\/div>\n<div class=\"wpb_text_column wpb_content_element vc_custom_1616205360806 text-larger\">\n<div class=\"wpb_wrapper\">\n<p><img decoding=\"async\" class=\"wd-lazy-load woodmart-lazy-load wd-lazy-fade info-icon image-1 wd-loaded\" style=\"text-align: center;\" title=\"KF_Logo-Charakteristik-Rot\" src=\"https:\/\/ketest.4-dimensional.ch\/wp-content\/uploads\/2020\/09\/KF_Logo-Feature-Red-45x45.png\" alt=\"KF_Logo-Charakteristik-Rot\" width=\"22\" height=\"22\" data-wood-src=\"https:\/\/ketest.4-dimensional.ch\/wp-content\/uploads\/2020\/09\/KF_Logo-Feature-Red-45x45.png\" data-pagespeed-url-hash=\"3879490219\" \/> Intensive Trainingsphasen und hohe Belastungen<span style=\"text-align: center;\"><br \/>\n<img decoding=\"async\" class=\"wd-lazy-load woodmart-lazy-load wd-lazy-fade info-icon image-1 wd-loaded\" style=\"text-align: center;\" title=\"KF_Logo-Charakteristik-Rot\" src=\"https:\/\/ketest.4-dimensional.ch\/wp-content\/uploads\/2020\/09\/KF_Logo-Feature-Red-45x45.png\" alt=\"KF_Logo-Charakteristik-Rot\" width=\"22\" height=\"22\" data-wood-src=\"https:\/\/ketest.4-dimensional.ch\/wp-content\/uploads\/2020\/09\/KF_Logo-Feature-Red-45x45.png\" data-pagespeed-url-hash=\"3879490219\" \/> Verbessert die aerobe Leistungsf\u00e4higkeit <a href=\"https:\/\/it.wikipedia.org\/wiki\/Massimo_consumo_di_ossigeno\">(VO2Max)<\/a><br \/>\n<\/span><span style=\"text-align: center;\"><img decoding=\"async\" class=\"wd-lazy-load woodmart-lazy-load wd-lazy-fade info-icon image-1 wd-loaded\" style=\"text-align: center;\" title=\"KF_Logo-Charakteristik-Rot\" src=\"https:\/\/ketest.4-dimensional.ch\/wp-content\/uploads\/2020\/09\/KF_Logo-Feature-Red-45x45.png\" alt=\"KF_Logo-Charakteristik-Rot\" width=\"22\" height=\"22\" data-wood-src=\"https:\/\/ketest.4-dimensional.ch\/wp-content\/uploads\/2020\/09\/KF_Logo-Feature-Red-45x45.png\" data-pagespeed-url-hash=\"3879490219\" \/> St\u00e4rkt das Immunsystem<br \/>\n<img decoding=\"async\" class=\"wd-lazy-load woodmart-lazy-load wd-lazy-fade info-icon image-1 wd-loaded\" style=\"text-align: center;\" title=\"KF_Logo-Charakteristik-Rot\" src=\"https:\/\/ketest.4-dimensional.ch\/wp-content\/uploads\/2020\/09\/KF_Logo-Feature-Red-45x45.png\" alt=\"KF_Logo-Charakteristik-Rot\" width=\"22\" height=\"22\" data-wood-src=\"https:\/\/ketest.4-dimensional.ch\/wp-content\/uploads\/2020\/09\/KF_Logo-Feature-Red-45x45.png\" data-pagespeed-url-hash=\"3879490219\" \/> Glutenfrei<\/span><span style=\"text-align: center;\"><br \/>\n<\/span><\/p>\n<\/div>\n<\/div>\n","protected":false},"excerpt":{"rendered":"<table class=\"bda-state-product\">\n<thead>\n<tr>\n<th class=\"bda-color\"><a href=\"de\/categoria-prodotto\/vor\/\">Vor<\/a><\/th>\n<th class=\"bda-gray\"><a href=\"de\/categoria-prodotto\/wahrend\/\">W\u00e4hrend<\/a><\/th>\n<th class=\"bda-color\"><a href=\"de\/categoria-prodotto\/nach\/\">Nach<\/a><\/th>\n<\/tr>\n<\/thead>\n<\/table>\n<p>VO2 Probiotic ist n\u00fctzlich f\u00fcr das Gleichgewicht der Darmmikrobiota. Sie st\u00e4rken das Immunsystem und verbessern die maximale aerobe Leistung (Vo2Max).<\/p>\n","protected":false},"featured_media":9605,"comment_status":"open","ping_status":"closed","template":"","meta":[],"product_cat":[220,447,443],"product_tag":[246,224,272,273,253,261,240,227,235,237,248,262,242,231],"class_list":{"0":"post-10249","1":"product","2":"type-product","3":"status-publish","4":"has-post-thumbnail","6":"product_cat-wohlbefinden","7":"product_cat-nach","8":"product_cat-vor","9":"product_tag-athletik-de","10":"product_tag-ausdauer","11":"product_tag-body-building-de","12":"product_tag-fitness-de","13":"product_tag-fusball","14":"product_tag-gymnasium","15":"product_tag-laufen-de","16":"product_tag-power-de","17":"product_tag-radfahren-de","18":"product_tag-schwimmen","19":"product_tag-skifahren","20":"product_tag-tennis-de","21":"product_tag-triathlon-de","22":"product_tag-wellness-de","23":"pa_product-icons-glutenfrei","24":"pa_product-icons-vegetarisch","26":"first","27":"outofstock","28":"taxable","29":"shipping-taxable","30":"purchasable","31":"product-type-variable","32":"has-default-attributes"},"aioseo_notices":[],"_links":{"self":[{"href":"https:\/\/ketest.4-dimensional.ch\/de\/wp-json\/wp\/v2\/product\/10249","targetHints":{"allow":["GET"]}}],"collection":[{"href":"https:\/\/ketest.4-dimensional.ch\/de\/wp-json\/wp\/v2\/product"}],"about":[{"href":"https:\/\/ketest.4-dimensional.ch\/de\/wp-json\/wp\/v2\/types\/product"}],"replies":[{"embeddable":true,"href":"https:\/\/ketest.4-dimensional.ch\/de\/wp-json\/wp\/v2\/comments?post=10249"}],"wp:featuredmedia":[{"embeddable":true,"href":"https:\/\/ketest.4-dimensional.ch\/de\/wp-json\/wp\/v2\/media\/9605"}],"wp:attachment":[{"href":"https:\/\/ketest.4-dimensional.ch\/de\/wp-json\/wp\/v2\/media?parent=10249"}],"wp:term":[{"taxonomy":"product_cat","embeddable":true,"href":"https:\/\/ketest.4-dimensional.ch\/de\/wp-json\/wp\/v2\/product_cat?post=10249"},{"taxonomy":"product_tag","embeddable":true,"href":"https:\/\/ketest.4-dimensional.ch\/de\/wp-json\/wp\/v2\/product_tag?post=10249"}],"curies":[{"name":"wp","href":"https:\/\/api.w.org\/{rel}","templated":true}]}}