{"id":10208,"date":"2022-10-10T09:05:32","date_gmt":"2022-10-10T07:05:32","guid":{"rendered":"https:\/\/xmy.ch\/shop\/maltogel-energie-gel\/"},"modified":"2023-03-01T20:48:47","modified_gmt":"2023-03-01T19:48:47","slug":"energiegel-maltogel","status":"publish","type":"product","link":"https:\/\/ketest.4-dimensional.ch\/de\/shop\/gel-de\/energiegel-maltogel\/","title":{"rendered":"Energiegel Maltogel"},"content":{"rendered":"<div id=\"wd-600aef8476f41\" class=\"wd-text-block-wrapper wd-wpb wd-rs-600aef8476f41 color-scheme-dark text-left vc_custom_1611329428846\">\n<div class=\"woodmart-title-container woodmart-text-block reset-last-child font-primary wd-font-weight-400 \">\n<div id=\"wd-5fa7dbbe84545\" class=\"wd-text-block-wrapper wd-wpb wd-rs-5fa7dbbe84545 color-scheme-dark text-left vc_custom_1604836317125\">\n<div class=\"woodmart-title-container woodmart-text-block reset-last-child font-primary wd-font-weight-400 \">\n<div id=\"wd-5fa7f355c771a\" class=\"wd-text-block-wrapper wd-wpb wd-rs-5fa7f355c771a color-scheme-dark text-left vc_custom_1604842331704\">\n<div class=\"woodmart-title-container woodmart-text-block reset-last-child font-primary wd-font-weight-400 \">\n<div id=\"wd-5fa7cb061b8c3\" class=\"wd-text-block-wrapper wd-wpb wd-rs-5fa7cb061b8c3 color-scheme-dark text-left vc_custom_1604832057250\">\n<div>\n<p>Das Energiegel <span class=\"add-border border-width-3 border-color-primary\"><strong>f\u00fcr Grundenergie.<\/strong><br \/>\n<\/span><\/p>\n<p>MALTOGEL ist ein konzentriertes Energie-Gel, das speziell f\u00fcr den Ausdauersport entwickelt wurde.<\/p>\n<\/div>\n<\/div>\n<div class=\"wpb_text_column wpb_content_element vc_custom_1616366915751 text-larger\">\n<div class=\"wpb_wrapper\">\n<p>Es besteht aus reinen <a href=\"https:\/\/it.wikipedia.org\/wiki\/Maltodestrina\">Maltodextrinen<\/a> (Kette 21) in Gelform, die den Blutzuckerspiegel w\u00e4hrend der gesamten Leistung konstant halten.<\/p>\n<\/div>\n<\/div>\n<div class=\"wpb_text_column wpb_content_element vc_custom_1616367804041 text-larger\">\n<div class=\"wpb_wrapper\">\n<p>Die Zusammensetzung dieses Energiegels, das durch ein PH-Kontrollverfahren gewonnen wird, erleichtert die Verdauung und verl\u00e4ngert die Energieaufnahme.<\/p>\n<\/div>\n<\/div>\n<div class=\"wpb_text_column wpb_content_element vc_custom_1616368690350 text-larger\">\n<div class=\"wpb_wrapper\">\n<p>Dies macht seine Verwendung ideal f\u00fcr langfristige Anstrengungen, bei denen die Verdauung und die Verwaltung der Energiereserven f\u00fcr eine optimale Leistung unerl\u00e4sslich sind.<\/p>\n<p>Produkt ohne Gluten und Laktose.<\/p>\n<\/div>\n<\/div>\n<\/div>\n<\/div>\n<\/div>\n<\/div>\n<\/div>\n<\/div>\n<div class=\"wpb_text_column wpb_content_element vc_custom_1616205360806 text-larger\">\n<div class=\"wpb_wrapper\">\n<p><img decoding=\"async\" class=\"wd-lazy-load woodmart-lazy-load wd-lazy-fade info-icon image-1 wd-loaded\" style=\"text-align: center;\" title=\"KF_Logo-Feature-Rot\" src=\"https:\/\/ketest.4-dimensional.ch\/wp-content\/uploads\/2020\/09\/KF_Logo-Feature-Red-45x45.png\" alt=\"KF_Logo-Feature-Rot\" width=\"22\" height=\"22\" data-wood-src=\"https:\/\/ketest.4-dimensional.ch\/wp-content\/uploads\/2020\/09\/KF_Logo-Feature-Red-45x45.png\" data-pagespeed-url-hash=\"3879490219\" \/> Langsam freiwerdende Energie<br \/>\n<img decoding=\"async\" class=\"wd-lazy-load woodmart-lazy-load wd-lazy-fade info-icon image-1 wd-loaded\" style=\"text-align: center;\" title=\"KF_Logo-Feature-Rot\" src=\"https:\/\/ketest.4-dimensional.ch\/wp-content\/uploads\/2020\/09\/KF_Logo-Feature-Red-45x45.png\" alt=\"KF_Logo-Feature-Rot\" width=\"22\" height=\"22\" data-wood-src=\"https:\/\/ketest.4-dimensional.ch\/wp-content\/uploads\/2020\/09\/KF_Logo-Feature-Red-45x45.png\" data-pagespeed-url-hash=\"3879490219\" \/> Keine Fl\u00fcssigkeitsaufnahme<br \/>\n<span style=\"text-align: center;\"><img decoding=\"async\" class=\"wd-lazy-load woodmart-lazy-load wd-lazy-fade info-icon image-1 wd-loaded\" style=\"text-align: center;\" title=\"KF_Logo-Feature-Rot\" src=\"https:\/\/ketest.4-dimensional.ch\/wp-content\/uploads\/2020\/09\/KF_Logo-Feature-Red-45x45.png\" alt=\"KF_Logo-Feature-Rot\" width=\"22\" height=\"22\" data-wood-src=\"https:\/\/ketest.4-dimensional.ch\/wp-content\/uploads\/2020\/09\/KF_Logo-Feature-Red-45x45.png\" data-pagespeed-url-hash=\"3879490219\" \/> Vermeidet gastrointestinale St\u00f6rungen<br \/>\n<img decoding=\"async\" class=\"wd-lazy-load woodmart-lazy-load wd-lazy-fade info-icon image-1 wd-loaded\" style=\"text-align: center;\" title=\"KF_Logo-Feature-Rot\" src=\"https:\/\/ketest.4-dimensional.ch\/wp-content\/uploads\/2020\/09\/KF_Logo-Feature-Red-45x45.png\" alt=\"KF_Logo-Feature-Rot\" width=\"22\" height=\"22\" data-wood-src=\"https:\/\/ketest.4-dimensional.ch\/wp-content\/uploads\/2020\/09\/KF_Logo-Feature-Red-45x45.png\" data-pagespeed-url-hash=\"3879490219\" \/> Stabiler Blutzuckerspiegel<br \/>\n<\/span><\/p>\n<\/div>\n<\/div>\n","protected":false},"excerpt":{"rendered":"<table class=\"bda-state-product\">\n<thead>\n<tr>\n<th class=\"bda-color\"><a href=\"de\/categoria-prodotto\/vor\/\">Vor<\/a><\/th>\n<th class=\"bda-color\"><a href=\"de\/categoria-prodotto\/wahrend\/\">W\u00e4hrend<\/a><\/th>\n<th class=\"bda-gray\"><a href=\"de\/categoria-prodotto\/nach\/\">Nach<\/a><\/th>\n<\/tr>\n<\/thead>\n<\/table>\n<p>Das vollst\u00e4ndig fl\u00fcssige Energiegel mit verl\u00e4ngerter Wirkstofffreisetzung, 100% reines Maltodextrin, ohne Wasser und mit PH-Kontrolle.<\/p>\n","protected":false},"featured_media":9563,"comment_status":"open","ping_status":"closed","template":"","meta":[],"product_cat":[226,443,445],"product_tag":[246,224,240,235,237,248,242],"class_list":{"0":"post-10208","1":"product","2":"type-product","3":"status-publish","4":"has-post-thumbnail","6":"product_cat-gel-de","7":"product_cat-vor","8":"product_cat-wahrend","9":"product_tag-athletik-de","10":"product_tag-ausdauer","11":"product_tag-laufen-de","12":"product_tag-radfahren-de","13":"product_tag-schwimmen","14":"product_tag-skifahren","15":"product_tag-triathlon-de","16":"pa_product-icons-glutenfrei","17":"pa_product-icons-kein-palmol","18":"pa_product-icons-laktosefrei","19":"pa_product-icons-vegetarisch","21":"first","22":"instock","23":"taxable","24":"shipping-taxable","25":"purchasable","26":"product-type-variable"},"aioseo_notices":[],"_links":{"self":[{"href":"https:\/\/ketest.4-dimensional.ch\/de\/wp-json\/wp\/v2\/product\/10208","targetHints":{"allow":["GET"]}}],"collection":[{"href":"https:\/\/ketest.4-dimensional.ch\/de\/wp-json\/wp\/v2\/product"}],"about":[{"href":"https:\/\/ketest.4-dimensional.ch\/de\/wp-json\/wp\/v2\/types\/product"}],"replies":[{"embeddable":true,"href":"https:\/\/ketest.4-dimensional.ch\/de\/wp-json\/wp\/v2\/comments?post=10208"}],"wp:featuredmedia":[{"embeddable":true,"href":"https:\/\/ketest.4-dimensional.ch\/de\/wp-json\/wp\/v2\/media\/9563"}],"wp:attachment":[{"href":"https:\/\/ketest.4-dimensional.ch\/de\/wp-json\/wp\/v2\/media?parent=10208"}],"wp:term":[{"taxonomy":"product_cat","embeddable":true,"href":"https:\/\/ketest.4-dimensional.ch\/de\/wp-json\/wp\/v2\/product_cat?post=10208"},{"taxonomy":"product_tag","embeddable":true,"href":"https:\/\/ketest.4-dimensional.ch\/de\/wp-json\/wp\/v2\/product_tag?post=10208"}],"curies":[{"name":"wp","href":"https:\/\/api.w.org\/{rel}","templated":true}]}}