{"id":10204,"date":"2022-10-11T18:27:40","date_gmt":"2022-10-11T16:27:40","guid":{"rendered":"https:\/\/xmy.ch\/shop\/nahrungsergaenzungsmittel-l-carnitin\/"},"modified":"2023-03-01T20:53:16","modified_gmt":"2023-03-01T19:53:16","slug":"nahrungsergaenzung-l-carnitin","status":"publish","type":"product","link":"https:\/\/ketest.4-dimensional.ch\/de\/shop\/energie-de\/nahrungsergaenzung-l-carnitin\/","title":{"rendered":"Nahrungserg\u00e4nzung L-Carnitin"},"content":{"rendered":"<div id=\"wd-600ab02c18b27\" class=\"wd-text-block-wrapper wd-wpb wd-rs-600ab02c18b27 color-scheme-dark text-left vc_custom_1611313204556\">\n<div class=\"woodmart-title-container woodmart-text-block reset-last-child font-primary wd-font-weight-400 \">\n<div id=\"wd-600adc3e021eb\" class=\"wd-text-block-wrapper wd-wpb wd-rs-600adc3e021eb color-scheme-dark text-left vc_custom_1611324504105\">\n<div class=\"woodmart-title-container woodmart-text-block reset-last-child font-primary wd-font-weight-400 \">\n<div id=\"wd-600adca222db7\" class=\"wd-text-block-wrapper wd-wpb wd-rs-600adca222db7 color-scheme-dark text-left vc_custom_1611324589626\">\n<div class=\"woodmart-title-container woodmart-text-block reset-last-child font-primary wd-font-weight-400 \">\n<div id=\"wd-5fafa4173ec7a\" class=\"wd-text-block-wrapper wd-wpb wd-rs-5fafa4173ec7a color-scheme-dark text-left vc_custom_1605346333865\">\n<div class=\"woodmart-title-container woodmart-text-block reset-last-child font-primary wd-font-weight-400 \">Nahrungserg\u00e4nzung mit L-Carnitin zur Optimierung der <span class=\"add-border border-width-3 border-color-primary\"><strong>Fettverwertung.<\/strong><br \/>\n<\/span><\/div>\n<\/div>\n<div class=\"wpb_text_column wpb_content_element vc_custom_1611321625981 text-larger\">\n<div class=\"wpb_wrapper\">\n<p>Nahrungserg\u00e4nzung <a href=\"https:\/\/www.keforma.com\/carnitina-benefici\/\">mit L-Carnitin<\/a>, das die Fettverwertung zur Energiegewinnung optimiert und der M\u00fcdigkeit entgegenwirkt.<\/p>\n<div class=\"info-box-wrapper\">\n<div id=\"wd-5fafa4c862fd7\" class=\" wd-rs-5fafa4c862fd7 wd-info-box woodmart-info-box wd-wpb text-right box-icon-align-right box-style- color-scheme- wd-bg-none box-title-default vc_custom_1605346510932\">\n<div class=\"info-box-content\">\n<p class=\"info-box-title title wd-font-weight- box-title-style-default wd-fontsize-m\">100% L-Carnitin<br \/>\nAminos\u00e4uretransporter f\u00fcr langkettige Fetts\u00e4uren innerhalb der Mitochondrien zur Energiegewinnung.<br \/>\nEs f\u00f6rdert das reibungslose Funktionieren von Nerven und Muskeln, einschlie\u00dflich des Herzens.<\/p>\n<\/div>\n<\/div>\n<\/div>\n<div class=\"info-box-wrapper\">\n<div id=\"wd-5f92d6aa9899d\" class=\" wd-rs-5f92d6aa9899d wd-info-box woodmart-info-box wd-wpb text-right box-icon-align-right box-style- color-scheme- wd-bg-none box-title-default vc_custom_1603458733991\">\n<div class=\"info-box-content\">\n<p class=\"info-box-title title wd-font-weight- box-title-style-default wd-fontsize-m\"><img decoding=\"async\" class=\"wd-lazy-load woodmart-lazy-load wd-lazy-fade info-icon image-1 wd-loaded\" style=\"text-align: center;\" title=\"KF_Logo-Feature-Rot\" src=\"https:\/\/ketest.4-dimensional.ch\/wp-content\/uploads\/2020\/09\/KF_Logo-Feature-Red-45x45.png\" alt=\"KF_Logo-Feature-Rot\" width=\"22\" height=\"22\" data-wood-src=\"https:\/\/ketest.4-dimensional.ch\/wp-content\/uploads\/2020\/09\/KF_Logo-Feature-Red-45x45.png\" data-pagespeed-url-hash=\"3879490219\" \/> Verwertung von Fetten f\u00fcr energetische Zwecke<br \/>\n<img decoding=\"async\" class=\"wd-lazy-load woodmart-lazy-load wd-lazy-fade info-icon image-1 wd-loaded\" style=\"text-align: center;\" title=\"KF_Logo-Feature-Rot\" src=\"https:\/\/ketest.4-dimensional.ch\/wp-content\/uploads\/2020\/09\/KF_Logo-Feature-Red-45x45.png\" alt=\"KF_Logo-Feature-Rot\" width=\"22\" height=\"22\" data-wood-src=\"https:\/\/ketest.4-dimensional.ch\/wp-content\/uploads\/2020\/09\/KF_Logo-Feature-Red-45x45.png\" data-pagespeed-url-hash=\"3879490219\" \/><span style=\"text-align: center;\"> Ausgewogene und anhaltende Energieversorgung<br \/>\n<\/span><img decoding=\"async\" class=\"wd-lazy-load woodmart-lazy-load wd-lazy-fade info-icon image-1 wd-loaded\" style=\"text-align: center;\" title=\"KF_Logo-Feature-Rot\" src=\"https:\/\/ketest.4-dimensional.ch\/wp-content\/uploads\/2020\/09\/KF_Logo-Feature-Red-45x45.png\" alt=\"KF_Logo-Feature-Rot\" width=\"22\" height=\"22\" data-wood-src=\"https:\/\/ketest.4-dimensional.ch\/wp-content\/uploads\/2020\/09\/KF_Logo-Feature-Red-45x45.png\" data-pagespeed-url-hash=\"3879490219\" \/><span style=\"text-align: center;\"> Gute Funktion von Nerven und Muskeln<br \/>\n<\/span><img decoding=\"async\" class=\"wd-lazy-load woodmart-lazy-load wd-lazy-fade info-icon image-1 wd-loaded\" style=\"text-align: center;\" title=\"KF_Logo-Feature-Rot\" src=\"https:\/\/ketest.4-dimensional.ch\/wp-content\/uploads\/2020\/09\/KF_Logo-Feature-Red-45x45.png\" alt=\"KF_Logo-Feature-Rot\" width=\"22\" height=\"22\" data-wood-src=\"https:\/\/ketest.4-dimensional.ch\/wp-content\/uploads\/2020\/09\/KF_Logo-Feature-Red-45x45.png\" data-pagespeed-url-hash=\"3879490219\" \/><span style=\"text-align: center;\"> Gluten- und laktosefrei<\/span><\/p>\n<\/div>\n<\/div>\n<\/div>\n<\/div>\n<\/div>\n<\/div>\n<\/div>\n<\/div>\n<\/div>\n<\/div>\n<\/div>\n","protected":false},"excerpt":{"rendered":"<table class=\"bda-state-product\">\n<thead>\n<tr>\n<th class=\"bda-color\"><a href=\"de\/categoria-prodotto\/vor\/\">Vor<\/a><\/th>\n<th class=\"bda-gray\"><a href=\"de\/categoria-prodotto\/wahrend\/\">W\u00e4hrend<\/a><\/th>\n<th class=\"bda-gray\"><a href=\"de\/categoria-prodotto\/nach\/\">Nach<\/a><\/th>\n<\/tr>\n<\/thead>\n<\/table>\n<p>Nahrungserg\u00e4nzung L-Carnitin in fl\u00fcssiger, energiereicher Form, um die Nutzung der Lipide zur Energiegewinnung zu optimieren und der M\u00fcdigkeit entgegenzuwirken.<\/p>\n","protected":false},"featured_media":9595,"comment_status":"open","ping_status":"closed","template":"","meta":[],"product_cat":[257,443],"product_tag":[224,253,261,240,227,235,237,248,262,242,231],"class_list":{"0":"post-10204","1":"product","2":"type-product","3":"status-publish","4":"has-post-thumbnail","6":"product_cat-energie-de","7":"product_cat-vor","8":"product_tag-ausdauer","9":"product_tag-fusball","10":"product_tag-gymnasium","11":"product_tag-laufen-de","12":"product_tag-power-de","13":"product_tag-radfahren-de","14":"product_tag-schwimmen","15":"product_tag-skifahren","16":"product_tag-tennis-de","17":"product_tag-triathlon-de","18":"product_tag-wellness-de","19":"pa_product-icons-glutenfrei","20":"pa_product-icons-kein-palmol","21":"pa_product-icons-laktosefrei","22":"pa_product-icons-vegetarisch","24":"first","25":"instock","26":"taxable","27":"shipping-taxable","28":"purchasable","29":"product-type-variable","30":"has-default-attributes"},"aioseo_notices":[],"_links":{"self":[{"href":"https:\/\/ketest.4-dimensional.ch\/de\/wp-json\/wp\/v2\/product\/10204","targetHints":{"allow":["GET"]}}],"collection":[{"href":"https:\/\/ketest.4-dimensional.ch\/de\/wp-json\/wp\/v2\/product"}],"about":[{"href":"https:\/\/ketest.4-dimensional.ch\/de\/wp-json\/wp\/v2\/types\/product"}],"replies":[{"embeddable":true,"href":"https:\/\/ketest.4-dimensional.ch\/de\/wp-json\/wp\/v2\/comments?post=10204"}],"wp:featuredmedia":[{"embeddable":true,"href":"https:\/\/ketest.4-dimensional.ch\/de\/wp-json\/wp\/v2\/media\/9595"}],"wp:attachment":[{"href":"https:\/\/ketest.4-dimensional.ch\/de\/wp-json\/wp\/v2\/media?parent=10204"}],"wp:term":[{"taxonomy":"product_cat","embeddable":true,"href":"https:\/\/ketest.4-dimensional.ch\/de\/wp-json\/wp\/v2\/product_cat?post=10204"},{"taxonomy":"product_tag","embeddable":true,"href":"https:\/\/ketest.4-dimensional.ch\/de\/wp-json\/wp\/v2\/product_tag?post=10204"}],"curies":[{"name":"wp","href":"https:\/\/api.w.org\/{rel}","templated":true}]}}