{"id":10152,"date":"2022-10-10T10:32:26","date_gmt":"2022-10-10T08:32:26","guid":{"rendered":"https:\/\/xmy.ch\/shop\/nahrungsergaenzungsmittel-condroart\/"},"modified":"2023-03-01T20:53:14","modified_gmt":"2023-03-01T19:53:14","slug":"nahrungsergaenzung-condroart","status":"publish","type":"product","link":"https:\/\/ketest.4-dimensional.ch\/de\/shop\/wohlbefinden\/nahrungsergaenzung-condroart\/","title":{"rendered":"Nahrungserg\u00e4nzung Condroart"},"content":{"rendered":"<div id=\"wd-600aef8476f41\" class=\"wd-text-block-wrapper wd-wpb wd-rs-600aef8476f41 color-scheme-dark text-left vc_custom_1611329428846\">\n<div class=\"woodmart-title-container woodmart-text-block reset-last-child font-primary wd-font-weight-400 \">\n<div id=\"wd-5fafbca251970\" class=\"wd-text-block-wrapper wd-wpb wd-rs-5fafbca251970 color-scheme-dark text-left vc_custom_1605352620193\">\n<div class=\"woodmart-title-container woodmart-text-block reset-last-child font-primary wd-font-weight-400 \">\n<div id=\"wd-5fad4a10ebb94\" class=\"wd-text-block-wrapper wd-wpb wd-rs-5fad4a10ebb94 color-scheme-dark text-left vc_custom_1605192243372\">\n<div class=\"woodmart-title-container woodmart-text-block reset-last-child font-primary wd-font-weight-400 \">\n<div id=\"wd-60c05e5639da8\" class=\"wd-text-block-wrapper wd-wpb wd-rs-60c05e5639da8 color-scheme-dark text-left vc_custom_1623219823775\">\n<div class=\"woodmart-title-container woodmart-text-block reset-last-child font-primary wd-font-weight-400 \">\n<div id=\"wd-60ad03f145393\" class=\"wd-text-block-wrapper wd-wpb wd-rs-60ad03f145393 color-scheme-dark text-left vc_custom_1621951500972\">\n<div class=\"woodmart-title-container woodmart-text-block reset-last-child font-primary wd-font-weight-400 \">Das Nahrungserg\u00e4nzung f\u00fcr <span class=\"add-border border-width-3 border-color-primary\"><strong>Gelenke.<\/strong><br \/>\n<\/span><\/div>\n<\/div>\n<div class=\"wpb_text_column wpb_content_element vc_custom_1621950793270 text-larger\">\n<div class=\"wpb_wrapper\">\n<p><strong>CONDROART <\/strong>ist ein Nahrungserg\u00e4nzung basiert auf <a href=\"https:\/\/youtu.be\/XdPj47scB9A\">ULTRAJOINT\u2122<\/a> pflanzlichem Glucosamin, Kollagen und Methylsulfonylmethan mit Chondroitinsulfat, Bromelain, Natriumhyaluronat und Vitamin C.<\/p>\n<p><strong>Iperformant Kollagen<\/strong><br \/>\nAls prim\u00e4res Strukturelement von Knochen, Knorpeln, Sehnen und B\u00e4ndern unterst\u00fctzt es die Heilung nach einem Trauma und beugt arthrotischen und osteoporotischen Erscheinungen vor. Hydrolysiertes Kollagen, entweder als kleine Kollagenpeptide oder als einzelne Aminos\u00e4uren, wird \u00fcber drei Transportmechanismen schnell aus dem D\u00fcnndarm aufgenommen. Wenn es in das Gewebe gelangt, \u00fcbt es eine strukturelle und stimulierende Rolle bei der Produktion von neuem Kollagen in Knochen, Gelenken, Muskeln und Haut aus.<\/p>\n<p><strong>ULTRAJOINT\u2122 pflanzliches Glucosamin<\/strong><br \/>\nAminopolysaccharid-Vorl\u00e4ufer bei der Herstellung von Glykosaminoglykanen, wichtigen Molek\u00fclen f\u00fcr die Synthese und Erhaltung von Knorpel und Gelenkfl\u00fcssigkeit. Es ist die wichtigste Vorstufe von Chondroitinsulfat.<\/p>\n<\/div>\n<\/div>\n<\/div>\n<\/div>\n<\/div>\n<\/div>\n<\/div>\n<\/div>\n<\/div>\n<\/div>\n<div class=\"wpb_text_column wpb_content_element vc_custom_1616205360806 text-larger\">\n<div class=\"wpb_wrapper\">\n<p><img decoding=\"async\" class=\"wd-lazy-load woodmart-lazy-load wd-lazy-fade info-icon image-1 wd-loaded\" style=\"text-align: center;\" title=\"KF_Logo-Charakteristik-Rot\" src=\"https:\/\/ketest.4-dimensional.ch\/wp-content\/uploads\/2020\/09\/KF_Logo-Feature-Red-45x45.png\" alt=\"KF_Logo-Charakteristik-Rot\" width=\"22\" height=\"22\" data-wood-src=\"https:\/\/ketest.4-dimensional.ch\/wp-content\/uploads\/2020\/09\/KF_Logo-Feature-Red-45x45.png\" data-pagespeed-url-hash=\"3879490219\" \/> H\u00e4lt die Gelenke gesund<span style=\"text-align: center;\"><br \/>\n<img decoding=\"async\" class=\"wd-lazy-load woodmart-lazy-load wd-lazy-fade info-icon image-1 wd-loaded\" style=\"text-align: center;\" title=\"KF_Logo-Charakteristik-Rot\" src=\"https:\/\/ketest.4-dimensional.ch\/wp-content\/uploads\/2020\/09\/KF_Logo-Feature-Red-45x45.png\" alt=\"KF_Logo-Charakteristik-Rot\" width=\"22\" height=\"22\" data-wood-src=\"https:\/\/ketest.4-dimensional.ch\/wp-content\/uploads\/2020\/09\/KF_Logo-Feature-Red-45x45.png\" data-pagespeed-url-hash=\"3879490219\" \/> Gelenkschutz<br \/>\n<\/span><span style=\"text-align: center;\"><img decoding=\"async\" class=\"wd-lazy-load woodmart-lazy-load wd-lazy-fade info-icon image-1 wd-loaded\" style=\"text-align: center;\" title=\"KF_Logo-Charakteristik-Rot\" src=\"https:\/\/ketest.4-dimensional.ch\/wp-content\/uploads\/2020\/09\/KF_Logo-Feature-Red-45x45.png\" alt=\"KF_Logo-Charakteristik-Rot\" width=\"22\" height=\"22\" data-wood-src=\"https:\/\/ketest.4-dimensional.ch\/wp-content\/uploads\/2020\/09\/KF_Logo-Feature-Red-45x45.png\" data-pagespeed-url-hash=\"3879490219\" \/> Funktionelle Erholung nach Verletzungen<br \/>\n<img decoding=\"async\" class=\"wd-lazy-load woodmart-lazy-load wd-lazy-fade info-icon image-1 wd-loaded\" style=\"text-align: center;\" title=\"KF_Logo-Charakteristik-Rot\" src=\"https:\/\/ketest.4-dimensional.ch\/wp-content\/uploads\/2020\/09\/KF_Logo-Feature-Red-45x45.png\" alt=\"KF_Logo-Charakteristik-Rot\" width=\"22\" height=\"22\" data-wood-src=\"https:\/\/ketest.4-dimensional.ch\/wp-content\/uploads\/2020\/09\/KF_Logo-Feature-Red-45x45.png\" data-pagespeed-url-hash=\"3879490219\" \/> Frei von Gluten und Laktose<\/span><span style=\"text-align: center;\"><br \/>\n<\/span><\/p>\n<\/div>\n<\/div>\n","protected":false},"excerpt":{"rendered":"<table class=\"bda-state-product\">\n<thead>\n<tr>\n<th class=\"bda-color\"><a href=\"de\/categoria-prodotto\/vor\/\">Vor<\/a><\/th>\n<th class=\"bda-gray\"><a href=\"de\/categoria-prodotto\/wahrend\/\">W\u00e4hrend<\/a><\/th>\n<th class=\"bda-color\"><a href=\"de\/categoria-prodotto\/nach\/\">Nach<\/a><\/th>\n<\/tr>\n<\/thead>\n<\/table>\n<p>Nahrungserg\u00e4nzung Condroart auf Basis von pflanzlichem Glucosamin, n\u00fctzlich f\u00fcr den Schutz und die Erhaltung der Gelenke, funktionelle Erholung nach Verletzungen.<\/p>\n","protected":false},"featured_media":9579,"comment_status":"open","ping_status":"closed","template":"","meta":[],"product_cat":[220,447,443],"product_tag":[246,224,272,273,253,261,240,227,235,237,248,262,242,231],"class_list":{"0":"post-10152","1":"product","2":"type-product","3":"status-publish","4":"has-post-thumbnail","6":"product_cat-wohlbefinden","7":"product_cat-nach","8":"product_cat-vor","9":"product_tag-athletik-de","10":"product_tag-ausdauer","11":"product_tag-body-building-de","12":"product_tag-fitness-de","13":"product_tag-fusball","14":"product_tag-gymnasium","15":"product_tag-laufen-de","16":"product_tag-power-de","17":"product_tag-radfahren-de","18":"product_tag-schwimmen","19":"product_tag-skifahren","20":"product_tag-tennis-de","21":"product_tag-triathlon-de","22":"product_tag-wellness-de","23":"pa_product-icons-glutenfrei","24":"pa_product-icons-laktosefrei","26":"first","27":"instock","28":"taxable","29":"shipping-taxable","30":"purchasable","31":"product-type-variable","32":"has-default-attributes"},"aioseo_notices":[],"_links":{"self":[{"href":"https:\/\/ketest.4-dimensional.ch\/de\/wp-json\/wp\/v2\/product\/10152","targetHints":{"allow":["GET"]}}],"collection":[{"href":"https:\/\/ketest.4-dimensional.ch\/de\/wp-json\/wp\/v2\/product"}],"about":[{"href":"https:\/\/ketest.4-dimensional.ch\/de\/wp-json\/wp\/v2\/types\/product"}],"replies":[{"embeddable":true,"href":"https:\/\/ketest.4-dimensional.ch\/de\/wp-json\/wp\/v2\/comments?post=10152"}],"wp:featuredmedia":[{"embeddable":true,"href":"https:\/\/ketest.4-dimensional.ch\/de\/wp-json\/wp\/v2\/media\/9579"}],"wp:attachment":[{"href":"https:\/\/ketest.4-dimensional.ch\/de\/wp-json\/wp\/v2\/media?parent=10152"}],"wp:term":[{"taxonomy":"product_cat","embeddable":true,"href":"https:\/\/ketest.4-dimensional.ch\/de\/wp-json\/wp\/v2\/product_cat?post=10152"},{"taxonomy":"product_tag","embeddable":true,"href":"https:\/\/ketest.4-dimensional.ch\/de\/wp-json\/wp\/v2\/product_tag?post=10152"}],"curies":[{"name":"wp","href":"https:\/\/api.w.org\/{rel}","templated":true}]}}