{"id":10111,"date":"2022-10-09T10:41:23","date_gmt":"2022-10-09T08:41:23","guid":{"rendered":"https:\/\/xmy.ch\/shop\/ke-energieriegel\/"},"modified":"2024-03-21T10:38:14","modified_gmt":"2024-03-21T09:38:14","slug":"energieriegel-ke-energy","status":"publish","type":"product","link":"https:\/\/ketest.4-dimensional.ch\/de\/shop\/energieriegel\/energieriegel-ke-energy\/","title":{"rendered":"Energieriegel Ke Energy"},"content":{"rendered":"<div id=\"wd-600ab02c18b27\" class=\"wd-text-block-wrapper wd-wpb wd-rs-600ab02c18b27 color-scheme-dark text-left vc_custom_1611313204556\">\n<div class=\"woodmart-title-container woodmart-text-block reset-last-child font-primary wd-font-weight-400 \">\n<div id=\"wd-60ace97677bb7\" class=\"wd-text-block-wrapper wd-wpb wd-rs-60ace97677bb7 color-scheme-dark text-left vc_custom_1621944734920\">\n<div class=\"woodmart-title-container woodmart-text-block reset-last-child font-primary wd-font-weight-400 \">KE ENERGY <strong>mit gemahlenen Trockenfr\u00fcchten.<\/strong><\/div>\n<\/div>\n<div class=\"wpb_text_column wpb_content_element vc_custom_1621944907759 text-larger\">\n<div class=\"wpb_wrapper\">\n<p>Der KE ENERGY <strong>Energieriegel<\/strong> liefert Energie aus verschiedenen Quellen: wie Kohlenhydrate, Fett und Eiwei\u00df.<br \/>\n<strong>Reich<\/strong> an essentiellen <strong>Spurenelementen<\/strong> und Mineralien dank einer perfekten <strong>Mischung aus Trockenfr\u00fcchten (Mandeln, Waln\u00fcsse, Erdn\u00fcsse, Pistazien, Sultaninen)<\/strong>. <strong><br \/>\nBetain<\/strong> <strong>ist<\/strong>ein pflanzliches Nutrazeutikum, das aus <a href=\"https:\/\/it.wikipedia.org\/wiki\/Beta_vulgaris\"><em>Beta Vulgaris<\/em> (Mangold<\/a> ) gewonnen wird und interessante F\u00e4higkeiten zur F\u00f6rderung der Mobilisierung und hepatischen Verwertung von Lipiden besitzt.<\/p>\n<p><img decoding=\"async\" class=\"wd-lazy-load woodmart-lazy-load wd-lazy-fade info-icon image-1 wd-loaded\" style=\"text-align: center;\" title=\"KF_Logo-Feature-Rot\" src=\"https:\/\/ketest.4-dimensional.ch\/wp-content\/uploads\/2020\/09\/KF_Logo-Feature-Red-45x45.png\" alt=\"KF_Logo-Feature-Rot\" width=\"22\" height=\"22\" data-wood-src=\"https:\/\/ketest.4-dimensional.ch\/wp-content\/uploads\/2020\/09\/KF_Logo-Feature-Red-45x45.png\" data-pagespeed-url-hash=\"3879490219\" \/> 100% nat\u00fcrlich<br \/>\n<img decoding=\"async\" class=\"wd-lazy-load woodmart-lazy-load wd-lazy-fade info-icon image-1 wd-loaded\" style=\"text-align: center;\" title=\"KF_Logo-Feature-Rot\" src=\"https:\/\/ketest.4-dimensional.ch\/wp-content\/uploads\/2020\/09\/KF_Logo-Feature-Red-45x45.png\" alt=\"KF_Logo-Feature-Rot\" width=\"22\" height=\"22\" data-wood-src=\"https:\/\/ketest.4-dimensional.ch\/wp-content\/uploads\/2020\/09\/KF_Logo-Feature-Red-45x45.png\" data-pagespeed-url-hash=\"3879490219\" \/><span style=\"text-align: center;\"> Energie aufladen<br \/>\n<\/span><img decoding=\"async\" class=\"wd-lazy-load woodmart-lazy-load wd-lazy-fade info-icon image-1 wd-loaded\" style=\"text-align: center;\" title=\"KF_Logo-Feature-Rot\" src=\"https:\/\/ketest.4-dimensional.ch\/wp-content\/uploads\/2020\/09\/KF_Logo-Feature-Red-45x45.png\" alt=\"KF_Logo-Feature-Rot\" width=\"22\" height=\"22\" data-wood-src=\"https:\/\/ketest.4-dimensional.ch\/wp-content\/uploads\/2020\/09\/KF_Logo-Feature-Red-45x45.png\" data-pagespeed-url-hash=\"3879490219\" \/><span style=\"text-align: center;\"> Laktose- und glutenfrei<br \/>\n<\/span><img decoding=\"async\" class=\"wd-lazy-load woodmart-lazy-load wd-lazy-fade info-icon image-1 wd-loaded\" style=\"text-align: center;\" title=\"KF_Logo-Feature-Rot\" src=\"https:\/\/ketest.4-dimensional.ch\/wp-content\/uploads\/2020\/09\/KF_Logo-Feature-Red-45x45.png\" alt=\"KF_Logo-Feature-Rot\" width=\"22\" height=\"22\" data-wood-src=\"https:\/\/ketest.4-dimensional.ch\/wp-content\/uploads\/2020\/09\/KF_Logo-Feature-Red-45x45.png\" data-pagespeed-url-hash=\"3879490219\" \/><span style=\"text-align: center;\"> Palm\u00f6lfrei<\/span><\/p>\n<\/div>\n<\/div>\n<\/div>\n<\/div>\n","protected":false},"excerpt":{"rendered":"<table class=\"bda-state-product\">\n<thead>\n<tr>\n<th class=\"bda-color\"><a href=\"de\/categoria-prodotto\/vor\/\">Vor<\/a><\/th>\n<th class=\"bda-color\"><a href=\"de\/categoria-prodotto\/wahrend\/\">W\u00e4hrend<\/a><\/th>\n<th class=\"bda-gray\"><a href=\"de\/categoria-prodotto\/nach\/\">Nach<\/a><\/th>\n<\/tr>\n<\/thead>\n<\/table>\n<p>Ausgewogener Energieriegel, der Energie aus verschiedenen Quellen liefert: Kohlenhydrate, Fette und Eiwei\u00df mit dem zus\u00e4tzlichen Bonus von Betain.<\/p>\n","protected":false},"featured_media":9555,"comment_status":"open","ping_status":"closed","template":"","meta":[],"product_cat":[319,443,445],"product_tag":[224,253,240,227,235,237,242,231],"class_list":{"0":"post-10111","1":"product","2":"type-product","3":"status-publish","4":"has-post-thumbnail","6":"product_cat-energieriegel","7":"product_cat-vor","8":"product_cat-wahrend","9":"product_tag-ausdauer","10":"product_tag-fusball","11":"product_tag-laufen-de","12":"product_tag-power-de","13":"product_tag-radfahren-de","14":"product_tag-schwimmen","15":"product_tag-triathlon-de","16":"product_tag-wellness-de","17":"pa_product-icons-glutenfrei","18":"pa_product-icons-kein-palmol","19":"pa_product-icons-laktosefrei","20":"pa_product-icons-vegetarisch","22":"first","23":"instock","24":"taxable","25":"shipping-taxable","26":"purchasable","27":"product-type-variable"},"aioseo_notices":[],"_links":{"self":[{"href":"https:\/\/ketest.4-dimensional.ch\/de\/wp-json\/wp\/v2\/product\/10111","targetHints":{"allow":["GET"]}}],"collection":[{"href":"https:\/\/ketest.4-dimensional.ch\/de\/wp-json\/wp\/v2\/product"}],"about":[{"href":"https:\/\/ketest.4-dimensional.ch\/de\/wp-json\/wp\/v2\/types\/product"}],"replies":[{"embeddable":true,"href":"https:\/\/ketest.4-dimensional.ch\/de\/wp-json\/wp\/v2\/comments?post=10111"}],"wp:featuredmedia":[{"embeddable":true,"href":"https:\/\/ketest.4-dimensional.ch\/de\/wp-json\/wp\/v2\/media\/9555"}],"wp:attachment":[{"href":"https:\/\/ketest.4-dimensional.ch\/de\/wp-json\/wp\/v2\/media?parent=10111"}],"wp:term":[{"taxonomy":"product_cat","embeddable":true,"href":"https:\/\/ketest.4-dimensional.ch\/de\/wp-json\/wp\/v2\/product_cat?post=10111"},{"taxonomy":"product_tag","embeddable":true,"href":"https:\/\/ketest.4-dimensional.ch\/de\/wp-json\/wp\/v2\/product_tag?post=10111"}],"curies":[{"name":"wp","href":"https:\/\/api.w.org\/{rel}","templated":true}]}}