{"id":9904,"date":"2022-12-29T20:48:02","date_gmt":"2022-12-29T19:48:02","guid":{"rendered":"https:\/\/xmy.ch\/kf-world\/"},"modified":"2022-12-29T20:48:33","modified_gmt":"2022-12-29T19:48:33","slug":"kf-world","status":"publish","type":"page","link":"https:\/\/ketest.4-dimensional.ch\/de\/kf-world\/","title":{"rendered":"KF WORLD"},"content":{"rendered":"<div class=\"wp-block-group\"><div class=\"wp-block-group__inner-container is-layout-flow wp-block-group-is-layout-flow\"><div class=\"wp-block-gutenverse-image guten-element guten-image guten-zBzEGI\"><a class=\"guten-image-wrapper\"><img fetchpriority=\"high\" decoding=\"async\" class=\"gutenverse-image-box-filled\" src=\"https:\/\/ketest.4-dimensional.ch\/wp-content\/uploads\/2022\/12\/KFWORLD.png\" height=\"1063\" width=\"1063\"><\/a><\/div>\n\n<p class=\"has-text-align-center\">Wir wissen, dass Sie unabh\u00e4ngig von Ihrer Sportart und Ihrem Ziel &#8230;. auch im Mannschaftssport &#8230; <strong>SIE GEWINNEN NIE ALLEIN<\/strong>.<br\/>Jeden Tag brauchen Sie Selbstverleugnung, Engagement, Motivation, Positivit\u00e4t, Ziele, Hartn\u00e4ckigkeit &#8230; wir k\u00f6nnen Ihnen hier nicht helfen, aber <strong>wir k\u00f6nnen Sie mit unserer Beratung<\/strong>, ma\u00dfgeschneiderten Integrationspl\u00e4nen, unserer Erfahrung und nat\u00fcrlich unseren besten Produkten <strong>unterst\u00fctzen<\/strong>.<\/p>\n\n<p class=\"has-text-align-center\">Deshalb stehen wir zu Sportlern, Themen und Veranstaltungen, die unsere Philosophie und Mission zu 100 % teilen und unterst\u00fctzen.<\/p>\n\n<p class=\"has-text-align-center\">Die Wissenschaft weist den Weg &#8230; wir folgen ihr und setzen sie in etwas N\u00fctzliches und Gutes f\u00fcr den Athleten und seine Leistung um, was auch immer das sein mag.<br\/><strong>Team KeForma Schweiz<\/strong><\/p><\/div><\/div><div class=\"section-wrapper\" data-id=\"H8d2EO\"><section class=\"wp-block-gutenverse-section guten-element guten-section guten-H8d2EO layout-boxed align-stretch\"><div class=\"guten-background-overlay\"><\/div><div class=\"guten-shape-divider guten-shape-divider-top\"><\/div><div class=\"guten-shape-divider guten-shape-divider-bottom\"><\/div><div class=\"guten-container guten-column-gap-default\"><div class=\"wp-block-gutenverse-column guten-element guten-column guten-AoWPJO\"><div class=\"guten-background-overlay\"><\/div><div class=\"sticky-wrapper\" data-id=\"AoWPJO\"><div class=\"guten-column-wrapper\"><div class=\"section-wrapper\" data-id=\"PVvNz3\"><section class=\"wp-block-gutenverse-section guten-element guten-section guten-PVvNz3 layout-boxed align-stretch\"><div class=\"guten-background-overlay\"><\/div><div class=\"guten-shape-divider guten-shape-divider-top\"><\/div><div class=\"guten-shape-divider guten-shape-divider-bottom\"><\/div><div class=\"guten-container guten-column-gap-no\"><div class=\"wp-block-gutenverse-column guten-element guten-column guten-6v8Nk9\"><div class=\"guten-background-overlay\"><\/div><div class=\"sticky-wrapper\" data-id=\"6v8Nk9\"><div class=\"guten-column-wrapper\"><div class=\"guten-element guten-spacer guten-PPRAWw\"><\/div><\/div><\/div><\/div>\n\n<div class=\"wp-block-gutenverse-column guten-element guten-column guten-C2FamW\"><div class=\"guten-background-overlay\"><\/div><div class=\"sticky-wrapper\" data-id=\"C2FamW\"><div class=\"guten-column-wrapper\"><div class=\"guten-element guten-advanced-heading guten-yelKpQ animated guten-element-hide desktop-fadeInLeft\"><div class=\"heading-section \"><div class=\"heading-line before\"><\/div><h2 class=\"heading-title\">Team<span class=\"heading-focus\"><\/span><\/h2><\/div><span class=\"heading-subtitle\">Wir sind Triathlon seit 2016<\/span><\/div>\n\n<div class=\"guten-element gutenverse-text-editor guten-H5rWBY\"><div class=\"text-content-inner\"><p class=\"has-text-color\" style=\"color:#3a3d49\">Unser KeFORMA Performance Team besteht seit 2016 mit dem Ziel, eine solide Einheit zu sein, die vielversprechenden jungen Triathleten beim Start ihrer Profikarriere hilft.<\/p><\/div><\/div>\n\n<div class=\"guten-element guten-button-wrapper guten-BTgZlT\"><a class=\"guten-button guten-button-sm\" href=\"https:\/\/ketest.4-dimensional.ch\/de\/team\/\"><span>Zum Team gehen<\/span><\/a><\/div><\/div><\/div><\/div><\/div><\/section><\/div><\/div><\/div><\/div><\/div><\/section><\/div><div class=\"section-wrapper\" data-id=\"Dprc0W\"><section class=\"wp-block-gutenverse-section guten-element guten-section guten-Dprc0W layout-boxed align-stretch\"><div class=\"guten-background-overlay\"><\/div><div class=\"guten-shape-divider guten-shape-divider-top\"><\/div><div class=\"guten-shape-divider guten-shape-divider-bottom\"><\/div><div class=\"guten-container guten-column-gap-default\"><div class=\"wp-block-gutenverse-column guten-element guten-column guten-j6ojyR\"><div class=\"guten-background-overlay\"><\/div><div class=\"sticky-wrapper\" data-id=\"j6ojyR\"><div class=\"guten-column-wrapper\"><div class=\"section-wrapper\" data-id=\"sK0EZN\"><section class=\"wp-block-gutenverse-section guten-element guten-section guten-sK0EZN layout-boxed align-stretch\"><div class=\"guten-background-overlay\"><\/div><div class=\"guten-shape-divider guten-shape-divider-top\"><\/div><div class=\"guten-shape-divider guten-shape-divider-bottom\"><\/div><div class=\"guten-container guten-column-gap-no\"><div class=\"wp-block-gutenverse-column guten-element guten-column guten-UyU4sb\"><div class=\"guten-background-overlay\"><\/div><div class=\"sticky-wrapper\" data-id=\"UyU4sb\"><div class=\"guten-column-wrapper\"><div class=\"guten-element guten-advanced-heading guten-KdoDnC animated guten-element-hide desktop-fadeInLeft\"><div class=\"heading-section \"><div class=\"heading-line before\"><\/div><h2 class=\"heading-title\">Andere Kategorien<span class=\"heading-focus\"><\/span><\/h2><\/div><span class=\"heading-subtitle\">Wir sind Sportnahrung von bester Qualit\u00e4t  <\/span><\/div><\/div><\/div><\/div>\n\n<div class=\"wp-block-gutenverse-column guten-element guten-column guten-dBWwNb hide-mobile\"><div class=\"guten-background-overlay\"><\/div><div class=\"sticky-wrapper\" data-id=\"dBWwNb\"><div class=\"guten-column-wrapper\"><\/div><\/div><\/div><\/div><\/section><\/div>\n\n<div class=\"section-wrapper\" data-id=\"vLJh6x\"><section class=\"wp-block-gutenverse-section guten-element guten-section guten-vLJh6x layout-boxed align-stretch\"><div class=\"guten-background-overlay\"><\/div><div class=\"guten-shape-divider guten-shape-divider-top\"><\/div><div class=\"guten-shape-divider guten-shape-divider-bottom\"><\/div><div class=\"guten-container guten-column-gap-no\"><div class=\"wp-block-gutenverse-column guten-element guten-column guten-cO6xEN\"><div class=\"guten-background-overlay\"><\/div><div class=\"sticky-wrapper\" data-id=\"cO6xEN\"><div class=\"guten-column-wrapper\"><div class=\"guten-element guten-spacer guten-FQELbH\"><\/div>\n\n<h3 class=\"wp-block-gutenverse-heading guten-element guten-B7JdHF\"><a href=\"https:\/\/ketest.4-dimensional.ch\/de\/veranstaltungen\/\" title=\"Veranstaltungen\">Veranstaltungen<\/a><\/h3>\n\n<h6 class=\"wp-block-gutenverse-heading guten-element guten-SG5vxS\"><\/h6><\/div><\/div><\/div>\n\n<div class=\"wp-block-gutenverse-column guten-element guten-column guten-8sM87L\"><div class=\"guten-background-overlay\"><\/div><div class=\"sticky-wrapper\" data-id=\"8sM87L\"><div class=\"guten-column-wrapper\"><div class=\"section-wrapper\" data-id=\"Jly4gt\"><section class=\"wp-block-gutenverse-section guten-element guten-section guten-Jly4gt layout-boxed align-stretch\"><div class=\"guten-background-overlay\"><\/div><div class=\"guten-shape-divider guten-shape-divider-top\"><\/div><div class=\"guten-shape-divider guten-shape-divider-bottom\"><\/div><div class=\"guten-container guten-column-gap-no\"><div class=\"wp-block-gutenverse-column guten-element guten-column guten-WGb1JH\"><div class=\"guten-background-overlay\"><\/div><div class=\"sticky-wrapper\" data-id=\"WGb1JH\"><div class=\"guten-column-wrapper\"><div class=\"guten-element guten-spacer guten-LvLr0V\"><\/div>\n\n<h3 class=\"wp-block-gutenverse-heading guten-element guten-BnSOfF\">Athleten &amp; Mannschaften<\/h3>\n\n<h6 class=\"wp-block-gutenverse-heading guten-element guten-yXt6c8\"><\/h6><\/div><\/div><\/div><\/div><\/section><\/div>\n\n<div class=\"section-wrapper\" data-id=\"AOAI9d\"><section class=\"wp-block-gutenverse-section guten-element guten-section guten-AOAI9d layout-boxed align-stretch\"><div class=\"guten-background-overlay\"><\/div><div class=\"guten-shape-divider guten-shape-divider-top\"><\/div><div class=\"guten-shape-divider guten-shape-divider-bottom\"><\/div><div class=\"guten-container guten-column-gap-no\"><div class=\"wp-block-gutenverse-column guten-element guten-column guten-WFRrcs\"><div class=\"guten-background-overlay\"><\/div><div class=\"sticky-wrapper\" data-id=\"WFRrcs\"><div class=\"guten-column-wrapper\"><div class=\"guten-element guten-spacer guten-SZoZ0M\"><\/div>\n\n<h3 class=\"wp-block-gutenverse-heading guten-element guten-seSbjd\">Botschafter<\/h3>\n\n<h6 class=\"wp-block-gutenverse-heading guten-element guten-QEAm6e\"><\/h6><\/div><\/div><\/div><\/div><\/section><\/div><\/div><\/div><\/div><\/div><\/section><\/div><\/div><\/div><\/div><\/div><\/section><\/div>","protected":false},"excerpt":{"rendered":"<p>Wir wissen, dass Sie unabh\u00e4ngig von Ihrer Sportart und Ihrem Ziel &#8230;. auch im Mannschaftssport &#8230; SIE GEWINNEN NIE ALLEIN.Jeden Tag brauchen Sie Selbstverleugnung, Engagement, Motivation, Positivit\u00e4t, Ziele, Hartn\u00e4ckigkeit &#8230; wir k\u00f6nnen Ihnen hier nicht helfen, aber wir k\u00f6nnen Sie mit unserer Beratung, ma\u00dfgeschneiderten Integrationspl\u00e4nen, unserer Erfahrung und nat\u00fcrlich unseren besten Produkten unterst\u00fctzen. Deshalb stehen wir zu Sportlern, Themen und Veranstaltungen, die unsere Philosophie und Mission zu 100 % teilen und unterst\u00fctzen. Die Wissenschaft weist den Weg &#8230; wir folgen ihr und setzen sie&hellip;<\/p>\n","protected":false},"author":1,"featured_media":0,"parent":0,"menu_order":0,"comment_status":"closed","ping_status":"open","template":"","meta":{"footnotes":""},"class_list":["post-9904","page","type-page","status-publish","hentry"],"aioseo_notices":[],"_links":{"self":[{"href":"https:\/\/ketest.4-dimensional.ch\/de\/wp-json\/wp\/v2\/pages\/9904","targetHints":{"allow":["GET"]}}],"collection":[{"href":"https:\/\/ketest.4-dimensional.ch\/de\/wp-json\/wp\/v2\/pages"}],"about":[{"href":"https:\/\/ketest.4-dimensional.ch\/de\/wp-json\/wp\/v2\/types\/page"}],"author":[{"embeddable":true,"href":"https:\/\/ketest.4-dimensional.ch\/de\/wp-json\/wp\/v2\/users\/1"}],"replies":[{"embeddable":true,"href":"https:\/\/ketest.4-dimensional.ch\/de\/wp-json\/wp\/v2\/comments?post=9904"}],"version-history":[{"count":5,"href":"https:\/\/ketest.4-dimensional.ch\/de\/wp-json\/wp\/v2\/pages\/9904\/revisions"}],"predecessor-version":[{"id":16688,"href":"https:\/\/ketest.4-dimensional.ch\/de\/wp-json\/wp\/v2\/pages\/9904\/revisions\/16688"}],"wp:attachment":[{"href":"https:\/\/ketest.4-dimensional.ch\/de\/wp-json\/wp\/v2\/media?parent=9904"}],"curies":[{"name":"wp","href":"https:\/\/api.w.org\/{rel}","templated":true}]}}