{"id":9883,"date":"2019-04-08T05:47:08","date_gmt":"2019-04-08T03:47:08","guid":{"rendered":"https:\/\/xmy.ch\/ueber-uns\/"},"modified":"2022-11-13T16:15:22","modified_gmt":"2022-11-13T15:15:22","slug":"ueber-uns","status":"publish","type":"page","link":"https:\/\/ketest.4-dimensional.ch\/de\/ueber-uns\/","title":{"rendered":"\u00dcber uns"},"content":{"rendered":"<div class=\"wp-block-cover alignfull is-light\"><span aria-hidden=\"true\" class=\"wp-block-cover__background has-background-dim\"><\/span><img fetchpriority=\"high\" decoding=\"async\" width=\"1600\" height=\"1022\" class=\"wp-block-cover__image-background wp-image-9200\" alt=\"We Like You signage on white tile\" src=\"https:\/\/xmy.ch\/wp-content\/uploads\/2022\/10\/qg6lpxj6il4.jpg\" data-object-fit=\"cover\" srcset=\"https:\/\/ketest.4-dimensional.ch\/wp-content\/uploads\/2022\/10\/qg6lpxj6il4.jpg 1600w, https:\/\/ketest.4-dimensional.ch\/wp-content\/uploads\/2022\/10\/qg6lpxj6il4-360x230.jpg 360w, https:\/\/ketest.4-dimensional.ch\/wp-content\/uploads\/2022\/10\/qg6lpxj6il4-750x479.jpg 750w, https:\/\/ketest.4-dimensional.ch\/wp-content\/uploads\/2022\/10\/qg6lpxj6il4-445x284.jpg 445w, https:\/\/ketest.4-dimensional.ch\/wp-content\/uploads\/2022\/10\/qg6lpxj6il4-142x91.jpg 142w, https:\/\/ketest.4-dimensional.ch\/wp-content\/uploads\/2022\/10\/qg6lpxj6il4-1320x843.jpg 1320w\" sizes=\"(max-width: 1600px) 100vw, 1600px\" \/><div class=\"wp-block-cover__inner-container is-layout-flow wp-block-cover-is-layout-flow\"><p class=\"has-text-align-left has-large-font-size\"><\/p><\/div><\/div><div style=\"height:33px\" aria-hidden=\"true\" class=\"wp-block-spacer\"><\/div><p>Wir konzentrieren uns auf das <strong>BESTE in der Sportern\u00e4hrung<\/strong>; wir wollten, dass es gesund, effizient und leistungsstark ist und mit hochwertigen Rohstoffen und ohne Zusatzstoffe hergestellt wird.<\/p><p>Unser Ziel ist es, Ihnen die notwendigen Mittel an die Hand zu geben, damit Sie bereit sind, <strong>Ihre Rekorde zu brechen <\/strong>. Die richtige Ern\u00e4hrung ist ebenso wichtig wie die Planung Ihres Trainings.<\/p><p>Zus\u00e4tzlich zu unserer Produktpalette bieten wir Ihnen eine Vielzahl von Tipps, Ern\u00e4hrungsprogrammen und Rezepten f\u00fcr Ausdauer, Gewichtszunahme oder einfach zum Wohlf\u00fchlen.<\/p><p>Alles, was Sie wissen m\u00fcssen \u00fcber <strong>\n  <a href=\"https:\/\/ketest.4-dimensional.ch\/shop\" target=\"_blank\" rel=\"noopener\" title=\"\">KeFORMA Sportern\u00e4hrung<\/a>\n<\/strong><\/p><p>Die KeFORMA-Ern\u00e4hrungsprodukte werden im F\u00fcrstentum San Marino entwickelt und sind das Ergebnis einer engen Zusammenarbeit zwischen der Welt des Sports, der pharmazeutischen und wissenschaftlichen Industrie.<\/p><p>Ihre Zusammensetzung wurde in Zusammenarbeit mit professionellen Radsportlern und Triathleten entwickelt, um eine maximale Effizienz auf zellul\u00e4rer Ebene zu erreichen, <strong>sowohl vor, w\u00e4hrend als auch nach der Belastung<\/strong>. Besonderes Augenmerk wird auf die Qualit\u00e4t der Rohstoffe gelegt.<\/p><p>Unser Angebot deckt alle Leistungsaspekte ab, von der Vorbereitung bis zur Erholung, nat\u00fcrlich auch bei Wettk\u00e4mpfen, und bietet Ihnen pr\u00e4zise und ma\u00dfgeschneiderte Protokolle, um Black-outs zu vermeiden und das Beste aus Ihnen herauszuholen.<\/p><div style=\"height:20px\" aria-hidden=\"true\" class=\"wp-block-spacer\"><\/div><div class=\"wp-block-cover alignfull is-light\" style=\"min-height:430px;aspect-ratio:unset;\"><span aria-hidden=\"true\" class=\"wp-block-cover__background has-background-dim\"><\/span><img decoding=\"async\" width=\"1600\" height=\"1033\" class=\"wp-block-cover__image-background wp-image-9201\" alt=\"photo of silhouette photo of man standing on rock\" src=\"https:\/\/xmy.ch\/wp-content\/uploads\/2022\/10\/u3c79seha7k.jpg\" style=\"object-position:48% 35%\" data-object-fit=\"cover\" data-object-position=\"48% 35%\" srcset=\"https:\/\/ketest.4-dimensional.ch\/wp-content\/uploads\/2022\/10\/u3c79seha7k.jpg 1600w, https:\/\/ketest.4-dimensional.ch\/wp-content\/uploads\/2022\/10\/u3c79seha7k-360x232.jpg 360w, https:\/\/ketest.4-dimensional.ch\/wp-content\/uploads\/2022\/10\/u3c79seha7k-750x484.jpg 750w, https:\/\/ketest.4-dimensional.ch\/wp-content\/uploads\/2022\/10\/u3c79seha7k-445x287.jpg 445w, https:\/\/ketest.4-dimensional.ch\/wp-content\/uploads\/2022\/10\/u3c79seha7k-142x92.jpg 142w, https:\/\/ketest.4-dimensional.ch\/wp-content\/uploads\/2022\/10\/u3c79seha7k-1320x852.jpg 1320w\" sizes=\"(max-width: 1600px) 100vw, 1600px\" \/><div class=\"wp-block-cover__inner-container is-layout-flow wp-block-cover-is-layout-flow\"><p class=\"has-text-align-center has-large-font-size\"><\/p><\/div><\/div><h4 class=\"wp-block-heading\">WARUM SIND WIR ANDERS?<\/h4><p><strong>die &#8222;Details&#8220;, die den Unterschied ausmachen &#8230;<\/strong><\/p><p>&#8211; vollst\u00e4ndig im eigenen Haus mit ISO 9001\/DNV-zertifizierten Produktionssystemen hergestellt<\/p><p>&#8211; pharmazeutisches Labor, bestehend aus 26 Reinr\u00e4umen<\/p><p>&#8211; vollst\u00e4ndige Kontrolle jeder Produktionsphase und R\u00fcckverfolgbarkeit der Endprodukte<\/p><p>&#8211; Rohstoffe von internationalen Marken mit kontrollierter und zertifizierter Herkunft<\/p><p>&#8211; Produktion und Lagerung in temperatur- und feuchtigkeitskontrollierten Umgebungen<\/p><p>&#8211; wirksame Formulierungen und Dosierungen, die in wissenschaftlichen Studien getestet wurden<\/p><p>&#8211; Zusammenarbeit mit der Abteilung f\u00fcr Lebensmittelwissenschaften der Universit\u00e4t Bologna<\/p><p>&#8211; Zusammenarbeit mit Meinungsf\u00fchrern der Sportmedizin und Ern\u00e4hrungsbiologen<\/p><p>&#8211; alle unsere Nahrungserg\u00e4nzungsmittel sind dopingfrei und glutenfrei<\/p><div style=\"height:50px\" aria-hidden=\"true\" class=\"wp-block-spacer\"><\/div><div class=\"wp-block-group\"><div class=\"wp-block-group__inner-container is-layout-flow wp-block-group-is-layout-flow\"><div class=\"wp-block-cover alignright is-light\" style=\"min-height:475px;aspect-ratio:unset;\"><span aria-hidden=\"true\" class=\"wp-block-cover__background has-background-dim\"><\/span><img decoding=\"async\" width=\"1600\" height=\"1200\" class=\"wp-block-cover__image-background wp-image-9202\" alt=\"\" src=\"https:\/\/xmy.ch\/wp-content\/uploads\/2022\/10\/fploxanqt0a.jpg\" data-object-fit=\"cover\" srcset=\"https:\/\/ketest.4-dimensional.ch\/wp-content\/uploads\/2022\/10\/fploxanqt0a.jpg 1600w, https:\/\/ketest.4-dimensional.ch\/wp-content\/uploads\/2022\/10\/fploxanqt0a-360x270.jpg 360w, https:\/\/ketest.4-dimensional.ch\/wp-content\/uploads\/2022\/10\/fploxanqt0a-750x563.jpg 750w, https:\/\/ketest.4-dimensional.ch\/wp-content\/uploads\/2022\/10\/fploxanqt0a-445x334.jpg 445w, https:\/\/ketest.4-dimensional.ch\/wp-content\/uploads\/2022\/10\/fploxanqt0a-142x107.jpg 142w, https:\/\/ketest.4-dimensional.ch\/wp-content\/uploads\/2022\/10\/fploxanqt0a-1320x990.jpg 1320w\" sizes=\"(max-width: 1600px) 100vw, 1600px\" \/><div class=\"wp-block-cover__inner-container is-layout-flow wp-block-cover-is-layout-flow\"><p class=\"has-text-align-center has-large-font-size\"><\/p><\/div><\/div><\/div><\/div><p><\/p><h2 class=\"wp-block-heading\">Unser fantastisches TEAM<\/h2><p>Ihre Ern\u00e4hrung ist bei KeFORMA in guten H\u00e4nden<\/p><p>Wir <strong>bei KeFORMA Schweiz<\/strong> sind stolz darauf, diesen hochwertigen Produkten eine pers\u00f6nliche Note zu verleihen und unser Bestes zu tun, um Sie zu begleiten und Ihnen bei der Auswahl der besten Produkte f\u00fcr Ihre Disziplin und Ihre Ziele zu helfen.<\/p><p><strong>Details machen oft den Unterschied<\/strong> aus, und eine ma\u00dfgeschneiderte und gut kalibrierte Integration ist ein Synonym f\u00fcr Erfolg.<\/p><p>Ihre Zufriedenheit <strong>ist genauso wichtig wie die Qualit\u00e4t unserer Produkte<\/strong>; wir packen Ihre Pakete gerne pers\u00f6nlich ein, um sicherzustellen, dass Sie rundum zufrieden sind, und f\u00fcgen gleichzeitig ein paar Sonnenstrahlen aus dem Tessin hinzu!<\/p><p><br\/><\/p><div class=\"wp-block-cover alignleft has-custom-content-position is-position-top-left\" style=\"min-height:739px;aspect-ratio:unset;\"><span aria-hidden=\"true\" class=\"wp-block-cover__background has-background-dim\"><\/span><img loading=\"lazy\" decoding=\"async\" width=\"360\" height=\"761\" class=\"wp-block-cover__image-background wp-image-9197\" alt=\"\" src=\"https:\/\/xmy.ch\/wp-content\/uploads\/2022\/10\/20210611_183824-360x761-1.webp\" data-object-fit=\"cover\" srcset=\"https:\/\/ketest.4-dimensional.ch\/wp-content\/uploads\/2022\/10\/20210611_183824-360x761-1.webp 360w, https:\/\/ketest.4-dimensional.ch\/wp-content\/uploads\/2022\/10\/20210611_183824-360x761-1-76x160.webp 76w\" sizes=\"(max-width: 360px) 100vw, 360px\" \/><div class=\"wp-block-cover__inner-container is-layout-flow wp-block-cover-is-layout-flow\"><p class=\"has-text-align-center has-large-font-size\"><\/p><\/div><\/div><p><\/p><p><\/p><p><\/p><p><\/p><p>Unsere Produkte geh\u00f6ren zu den besten und fortschrittlichsten auf dem Sportern\u00e4hrungsmarkt.<br\/>Wir f\u00fcgen eine pers\u00f6nliche Kundenberatung und ein L\u00e4cheln hinzu, um sicherzustellen, dass Ihre Leistung Ihren Ambitionen entspricht.<br\/><\/p><p class=\"has-text-align-right\"><strong>MATTIA MONIGHETTI<\/strong> &#8211; <strong>Gr\u00fcnderin und Inhaberin<\/strong> KeFORMA Schweiz<\/p>","protected":false},"excerpt":{"rendered":"<p>Wir konzentrieren uns auf das BESTE in der Sportern\u00e4hrung; wir wollten, dass es gesund, effizient und leistungsstark ist und mit hochwertigen Rohstoffen und ohne Zusatzstoffe hergestellt wird. Unser Ziel ist es, Ihnen die notwendigen Mittel an die Hand zu geben, damit Sie bereit sind, Ihre Rekorde zu brechen . Die richtige Ern\u00e4hrung ist ebenso wichtig wie die Planung Ihres Trainings. Zus\u00e4tzlich zu unserer Produktpalette bieten wir Ihnen eine Vielzahl von Tipps, Ern\u00e4hrungsprogrammen und Rezepten f\u00fcr Ausdauer, Gewichtszunahme oder einfach zum Wohlf\u00fchlen. Alles, was Sie&hellip;<\/p>\n","protected":false},"author":1,"featured_media":0,"parent":0,"menu_order":0,"comment_status":"closed","ping_status":"closed","template":"","meta":{"footnotes":""},"class_list":["post-9883","page","type-page","status-publish","hentry"],"aioseo_notices":[],"_links":{"self":[{"href":"https:\/\/ketest.4-dimensional.ch\/de\/wp-json\/wp\/v2\/pages\/9883","targetHints":{"allow":["GET"]}}],"collection":[{"href":"https:\/\/ketest.4-dimensional.ch\/de\/wp-json\/wp\/v2\/pages"}],"about":[{"href":"https:\/\/ketest.4-dimensional.ch\/de\/wp-json\/wp\/v2\/types\/page"}],"author":[{"embeddable":true,"href":"https:\/\/ketest.4-dimensional.ch\/de\/wp-json\/wp\/v2\/users\/1"}],"replies":[{"embeddable":true,"href":"https:\/\/ketest.4-dimensional.ch\/de\/wp-json\/wp\/v2\/comments?post=9883"}],"version-history":[{"count":2,"href":"https:\/\/ketest.4-dimensional.ch\/de\/wp-json\/wp\/v2\/pages\/9883\/revisions"}],"predecessor-version":[{"id":10689,"href":"https:\/\/ketest.4-dimensional.ch\/de\/wp-json\/wp\/v2\/pages\/9883\/revisions\/10689"}],"wp:attachment":[{"href":"https:\/\/ketest.4-dimensional.ch\/de\/wp-json\/wp\/v2\/media?parent=9883"}],"curies":[{"name":"wp","href":"https:\/\/api.w.org\/{rel}","templated":true}]}}