{"id":9878,"date":"2022-10-15T07:57:24","date_gmt":"2022-10-15T05:57:24","guid":{"rendered":"https:\/\/xmy.ch\/rueckerstattung-und-rueckgabe\/"},"modified":"2024-04-25T17:16:18","modified_gmt":"2024-04-25T15:16:18","slug":"rueckerstattung-und-rueckgabe","status":"publish","type":"page","link":"https:\/\/ketest.4-dimensional.ch\/de\/rueckerstattung-und-rueckgabe\/","title":{"rendered":"R\u00fcckerstattung und R\u00fcckgabe"},"content":{"rendered":"<p><\/p><h3>Panoramica <\/h3><p><strong>Der Umtausch von Waren ist in der Regel ausgeschlossen,<\/strong> es sei denn, es handelt sich um besch\u00e4digte und\/oder fehlerhafte Waren.<\/p><p>Um die R\u00fcckgabe abzuschlie\u00dfen, ist eine Quittung oder ein Kaufbeleg erforderlich.<br\/><strong>Senden Sie keine Artikel ohne schriftliche Zustimmung des Unternehmens zur\u00fcck.<\/strong><\/p><p>  Speziell f\u00fcr den Kunden bestellte Produkte, limitierte Serien oder Sondereditionen, .<br\/>Andere Artikel <strong>werden unter keinen Umst\u00e4nden ersetzt<\/strong>:<\/p><ul class=\"wp-block-list\"><li>Geschenkkarten<\/li>\n\n<li>Speziell f\u00fcr den Kunden bestellte Artikel<\/li>\n\n<li>Kundenspezifische Artikel<\/li>\n\n<li>Artikel und\/oder limitierte Serien und\/oder Sondereditionen<\/li>\n\n<li>Artikel, die nicht nach Schweizer Normen gelagert werden<br\/><br\/><\/li><\/ul><p><\/p><h2>Rimborso<\/h2><p>Sobald wir Ihre R\u00fccksendung erhalten und gepr\u00fcft haben, senden wir Ihnen eine E-Mail, um Sie zu informieren, dass wir den zur\u00fcckgesandten Artikel erhalten haben.  <br\/>Wir werden Sie auch \u00fcber die Genehmigung oder Ablehnung Ihrer Erstattung informieren.<br\/>Wenn die R\u00fcckerstattung genehmigt wird, wird sie bearbeitet und eine Gutschrift wird automatisch auf die urspr\u00fcngliche Kreditkarte oder Zahlungsmethode innerhalb von 30 Tagen nach Erhalt der R\u00fccksendung vorgenommen.<\/p><p><b>Versp\u00e4tete oder vers\u00e4umte Erstattungen<\/b><\/p><p>Wenn Sie Ihre R\u00fcckerstattung noch nicht erhalten haben, pr\u00fcfen Sie zun\u00e4chst Ihr Bankkonto erneut.<br\/>Wenden Sie sich dann an das Kreditkartenunternehmen: Es kann einige Zeit dauern, bis die Erstattung offiziell erfolgt.<br\/>Wenden Sie sich dann an Ihre Bank. Oft dauert es eine gewisse Zeit, bis eine Erstattung ver\u00f6ffentlicht wird.<br\/>Wenn Sie all dies getan haben und Ihre R\u00fcckerstattung immer noch nicht erhalten haben, kontaktieren Sie uns bitte unter info &#8222;at &#8222;keforma.ch<\/p><p><b>Posten in der Bilanz und\/oder Liquidation<\/b><\/p><p>Nur normal bepreiste Artikel k\u00f6nnen erstattet werden.  <br\/>Verkaufte Artikel k\u00f6nnen aus keinem Grund zur\u00fcckerstattet werden.<\/p><p><\/p><h2>Sostituzioni<\/h2><p>Wir ersetzen nur Artikel, wenn sie defekt oder besch\u00e4digt sind.<br\/>Wenn Sie den Artikel durch einen anderen des gleichen Typs ersetzen m\u00f6chten, senden Sie eine E-Mail an info &#8222;at &#8222;keforma.ch , warten Sie die Best\u00e4tigung ab und senden Sie den Artikel an: xmy Sagl &#8211; KeFORMA Schweiz, Via Tamporiva 5, 6533 Lumino CH<\/p><p><\/p><h2>Spedizione dei resi e\/o ritorni<\/h2><p>Um ein Produkt zur\u00fcckzugeben, muss es nach Best\u00e4tigung durch das Unternehmen an folgende Adresse geschickt werden:  <br\/>xmy Sagl &#8211; KeFORMA Schweiz, Via Tamporiva 5, 6533 Lumino CH<\/p><p>Die Versandkosten f\u00fcr die R\u00fccksendung der Ware gehen zu Lasten des Kunden.  <br\/>Die Versandkosten sind nicht erstattungsf\u00e4hig.  <br\/>Bei einer R\u00fcckerstattung werden die Kosten f\u00fcr die R\u00fccksendung von der Erstattung abgezogen.<br\/>Je nachdem, wo Sie wohnen, kann es unterschiedlich lange dauern, bis Sie das ersetzte Produkt erhalten.<br\/>Wenn Sie teurere Artikel zur\u00fccksenden, empfehlen wir Ihnen, einen verfolgbaren Versanddienst zu nutzen oder eine Versandversicherung abzuschlie\u00dfen.  <br\/>Wir garantieren nicht f\u00fcr den Erhalt der zur\u00fcckgesandten Ware.<\/p><p><\/p><h2>Serve aiuto ?<\/h2><p>Bitte kontaktieren Sie uns unter info &#8222;at &#8222;keforma.ch und geben Sie in der Betreffzeile &#8218;Fragen zur R\u00fcckerstattung und R\u00fcckgabe&#8216; an.<\/p>","protected":false},"excerpt":{"rendered":"<p>Panoramica Der Umtausch von Waren ist in der Regel ausgeschlossen, es sei denn, es handelt sich um besch\u00e4digte und\/oder fehlerhafte Waren. Um die R\u00fcckgabe abzuschlie\u00dfen, ist eine Quittung oder ein Kaufbeleg erforderlich.Senden Sie keine Artikel ohne schriftliche Zustimmung des Unternehmens zur\u00fcck. Speziell f\u00fcr den Kunden bestellte Produkte, limitierte Serien oder Sondereditionen, .Andere Artikel werden unter keinen Umst\u00e4nden ersetzt: Rimborso Sobald wir Ihre R\u00fccksendung erhalten und gepr\u00fcft haben, senden wir Ihnen eine E-Mail, um Sie zu informieren, dass wir den zur\u00fcckgesandten Artikel erhalten haben. Wir&hellip;<\/p>\n","protected":false},"author":1,"featured_media":0,"parent":0,"menu_order":0,"comment_status":"closed","ping_status":"closed","template":"","meta":{"footnotes":""},"class_list":["post-9878","page","type-page","status-publish","hentry"],"aioseo_notices":[],"_links":{"self":[{"href":"https:\/\/ketest.4-dimensional.ch\/de\/wp-json\/wp\/v2\/pages\/9878","targetHints":{"allow":["GET"]}}],"collection":[{"href":"https:\/\/ketest.4-dimensional.ch\/de\/wp-json\/wp\/v2\/pages"}],"about":[{"href":"https:\/\/ketest.4-dimensional.ch\/de\/wp-json\/wp\/v2\/types\/page"}],"author":[{"embeddable":true,"href":"https:\/\/ketest.4-dimensional.ch\/de\/wp-json\/wp\/v2\/users\/1"}],"replies":[{"embeddable":true,"href":"https:\/\/ketest.4-dimensional.ch\/de\/wp-json\/wp\/v2\/comments?post=9878"}],"version-history":[{"count":2,"href":"https:\/\/ketest.4-dimensional.ch\/de\/wp-json\/wp\/v2\/pages\/9878\/revisions"}],"predecessor-version":[{"id":18250,"href":"https:\/\/ketest.4-dimensional.ch\/de\/wp-json\/wp\/v2\/pages\/9878\/revisions\/18250"}],"wp:attachment":[{"href":"https:\/\/ketest.4-dimensional.ch\/de\/wp-json\/wp\/v2\/media?parent=9878"}],"curies":[{"name":"wp","href":"https:\/\/api.w.org\/{rel}","templated":true}]}}