{"id":9876,"date":"2019-03-04T16:10:31","date_gmt":"2019-03-04T15:10:31","guid":{"rendered":"https:\/\/xmy.ch\/datenschutzbestimmungen-2\/"},"modified":"2024-04-25T17:16:31","modified_gmt":"2024-04-25T15:16:31","slug":"datenschutzbestimmungen-2","status":"publish","type":"page","link":"https:\/\/ketest.4-dimensional.ch\/de\/datenschutzbestimmungen-2\/","title":{"rendered":"Datenschutzbestimmungen"},"content":{"rendered":"<h2 class=\"wp-block-heading\">Datenschutzpolitik von Keforma.ch &#8211; xmy Sagl<\/h2><p>Diese Datenschutzrichtlinie beschreibt, wie Ihre pers\u00f6nlichen Daten gesammelt, verwendet und weitergegeben werden, wenn Sie www.keforma.ch (die &#8222;Website&#8220;) besuchen oder dort einkaufen.<\/p><h3 class=\"wp-block-heading\">Erhebung personenbezogener Daten<\/h3><p>Wenn Sie die Website besuchen, erfassen wir automatisch bestimmte Informationen \u00fcber Ihr Ger\u00e4t, einschlie\u00dflich Browserdaten, IP-Adresse, Zeitzone und Daten aus bestimmten Cookies, die auf Ihrem Ger\u00e4t installiert sind. Wenn Sie auf der Website surfen, sammeln wir au\u00dferdem spezifische Informationen \u00fcber die von Ihnen angezeigten Webseiten und Produkte, die Websites oder Suchbegriffe, die Sie auf die Website gef\u00fchrt haben, und wie Sie mit der Website interagieren. Wir bezeichnen diese automatisch erfassten Informationen als &#8222;Ger\u00e4teinformationen&#8220;.<\/p><h3 class=\"wp-block-heading\">Wir sammeln Informationen \u00fcber das Ger\u00e4t mit den folgenden Technologien:<\/h3><p>  &#8211; Cookies&#8220; sind Datendateien, die auf Ihrem Ger\u00e4t oder Computer gespeichert werden und oft einen eindeutigen anonymen Identifikationscode enthalten. Weitere Informationen \u00fcber Cookies und deren Deaktivierung finden Sie unter http:\/\/www.allaboutcookies.org.<\/p><p>  &#8211; Logdateien&#8220; verfolgen die Aktionen auf der Website und sammeln Daten wie IP-Adresse, Browsertyp, Internetdienstanbieter, Verweis- und Ausgangsseiten sowie Datums- und Zeitstempel.<\/p><p>  &#8211; Web-Beacons&#8220;, &#8222;Tags&#8220; und &#8222;Pixel&#8220; sind elektronische Dateien, die zur Aufzeichnung von Daten dar\u00fcber verwendet werden, wie Sie auf der Website navigieren.<\/p><p>Wenn Sie einen Kauf t\u00e4tigen oder versuchen, einen Kauf \u00fcber die Website zu t\u00e4tigen, erfassen wir au\u00dferdem bestimmte Informationen \u00fcber Sie, einschlie\u00dflich Ihres Vor- und Nachnamens, Ihrer Rechnungsadresse, Ihrer Lieferadresse, Ihrer Zahlungsinformationen (einschlie\u00dflich Kreditkartennummern (dieser Dienst wird von dem Plug-in-Unternehmen Worldline&#8217;s Saferpay abgewickelt), Ihrer E-Mail-Adresse und Ihrer Telefonnummer. Wir nennen diese Daten &#8222;Bestellinformationen&#8220;.<\/p><p>Wenn wir in dieser Datenschutzrichtlinie von &#8222;pers\u00f6nlichen Daten&#8220; sprechen, beziehen wir uns sowohl auf Ger\u00e4te- als auch auf Bestellinformationen.<\/p><p>.<\/p><h3 class=\"wp-block-heading\">Wie verwenden wir Ihre personenbezogenen Daten?<\/h3><p>Wir verwenden Bestellinformationen im Allgemeinen zur Bearbeitung von Bestellungen, die \u00fcber die Website aufgegeben werden (einschlie\u00dflich der Bearbeitung von Zahlungsdetails, der Organisation des Versands und der Zustellung von Rechnungen und\/oder Auftragsbest\u00e4tigungen). Dar\u00fcber hinaus verwenden wir Bestellinformationen, um:<\/p><p>Mit Ihnen zu kommunizieren;<\/p><p>Bestellungen auf potenzielle Risiken oder Betrug zu pr\u00fcfen; Ihnen Informationen oder Werbung \u00fcber unsere Produkte oder Dienstleistungen zukommen zu lassen, sofern dies mit den von Ihnen ge\u00e4u\u00dferten Pr\u00e4ferenzen \u00fcbereinstimmt.<\/p><p>Wir verwenden die gesammelten Ger\u00e4tedaten (insbesondere Ihre IP-Adresse), um potenzielle Risiken oder Betrug zu erkennen und ganz allgemein, um unsere Website zu verbessern und zu optimieren (z. B. durch die Erstellung von Analysedaten dar\u00fcber, wie unsere Kunden auf der Website surfen und mit ihr interagieren, und um den Erfolg unserer Werbe- und Marketingkampagnen zu bewerten).<\/p><h3 class=\"wp-block-heading\">Offenlegung Ihrer pers\u00f6nlichen Daten<\/h3><p>Wir geben Ihre personenbezogenen Daten an Drittunternehmen weiter, die uns bei der Durchf\u00fchrung der oben beschriebenen Aktivit\u00e4ten unterst\u00fctzen. Zum Beispiel verwenden wir Woocommerce f\u00fcr die Technologie unseres Online-Shops. Weitere Informationen dar\u00fcber, wie Woocommerce Ihre pers\u00f6nlichen Daten verwendet, finden Sie hier: <a href=\"https:\/\/https:\/\/woocommerce.com\/\">https:\/\/https:\/\/woocommerce.com\/<\/a><br\/>Wir verwenden auch Google Analytics, um zu analysieren, wie Kunden die Website nutzen. Weitere Informationen dar\u00fcber, wie Google Ihre pers\u00f6nlichen Daten verwendet, finden Sie hier: <a href=\"https:\/\/www.google.com\/intl\/it\/policies\/privacy\/\" target=\"_blank\" rel=\"noopener\" title=\"\">https:<\/a>\/\/www.google.com\/intl\/it\/policies\/privacy\/.  <br\/>Wenn Sie es w\u00fcnschen, k\u00f6nnen Sie Google Analytics hier deaktivieren: <a href=\"https:\/\/tools.google.com\/dlpage\/gaoptout\" target=\"_blank\" rel=\"noopener\" title=\"\">https:\/\/tools.google.com\/dlpage\/gaoptout.<\/a><\/p><p>Schlie\u00dflich k\u00f6nnen wir Ihre pers\u00f6nlichen Daten auch an Dritte weitergeben, um geltende Gesetze und Vorschriften einzuhalten, auf Vorladungen, Durchsuchungsbefehle oder andere rechtm\u00e4\u00dfige Anfragen nach erhaltenen Daten zu reagieren oder unsere Rechte anderweitig zu sch\u00fctzen.<\/p><h3 class=\"wp-block-heading\">Anzeige<\/h3><p>Wie oben beschrieben, verwenden wir Ihre personenbezogenen Daten, um Ihnen gezielte Werbe- oder Marketingmitteilungen zukommen zu lassen, von denen wir glauben, dass sie f\u00fcr Sie von Interesse sein k\u00f6nnten. Weitere Informationen dar\u00fcber, wie gezielte Werbung funktioniert, finden Sie auf der Schulungsseite der Netzwerkwerbeinitiative (&#8222;NAI&#8220;) unter <a href=\"http:\/\/www.networkadvertising.org\/understanding-online-advertising\/how-does-it-work.\" target=\"_blank\" rel=\"noopener\" title=\"\">http:\/\/www.networkadvertising.org\/understanding-online-advertising\/how-does-it-work.<\/a><\/p><p>Hier k\u00f6nnen Sie gezielte Werbung deaktivieren:<\/p><p>  DIE LINKS:<\/p><p>  FACEBOOK &#8211; <a href=\"https:\/\/www.facebook.com\/settings\/?tab=ads\" target=\"_blank\" rel=\"noopener\" title=\"\">https:\/\/www.facebook.com\/settings\/?tab=ads<\/a><\/p><p>  GOOGLE &#8211; <a href=\"https:\/\/www.google.com\/settings\/ads\/anonymous\" target=\"_blank\" rel=\"noopener\" title=\"\">https:\/\/www.google.com\/settings\/ads\/anonymous<\/a><\/p><p>  BING &#8211; <a href=\"https:\/\/about.ads.microsoft.com\/it-it\/risorse\/informative\/annunci-personalizzati\" target=\"_blank\" rel=\"noopener\" title=\"\">https:\/\/about.ads.microsoft.com\/it-it\/risorse\/informative\/annunci-personalizzati<\/a><\/p><p>Dar\u00fcber hinaus k\u00f6nnen Sie einige dieser Dienste ausdr\u00fccklich ablehnen, indem Sie das Portal der Digital Advertising Alliance zum Widerruf digitaler Werbung besuchen: <a href=\"http:\/\/optout.aboutads.info\/\" target=\"_blank\" rel=\"noopener\" title=\"\">http:\/\/optout.aboutads.info\/.<\/a><\/p><h2 class=\"wp-block-heading\">Nicht verfolgen<\/h2><p>Bitte beachten Sie, dass wir die Datenerfassungs- und -verwendungspraktiken unserer Website nicht \u00e4ndern, wenn das &#8222;Do Not Track&#8220;-Signal Ihres Browsers vorhanden ist.<\/p><h2 class=\"wp-block-heading\">Ihre Rechte<\/h2><p>Wenn Sie Ihren Wohnsitz in Europa haben, haben Sie das Recht, auf die \u00fcber Sie gespeicherten personenbezogenen Daten zuzugreifen und deren Aktualisierung, Berichtigung oder L\u00f6schung zu verlangen. Wenn Sie von diesem Recht Gebrauch machen m\u00f6chten, setzen Sie sich bitte \u00fcber die unten angegebenen Kontaktdaten mit uns in Verbindung.<\/p><p>Wenn Sie Ihren Wohnsitz in Europa haben, beachten Sie bitte au\u00dferdem, dass wir Ihre Daten auch verarbeiten, um vertragliche Verpflichtungen Ihnen gegen\u00fcber zu erf\u00fcllen (z. B. in Verbindung mit Bestellungen, die Sie \u00fcber die Website aufgegeben haben) oder um unsere berechtigten Gesch\u00e4ftsinteressen, wie oben dargelegt, zu verfolgen. Bitte beachten Sie au\u00dferdem, dass Ihre Daten in L\u00e4nder au\u00dferhalb Europas, darunter Kanada und die Vereinigten Staaten, \u00fcbermittelt werden.<\/p><h2 class=\"wp-block-heading\">Aufbewahrung von Daten<\/h2><p>Wenn Sie \u00fcber die Website Bestellungen aufgeben, bewahren wir die Bestellinformationen in unseren Unterlagen auf, bis Sie uns bitten, diese Informationen zu l\u00f6schen.<\/p><h2 class=\"wp-block-heading\">\u00c4nderungen<\/h2><p>Wir behalten uns vor, diese Datenschutzrichtlinie von Zeit zu Zeit zu aktualisieren, z. B. um \u00c4nderungen an unseren Verfahren oder aus anderen betrieblichen, rechtlichen oder regulatorischen Gr\u00fcnden zu ber\u00fccksichtigen.<\/p><h2 class=\"wp-block-heading\">Kontakt<\/h2><p>F\u00fcr weitere Informationen \u00fcber unsere Datenschutzverfahren, wenn Sie Fragen haben oder eine Beschwerde einreichen m\u00f6chten, senden Sie uns bitte eine E-Mail an info &#8222;at &#8222;keforma.ch oder kontaktieren Sie uns per Post unter den folgenden Adressen:<\/p><p>Verwaltung:<br\/>xmy Sagl<br\/>Tamporiva Stra\u00dfe 5  <br\/>6533 Lumino &#8211; Schweiz<\/p>","protected":false},"excerpt":{"rendered":"<p>Datenschutzpolitik von Keforma.ch &#8211; xmy Sagl Diese Datenschutzrichtlinie beschreibt, wie Ihre pers\u00f6nlichen Daten gesammelt, verwendet und weitergegeben werden, wenn Sie www.keforma.ch (die &#8222;Website&#8220;) besuchen oder dort einkaufen. Erhebung personenbezogener Daten Wenn Sie die Website besuchen, erfassen wir automatisch bestimmte Informationen \u00fcber Ihr Ger\u00e4t, einschlie\u00dflich Browserdaten, IP-Adresse, Zeitzone und Daten aus bestimmten Cookies, die auf Ihrem Ger\u00e4t installiert sind. Wenn Sie auf der Website surfen, sammeln wir au\u00dferdem spezifische Informationen \u00fcber die von Ihnen angezeigten Webseiten und Produkte, die Websites oder Suchbegriffe, die Sie auf&hellip;<\/p>\n","protected":false},"author":1,"featured_media":0,"parent":0,"menu_order":0,"comment_status":"closed","ping_status":"open","template":"","meta":{"footnotes":""},"class_list":["post-9876","page","type-page","status-publish","hentry"],"aioseo_notices":[],"_links":{"self":[{"href":"https:\/\/ketest.4-dimensional.ch\/de\/wp-json\/wp\/v2\/pages\/9876","targetHints":{"allow":["GET"]}}],"collection":[{"href":"https:\/\/ketest.4-dimensional.ch\/de\/wp-json\/wp\/v2\/pages"}],"about":[{"href":"https:\/\/ketest.4-dimensional.ch\/de\/wp-json\/wp\/v2\/types\/page"}],"author":[{"embeddable":true,"href":"https:\/\/ketest.4-dimensional.ch\/de\/wp-json\/wp\/v2\/users\/1"}],"replies":[{"embeddable":true,"href":"https:\/\/ketest.4-dimensional.ch\/de\/wp-json\/wp\/v2\/comments?post=9876"}],"version-history":[{"count":3,"href":"https:\/\/ketest.4-dimensional.ch\/de\/wp-json\/wp\/v2\/pages\/9876\/revisions"}],"predecessor-version":[{"id":18252,"href":"https:\/\/ketest.4-dimensional.ch\/de\/wp-json\/wp\/v2\/pages\/9876\/revisions\/18252"}],"wp:attachment":[{"href":"https:\/\/ketest.4-dimensional.ch\/de\/wp-json\/wp\/v2\/media?parent=9876"}],"curies":[{"name":"wp","href":"https:\/\/api.w.org\/{rel}","templated":true}]}}