{"id":9858,"date":"2019-04-09T14:33:57","date_gmt":"2019-04-09T12:33:57","guid":{"rendered":"https:\/\/xmy.ch\/bedingungen-und-konditionen\/"},"modified":"2024-04-25T17:17:29","modified_gmt":"2024-04-25T15:17:29","slug":"bedingungen-und-konditionen","status":"publish","type":"page","link":"https:\/\/ketest.4-dimensional.ch\/de\/bedingungen-und-konditionen\/","title":{"rendered":"Bedingungen und Konditionen"},"content":{"rendered":"<h2 class=\"wp-block-heading\">Angebot<\/h2><p>Ihre Bestellung wird innerhalb von zwei Arbeitstagen bearbeitet. Ihre Bestellung wird per Kurier verschickt.  <br\/>Wenn die Lieferung nicht innerhalb einer Woche erfolgen kann, werden Sie durch einen Vermerk direkt im Paket informiert.<br\/>  Lieferverz\u00f6gerungen berechtigen nicht zu Schadensersatzanspr\u00fcchen.<\/p><h2 class=\"wp-block-heading\">Mindestbestellmenge<\/h2><p>F\u00fcr Online-Bestellungen in unserem Shop gibt es keinen Mindestbestellwert.<\/p><h2 class=\"wp-block-heading\">Preise<\/h2><p>Alle Preise sind in CHF (Schweizer Franken) angegeben und enthalten die gesetzliche Mehrwertsteuer.<\/p><h2 class=\"wp-block-heading\">Kosten f\u00fcr den Versand<\/h2><p>Die Waren werden ausschlie\u00dflich auf Schweizer Territorium geliefert.<br\/>Bis zu einem Bestellwert von CHF 149 wird eine Versandpauschale von CHF 9.99 verrechnet.<br\/>F\u00fcr Bestellungen &gt; werden CHF 150 Versandkosten angeboten.<\/p><h2 class=\"wp-block-heading\">Reklamationen, R\u00fccksendungen oder Umtausch<\/h2><p>Der Umtausch von Waren ist grunds\u00e4tzlich ausgeschlossen; die einzige Ausnahme sind fehlerhafte und\/oder besch\u00e4digte Waren.<\/p><h2 class=\"wp-block-heading\">Haftungsausschluss<\/h2><p>Wir m\u00f6chten Sie darauf hinweisen, dass wir aufgrund der unterschiedlichen Rechtsprechung und Auslegung durch die Aufsichtsbeh\u00f6rden in den verschiedenen L\u00e4ndern nicht f\u00fcr die Rechtskonformit\u00e4t unserer Werbetexte garantieren k\u00f6nnen.  <br\/>Die Texte sind nach bestem Wissen und Gewissen redigiert, die Ver\u00f6ffentlichung von Formulierungen auf der Seite Keforma.ch und\/oder von Merkbl\u00e4ttern erfolgt jedoch ausschliesslich auf Ihr eigenes Risiko.<\/p><h2 class=\"wp-block-heading\">Fragen<\/h2><p>Gerne beantworten wir Ihre Fragen, indem Sie eine E-Mail an info &#8222;at &#8222;keforma.ch senden.<\/p><h2 class=\"wp-block-heading\">Zahlungsarten<\/h2><p>Zahlung im Voraus, Postkarte, Visa, Mastercard, American Express und Twint.<br\/>Zahlungen werden mit SSL-Verschl\u00fcsselung \u00fcber Saferpay\/Worldline abgewickelt.<\/p><h2 class=\"wp-block-heading\">Versp\u00e4tete Zahlung<\/h2><p>Nach Ablauf der 30-t\u00e4gigen Nettozahlungsfrist ger\u00e4t der Kunde automatisch in Verzug (6% Zinsen), auch ohne Mahnung durch uns.<br\/>  Wenn der Kunde seine Schulden nicht bezahlt, kann xmy GmbH &#8211; KeFORMA Schweiz nach den Bestimmungen des Schweizerischen Obligationenrechts (OR) vorgehen.  <br\/>Muss der Schuldner wegen Zahlungsverzuges gemahnt werden, so wird ihm ab der zweiten Mahnung eine Mahngeb\u00fchr von CHF 10.00 in Rechnung gestellt und k\u00fcnftige Lieferungen werden per Vorauszahlung beglichen.<\/p><h2 class=\"wp-block-heading\">Datenschutz<\/h2><p>Datenschutzbestimmungen<br\/>xmy Sagl KeFORMA Schweiz geht mit Ihren pers\u00f6nlichen Daten verantwortungsvoll und vertraulich um.<br\/>  Die f\u00fcr die Abwicklung der Bestellung notwendigen Daten werden gem\u00e4ss dem Schweizerischen Datenschutzgesetz bearbeitet und gespeichert. Siehe auch Einzelheiten zur Datenschutzpolitik.<br\/>Soweit f\u00fcr die Abwicklung der Bestellung erforderlich, werden die Daten an verbundene Unternehmen und Dritte weitergegeben.<\/p><h2 class=\"wp-block-heading\">Rechte<\/h2><p>Sollten Sie mit der Speicherung Ihrer personenbezogenen Daten nicht mehr einverstanden oder diese unrichtig geworden sein, werden wir sie auf Ihre Weisung hin l\u00f6schen.  <br\/>Auf Wunsch erhalten Sie Auskunft \u00fcber alle bei uns gespeicherten Daten. Wenn Sie weitere Fragen zur Erhebung, Verarbeitung und Nutzung Ihrer personenbezogenen Daten haben, wenden Sie sich bitte an info &#8222;at &#8222;keforma.ch und geben Sie dabei deutlich an, welche Art von Daten Sie ben\u00f6tigen und\/oder l\u00f6schen m\u00f6chten.<\/p><h2 class=\"wp-block-heading\">Google-Haftungsausschluss<\/h2><p>Google Analytics-Haftungsausschluss<br\/>Diese Website benutzt Google Analytics, einen Webanalysedienst der Google Inc. &#8222;Google&#8220;. Google Analytics verwendet sog. &#8222;Cookies&#8220;, Textdateien, die auf Ihrem Computer gespeichert werden und die eine Analyse der Benutzung der Website durch Sie erm\u00f6glichen. Die durch den Cookie erzeugten Informationen \u00fcber Ihre Benutzung dieser Website (einschlie\u00dflich Ihrer IP-Adresse) werden an einen Server von Google in den Vereinigten Staaten \u00fcbertragen und dort gespeichert. Google wird diese Informationen benutzen, um Ihre Nutzung der Website auszuwerten, um Reports \u00fcber die Websiteaktivit\u00e4ten f\u00fcr die Websitebetreiber zusammenzustellen und um weitere mit der Websitenutzung und der Internetnutzung verbundene Dienstleistungen zu erbringen. Google kann diese Informationen auch an Dritte \u00fcbertragen. Google wird in keinem Fall Ihre IP-Adresse mit anderen Daten der Google Inc. in Verbindung bringen. Sie k\u00f6nnen die Verwendung von Cookies ablehnen, indem Sie die entsprechende Einstellung in Ihrem Browser vornehmen. Bitte beachten Sie jedoch, dass Sie dann m\u00f6glicherweise nicht alle Funktionen dieser Website nutzen k\u00f6nnen. Durch die Nutzung dieser Website erkl\u00e4ren Sie sich mit der Bearbeitung der \u00fcber Sie erhobenen Daten durch Google in der zuvor beschriebenen Art und Weise und zu dem zuvor benannten Zweck einverstanden.<\/p><h2 class=\"wp-block-heading\">Ausschlussklausel<\/h2><p>Ausschlussklausel<br\/>Sollten einzelne Bestimmungen dieser Gesch\u00e4ftsbedingungen unwirksam sein, so ber\u00fchrt dies die Rechtswirksamkeit der \u00fcbrigen Bestimmungen nicht.<br\/>  Im Falle der anf\u00e4nglichen oder zuk\u00fcnftigen Ung\u00fcltigkeit, Unwirksamkeit oder Undurchsetzbarkeit einer oder mehrerer Bestimmungen dieser Bedingungen werden diese durch eine oder mehrere g\u00fcltige Bestimmungen ersetzt, die den wirtschaftlichen Absichten und Zwecken der unwirksamen Bestimmung(en) am n\u00e4chsten kommen.  <br\/>Gleiches gilt f\u00fcr den Fall, dass sich eine oder mehrere L\u00fccken in diesen Bedingungen herausstellen.<\/p><h2 class=\"wp-block-heading\">Ort der Gerichtsbarkeit<\/h2><p>Es gelten die Bestimmungen des schweizerischen Rechts.  <br\/>Der Gerichtsstand ist Bellinzona.<\/p>","protected":false},"excerpt":{"rendered":"<p>Angebot Ihre Bestellung wird innerhalb von zwei Arbeitstagen bearbeitet. Ihre Bestellung wird per Kurier verschickt. Wenn die Lieferung nicht innerhalb einer Woche erfolgen kann, werden Sie durch einen Vermerk direkt im Paket informiert. Lieferverz\u00f6gerungen berechtigen nicht zu Schadensersatzanspr\u00fcchen. Mindestbestellmenge F\u00fcr Online-Bestellungen in unserem Shop gibt es keinen Mindestbestellwert. Preise Alle Preise sind in CHF (Schweizer Franken) angegeben und enthalten die gesetzliche Mehrwertsteuer. Kosten f\u00fcr den Versand Die Waren werden ausschlie\u00dflich auf Schweizer Territorium geliefert.Bis zu einem Bestellwert von CHF 149 wird eine Versandpauschale von&hellip;<\/p>\n","protected":false},"author":1,"featured_media":0,"parent":0,"menu_order":0,"comment_status":"closed","ping_status":"closed","template":"","meta":{"footnotes":""},"class_list":["post-9858","page","type-page","status-publish","hentry"],"aioseo_notices":[],"_links":{"self":[{"href":"https:\/\/ketest.4-dimensional.ch\/de\/wp-json\/wp\/v2\/pages\/9858","targetHints":{"allow":["GET"]}}],"collection":[{"href":"https:\/\/ketest.4-dimensional.ch\/de\/wp-json\/wp\/v2\/pages"}],"about":[{"href":"https:\/\/ketest.4-dimensional.ch\/de\/wp-json\/wp\/v2\/types\/page"}],"author":[{"embeddable":true,"href":"https:\/\/ketest.4-dimensional.ch\/de\/wp-json\/wp\/v2\/users\/1"}],"replies":[{"embeddable":true,"href":"https:\/\/ketest.4-dimensional.ch\/de\/wp-json\/wp\/v2\/comments?post=9858"}],"version-history":[{"count":5,"href":"https:\/\/ketest.4-dimensional.ch\/de\/wp-json\/wp\/v2\/pages\/9858\/revisions"}],"predecessor-version":[{"id":18258,"href":"https:\/\/ketest.4-dimensional.ch\/de\/wp-json\/wp\/v2\/pages\/9858\/revisions\/18258"}],"wp:attachment":[{"href":"https:\/\/ketest.4-dimensional.ch\/de\/wp-json\/wp\/v2\/media?parent=9858"}],"curies":[{"name":"wp","href":"https:\/\/api.w.org\/{rel}","templated":true}]}}