{"id":16152,"date":"2022-12-21T09:36:22","date_gmt":"2022-12-21T08:36:22","guid":{"rendered":"https:\/\/keforma.4-dimensional.ch\/team\/"},"modified":"2022-12-30T18:46:54","modified_gmt":"2022-12-30T17:46:54","slug":"team","status":"publish","type":"page","link":"https:\/\/ketest.4-dimensional.ch\/de\/team\/","title":{"rendered":"Team"},"content":{"rendered":"<p class=\"has-text-align-center\"><strong>Keforma.Team<\/strong> ist ein <strong>professionelles <\/strong>Triathlon-Team, das auf nationaler und internationaler Ebene antritt. Das Team besteht aus einigen der besten Athleten der internationalen Szene. <br\/>Das Team wurde 2016 gegr\u00fcndet, nachdem sich die Professionalit\u00e4t in der Triathlonwelt weiter entwickelt hatte.  <\/p><p class=\"has-text-align-center\"><strong>Keforma.Team<\/strong> nimmt seine Aufgabe ernst, Sportlern eine Plattform zu bieten, um ihre Ziele zu erreichen. Das Team bietet seinen Athleten die Unterst\u00fctzung, die sie brauchen, um beim Triathlon zu gl\u00e4nzen. <br\/>Wir erm\u00f6glichen es den Athleten, \u00fcber den Sport nachzudenken und sich zu 100 % auf das Ziel des Wachstums zu konzentrieren.<br\/><br\/>Das Team wird von vielen lokalen und internationalen Athleten unterst\u00fctzt, Werte wie Leistung, aber auch Bescheidenheit, gegenseitige Hilfe und Fairplay sind Teil von uns.<\/p><p><\/p><div class=\"section-wrapper\" data-id=\"loA4fw\"><section class=\"wp-block-gutenverse-section guten-element guten-section guten-loA4fw layout-boxed align-stretch\"><div class=\"guten-background-overlay\"><\/div><div class=\"guten-shape-divider guten-shape-divider-top\"><\/div><div class=\"guten-shape-divider guten-shape-divider-bottom\"><\/div><div class=\"guten-container guten-column-gap-no\"><div class=\"wp-block-gutenverse-column guten-element guten-column guten-7Cpwy2 animated guten-element-hide desktop-fadeInLeft\"><div class=\"guten-background-overlay\"><\/div><div class=\"sticky-wrapper\" data-id=\"7Cpwy2\"><div class=\"guten-column-wrapper\"><div class=\"wp-block-gutenverse-image guten-element guten-image guten-lgBCdS\"><a class=\"guten-image-wrapper\"><img fetchpriority=\"high\" decoding=\"async\" class=\"gutenverse-image-box-filled\" src=\"https:\/\/ketest.4-dimensional.ch\/wp-content\/uploads\/2022\/12\/317871562_158565740208983_8685192253776956391_n.jpg\" height=\"1080\" width=\"1080\"><\/a><\/div>\n\n<div class=\"guten-element guten-spacer guten-voichZ\"><\/div>\n\n<div class=\"section-wrapper\" data-id=\"Uqsb63\"><section class=\"wp-block-gutenverse-section guten-element guten-section guten-Uqsb63 animated guten-element-hide slow desktop-fadeInUp layout-boxed align-stretch\"><div class=\"guten-background-overlay\"><\/div><div class=\"guten-shape-divider guten-shape-divider-top\"><\/div><div class=\"guten-shape-divider guten-shape-divider-bottom\"><\/div><div class=\"guten-container guten-column-gap-no\"><div class=\"wp-block-gutenverse-column guten-element guten-column guten-q4ksXD\"><div class=\"guten-background-overlay\"><\/div><div class=\"sticky-wrapper\" data-id=\"q4ksXD\"><div class=\"guten-column-wrapper\"><div style=\"height:100px\" aria-hidden=\"true\" class=\"wp-block-spacer\"><\/div>\n\n<div class=\"guten-element gutenverse-text-editor guten-veRbaI\"><div class=\"text-content-inner\"><p>Harte Arbeit zahlt sich immer aus, Best\u00e4ndigkeit, Engagement und Zielstrebigkeit.<\/p><\/div><\/div>\n\n<div class=\"wp-block-gutenverse-icon guten-element guten-CcaZGq guten-icon\"><span class=\"guten-icon-wrapper custom stacked\"><i class=\"gtn gtn-quote-light\"><\/i><\/span><\/div><\/div><\/div><\/div><\/div><\/section><\/div><\/div><\/div><\/div>\n\n<div class=\"wp-block-gutenverse-column guten-element guten-column guten-LpWBaC\"><div class=\"guten-background-overlay\"><\/div><div class=\"sticky-wrapper\" data-id=\"LpWBaC\"><div class=\"guten-column-wrapper\"><h2 class=\"wp-block-gutenverse-heading guten-element guten-dUYIW5\">Nicolas Mann<\/h2>\n\n<div class=\"guten-element gutenverse-text-editor guten-w0Vlzi\"><div class=\"text-content-inner\"><p>Nicolas Mann ist ein 22-j\u00e4hriger deutscher Profi-Triathlet. Er ist einer der vielversprechendsten Athleten des Landes und nimmt erfolgreich an internationalen Wettk\u00e4mpfen \u00fcber mittlere Distanzen teil.<\/p><\/div><\/div>\n\n<div class=\"section-wrapper\" data-id=\"bqrEt9\"><section class=\"wp-block-gutenverse-section guten-element guten-section guten-bqrEt9 layout-boxed align-stretch\"><div class=\"guten-background-overlay\"><\/div><div class=\"guten-shape-divider guten-shape-divider-top\"><\/div><div class=\"guten-shape-divider guten-shape-divider-bottom\"><\/div><div class=\"guten-container guten-column-gap-no\"><div class=\"wp-block-gutenverse-column guten-element guten-column guten-ltTyb8\"><div class=\"guten-background-overlay\"><\/div><div class=\"sticky-wrapper\" data-id=\"ltTyb8\"><div class=\"guten-column-wrapper\"><div class=\"guten-element guten-icon-list guten-fIV6lg\"><div class=\"guten-element guten-icon-list-item guten-EWBfDP\"><a id=\"guten-EWBfDP\"><i class=\"fas fa-swimmer\"><\/i><span class=\"list-text \">85%<\/span><\/a><\/div>\n\n<div class=\"guten-element guten-icon-list-item guten-SPoiEh\"><a id=\"guten-SPoiEh\"><i class=\"fas fa-biking\"><\/i><span class=\"list-text \"><span style=\"text-decoration: underline;\">88%<\/span><\/span><\/a><\/div>\n\n<div class=\"guten-element guten-icon-list-item guten-ZQWVJ3\"><a id=\"guten-ZQWVJ3\"><i class=\"fas fa-running\"><\/i><span class=\"list-text \">  89%<\/span><\/a><\/div>\n\n<div class=\"guten-element guten-icon-list-item guten-HO6v1c\"><a id=\"guten-HO6v1c\"><i class=\"fas fa-chart-bar\"><\/i><span class=\"list-text \"><span style=\"text-decoration: underline;\"> <\/span>  84%<\/span><\/a><\/div><\/div><\/div><\/div><\/div><\/div><\/section><\/div>\n\n<h4 class=\"wp-block-gutenverse-heading guten-element guten-Nrz2aX\"><\/h4><\/div><\/div><\/div><\/div><\/section><\/div><div class=\"section-wrapper\" data-id=\"5e9nnt\"><section class=\"wp-block-gutenverse-section guten-element guten-section guten-5e9nnt layout-boxed align-stretch team-reverse\"><div class=\"guten-background-overlay\"><\/div><div class=\"guten-shape-divider guten-shape-divider-top\"><\/div><div class=\"guten-shape-divider guten-shape-divider-bottom\"><\/div><div class=\"guten-container guten-column-gap-no\"><div class=\"wp-block-gutenverse-column guten-element guten-column guten-hRyTjn\"><div class=\"guten-background-overlay\"><\/div><div class=\"sticky-wrapper\" data-id=\"hRyTjn\"><div class=\"guten-column-wrapper\"><h2 class=\"wp-block-gutenverse-heading guten-element guten-sClCGX\">Adriano Engelhardt<\/h2>\n\n<div class=\"guten-element gutenverse-text-editor guten-D3ls99\"><div class=\"text-content-inner\"><p>Adriano Engelhardt ist ein professioneller Triathlet, oder sagen wir ein lebenslanger Spitzensportler. 2017 wechselte er zum Triathlon und ab 2020 zur PRO&#8230;sla Saison 2022 war die ultimative Kr\u00f6nung auf Weltniveau \u00fcber die Mitteldistanz. Und wenn der Appetit mit dem Essen kommt&#8230;<\/p><\/div><\/div>\n\n<div class=\"section-wrapper\" data-id=\"jUoPiy\"><section class=\"wp-block-gutenverse-section guten-element guten-section guten-jUoPiy layout-boxed align-stretch\"><div class=\"guten-background-overlay\"><\/div><div class=\"guten-shape-divider guten-shape-divider-top\"><\/div><div class=\"guten-shape-divider guten-shape-divider-bottom\"><\/div><div class=\"guten-container guten-column-gap-no\"><div class=\"wp-block-gutenverse-column guten-element guten-column guten-nWVmNB\"><div class=\"guten-background-overlay\"><\/div><div class=\"sticky-wrapper\" data-id=\"nWVmNB\"><div class=\"guten-column-wrapper\"><div class=\"guten-element guten-icon-list guten-56AW5e\"><div class=\"guten-element guten-icon-list-item guten-261QBY\"><a id=\"guten-261QBY\"><i class=\"fas fa-swimmer\"><\/i><span class=\"list-text \">83%<\/span><\/a><\/div>\n\n<div class=\"guten-element guten-icon-list-item guten-67KBVn\"><a id=\"guten-67KBVn\"><i class=\"fas fa-biking\"><\/i><span class=\"list-text \">84%<\/span><\/a><\/div>\n\n<div class=\"guten-element guten-icon-list-item guten-Jmjpdi\"><a id=\"guten-Jmjpdi\"><i class=\"fas fa-running\"><\/i><span class=\"list-text \">  87%<\/span><\/a><\/div>\n\n<div class=\"guten-element guten-icon-list-item guten-6dvDH4\"><a id=\"guten-6dvDH4\"><i class=\"fas fa-chart-bar\"><\/i><span class=\"list-text \"><span style=\"text-decoration: underline;\"> <\/span>  79%<\/span><\/a><\/div><\/div><\/div><\/div><\/div><\/div><\/section><\/div>\n\n<h4 class=\"wp-block-gutenverse-heading guten-element guten-eiuihY\"><\/h4><\/div><\/div><\/div>\n\n<div class=\"wp-block-gutenverse-column guten-element guten-column guten-LLkRjW animated guten-element-hide desktop-fadeInLeft\"><div class=\"guten-background-overlay\"><\/div><div class=\"sticky-wrapper\" data-id=\"LLkRjW\"><div class=\"guten-column-wrapper\"><div class=\"wp-block-gutenverse-image guten-element guten-image guten-z73Cgt\"><a class=\"guten-image-wrapper\"><img decoding=\"async\" class=\"gutenverse-image-box-filled\" src=\"https:\/\/ketest.4-dimensional.ch\/wp-content\/uploads\/2022\/12\/Adri-1-91655642271216.jpg\" height=\"2400\" width=\"1920\"><\/a><\/div>\n\n<div class=\"guten-element guten-spacer guten-GkZLOo hide-desktop\"><\/div>\n\n<div class=\"section-wrapper\" data-id=\"k9v6Og\"><section class=\"wp-block-gutenverse-section guten-element guten-section guten-k9v6Og animated guten-element-hide slow desktop-fadeInUp layout-boxed align-stretch\"><div class=\"guten-background-overlay\"><\/div><div class=\"guten-shape-divider guten-shape-divider-top\"><\/div><div class=\"guten-shape-divider guten-shape-divider-bottom\"><\/div><div class=\"guten-container guten-column-gap-no\"><div class=\"wp-block-gutenverse-column guten-element guten-column guten-3gkfKb\"><div class=\"guten-background-overlay\"><\/div><div class=\"sticky-wrapper\" data-id=\"3gkfKb\"><div class=\"guten-column-wrapper\"><div style=\"height:100px\" aria-hidden=\"true\" class=\"wp-block-spacer\"><\/div>\n\n<div class=\"guten-element gutenverse-text-editor guten-PznJNJ\"><div class=\"text-content-inner\"><p>Glauben Sie daran, glauben Sie daran und geben Sie niemals auf, bis Sie Ihr Ziel erreicht haben.<\/p><\/div><\/div>\n\n<div class=\"wp-block-gutenverse-icon guten-element guten-agb3gC guten-icon\"><span class=\"guten-icon-wrapper custom stacked\"><i class=\"gtn gtn-quote-light\"><\/i><\/span><\/div><\/div><\/div><\/div><\/div><\/section><\/div><\/div><\/div><\/div><\/div><\/section><\/div><div class=\"section-wrapper\" data-id=\"93xewc\"><section class=\"wp-block-gutenverse-section guten-element guten-section guten-93xewc layout-boxed align-stretch\"><div class=\"guten-background-overlay\"><\/div><div class=\"guten-shape-divider guten-shape-divider-top\"><\/div><div class=\"guten-shape-divider guten-shape-divider-bottom\"><\/div><div class=\"guten-container guten-column-gap-no\"><div class=\"wp-block-gutenverse-column guten-element guten-column guten-0WKBjY animated guten-element-hide desktop-fadeInLeft\"><div class=\"guten-background-overlay\"><\/div><div class=\"sticky-wrapper\" data-id=\"0WKBjY\"><div class=\"guten-column-wrapper\"><div class=\"wp-block-gutenverse-image guten-element guten-image guten-nHklqz\"><a class=\"guten-image-wrapper\"><img decoding=\"async\" class=\"gutenverse-image-box-filled\" src=\"https:\/\/ketest.4-dimensional.ch\/wp-content\/uploads\/2022\/12\/mfcfupfttdu.jpg\" height=\"1068\" width=\"1600\"><\/a><\/div>\n\n<div class=\"guten-element guten-spacer guten-SuCqRm\"><\/div>\n\n<div class=\"section-wrapper\" data-id=\"RQJ5WM\"><section class=\"wp-block-gutenverse-section guten-element guten-section guten-RQJ5WM animated guten-element-hide slow desktop-fadeInUp layout-boxed align-stretch\"><div class=\"guten-background-overlay\"><\/div><div class=\"guten-shape-divider guten-shape-divider-top\"><\/div><div class=\"guten-shape-divider guten-shape-divider-bottom\"><\/div><div class=\"guten-container guten-column-gap-no\"><div class=\"wp-block-gutenverse-column guten-element guten-column guten-469VyP\"><div class=\"guten-background-overlay\"><\/div><div class=\"sticky-wrapper\" data-id=\"469VyP\"><div class=\"guten-column-wrapper\"><div style=\"height:100px\" aria-hidden=\"true\" class=\"wp-block-spacer\"><\/div>\n\n<div class=\"guten-element gutenverse-text-editor guten-KXViP2\"><div class=\"text-content-inner\"><p>Versuchen Sie es nicht &#8230;&#8230;&#8230;&#8230;&#8230;&#8230;&#8230;..<\/p><\/div><\/div>\n\n<div class=\"wp-block-gutenverse-icon guten-element guten-6liYrN guten-icon\"><span class=\"guten-icon-wrapper custom stacked\"><i class=\"gtn gtn-quote-light\"><\/i><\/span><\/div><\/div><\/div><\/div><\/div><\/section><\/div><\/div><\/div><\/div>\n\n<div class=\"wp-block-gutenverse-column guten-element guten-column guten-QeiCt4\"><div class=\"guten-background-overlay\"><\/div><div class=\"sticky-wrapper\" data-id=\"QeiCt4\"><div class=\"guten-column-wrapper\"><h2 class=\"wp-block-gutenverse-heading guten-element guten-7Rgnxf\">Xxxxx Xxxxx<\/h2>\n\n<div class=\"guten-element gutenverse-text-editor guten-Xu0rVq\"><div class=\"text-content-inner\"><p>Asdasdasddskfksjdfskjdkjfddkfjsfdskj<br\/>fdsfdsfhjdfsjhsjhjdsfjhdfshdfs<br\/>dsjkfdkjfskjldsfjksdfkjldsflkjdsfdfkj.<\/p><\/div><\/div>\n\n<div class=\"section-wrapper\" data-id=\"0objan\"><section class=\"wp-block-gutenverse-section guten-element guten-section guten-0objan layout-boxed align-stretch\"><div class=\"guten-background-overlay\"><\/div><div class=\"guten-shape-divider guten-shape-divider-top\"><\/div><div class=\"guten-shape-divider guten-shape-divider-bottom\"><\/div><div class=\"guten-container guten-column-gap-no\"><div class=\"wp-block-gutenverse-column guten-element guten-column guten-XlyhFE\"><div class=\"guten-background-overlay\"><\/div><div class=\"sticky-wrapper\" data-id=\"XlyhFE\"><div class=\"guten-column-wrapper\"><div class=\"guten-element guten-icon-list guten-oAE5b9\"><div class=\"guten-element guten-icon-list-item guten-9vuYdp\"><a id=\"guten-9vuYdp\"><i class=\"fas fa-swimmer\"><\/i><span class=\"list-text \">XX%<\/span><\/a><\/div>\n\n<div class=\"guten-element guten-icon-list-item guten-xNMlZa\"><a id=\"guten-xNMlZa\"><i class=\"fas fa-biking\"><\/i><span class=\"list-text \">XX%<\/span><\/a><\/div>\n\n<div class=\"guten-element guten-icon-list-item guten-xYt7yA\"><a id=\"guten-xYt7yA\"><i class=\"fas fa-running\"><\/i><span class=\"list-text \">  YY%<\/span><\/a><\/div>\n\n<div class=\"guten-element guten-icon-list-item guten-prsTPu\"><a id=\"guten-prsTPu\"><i class=\"fas fa-chart-bar\"><\/i><span class=\"list-text \"><span style=\"text-decoration: underline;\">  <\/span>XX%<\/span><\/a><\/div><\/div><\/div><\/div><\/div><\/div><\/section><\/div>\n\n<h4 class=\"wp-block-gutenverse-heading guten-element guten-coLocP\"><\/h4><\/div><\/div><\/div><\/div><\/section><\/div><div class=\"section-wrapper\" data-id=\"feHdde\"><section class=\"wp-block-gutenverse-section guten-element guten-section guten-feHdde layout-boxed align-stretch team-reverse\"><div class=\"guten-background-overlay\"><\/div><div class=\"guten-shape-divider guten-shape-divider-top\"><\/div><div class=\"guten-shape-divider guten-shape-divider-bottom\"><\/div><div class=\"guten-container guten-column-gap-no\"><div class=\"wp-block-gutenverse-column guten-element guten-column guten-BJvTCG\"><div class=\"guten-background-overlay\"><\/div><div class=\"sticky-wrapper\" data-id=\"BJvTCG\"><div class=\"guten-column-wrapper\"><h2 class=\"wp-block-gutenverse-heading guten-element guten-bFs3LE\">Rachele Botti<\/h2>\n\n<div class=\"guten-element gutenverse-text-editor guten-R5DMkN\"><div class=\"text-content-inner\"><p>Rachele Botti ist 22 Jahre alt und bereits eine professionelle Triathletin. Sie ist \u00fcber mittlere Distanzen auf internationaler Ebene aktiv, wo sie die n\u00f6tige Erfahrung sammelt, um in den kommenden Jahren die verdienten Erfolge zu erzielen.<\/p><\/div><\/div>\n\n<div class=\"section-wrapper\" data-id=\"5UtyRF\"><section class=\"wp-block-gutenverse-section guten-element guten-section guten-5UtyRF layout-boxed align-stretch\"><div class=\"guten-background-overlay\"><\/div><div class=\"guten-shape-divider guten-shape-divider-top\"><\/div><div class=\"guten-shape-divider guten-shape-divider-bottom\"><\/div><div class=\"guten-container guten-column-gap-no\"><div class=\"wp-block-gutenverse-column guten-element guten-column guten-wOPRNS\"><div class=\"guten-background-overlay\"><\/div><div class=\"sticky-wrapper\" data-id=\"wOPRNS\"><div class=\"guten-column-wrapper\"><div class=\"guten-element guten-icon-list guten-TgYraq\"><div class=\"guten-element guten-icon-list-item guten-u6ZMKy\"><a id=\"guten-u6ZMKy\"><i class=\"fas fa-swimmer\"><\/i><span class=\"list-text \">76%<\/span><\/a><\/div>\n\n<div class=\"guten-element guten-icon-list-item guten-BaXodI\"><a id=\"guten-BaXodI\"><i class=\"fas fa-biking\"><\/i><span class=\"list-text \">69%<\/span><\/a><\/div>\n\n<div class=\"guten-element guten-icon-list-item guten-bqcwGP\"><a id=\"guten-bqcwGP\"><i class=\"fas fa-running\"><\/i><span class=\"list-text \"><span style=\"text-decoration: underline;\">  <\/span>70%<\/span><\/a><\/div>\n\n<div class=\"guten-element guten-icon-list-item guten-jMsWZ3\"><a id=\"guten-jMsWZ3\"><i class=\"fas fa-chart-bar\"><\/i><span class=\"list-text \"><span style=\"text-decoration: underline;\"> <\/span>  63%<\/span><\/a><\/div><\/div><\/div><\/div><\/div><\/div><\/section><\/div>\n\n<h4 class=\"wp-block-gutenverse-heading guten-element guten-Kj7DQ4\"><\/h4><\/div><\/div><\/div>\n\n<div class=\"wp-block-gutenverse-column guten-element guten-column guten-snOnYp animated guten-element-hide desktop-fadeInLeft\"><div class=\"guten-background-overlay\"><\/div><div class=\"sticky-wrapper\" data-id=\"snOnYp\"><div class=\"guten-column-wrapper\"><div class=\"wp-block-gutenverse-image guten-element guten-image guten-XVTn26\"><a class=\"guten-image-wrapper\"><img loading=\"lazy\" decoding=\"async\" class=\"gutenverse-image-box-filled\" src=\"https:\/\/ketest.4-dimensional.ch\/wp-content\/uploads\/2022\/12\/rachele-1-6.jpg\" height=\"2400\" width=\"1920\"><\/a><\/div>\n\n<div class=\"guten-element guten-spacer guten-GkZLOo hide-desktop\"><\/div>\n\n<div class=\"section-wrapper\" data-id=\"n9lyOi\"><section class=\"wp-block-gutenverse-section guten-element guten-section guten-n9lyOi animated guten-element-hide slow desktop-fadeInUp layout-boxed align-stretch\"><div class=\"guten-background-overlay\"><\/div><div class=\"guten-shape-divider guten-shape-divider-top\"><\/div><div class=\"guten-shape-divider guten-shape-divider-bottom\"><\/div><div class=\"guten-container guten-column-gap-no\"><div class=\"wp-block-gutenverse-column guten-element guten-column guten-5vU8xt\"><div class=\"guten-background-overlay\"><\/div><div class=\"sticky-wrapper\" data-id=\"5vU8xt\"><div class=\"guten-column-wrapper\"><div style=\"height:100px\" aria-hidden=\"true\" class=\"wp-block-spacer\"><\/div>\n\n<div class=\"guten-element gutenverse-text-editor guten-Ooqdmu\"><div class=\"text-content-inner\"><p>Eine Menge Arbeit, Entschlossenheit und Best\u00e4ndigkeit &#8230; und die Ergebnisse werden kommen.<\/p><\/div><\/div>\n\n<div class=\"wp-block-gutenverse-icon guten-element guten-5HCkjf guten-icon\"><span class=\"guten-icon-wrapper custom stacked\"><i class=\"gtn gtn-quote-light\"><\/i><\/span><\/div><\/div><\/div><\/div><\/div><\/section><\/div><\/div><\/div><\/div><\/div><\/section><\/div>","protected":false},"excerpt":{"rendered":"<p>Keforma.Team ist ein professionelles Triathlon-Team, das auf nationaler und internationaler Ebene antritt. Das Team besteht aus einigen der besten Athleten der internationalen Szene. Das Team wurde 2016 gegr\u00fcndet, nachdem sich die Professionalit\u00e4t in der Triathlonwelt weiter entwickelt hatte. Keforma.Team nimmt seine Aufgabe ernst, Sportlern eine Plattform zu bieten, um ihre Ziele zu erreichen. Das Team bietet seinen Athleten die Unterst\u00fctzung, die sie brauchen, um beim Triathlon zu gl\u00e4nzen. Wir erm\u00f6glichen es den Athleten, \u00fcber den Sport nachzudenken und sich zu 100 % auf das&hellip;<\/p>\n","protected":false},"author":1,"featured_media":0,"parent":0,"menu_order":0,"comment_status":"closed","ping_status":"closed","template":"","meta":{"footnotes":""},"class_list":["post-16152","page","type-page","status-publish","hentry"],"aioseo_notices":[],"_links":{"self":[{"href":"https:\/\/ketest.4-dimensional.ch\/de\/wp-json\/wp\/v2\/pages\/16152","targetHints":{"allow":["GET"]}}],"collection":[{"href":"https:\/\/ketest.4-dimensional.ch\/de\/wp-json\/wp\/v2\/pages"}],"about":[{"href":"https:\/\/ketest.4-dimensional.ch\/de\/wp-json\/wp\/v2\/types\/page"}],"author":[{"embeddable":true,"href":"https:\/\/ketest.4-dimensional.ch\/de\/wp-json\/wp\/v2\/users\/1"}],"replies":[{"embeddable":true,"href":"https:\/\/ketest.4-dimensional.ch\/de\/wp-json\/wp\/v2\/comments?post=16152"}],"version-history":[{"count":5,"href":"https:\/\/ketest.4-dimensional.ch\/de\/wp-json\/wp\/v2\/pages\/16152\/revisions"}],"predecessor-version":[{"id":16731,"href":"https:\/\/ketest.4-dimensional.ch\/de\/wp-json\/wp\/v2\/pages\/16152\/revisions\/16731"}],"wp:attachment":[{"href":"https:\/\/ketest.4-dimensional.ch\/de\/wp-json\/wp\/v2\/media?parent=16152"}],"curies":[{"name":"wp","href":"https:\/\/api.w.org\/{rel}","templated":true}]}}